{"id":6563,"date":"2019-06-18T15:09:40","date_gmt":"2019-06-18T15:09:40","guid":{"rendered":"https:\/\/www.europaforum2019.ee\/?page_id=6563"},"modified":"2019-07-30T16:39:00","modified_gmt":"2019-07-30T16:39:00","slug":"pid-appeal","status":"publish","type":"page","link":"https:\/\/www.europaforum2019.ee\/sv\/pid-appeal\/","title":{"rendered":"PID appeal"},"content":{"rendered":"<p>[vc_row css=&#8221;.vc_custom_1528724670702{background-color: #f5f3f2 !important;}&#8221;][vc_column][vc_row_inner type=&#8221;boxed&#8221;][vc_column_inner][vc_column_text]<\/p>\n<p align=\"LEFT\"><strong><span style=\"color: #3c64a4; font-size: 14pt;\">Id\u00e9marknad \u2013 Kreativa id\u00e9er skapar innovation!<\/span><\/strong><\/p>\n<p align=\"LEFT\"><strong><span style=\"color: #3c64a4; font-size: 14pt;\">K\u00e4ra v\u00e4nner!<\/span><\/strong><\/p>\n<p align=\"LEFT\">Vi vill v\u00e4lkomna er \u00e5 alla estniska Lions och Leos och Lions Europa Forum 2019 arrang\u00f6rers v\u00e4gnar att ta del av Id\u00e9marknaden i Tallinn, Estland!<\/p>\n<p align=\"LEFT\">Anslut er med oss p\u00e5 socialmedia, genom v\u00e5r webbsida eller genom att kontakta estniska Lions och Leos. Dela detta med alla sina v\u00e4nner fr\u00e5n klubben och se till att de inte missar detta evenemang! Tillsammans kan vi f\u00e5 dessa anknytningar att fungera.<\/p>\n<p align=\"LEFT\">L\u00e5t oss skaka hand f\u00f6r v\u00e4nskapens skull!<\/p>\n<p align=\"LEFT\">Tillsammans kommer vi att hedra gamla traditioner men blanda de med nya f\u00e4rska id\u00e9er. Precis som v\u00e5r lilla Estland &#8211; ett st\u00e4lle d\u00e4r historien m\u00f6ter framtiden, d\u00e4r frisk luft, or\u00f6rd natur och korta transportavst\u00e5nd kombineras med v\u00e4nliga m\u00e4nniskor och nya innovativa t\u00e4nkes\u00e4tt: Skype, e-residens, Transferwise och alla andra innovativa startups vars m\u00e5l \u00e4r att \u00e4ndra v\u00e4rlden. Detta \u00e4r attityden som vi vill medf\u00f6ra till Europa Forumet i Tallinn &#8211; f\u00e4rska id\u00e9er, varma h\u00e4lsningar och tydliga \u00e5tg\u00e4rder.<\/p>\n<p align=\"LEFT\">L\u00e5t oss anv\u00e4nda av v\u00e5r kollektiva hj\u00e4rnkapacitet, dela med oss av v\u00e5ra erfarenheter och id\u00e9er s\u00e5 att alla som beh\u00f6ver hj\u00e4lp vet att det alltid finns hj\u00e4lp att f\u00e5.<\/p>\n<p align=\"LEFT\">Id\u00e9marknaden kommer att \u00e4ga rum i oktober 2019 i Tallinn, Estland.<\/p>\n<p align=\"LEFT\">Det kommer att bli ett evenemang som du inte vill missa &#8211; uppv\u00e4rmningsfesten kommer att \u00e4ga rum i historiska Tallinn Creative Hub Kultuurikatel, kv\u00e4llsceremonin precis vid en legendarisk ub\u00e5t, Lions paraden och gemensam s\u00e5ng kommer att vara n\u00e5got du kommer att minnas f\u00f6r evigt!<\/p>\n<p align=\"LEFT\">L\u00e5t oss tr\u00e4ffas p\u00e5 Id\u00e9marknaden!<\/p>\n<p>&nbsp;<\/p>\n<p style=\"text-align: left;\">PID Kalle Elster\u00a0<span style=\"color: #f0f0f0;\">aaaaaaaaaaaaaaaaaaaaaaaaaaaaaaaaaaaaaaaaaaaaaaaaaaaaaaaa<\/span> DG M\u00e4rt Viileberg<\/p>\n<p style=\"text-align: left;\">EF2019 President <span style=\"color: #f0f0f0;\">aaaaaaaaaaaaaaaaaaaaaaaaaaaaaaaaaaaaaaaaaaaaaaaaaaaaa <span style=\"color: #333333;\">EF2019 Programdirekt\u00f6r<\/span><\/span><\/p>\n<p style=\"text-align: left;\">LC Keila \u2013 SD120<span style=\"color: #f0f0f0;\">aaaaaaaaaaaaaaaaaaaaaaaaaaaaaaaaaaaaaaaaaaaaaaaaaaaaaaa<\/span>LC Tallinn RaM, SD120<\/p>\n<p>[\/vc_column_text][\/vc_column_inner][\/vc_row_inner][\/vc_column][\/vc_row][vc_row css=&#8221;.vc_custom_1528789133475{background-color: #fdc924 !important;}&#8221;][vc_column width=&#8221;1\/2&#8243;][\/vc_column][vc_column width=&#8221;1\/2&#8243;][\/vc_column][\/vc_row]<\/p>\n","protected":false},"excerpt":{"rendered":"<p>[vc_row css=&#8221;.vc_custom_1528724670702{background-color: #f5f3f2 !important;}&#8221;][vc_column][vc_row_inner type=&#8221;boxed&#8221;][vc_column_inner][vc_column_text] Id\u00e9marknad \u2013 Kreativa id\u00e9er skapar innovation! K\u00e4ra v\u00e4nner! Vi vill v\u00e4lkomna er \u00e5 alla estniska Lions och Leos och Lions Europa Forum 2019 arrang\u00f6rers v\u00e4gnar att ta del av Id\u00e9marknaden i Tallinn, Estland! Anslut er med oss p\u00e5 socialmedia, genom v\u00e5r webbsida eller genom att kontakta estniska Lions och Leos. [&hellip;]<\/p>\n","protected":false},"author":2,"featured_media":0,"parent":0,"menu_order":0,"comment_status":"closed","ping_status":"closed","template":"page-full-width.php","meta":[],"categories":[],"tags":[],"_links":{"self":[{"href":"https:\/\/www.europaforum2019.ee\/sv\/wp-json\/wp\/v2\/pages\/6563"}],"collection":[{"href":"https:\/\/www.europaforum2019.ee\/sv\/wp-json\/wp\/v2\/pages"}],"about":[{"href":"https:\/\/www.europaforum2019.ee\/sv\/wp-json\/wp\/v2\/types\/page"}],"author":[{"embeddable":true,"href":"https:\/\/www.europaforum2019.ee\/sv\/wp-json\/wp\/v2\/users\/2"}],"replies":[{"embeddable":true,"href":"https:\/\/www.europaforum2019.ee\/sv\/wp-json\/wp\/v2\/comments?post=6563"}],"version-history":[{"count":6,"href":"https:\/\/www.europaforum2019.ee\/sv\/wp-json\/wp\/v2\/pages\/6563\/revisions"}],"predecessor-version":[{"id":6942,"href":"https:\/\/www.europaforum2019.ee\/sv\/wp-json\/wp\/v2\/pages\/6563\/revisions\/6942"}],"wp:attachment":[{"href":"https:\/\/www.europaforum2019.ee\/sv\/wp-json\/wp\/v2\/media?parent=6563"}],"wp:term":[{"taxonomy":"category","embeddable":true,"href":"https:\/\/www.europaforum2019.ee\/sv\/wp-json\/wp\/v2\/categories?post=6563"},{"taxonomy":"post_tag","embeddable":true,"href":"https:\/\/www.europaforum2019.ee\/sv\/wp-json\/wp\/v2\/tags?post=6563"}],"curies":[{"name":"wp","href":"https:\/\/api.w.org\/{rel}","templated":true}]}}