{"id":3825,"date":"2018-10-28T17:35:39","date_gmt":"2018-10-28T17:35:39","guid":{"rendered":"http:\/\/www.europaforum2019.ee\/?page_id=3825"},"modified":"2019-02-03T21:03:27","modified_gmt":"2019-02-03T21:03:27","slug":"fun-program","status":"publish","type":"page","link":"https:\/\/www.europaforum2019.ee\/sv\/fun-program\/","title":{"rendered":"FUN program"},"content":{"rendered":"<p>[vc_row css=&#8221;.vc_custom_1528724670702{background-color: #f5f3f2 !important;}&#8221;][vc_column][vc_row_inner type=&#8221;boxed&#8221;][vc_column_inner][vc_column_text]<\/p>\n<h2><strong><span style=\"color: #3c64a4;\">KUL\u00a0PROGRAM<br \/>\n<\/span><\/strong><\/h2>\n<p>Fr\u00e5n och med januari 2019 kommer vi att gradvis att dela med oss av underh\u00e5llsprogrammets inneh\u00e5ll. Smakprov:<br \/>\n\u00c4r du redo f\u00f6r k\u00f6rs\u00e5ng d\u00e4r femtio pojkar och unga m\u00e4n sjunger s\u00e5 som om morgondagen inte existerade?<br \/>\nVi \u00e4r! Och vi vill dela det med dig!<\/p>\n<div class=\"video-container responsive-embed widescreen\"><iframe loading=\"lazy\" width=\"900\" height=\"506\" src=\"https:\/\/www.youtube.com\/embed\/eDftqGxiNOg?feature=oembed\" frameborder=\"0\" allow=\"accelerometer; autoplay; encrypted-media; gyroscope; picture-in-picture\" allowfullscreen><\/iframe><\/div>\n<p>[\/vc_column_text][\/vc_column_inner][\/vc_row_inner][\/vc_column][\/vc_row][vc_row css=&#8221;.vc_custom_1528789133475{background-color: #fdc924 !important;}&#8221;][vc_column][vc_row_inner type=&#8221;boxed&#8221;][vc_column_inner][vc_column_text]<span class=\"register\"><strong>REGISTRERA NU<\/strong><\/span>[\/vc_column_text][\/vc_column_inner][\/vc_row_inner][vc_row_inner type=&#8221;boxed&#8221; css=&#8221;.vc_custom_1535101328389{padding-bottom: 2em !important;}&#8221;][vc_column_inner width=&#8221;1\/3&#8243;][vc_column_text el_class=&#8221;register-kast&#8221;]<\/p>\n<p style=\"text-align: center;\"><span style=\"color: #fdc924;\"><a style=\"color: #fdc924;\" href=\"https:\/\/www.conference-expert.eu\/sv\/lef2019sv\/en\/conferences\/s2\/475-lions-2019-europaforum-resepaket\"><strong>ALLT ING\u00c4R FORUM PAKET<\/strong><br \/>\n<span style=\"font-size: 14pt;\"><strong>LION<\/strong><\/span><br \/>\n<span style=\"color: #ffffff; font-size: 14pt;\"><strong>595 \u20ac <\/strong><\/span><br \/>\n<span style=\"color: #ffffff;\">i\u00a0 dubbelrum<\/span><br \/>\n<span style=\"color: #ffffff;\">till och med 31 mars 2019<\/span><\/a><\/span><\/p>\n<p>[\/vc_column_text][\/vc_column_inner][vc_column_inner width=&#8221;1\/3&#8243;][vc_column_text el_class=&#8221;register-kast&#8221;]<\/p>\n<p style=\"text-align: center;\"><span style=\"color: #ffffff;\"><a style=\"color: #ffffff;\" href=\"https:\/\/www.conference-expert.eu\/sv\/lef2019sv\/en\/conferences\/s2\/475-lions-2019-europaforum-resepaket\"><span style=\"color: #fdc924;\"><strong>FORUM PAKET<br \/>\n<span style=\"font-size: 14pt;\">LEO<\/span><\/strong><\/span><br \/>\n<span style=\"font-size: 14pt;\"><strong>150 \u20ac <\/strong><\/span><br \/>\ntill och med 31 mars 2019<\/a><\/span><\/p>\n<p>[\/vc_column_text][\/vc_column_inner][vc_column_inner width=&#8221;1\/3&#8243;][vc_column_text el_class=&#8221;register-kast&#8221;]<\/p>\n<p style=\"text-align: center;\"><a href=\"https:\/\/www.conference-expert.eu\/sv\/lef2019sv\/en\/conferences\/s2\/481-lions-2019-europaforum\"><span style=\"color: #fdc924;\"><strong>HUVUDREGISTRERING <\/strong><\/span><br \/>\n<span style=\"color: #ffffff;\">V\u00e4lj\u00a0ditt egna paket<\/span><\/a><\/p>\n<p>[\/vc_column_text][\/vc_column_inner][\/vc_row_inner][vc_row_inner type=&#8221;boxed&#8221; css=&#8221;.vc_custom_1535096382142{padding-bottom: 2em !important;}&#8221;][vc_column_inner][vc_column_text]<strong>K\u00c4RA LION, K\u00c4RA LEO!<\/strong><\/p>\n<p><strong>Du kan l\u00e4sa mer om v\u00e5ra paket under sidan REGISTRERING. Du kommer att f\u00e5 svar p\u00e5 dina fr\u00e5gor n\u00e4r du skriver till oss p\u00e5\u00a0 <a href=\"mailto:info@europaforum2019.ee\">info@europaforum2019.ee<\/a> <\/strong>[\/vc_column_text][\/vc_column_inner][\/vc_row_inner][\/vc_column][\/vc_row]<\/p>\n","protected":false},"excerpt":{"rendered":"<p>[vc_row css=&#8221;.vc_custom_1528724670702{background-color: #f5f3f2 !important;}&#8221;][vc_column][vc_row_inner type=&#8221;boxed&#8221;][vc_column_inner][vc_column_text] KUL\u00a0PROGRAM Fr\u00e5n och med januari 2019 kommer vi att gradvis att dela med oss av underh\u00e5llsprogrammets inneh\u00e5ll. Smakprov: \u00c4r du redo f\u00f6r k\u00f6rs\u00e5ng d\u00e4r femtio pojkar och unga m\u00e4n sjunger s\u00e5 som om morgondagen inte existerade? Vi \u00e4r! Och vi vill dela det med dig! [\/vc_column_text][\/vc_column_inner][\/vc_row_inner][\/vc_column][\/vc_row][vc_row css=&#8221;.vc_custom_1528789133475{background-color: #fdc924 !important;}&#8221;][vc_column][vc_row_inner type=&#8221;boxed&#8221;][vc_column_inner][vc_column_text]REGISTRERA [&hellip;]<\/p>\n","protected":false},"author":2,"featured_media":0,"parent":0,"menu_order":0,"comment_status":"closed","ping_status":"closed","template":"page-full-width.php","meta":[],"categories":[],"tags":[],"_links":{"self":[{"href":"https:\/\/www.europaforum2019.ee\/sv\/wp-json\/wp\/v2\/pages\/3825"}],"collection":[{"href":"https:\/\/www.europaforum2019.ee\/sv\/wp-json\/wp\/v2\/pages"}],"about":[{"href":"https:\/\/www.europaforum2019.ee\/sv\/wp-json\/wp\/v2\/types\/page"}],"author":[{"embeddable":true,"href":"https:\/\/www.europaforum2019.ee\/sv\/wp-json\/wp\/v2\/users\/2"}],"replies":[{"embeddable":true,"href":"https:\/\/www.europaforum2019.ee\/sv\/wp-json\/wp\/v2\/comments?post=3825"}],"version-history":[{"count":7,"href":"https:\/\/www.europaforum2019.ee\/sv\/wp-json\/wp\/v2\/pages\/3825\/revisions"}],"predecessor-version":[{"id":5070,"href":"https:\/\/www.europaforum2019.ee\/sv\/wp-json\/wp\/v2\/pages\/3825\/revisions\/5070"}],"wp:attachment":[{"href":"https:\/\/www.europaforum2019.ee\/sv\/wp-json\/wp\/v2\/media?parent=3825"}],"wp:term":[{"taxonomy":"category","embeddable":true,"href":"https:\/\/www.europaforum2019.ee\/sv\/wp-json\/wp\/v2\/categories?post=3825"},{"taxonomy":"post_tag","embeddable":true,"href":"https:\/\/www.europaforum2019.ee\/sv\/wp-json\/wp\/v2\/tags?post=3825"}],"curies":[{"name":"wp","href":"https:\/\/api.w.org\/{rel}","templated":true}]}}