{"id":2195,"date":"2018-10-09T21:24:14","date_gmt":"2018-10-09T21:24:14","guid":{"rendered":"http:\/\/www.europaforum2019.ee\/arendamisel\/?page_id=2195"},"modified":"2019-09-21T16:24:48","modified_gmt":"2019-09-21T16:24:48","slug":"tours","status":"publish","type":"page","link":"https:\/\/www.europaforum2019.ee\/sv\/tours\/","title":{"rendered":"Turer"},"content":{"rendered":"<p>[vc_row css=&#8221;.vc_custom_1530193633877{background-color: #ffffff !important;}&#8221;][vc_column][vc_row_inner type=&#8221;boxed&#8221;][vc_column_inner width=&#8221;1\/2&#8243;][vc_single_image image=&#8221;562&#8243; img_size=&#8221;full&#8221; alignment=&#8221;center&#8221;][vc_column_text]<\/p>\n<p style=\"text-align: center;\"><strong><span style=\"color: #3c64a4;\">LEO BIRGITH V\u00c4LKOMNAR DIG <\/span><\/strong><br \/>\n<strong><span style=\"color: #3c64a4;\">ATT INNAN FORUMET TA DEL AV EN 3-DAGARS TUR TILL <\/span><\/strong><br \/>\n<span style=\"font-size: 14pt;\"><strong><span style=\"color: #3c64a4;\">UNIVERSITETSSTADEN TARTU!<\/span><\/strong><\/span><\/p>\n<p style=\"text-align: center;\"><strong>1-3 oktober 2019<\/strong><\/p>\n<p>&nbsp;<\/p>\n<p><img loading=\"lazy\" class=\"alignnone wp-image-2445 size-medium\" src=\"https:\/\/www.europaforum2019.ee\/wp-content\/uploads\/2018\/10\/Birgit-SWE-300x170.png\" alt=\"\" width=\"300\" height=\"170\" srcset=\"https:\/\/www.europaforum2019.ee\/wp-content\/uploads\/2018\/10\/Birgit-SWE-300x170.png 300w, https:\/\/www.europaforum2019.ee\/wp-content\/uploads\/2018\/10\/Birgit-SWE.png 345w\" sizes=\"(max-width: 300px) 100vw, 300px\" \/><\/p>\n<p>P\u00e5 v\u00e4g till Tartu kommer vi att bes\u00f6ka Lahemaa nationalpark som ger ett smakprov av det naturliga landskapet och kulturen i Estland, vi kommer \u00e4ven att bes\u00f6ka Rakvere med dess imponerande slott och ruiner fr\u00e5n 1200-talet, gamla troendes by i Peipsi och Alatskivi slott. P\u00e5 v\u00e4gen tillbaka till Tallinn kan du bes\u00f6ka olika workshops och ta del av aktiviteter som: smide, hantverk, g\u00f6ra lappt\u00e4cken.<\/p>\n<p>Birgith och hennes LEO v\u00e4nner v\u00e4lkomnar dig att njuta av en avkopplande tur p\u00e5 floden Emaj\u00f5gi p\u00e5 timmerfartyget J\u00f5mmu d\u00e4r man kan njuta av nationella s\u00e5nger och uts\u00f6kta kakor bakade av Leos.<\/p>\n<p>Denna resa kommer att bli helt of\u00f6rgl\u00f6mlig \u2013 missa inte den!<\/p>\n<p><strong><span style=\"color: #3c64a4;\">PAKETPRIS F\u00d6R 1 PERSON I DUBBELRUM 385\u20ac.<\/span><\/strong><br \/>\nExtras\u00e4ng 90 EUR<\/p>\n<p><span style=\"color: #3c64a4; font-size: 10pt;\">I priset ing\u00e5r: <\/span><br \/>\n<span style=\"font-size: 10pt;\">\u2022 2 n\u00e4tters boende i Tartu 4* hotell <\/span><br \/>\n<span style=\"font-size: 10pt;\">\u2022 alla m\u00e5ltider (frukost, lunch och middag ing\u00e5r i priset)<\/span><br \/>\n<span style=\"font-size: 10pt;\">\u2022 guidade turer<\/span><br \/>\n<span style=\"font-size: 10pt;\">\u2022 intr\u00e4de till Estlands nationalmuseum<\/span><br \/>\n<span style=\"font-size: 10pt;\">\u2022 b\u00e5tresa p\u00e5 floden Emaj\u00f5gi<\/span><br \/>\n<span style=\"font-size: 10pt;\">\u2022 workshop i Olustvere herrg\u00e5rd<\/span><br \/>\n<span style=\"font-size: 10pt;\">\u2022 busstransport under hela resan<\/span><\/p>\n<p><span style=\"color: #3c64a4;\">Tartu ligger 190 km sydost fr\u00e5n Tallinn och rundresan tar 3 dagar.<\/span><\/p>\n<p>Beh\u00f6ver du mer information? <span style=\"text-decoration: underline;\"><span style=\"color: #3c64a4; text-decoration: underline;\"><a href=\"https:\/\/www.europaforum2019.ee\/wp-content\/uploads\/2018\/10\/Tartu-SWE.pdf\">L\u00e4s h\u00e4r<\/a>!<\/span><\/span>\u00a0[\/vc_column_text][vc_btn title=&#8221;Registrering: Klicka h\u00e4r!&#8221; color=&#8221;orange&#8221; size=&#8221;lg&#8221; align=&#8221;center&#8221; el_class=&#8221;tours-button&#8221; link=&#8221;url:https%3A%2F%2Fwww.conference-expert.eu%2Fsv%2Flef2019sv%2Fen%2Fconferences%2Fs2%2F481-konferenspaket||target:%20_blank|&#8221;][\/vc_column_inner][vc_column_inner width=&#8221;1\/2&#8243;][vc_single_image image=&#8221;557&#8243; img_size=&#8221;full&#8221; alignment=&#8221;center&#8221;][vc_column_text]<\/p>\n<p style=\"text-align: center;\"><strong><span style=\"color: #3c64a4;\">LION PRIIT V\u00c4LKOMNAR DIG ATT UPPT\u00c4CKA<br \/>\nDE BALTISKA P\u00c4RLORNA \u2013<br \/>\n<span style=\"font-size: 14pt;\">TALLINN<span style=\"color: #3c64a4;\">, RIGA<\/span>, VILNIUS<\/span><\/span><\/strong><\/p>\n<p style=\"text-align: center;\"><strong>7-10. oktober 2019<\/strong><\/p>\n<p><img loading=\"lazy\" class=\"alignnone wp-image-594 size-full\" src=\"https:\/\/www.europaforum2019.ee\/wp-content\/uploads\/2018\/09\/priit.png\" alt=\"\" width=\"348\" height=\"253\" srcset=\"https:\/\/www.europaforum2019.ee\/wp-content\/uploads\/2018\/09\/priit.png 348w, https:\/\/www.europaforum2019.ee\/wp-content\/uploads\/2018\/09\/priit-300x218.png 300w\" sizes=\"(max-width: 348px) 100vw, 348px\" \/><\/p>\n<p>Lion Priit: Resan genom Baltikum kommer att ge dig en inblick i olika kulturer och en h\u00e4rlig k\u00e4nsla av tre l\u00e4nder som ligger s\u00e5 n\u00e4ra varandra men \u00e4r \u00e4nd\u00e5 s\u00e5 olika. Efter att ha njutit av Forumet i Tallinn \u00e4r det dags att presentera den fantastiska jugendstaden Riga som \u00e4r bel\u00e4gen vid floden Daugava och har en gammal historia och ett rikt kulturarv. Vi kommer ocks\u00e5 att bes\u00f6ka barock-sk\u00f6nheten i Baltikum, Vilnius, som \u00e4r staden som lockar turister med Europas st\u00f6rsta barock gamla staden.<\/p>\n<p>Under 3-dagars resan kommer du ocks\u00e5 att bes\u00f6ka st\u00e4der som P\u00e4rnu, Sigulda, Siauliai och Trakai, bes\u00f6ka of\u00f6rgl\u00f6mliga st\u00e4llen som \u201dGudarnas tr\u00e4dg\u00e5rd\u201d \u2013 Turaida slott och sj\u00f6n Galv\u00e9, se sev\u00e4rdheten med 100 000 kross som fortfarande v\u00e4xer. Missa inte det!<\/p>\n<p><strong><span style=\"color: #3c64a4;\">PAKETPRIS F\u00d6R EN PERSON I DUBBELRUM 355\u20ac.<\/span><\/strong><br \/>\nExtras\u00e4ng 130\u20ac<\/p>\n<p><span style=\"color: #3c64a4; font-size: 10pt;\">I priset ing\u00e5r:<\/span><br \/>\n<span style=\"font-size: 10pt;\">\u2022 3 n\u00e4tters boende i 4* hotell<\/span><br \/>\n<span style=\"font-size: 10pt;\">\u2022 alla m\u00e5ltider (frukost, lunch och middag ing\u00e5r i priset)<\/span><br \/>\n<span style=\"font-size: 10pt;\">\u2022 rundturer i staden<\/span><br \/>\n<span style=\"font-size: 10pt;\">\u2022 Korskullen<\/span><br \/>\n<span style=\"font-size: 10pt;\">\u2022 intr\u00e4desavgifter och guidade turer<\/span><br \/>\n<span style=\"font-size: 10pt;\">\u2022 busstransport under hela resan<\/span><\/p>\n<p><span style=\"color: #3c64a4;\">Riga \u00e4r 311 km fr\u00e5n Tallinn, Vilnius \u00e4r 288 km fr\u00e5n Riga. Turen startar den 7 oktober 2019 i Tallinn och slutar den 10 oktober i Vilnius.<\/span><\/p>\n<p>Beh\u00f6ver du mer information? <span style=\"text-decoration: underline;\"><span style=\"color: #3c64a4; text-decoration: underline;\"><a href=\"https:\/\/www.europaforum2019.ee\/wp-content\/uploads\/2018\/10\/Baltic-Pearls-SWE.pdf\">L\u00e4s h\u00e4r<\/a>! <\/span><\/span>[\/vc_column_text][vc_btn title=&#8221;Registrering: Klicka h\u00e4r!&#8221; color=&#8221;orange&#8221; size=&#8221;lg&#8221; align=&#8221;center&#8221; el_class=&#8221;tours-button&#8221; link=&#8221;url:https%3A%2F%2Fwww.conference-expert.eu%2Fsv%2Flef2019sv%2Fen%2Fconferences%2Fs2%2F481-konferenspaket||target:%20_blank|&#8221;][\/vc_column_inner][\/vc_row_inner][vc_separator][vc_row_inner type=&#8221;boxed&#8221;][vc_column_inner width=&#8221;1\/3&#8243;][vc_single_image image=&#8221;2877&#8243; img_size=&#8221;full&#8221;][vc_column_text]<\/p>\n<p style=\"text-align: center;\"><span style=\"color: #3c64a4;\"><strong>PROMENAD I GAMLA STAN I TALLINN<\/strong><\/span><\/p>\n<p style=\"text-align: center;\"><span style=\"color: #3c64a4;\">4.10 fredag<\/span><br \/>\n<span style=\"color: #3c64a4;\">9.00-12.00 (3 timmar)<\/span><br \/>\n<span style=\"color: #3c64a4;\">Promenad<\/span><br \/>\n<span style=\"font-size: 10pt;\">15 \u2013 20 pers\/per guide; min 10 pers<\/span><br \/>\n<span style=\"color: #3c64a4;\"><strong>Pris:<\/strong> <strong>20 EUR\/per pers<\/strong><\/span><\/p>\n<p>Tallinn som grundades under medeltiden \u00e4r en underbar blandning av gammalt och nytt.<\/p>\n<p>Gamla stan i Tallinn \u00e4r en av de b\u00e4st bevarade hansast\u00e4der i hela v\u00e4rlden. Ett stenkast fr\u00e5n gamla stan hittar du stadens business center med moderna lyxiga hotell, trendiga omr\u00e5den och stora shoppingscenter.<\/p>\n<p>Denna promenad \u00e4r ett utm\u00e4rkt s\u00e4tt f\u00f6r de som bes\u00f6ker Tallinn f\u00f6r f\u00f6rsta g\u00e5ngen att uppt\u00e4cka staden. P\u00e5 promenaden bes\u00f6ker du gamla stan i Tallinn som finns med p\u00e5 UNESCOs v\u00e4rldsarvslista samt Alexander Nevskij-katedralen och Tallinns domkyrka (om m\u00f6jligt).<\/p>\n<p>Promenaden avslutas vid r\u00e5dhuset.<\/p>\n<p style=\"text-align: center;\"><span style=\"font-size: 8pt;\">Fotograferat av Kaupo Kalda,\u00a0visittallinn.ee\u00a0<\/span>[\/vc_column_text][vc_btn title=&#8221;Registrering: Klicka h\u00e4r!&#8221; color=&#8221;orange&#8221; size=&#8221;lg&#8221; align=&#8221;center&#8221; el_class=&#8221;tours-button&#8221; link=&#8221;url:https%3A%2F%2Fwww.conference-expert.eu%2Fsv%2Flef2019sv%2Fen%2Fconferences%2Fs2%2F481-konferenspaket||target:%20_blank|&#8221;][\/vc_column_inner][vc_column_inner width=&#8221;1\/3&#8243;][vc_single_image image=&#8221;250&#8243; img_size=&#8221;full&#8221;][vc_column_text]<\/p>\n<p style=\"text-align: center;\"><strong><span style=\"color: #3c64a4;\">PROMENAD I MYRMARK OCH BES\u00d6K I SAGADI HERRG\u00c5RD<\/span><\/strong><\/p>\n<p style=\"text-align: center;\"><span style=\"color: #3c64a4;\">5.10 l\u00f6rdag<\/span><br \/>\n<span style=\"color: #3c64a4;\">9.30-16.00 (5,5-6 timmar)<\/span><br \/>\n<span style=\"color: #3c64a4;\">Buss och promenad<\/span><br \/>\n<span style=\"font-size: 10pt;\">min 30 pers<\/span><br \/>\n<span style=\"color: #3c64a4;\"><strong>Pris:<\/strong> <strong>69EUR\/per pers<\/strong><\/span><\/p>\n<p>En fem timmars busstur till Lahemaa visar dig det vackra landskapet i Norra Estland: kusten med dess l\u00e5gland, tallskog och flyttblock. I Lahemaa finns det flera \u00e5terst\u00e4llda herrg\u00e5rdar fr\u00e5n 1700- och 1800-talet och de visar verkligen hur estniska herrg\u00e5rdar ser ut.<\/p>\n<p>F\u00f6rst bes\u00f6ker man Viru myrmark d\u00e4r man kan vandra p\u00e5 en 3,5 km l\u00e5ng vandringsled. P\u00e5 vandringsleden ser man v\u00e4xligheten och terr\u00e4ngen som beskriver utm\u00e4rkt hur myrmarken i Estland ser ut.<\/p>\n<p>Myrmarkens tr\u00e4v\u00e4g g\u00e5r igenom landskapet och under vandringen bes\u00f6ker man ett utsiktstorn som ger en natursk\u00f6n \u00f6verblick av myrmarkens terr\u00e4ng.<\/p>\n<p>Den vackra Sagadi herrg\u00e5rden kallas ofta f\u00f6r den mest herrg\u00e5rdliga herrg\u00e5rd i Estland. Herrg\u00e5rden best\u00e5r av byggnader som sm\u00e4lter in i omgivningen med vita pelare som omsluter ett centralt torg, ett vackert hus fr\u00e5n 1700-talet och en damm som symboliserar den eviga k\u00e4rleken som herren i herrg\u00e5rden k\u00e4nde mot sin g\u00e5rd.[\/vc_column_text][vc_btn title=&#8221;Registrering: Klicka h\u00e4r!&#8221; color=&#8221;orange&#8221; size=&#8221;lg&#8221; align=&#8221;center&#8221; el_class=&#8221;tours-button&#8221; link=&#8221;url:https%3A%2F%2Fwww.conference-expert.eu%2Fsv%2Flef2019sv%2Fen%2Fconferences%2Fs2%2F481-konferenspaket||target:%20_blank|&#8221;][\/vc_column_inner][vc_column_inner width=&#8221;1\/3&#8243;][vc_single_image image=&#8221;2870&#8243; img_size=&#8221;full&#8221;][vc_column_text]<\/p>\n<p style=\"text-align: center;\"><span style=\"color: #3c64a4;\"><strong>HIPSTERSTADEN KALAMAJA<\/strong><\/span><\/p>\n<p style=\"text-align: center;\"><span style=\"color: #3c64a4;\">4.10 fredag\/ 6.10 s\u00f6ndag<\/span><br \/>\n<span style=\"color: #3c64a4;\">9.00-12.00 (2,5-3 timmar)<\/span><br \/>\n<span style=\"color: #3c64a4;\">Buss och promenad<\/span><br \/>\n<span style=\"color: #000000; font-size: 10pt;\">15 \u2013 20 pers\/per guide; min 10 pers<\/span><br \/>\n<span style=\"color: #3c64a4;\"><strong>Pris:<\/strong> <strong>49EUR\/per pers<\/strong><\/span><\/p>\n<p>Detta tysta omr\u00e5de som \u00e4r bel\u00e4get precis utang\u00f6r gamla stan \u00e4r sensationellt tack vare sina f\u00e4rgglada tr\u00e4hus. Genom Tallinns historia har Kalamaja alltid varit stadens fiskehamn.<\/p>\n<p>Utforska en helt annan sida av Tallinn: andas in den bohemiska atmosf\u00e4ren av Telliskivi Creative City, sk\u00e5da de vackra tr\u00e4husen \u201dTallinn Houses\u201d och uppt\u00e4ck caf\u00e9er som erbjuder gatumat.<\/p>\n<p>Omr\u00e5det har nyligen f\u00e5tt en bohemisk atmosf\u00e4r tack vare att kreativa unga m\u00e4nniskor flyttat dit. Det \u00e4r den delen av staden d\u00e4r du b\u00e4st k\u00e4nner av hur de lokala m\u00e4nniskornas livsstil.<\/p>\n<p><span style=\"color: #000000; font-size: 10pt;\">Fotograferat av Maret P\u00f5ldveer-Turay,\u00a0visittallinn.ee\u00a0<\/span><span style=\"color: #999999;\">\u00a0[\/vc_column_text][vc_btn title=&#8221;Registrering: Klicka h\u00e4r!&#8221; color=&#8221;orange&#8221; size=&#8221;lg&#8221; align=&#8221;center&#8221; el_class=&#8221;tours-button&#8221; link=&#8221;url:https%3A%2F%2Fwww.conference-expert.eu%2Fsv%2Flef2019sv%2Fen%2Fconferences%2Fs2%2F481-konferenspaket||target:%20_blank|&#8221;][\/vc_column_inner][vc_column_inner][vc_separator][\/vc_column_inner][\/vc_row_inner][vc_row_inner type=&#8221;boxed&#8221;][vc_column_inner width=&#8221;1\/2&#8243;][vc_single_image image=&#8221;2884&#8243; img_size=&#8221;full&#8221; alignment=&#8221;center&#8221;][vc_column_text]<\/span><\/p>\n<p style=\"text-align: center;\"><span style=\"color: #3c64a4;\"><strong>KADRIORG PARK OCH KADRIORG KONSTMUSEUM<\/strong><\/span><\/p>\n<p style=\"text-align: center;\"><span style=\"color: #3c64a4;\">4.10 fredag\/ 6.10 s\u00f6ndag<\/span><br \/>\n<span style=\"color: #3c64a4;\">9.00-12.00 (2,5-3 timmar)<\/span><br \/>\n<span style=\"color: #000000; font-size: 10pt;\">15 \u2013 20 pers\/per guide; min 10 pers<\/span><br \/>\n<span style=\"color: #3c64a4;\"><strong>Pris:<\/strong> <strong>40EUR\/per pers<\/strong><\/span><\/p>\n<p>Ut\u00f6ka dina kunskaper om Estlands rika konstn\u00e4rliga kulturarv genom att delta i en konsttur i Tallinn. Turen kommer ledas av en kunnig guide som kommer att ge dig m\u00f6jligheten att bekanta dig med elegansen av b\u00e5de Kadriorg park och palats, d\u00e4r du kommer att se imponerande konstverk. Beundra internationell konst och f\u00e5 inblick i konstverkens historiska och kulturella sammanhang. Ta del av kontrasterna i arkitekturen i varje museum.<\/p>\n<p><span style=\"color: #999999;\"><span style=\"color: #000000; font-size: 10pt;\">Fotograferat av Kadi-Liis Koppel,\u00a0visittallinn.ee<\/span>[\/vc_column_text][vc_btn title=&#8221;Registrering: Klicka h\u00e4r!&#8221; color=&#8221;orange&#8221; size=&#8221;lg&#8221; align=&#8221;center&#8221; el_class=&#8221;tours-button&#8221; link=&#8221;url:https%3A%2F%2Fwww.conference-expert.eu%2Fsv%2Flef2019sv%2Fen%2Fconferences%2Fs2%2F481-konferenspaket||target:%20_blank|&#8221;][\/vc_column_inner][vc_column_inner width=&#8221;1\/2&#8243;][vc_single_image image=&#8221;3331&#8243; img_size=&#8221;full&#8221; alignment=&#8221;center&#8221;][vc_column_text]<\/span><\/p>\n<p style=\"text-align: center;\"><span style=\"color: #3c64a4;\"><strong>TUR MED ESTNISK DESIGN<\/strong><\/span><\/p>\n<p style=\"text-align: center;\"><span style=\"color: #3c64a4;\">5.10 l\u00f6rdag<\/span><br \/>\n<span style=\"color: #3c64a4;\">10.30-14.30 (4 timmar)<\/span><br \/>\n<span style=\"color: #3c64a4;\">guidade promenader<\/span><br \/>\n<span style=\"color: #3c64a4; font-size: 10pt;\"><span style=\"color: #000000;\">15 \u2013 20 pers\/per guide; min 10 pers<\/span> <\/span><br \/>\n<span style=\"color: #3c64a4;\"><strong>Pris:<\/strong> <strong>30EUR\/per pers<\/strong><\/span><\/p>\n<p>Du kommer att f\u00e5 den UNIKA m\u00f6jligheten att kika in i den estniska MODEV\u00c4RLDEN!<\/p>\n<p>Vare sig du vill se EXKLUSIVA designerkl\u00e4der eller ALTERNATIVT mode fr\u00e5n unga designers kan du hitta allt bekv\u00e4mt i centrala Tallinn.<\/p>\n<p>Under turen kommer du att f\u00e5 m\u00f6jligheten att ha privata m\u00f6ten med lokala designers, bes\u00f6ka olika showrooms, butiker, studion och de st\u00f6rsta modecentrarna i Tallinn.<\/p>\n<p><span style=\"font-size: 10pt;\">Fotograferat av Kr\u00f5\u00f5t Tarkmeel, visittallinn.ee<\/span>[\/vc_column_text][vc_btn title=&#8221;Registrering: Klicka h\u00e4r!&#8221; color=&#8221;orange&#8221; size=&#8221;lg&#8221; align=&#8221;center&#8221; el_class=&#8221;tours-button&#8221; link=&#8221;url:https%3A%2F%2Fwww.conference-expert.eu%2Fsv%2Flef2019sv%2Fen%2Fconferences%2Fs2%2F481-konferenspaket||target:%20_blank|&#8221;][\/vc_column_inner][\/vc_row_inner][\/vc_column][\/vc_row]<\/p>\n","protected":false},"excerpt":{"rendered":"<p>[vc_row css=&#8221;.vc_custom_1530193633877{background-color: #ffffff !important;}&#8221;][vc_column][vc_row_inner type=&#8221;boxed&#8221;][vc_column_inner width=&#8221;1\/2&#8243;][vc_single_image image=&#8221;562&#8243; img_size=&#8221;full&#8221; alignment=&#8221;center&#8221;][vc_column_text] LEO BIRGITH V\u00c4LKOMNAR DIG ATT INNAN FORUMET TA DEL AV EN 3-DAGARS TUR TILL UNIVERSITETSSTADEN TARTU! 1-3 oktober 2019 &nbsp; P\u00e5 v\u00e4g till Tartu kommer vi att bes\u00f6ka Lahemaa nationalpark som ger ett smakprov av det naturliga landskapet och kulturen i Estland, vi kommer \u00e4ven att [&hellip;]<\/p>\n","protected":false},"author":2,"featured_media":0,"parent":0,"menu_order":0,"comment_status":"closed","ping_status":"closed","template":"page-full-width.php","meta":[],"categories":[],"tags":[],"_links":{"self":[{"href":"https:\/\/www.europaforum2019.ee\/sv\/wp-json\/wp\/v2\/pages\/2195"}],"collection":[{"href":"https:\/\/www.europaforum2019.ee\/sv\/wp-json\/wp\/v2\/pages"}],"about":[{"href":"https:\/\/www.europaforum2019.ee\/sv\/wp-json\/wp\/v2\/types\/page"}],"author":[{"embeddable":true,"href":"https:\/\/www.europaforum2019.ee\/sv\/wp-json\/wp\/v2\/users\/2"}],"replies":[{"embeddable":true,"href":"https:\/\/www.europaforum2019.ee\/sv\/wp-json\/wp\/v2\/comments?post=2195"}],"version-history":[{"count":32,"href":"https:\/\/www.europaforum2019.ee\/sv\/wp-json\/wp\/v2\/pages\/2195\/revisions"}],"predecessor-version":[{"id":8328,"href":"https:\/\/www.europaforum2019.ee\/sv\/wp-json\/wp\/v2\/pages\/2195\/revisions\/8328"}],"wp:attachment":[{"href":"https:\/\/www.europaforum2019.ee\/sv\/wp-json\/wp\/v2\/media?parent=2195"}],"wp:term":[{"taxonomy":"category","embeddable":true,"href":"https:\/\/www.europaforum2019.ee\/sv\/wp-json\/wp\/v2\/categories?post=2195"},{"taxonomy":"post_tag","embeddable":true,"href":"https:\/\/www.europaforum2019.ee\/sv\/wp-json\/wp\/v2\/tags?post=2195"}],"curies":[{"name":"wp","href":"https:\/\/api.w.org\/{rel}","templated":true}]}}