{"id":2189,"date":"2018-10-09T21:01:04","date_gmt":"2018-10-09T21:01:04","guid":{"rendered":"http:\/\/www.europaforum2019.ee\/arendamisel\/?page_id=2189"},"modified":"2019-09-21T16:16:36","modified_gmt":"2019-09-21T16:16:36","slug":"ungdomsutbyte","status":"publish","type":"page","link":"https:\/\/www.europaforum2019.ee\/sv\/ungdomsutbyte\/","title":{"rendered":"Ungdomsutbyte"},"content":{"rendered":"<p>[vc_row css=&#8221;.vc_custom_1528724670702{background-color: #f5f3f2 !important;}&#8221;][vc_column][vc_row_inner type=&#8221;boxed&#8221;][vc_column_inner][vc_column_text]<\/p>\n<h2><strong><span style=\"color: #3c64a4;\">UNGDOMSUTBYTE <\/span><\/strong><img loading=\"lazy\" class=\"size-medium wp-image-725 alignright\" src=\"https:\/\/www.europaforum2019.ee\/wp-content\/uploads\/2018\/09\/youth-ex-300x167.jpg\" alt=\"\" width=\"300\" height=\"167\" srcset=\"https:\/\/www.europaforum2019.ee\/wp-content\/uploads\/2018\/09\/youth-ex-300x167.jpg 300w, https:\/\/www.europaforum2019.ee\/wp-content\/uploads\/2018\/09\/youth-ex.jpg 445w\" sizes=\"(max-width: 300px) 100vw, 300px\" \/><\/h2>\n<p>L\u00e4ger och utbytesprogram f\u00f6r ungdomar (YCE) grundades \u00e5r 1961 och f\u00f6rverkligar id\u00e9n om global medborgarskap. Detta program ger varje \u00e5r tusentals unga fr\u00e5n hela v\u00e4rlden m\u00f6jligheten att uppleva kulturen i andra l\u00e4nder och f\u00e5 nya kunskaper om v\u00e4rlden genom att resa utomlands. J\u00e4mf\u00f6rt med andra utbytesprogram handlar YCE inte om att hj\u00e4lpa unga studera eller arbeta utomlands. Ist\u00e4llet har deltagarna m\u00f6jligheten att resa till olika l\u00e4nder och representera sitt hemland och dela sin kultur med andra medan de l\u00e4r k\u00e4nna ett nytt land och en ny kultur och skapar m\u00f6jligheter att bli unga ambassad\u00f6rer f\u00f6r fred och internationell f\u00f6rst\u00e5else.<\/p>\n<p>YCE best\u00e5r av olika Lions Ungdomars Utbytesprogram och\/eller Lions Ungdomars L\u00e4ger som Lions Klubbar runt om i v\u00e4rlden arrangerar. Lions Ungdomsutbyte varar mellan tre och sex veckor. Man kan \u00e4ven bo hos v\u00e4rdfamiljer om landet inte anordnar l\u00e4ger. Lions Ungdomars L\u00e4ger \u00e4r en till tv\u00e5 veckor l\u00e5ng och vanligtvis bor man hos en v\u00e4rdfamilj innan och\/eller efter l\u00e4gret.<\/p>\n<p>Under b\u00e5de ungdomsutbyten och l\u00e4ger bes\u00f6ker man kulturella platser och vacker natur, sportevenemang, man lyssnar p\u00e5 presentationer av landet man bes\u00f6ker, deltar i diskussioner och kan \u00e4ven ta del av lokala projekt d\u00e4r man hj\u00e4lper m\u00e4nniskor tillsammans med andra medlemmar fr\u00e5n Lions klubben.<\/p>\n<p><span style=\"color: #3c64a4;\"><strong>Lions som har g\u00e5tt med i YCE:<\/strong><\/span><br \/>\n\u2022 Hj\u00e4lper m\u00e4nniskor fr\u00e5n olika l\u00e4nder att l\u00e4ra k\u00e4nna varandra<br \/>\n\u2022 Byter id\u00e9er och kulturella synpunkter med varandra<br \/>\n\u2022 Fr\u00e4mja internationell f\u00f6rst\u00e5else och v\u00e4nlighet<br \/>\n\u2022 Arbetar tillsammans f\u00f6r att uppn\u00e5 m\u00e5let att ha fred p\u00e5 jorden och f\u00f6rst\u00e5else f\u00f6r m\u00e4nniskor<br \/>\n\u2022 Uppmuntra unga m\u00e4nniskor till respekt och f\u00e5 de att t\u00e4nka p\u00e5 andra<\/p>\n<p><strong><span style=\"color: #3c64a4;\">L\u00e4ger och utbytesprogram f\u00f6r ungdomar (YCE) ger m\u00f6jligheten f\u00f6r f\u00f6ljande ungdomar:<\/span><\/strong><br \/>\n\u2022 Dig som \u00e4r redo att ta del av ett \u00e4ventyr som kommer att f\u00f6r\u00e4ndra ditt liv och \u00f6ppna ditt sinne och hj\u00e4rta<br \/>\n\u2022 Dig som \u00e4r nyfiken p\u00e5 andra kulturer och s\u00e4tt att leva<br \/>\n\u2022 Dig som vill f\u00f6rb\u00e4ttra dina kunskaper i andra spr\u00e5k<br \/>\n\u2022 Dig som vill skapa nya v\u00e4nner som har annorlunda bakgrund, tro och vanor \u00e4n dig<\/p>\n<p><strong><span style=\"color: #3c64a4;\">YCE deltagaren kommer att:<\/span><\/strong><br \/>\n\u2022 Bo med en familj i ett annat land<br \/>\n\u2022 Tr\u00e4ffa m\u00e4nniskor i din \u00e5lder fr\u00e5n hela v\u00e4rlden<br \/>\n\u2022 L\u00e4ra dig mer om dina Lions v\u00e4rdars humanit\u00e4ra arbete<br \/>\n\u2022 F\u00f6rdjupa din f\u00f6rst\u00e5else om dig sj\u00e4lv och hela v\u00e4rlden runt dig<br \/>\n\u2022 Dig som vill l\u00e4ra mer om hur vi alla \u00e4r sammankopplade \u2013 och om olikheterna som finns i oss alla oberoende p\u00e5 var vi bor<\/p>\n<p>Ordf\u00f6randen i YCE \u00e4r medlemmar i Lions klubb som har blivit utsedda att styra olika regionala YCE program runt om i v\u00e4rlden och till\u00e4gnar sig \u00e5t att programmen ska lyckas. Dessa personers kontaktinformation och m\u00f6jligheten att ta del av l\u00e4ger och utbyten finns listade p\u00e5 sidan <a href=\"http:\/\/members.lionsclubs.org\/SW\/serve\/other-ways-to-serve\/youth\/youth-camps-exchange\/yce-directory.php\"><span style=\"color: #3c64a4;\">YCE F\u00f6rteckning<\/span><\/a>.<\/p>\n<p>Under Europa Forumet tr\u00e4ffas YCE ordf\u00f6randen fr\u00e5n europeiska l\u00e4nder och vi har alltid g\u00e4ster d\u00e4r fr\u00e5n hela v\u00e4rlden! YCE ordf\u00f6randen fr\u00e5n Australien, Brasilien, Indien, Japan, Mexico och USA deltog i n\u00e5gra av de sista Forumen.<\/p>\n<p><strong><span style=\"color: #3c64a4;\">Programmet f\u00f6r Ungdomsutbytet p\u00e5 Europa Forumet erbjuder f\u00f6rutom Forumets generella program \u00e4ven f\u00f6ljande:<\/span><\/strong><br \/>\n\u2022 Seminarie och middag f\u00f6r YCE representanter<br \/>\n\u2022 M\u00f6te med presentationer och diskussioner om hur l\u00e4ger och utbyten blir lyckade, vilka problem kan dyka upp och dess regler<br \/>\n\u2022 En basar d\u00e4r olika l\u00e4nder kan dela och komma \u00f6verens om olika l\u00e4gerplatser<\/p>\n<p>Ordf\u00f6randen i YCE lovar att utf\u00f6ra <span style=\"color: #3c64a4;\"><a style=\"color: #3c64a4;\" href=\"http:\/\/members.lionsclubs.org\/SW\/serve\/other-ways-to-serve\/youth\/youth-camps-exchange\/yce-chairperson.php\">uppgifterna<\/a><\/span> som \u00e4r n\u00f6dv\u00e4ndiga f\u00f6r att allt ska kunna fungera s\u00e5 bra som m\u00f6jligt och f\u00f6ljer LCI styrelsens <span style=\"color: #3c64a4;\"><a style=\"color: #3c64a4;\" href=\"http:\/\/www.lionsclubs.org\/resources\/SW\/pdfs\/yce-reportingtips-ycec.pdf\">YCE policies<\/a> <\/span>och riktlinjer.[\/vc_column_text][\/vc_column_inner][\/vc_row_inner][\/vc_column][\/vc_row][vc_row css=&#8221;.vc_custom_1528789133475{background-color: #fdc924 !important;}&#8221;][vc_column][\/vc_column][\/vc_row]<\/p>\n","protected":false},"excerpt":{"rendered":"<p>[vc_row css=&#8221;.vc_custom_1528724670702{background-color: #f5f3f2 !important;}&#8221;][vc_column][vc_row_inner type=&#8221;boxed&#8221;][vc_column_inner][vc_column_text] UNGDOMSUTBYTE L\u00e4ger och utbytesprogram f\u00f6r ungdomar (YCE) grundades \u00e5r 1961 och f\u00f6rverkligar id\u00e9n om global medborgarskap. Detta program ger varje \u00e5r tusentals unga fr\u00e5n hela v\u00e4rlden m\u00f6jligheten att uppleva kulturen i andra l\u00e4nder och f\u00e5 nya kunskaper om v\u00e4rlden genom att resa utomlands. J\u00e4mf\u00f6rt med andra utbytesprogram handlar YCE inte [&hellip;]<\/p>\n","protected":false},"author":2,"featured_media":0,"parent":0,"menu_order":0,"comment_status":"closed","ping_status":"closed","template":"page-full-width.php","meta":[],"categories":[38],"tags":[],"_links":{"self":[{"href":"https:\/\/www.europaforum2019.ee\/sv\/wp-json\/wp\/v2\/pages\/2189"}],"collection":[{"href":"https:\/\/www.europaforum2019.ee\/sv\/wp-json\/wp\/v2\/pages"}],"about":[{"href":"https:\/\/www.europaforum2019.ee\/sv\/wp-json\/wp\/v2\/types\/page"}],"author":[{"embeddable":true,"href":"https:\/\/www.europaforum2019.ee\/sv\/wp-json\/wp\/v2\/users\/2"}],"replies":[{"embeddable":true,"href":"https:\/\/www.europaforum2019.ee\/sv\/wp-json\/wp\/v2\/comments?post=2189"}],"version-history":[{"count":13,"href":"https:\/\/www.europaforum2019.ee\/sv\/wp-json\/wp\/v2\/pages\/2189\/revisions"}],"predecessor-version":[{"id":8305,"href":"https:\/\/www.europaforum2019.ee\/sv\/wp-json\/wp\/v2\/pages\/2189\/revisions\/8305"}],"wp:attachment":[{"href":"https:\/\/www.europaforum2019.ee\/sv\/wp-json\/wp\/v2\/media?parent=2189"}],"wp:term":[{"taxonomy":"category","embeddable":true,"href":"https:\/\/www.europaforum2019.ee\/sv\/wp-json\/wp\/v2\/categories?post=2189"},{"taxonomy":"post_tag","embeddable":true,"href":"https:\/\/www.europaforum2019.ee\/sv\/wp-json\/wp\/v2\/tags?post=2189"}],"curies":[{"name":"wp","href":"https:\/\/api.w.org\/{rel}","templated":true}]}}