{"id":2184,"date":"2018-10-09T20:50:20","date_gmt":"2018-10-09T20:50:20","guid":{"rendered":"http:\/\/www.europaforum2019.ee\/arendamisel\/?page_id=2184"},"modified":"2019-09-21T16:16:54","modified_gmt":"2019-09-21T16:16:54","slug":"musiktavling","status":"publish","type":"page","link":"https:\/\/www.europaforum2019.ee\/sv\/musiktavling\/","title":{"rendered":"Musikt\u00e4vling"},"content":{"rendered":"<p>[vc_row css=&#8221;.vc_custom_1528724670702{background-color: #f5f3f2 !important;}&#8221;][vc_column][vc_row_inner type=&#8221;boxed&#8221;][vc_column_inner][vc_column_text]<\/p>\n<h2><strong><span style=\"color: #3c64a4;\">MUSIKT\u00c4VLING<\/span><\/strong><\/h2>\n<p><span style=\"color: #3c64a4;\">V\u00c4LKOMNA TILL LEMC 2019 I TALLINN! <img loading=\"lazy\" class=\"alignright wp-image-1238 size-full\" src=\"https:\/\/www.europaforum2019.ee\/wp-content\/uploads\/2018\/07\/udukitarr.png\" alt=\"\" width=\"340\" height=\"230\" srcset=\"https:\/\/www.europaforum2019.ee\/wp-content\/uploads\/2018\/07\/udukitarr.png 340w, https:\/\/www.europaforum2019.ee\/wp-content\/uploads\/2018\/07\/udukitarr-300x203.png 300w\" sizes=\"(max-width: 340px) 100vw, 340px\" \/><\/span><br \/>\n<span style=\"color: #3c64a4;\">LIONS EUROPEISKA MUSIKT\u00c4VLING SOM H\u00c5LLS F\u00d6R 28 G\u00c5NGEN<\/span><br \/>\n<span style=\"color: #3c64a4;\">THOMAS KUTI \u00c4R DEDIKERAD TILL DEN KLASSISKA GITARREN.<\/span><\/p>\n<p>F\u00f6rst och fr\u00e4mst \u00e4r unga musiker som \u00e4r f\u00f6dda 1995 eller senare v\u00e4lkomna att delta i Lions europeiska musikt\u00e4vling som h\u00e5lls f\u00f6r 28 g\u00e5ngen.<br \/>\nKontakta Lions organisationen i ditt land via internet f\u00f6r mer information och registrering. F\u00f6rst kommer du att delta i lokala eller nationella f\u00f6rberedelser som kommer att \u00e4ga rum n\u00e4sta v\u00e5r.<\/p>\n<p><span style=\"color: #3c64a4;\"><strong>GENERELL INFORMATION<\/strong><\/span><br \/>\nEtt musikpris ges ut varje \u00e5r under Lions Europa Forumet f\u00f6r att fr\u00e4mja unga beg\u00e5vade europeiska musiker. Musikt\u00e4vlingen kommer att h\u00e5llas p\u00e5 Forumet och instrumentet som spelas \u00e4ndras varje \u00e5r.<br \/>\nTexten nedan \u00e4r ett utdrag from reglerna. Vid tveksamhet g\u00e4ller endast den officiella versionen av f\u00f6rordningen.<\/p>\n<p><span style=\"color: #3c64a4;\"><strong>Deltagare<\/strong><\/span><br \/>\n1. Deltagarna b\u00f6r vara f\u00f6dda 1995 eller senare.<br \/>\n2. Deltagarna b\u00f6r ha varit bosatta i ett av l\u00e4nderna som deltar i Europa Forumet i minst fem \u00e5r innan den 1 januari \u00e5ret d\u00e5 t\u00e4vlingen \u00e4ger rum.<br \/>\n3. \u201dDeltagande l\u00e4nder\u201d \u00e4r l\u00e4nder som \u00e4r fastst\u00e4llda i Artikel III i Procedurreglerna f\u00f6r Europa Forumet.<br \/>\n4. Ingen tidigare vinnare av Europa Forumets musikt\u00e4vling f\u00e5r delta igen.<br \/>\n5. Varje deltagande land f\u00e5r nominera en (och endast en) deltagare till t\u00e4vlingen. Prelimin\u00e4ra t\u00e4vlingar h\u00e5lls i de flesta deltagande l\u00e4nderna i st\u00f6rre eller mindre omr\u00e5den. Mer information om dessa prelimin\u00e4ra t\u00e4vlingar kan hittas p\u00e5 webbsidorna f\u00f6r omr\u00e5dena. Tveka inte att kontakta oss om du har n\u00e5gra fr\u00e5gor.<br \/>\n6. Deltagarna m\u00e5ste registreras hos kommitt\u00e9ns ordf\u00f6rande senast den 30 juni \u00e5ret d\u00e5 t\u00e4vlingen h\u00e5lls.<br \/>\n7. Kostnaderna f\u00f6r att kunna delta i t\u00e4vlingen m\u00e5ste betalas av landet som deltagaren kommer fr\u00e5n.<\/p>\n<p><strong><span style=\"color: #3c64a4;\">T\u00e4vling<\/span><\/strong><br \/>\nT\u00e4vlingen utf\u00f6rs i tre steg. F\u00f6rst ska alla deltagare spela det f\u00f6reslagna musikstycket.<br \/>\nD\u00e4refter spelar de ett av musikstyckena som de sj\u00e4lva valt ut. En h\u00f6gt kvalificerad internationell jury v\u00e4ljer ut de sex b\u00e4sta t\u00e4vlande f\u00f6r sista rundan och g\u00f6r valet baserat p\u00e5 tv\u00e5 musikstycken som de spelar.<br \/>\nDessa sex utvalda kommer att spela sitt andra musikstycke under sista omg\u00e5ngen.<\/p>\n<p><span style=\"color: #3c64a4;\"><strong>Priser<\/strong><\/span><br \/>\nMan kan vinna f\u00f6ljande priser:<br \/>\n1 plats: 5000 EUR<br \/>\n2 plats: 3000 EUR<br \/>\n3 plats: 2000 EUR<br \/>\nOm m\u00f6jligt kommer \u00e4ven andra priser att delas ut.<\/p>\n<div id=\"gt-c\" class=\"g-section\">\n<div id=\"gt-form-c\">\n<form id=\"gt-form\" action=\"\/\" enctype=\"application\/x-www-form-urlencoded\" method=\"post\" name=\"text_form\">\n<div id=\"gt-text-all\">\n<div id=\"gt-main\">\n<div id=\"gt-text-c\">\n<div id=\"gt-text-top\">\n<div id=\"gt-res-c\" class=\"g-unit\">\n<div id=\"gt-res-p\">\n<div id=\"gt-res-data\">\n<div id=\"gt-res-wrap\">\n<div id=\"gt-res-content\">\n<div id=\"gt-res-dir-ctr\" class=\"trans-verified-button-large\" dir=\"ltr\"><span id=\"result_box\" class=\"short_text\" lang=\"sv\" style=\"color: #3c64a4;\">Mer information p\u00e5 den <a href=\"https:\/\/www.europaforum2019.ee\/music-competition\/\"><span style=\"color: #3c64a4;\">engelska spr\u00e5ksidan!<\/span><\/a><\/span><\/div>\n<div class=\"trans-verified-button-large\" dir=\"ltr\"><\/div>\n<\/div>\n<\/div>\n<\/div>\n<\/div>\n<\/div>\n<\/div>\n<\/div>\n<\/div>\n<\/div>\n<\/form>\n<\/div>\n<\/div>\n<p>[\/vc_column_text][\/vc_column_inner][\/vc_row_inner][\/vc_column][\/vc_row][vc_row css=&#8221;.vc_custom_1528789133475{background-color: #fdc924 !important;}&#8221;][vc_column][\/vc_column][\/vc_row]<\/p>\n","protected":false},"excerpt":{"rendered":"<p>[vc_row css=&#8221;.vc_custom_1528724670702{background-color: #f5f3f2 !important;}&#8221;][vc_column][vc_row_inner type=&#8221;boxed&#8221;][vc_column_inner][vc_column_text] MUSIKT\u00c4VLING V\u00c4LKOMNA TILL LEMC 2019 I TALLINN! LIONS EUROPEISKA MUSIKT\u00c4VLING SOM H\u00c5LLS F\u00d6R 28 G\u00c5NGEN THOMAS KUTI \u00c4R DEDIKERAD TILL DEN KLASSISKA GITARREN. F\u00f6rst och fr\u00e4mst \u00e4r unga musiker som \u00e4r f\u00f6dda 1995 eller senare v\u00e4lkomna att delta i Lions europeiska musikt\u00e4vling som h\u00e5lls f\u00f6r 28 g\u00e5ngen. Kontakta Lions organisationen [&hellip;]<\/p>\n","protected":false},"author":2,"featured_media":0,"parent":0,"menu_order":0,"comment_status":"closed","ping_status":"closed","template":"page-full-width.php","meta":[],"categories":[38],"tags":[],"_links":{"self":[{"href":"https:\/\/www.europaforum2019.ee\/sv\/wp-json\/wp\/v2\/pages\/2184"}],"collection":[{"href":"https:\/\/www.europaforum2019.ee\/sv\/wp-json\/wp\/v2\/pages"}],"about":[{"href":"https:\/\/www.europaforum2019.ee\/sv\/wp-json\/wp\/v2\/types\/page"}],"author":[{"embeddable":true,"href":"https:\/\/www.europaforum2019.ee\/sv\/wp-json\/wp\/v2\/users\/2"}],"replies":[{"embeddable":true,"href":"https:\/\/www.europaforum2019.ee\/sv\/wp-json\/wp\/v2\/comments?post=2184"}],"version-history":[{"count":18,"href":"https:\/\/www.europaforum2019.ee\/sv\/wp-json\/wp\/v2\/pages\/2184\/revisions"}],"predecessor-version":[{"id":8306,"href":"https:\/\/www.europaforum2019.ee\/sv\/wp-json\/wp\/v2\/pages\/2184\/revisions\/8306"}],"wp:attachment":[{"href":"https:\/\/www.europaforum2019.ee\/sv\/wp-json\/wp\/v2\/media?parent=2184"}],"wp:term":[{"taxonomy":"category","embeddable":true,"href":"https:\/\/www.europaforum2019.ee\/sv\/wp-json\/wp\/v2\/categories?post=2184"},{"taxonomy":"post_tag","embeddable":true,"href":"https:\/\/www.europaforum2019.ee\/sv\/wp-json\/wp\/v2\/tags?post=2184"}],"curies":[{"name":"wp","href":"https:\/\/api.w.org\/{rel}","templated":true}]}}