{"id":2178,"date":"2018-10-09T20:42:34","date_gmt":"2018-10-09T20:42:34","guid":{"rendered":"http:\/\/www.europaforum2019.ee\/arendamisel\/?page_id=2178"},"modified":"2019-09-03T20:05:09","modified_gmt":"2019-09-03T20:05:09","slug":"europeiska-radet","status":"publish","type":"page","link":"https:\/\/www.europaforum2019.ee\/sv\/europeiska-radet\/","title":{"rendered":"Europeiska radet"},"content":{"rendered":"<p>[vc_row css=&#8221;.vc_custom_1528724670702{background-color: #f5f3f2 !important;}&#8221;][vc_column][vc_row_inner type=&#8221;boxed&#8221;][vc_column_inner][vc_column_text]<\/p>\n<h2><span style=\"color: #3c64a4;\"><strong>EUROPE<\/strong><\/span><strong><span style=\"color: #3c64a4;\">ISKA R\u00c5DET<\/span><\/strong><strong><span style=\"color: #3c64a4;\"><br \/>\n<\/span><\/strong><\/h2>\n<p><strong>D\u00e4rf\u00f6r kommer denna sida av agendan uppdateras i Juli 2019.<br \/>\n<\/strong><\/p>\n<p><strong><span style=\"color: #3c64a4;\">EF2019 Europeiska R\u00e5det m\u00f6te 1<\/span><\/strong><br \/>\n<strong><span style=\"color: #3c64a4;\">L\u00f6rdag morgon den 5 Oktober 2019 i Alexela konserthus i Tallinn<\/span><\/strong><\/p>\n<p>Enligt arbetsordningen f\u00f6r Europa Forum \u00e4r det europeiska r\u00e5det organisationen som ansvarar f\u00f6r och kontrollerar Forum policyn.<\/p>\n<p>Varje medlem f\u00e5r en r\u00f6st. Lions organisationerna i alla l\u00e4nder eller stater som tillh\u00f6r det konstitutionella omr\u00e5det i Europa kan bli medlemmar i Europa Forumet under f\u00f6ruts\u00e4ttningen att medlemskapet har godk\u00e4nts av det Europeiska r\u00e5det.<\/p>\n<p>Forum Presidenten best\u00e4mmer agendan f\u00f6r R\u00e5dets m\u00f6ten baserat p\u00e5 f\u00f6rslaget till resolutionen som medlemmarna skickar in och som diskuteras p\u00e5 m\u00f6tet med \u00f6vervakningskommitt\u00e9n i februari.<\/p>\n<p>F\u00f6rslaget till Resolutionen b\u00f6r skickas in p\u00e5 engelska till Forumets president innan den 15 juni 2019, en kopia b\u00f6r ocks\u00e5 skickas till arkivarien &amp; R\u00e5dgivaren.<\/p>\n<p>Forumets President kommer att publicera dessa F\u00f6rslag till Resolutionen p\u00e5 webbsidan och skicka ett e-postmeddelande om detta till Deltagarna senast den 31 juli f\u00f6r att f\u00f6rbereda de f\u00f6r r\u00f6stningen som kommer att \u00e4ga rum under Europeiska r\u00e5dets m\u00f6te.<\/p>\n<p>Alla Lions kan ta del av det Europeiska r\u00e5dets m\u00f6te.Dock kommer endast en vederb\u00f6rligen utsedd representant f\u00f6r varje medlem att f\u00e5 r\u00f6sta.<\/p>\n<p>Forumets President ska vara ordf\u00f6randen f\u00f6r R\u00e5det och m\u00f6tet ska bitr\u00e4das av Vice Presidenten, Forumets Sekreterare och A&amp;A.<\/p>\n<p>&nbsp;<\/p>\n<p><strong><span style=\"color: #3c64a4;\">EF2019 Europeiska R\u00e5det m\u00f6te \u2013 Diskussioner<\/span><\/strong><br \/>\n<strong><span style=\"color: #3c64a4;\">L\u00f6rdag, 5 oktober 2019 i Nordic Hotel Forum, Tallinn<\/span><\/strong><\/p>\n<p>Detta informella m\u00f6te och \u00f6ppna diskussion h\u00e5lls f\u00f6r att f\u00f6rbereda inf\u00f6r besluten som ska tas n\u00e4sta dag.<\/p>\n<p>Resolutionen f\u00e5r \u00e4ndras och \u00e5terkallas och man kan kr\u00e4va kompletterande information. Dock f\u00e5r inga nya resolutioner f\u00f6rflyttas vid denna tidpunkt.<\/p>\n<p>Alla dokument och all kompletterande information kommer att finnas tillg\u00e4ngligt p\u00e5 denna sida efter R\u00e5dets m\u00f6te.<\/p>\n<p>Alla Lions kan ta del av m\u00f6tet.<\/p>\n<p>Forumets President ska vara ordf\u00f6randen f\u00f6r m\u00f6tet och m\u00f6tet ska bitr\u00e4das av Vice Presidenten, Forumets Sekreterare och A&amp;A.<\/p>\n<ul>\n<li><span style=\"color: #3c64a4;\"><a style=\"color: #3c64a4;\" href=\"https:\/\/www.europaforum2019.ee\/wp-content\/uploads\/2019\/09\/MD111_Resolution-I-Budget-surcharge-for-the-Europa-Forum.pdf\">MD111_Resolution I &#8211; Budget surcharge for the Europa Forum<\/a><\/span><\/li>\n<li><span style=\"color: #3c64a4;\"><a style=\"color: #3c64a4;\" href=\"https:\/\/www.europaforum2019.ee\/wp-content\/uploads\/2019\/09\/MD111_Resolution-II-Criteria-and-requirements-for-multiple-district-and-district-application-and-selection-as-well-as-the-venue-for-conducting-a-Europa-Forum.pdf\">MD111_Resolution II &#8211; Criteria and requirements for multiple-district and district application and selection as well as the venue for conducting a Europa Forum<\/a><\/span><\/li>\n<li><span style=\"color: #3c64a4;\"><a style=\"color: #3c64a4;\" href=\"https:\/\/www.europaforum2019.ee\/wp-content\/uploads\/2019\/09\/MD111_Resolution-III-Reinforcement-of-the-position-of-the-Chair-of-the-Supervisory-Committee-at-the-Europa-Forum.pdf\">MD111_Resolution III &#8211; Reinforcement of the position of the Chair of the Supervisory Committee at the Europa Forum<\/a><\/span><\/li>\n<li><span style=\"color: #3c64a4;\"><a style=\"color: #3c64a4;\" href=\"https:\/\/www.europaforum2019.ee\/wp-content\/uploads\/2019\/09\/MD111_Resolution-IV-Attatchment_Rules-of-Procedure-in-the-WaSH-Working-Group.pdf\">MD111_Resolution IV &#8211; Attatchment_Rules of Procedure in the WaSH Working Group<\/a><\/span><\/li>\n<li><span style=\"color: #3c64a4;\"><a style=\"color: #3c64a4;\" href=\"https:\/\/www.europaforum2019.ee\/wp-content\/uploads\/2019\/09\/MD111_Resolution-IV-Rules-of-Procedure-in-the-WaSH-Working-Group.pdf\">MD111_Resolution IV &#8211; Rules of Procedure in the WaSH Working Group<\/a><\/span><\/li>\n<\/ul>\n<p>&nbsp;<\/p>\n<p><span style=\"color: #3c64a4;\"><strong>Europeiska R\u00e5det m\u00f6te 2<\/strong><\/span><br \/>\n<span style=\"color: #3c64a4;\"><strong>S\u00f6ndag, 6 oktober 2019 i Alexela Konserthus<\/strong><\/span><\/p>\n<p>Eftersom att det informella m\u00f6tet och \u00f6ppna diskussionerna har \u00e4gt rum dagen innan kommer m\u00f6tet att handla om att r\u00f6sta om resolutionen och agendan. Om ny relevant information inte har dykt upp beh\u00f6vs inga diskussioner.<\/p>\n<p>Vid denna tidpunkt f\u00e5r inga nya resolutioner f\u00f6rflyttas.<\/p>\n<p>I till\u00e4gg till agendan kan ordf\u00f6randen f\u00f6r seminariet l\u00e4mna in f\u00f6rslag senast klockan 18:00 under f\u00f6reg\u00e5ende dag och kr\u00e4va en r\u00e5dgivande omr\u00f6stning. Presentationen av f\u00f6rslaget f\u00e5r inte vara l\u00e4ngre \u00e4n 3 minuter.<\/p>\n<p>Den slutgiltiga agendan kommer att finnas tillg\u00e4ngligt p\u00e5 denna sida efter R\u00e5dets diskussionsm\u00f6te.<\/p>\n<p>M\u00f6tet kommer att h\u00e5llas i huvudlokalen och alla Lions kan ta del av m\u00f6tet. Dock kommer endast en vederb\u00f6rligen utsedd representant f\u00f6r varje medlem att f\u00e5 tala och r\u00f6sta.<\/p>\n<p>Forumets President ska vara ordf\u00f6randen f\u00f6r m\u00f6tet och m\u00f6tet ska bitr\u00e4das av Vice Presidenten, Forumets Sekreterare och A&amp;A.<\/p>\n<p>Artikel V och Procedurreglerna g\u00e4ller.[\/vc_column_text][\/vc_column_inner][\/vc_row_inner][\/vc_column][\/vc_row][vc_row css=&#8221;.vc_custom_1528789133475{background-color: #fdc924 !important;}&#8221;][vc_column][\/vc_column][\/vc_row]<\/p>\n","protected":false},"excerpt":{"rendered":"<p>[vc_row css=&#8221;.vc_custom_1528724670702{background-color: #f5f3f2 !important;}&#8221;][vc_column][vc_row_inner type=&#8221;boxed&#8221;][vc_column_inner][vc_column_text] EUROPEISKA R\u00c5DET D\u00e4rf\u00f6r kommer denna sida av agendan uppdateras i Juli 2019. EF2019 Europeiska R\u00e5det m\u00f6te 1 L\u00f6rdag morgon den 5 Oktober 2019 i Alexela konserthus i Tallinn Enligt arbetsordningen f\u00f6r Europa Forum \u00e4r det europeiska r\u00e5det organisationen som ansvarar f\u00f6r och kontrollerar Forum policyn. Varje medlem f\u00e5r en r\u00f6st. [&hellip;]<\/p>\n","protected":false},"author":2,"featured_media":0,"parent":0,"menu_order":0,"comment_status":"closed","ping_status":"closed","template":"page-full-width.php","meta":[],"categories":[38],"tags":[],"_links":{"self":[{"href":"https:\/\/www.europaforum2019.ee\/sv\/wp-json\/wp\/v2\/pages\/2178"}],"collection":[{"href":"https:\/\/www.europaforum2019.ee\/sv\/wp-json\/wp\/v2\/pages"}],"about":[{"href":"https:\/\/www.europaforum2019.ee\/sv\/wp-json\/wp\/v2\/types\/page"}],"author":[{"embeddable":true,"href":"https:\/\/www.europaforum2019.ee\/sv\/wp-json\/wp\/v2\/users\/2"}],"replies":[{"embeddable":true,"href":"https:\/\/www.europaforum2019.ee\/sv\/wp-json\/wp\/v2\/comments?post=2178"}],"version-history":[{"count":8,"href":"https:\/\/www.europaforum2019.ee\/sv\/wp-json\/wp\/v2\/pages\/2178\/revisions"}],"predecessor-version":[{"id":7803,"href":"https:\/\/www.europaforum2019.ee\/sv\/wp-json\/wp\/v2\/pages\/2178\/revisions\/7803"}],"wp:attachment":[{"href":"https:\/\/www.europaforum2019.ee\/sv\/wp-json\/wp\/v2\/media?parent=2178"}],"wp:term":[{"taxonomy":"category","embeddable":true,"href":"https:\/\/www.europaforum2019.ee\/sv\/wp-json\/wp\/v2\/categories?post=2178"},{"taxonomy":"post_tag","embeddable":true,"href":"https:\/\/www.europaforum2019.ee\/sv\/wp-json\/wp\/v2\/tags?post=2178"}],"curies":[{"name":"wp","href":"https:\/\/api.w.org\/{rel}","templated":true}]}}