{"id":2169,"date":"2018-10-09T20:29:15","date_gmt":"2018-10-09T20:29:15","guid":{"rendered":"http:\/\/www.europaforum2019.ee\/arendamisel\/?page_id=2169"},"modified":"2019-04-06T21:19:43","modified_gmt":"2019-04-06T21:19:43","slug":"supervisory-committee","status":"publish","type":"page","link":"https:\/\/www.europaforum2019.ee\/sv\/supervisory-committee\/","title":{"rendered":"\u00d6vervakningskommitt\u00e8n"},"content":{"rendered":"<p>[vc_row css=&#8221;.vc_custom_1528724670702{background-color: #f5f3f2 !important;}&#8221;][vc_column width=&#8221;2\/3&#8243;][vc_row_inner type=&#8221;boxed&#8221;][vc_column_inner][vc_column_text]<\/p>\n<h2><span style=\"color: #3c64a4;\"><strong>\u00d6VERVAKNINGSKOMMITT\u00c9N<\/strong><\/span><\/h2>\n<p><span style=\"color: #3c64a4;\"><strong>ID Heimo Potinkara, EF2019 Utsedd till Internationell Direkt\u00f6r<\/strong><\/span><br \/>\nEn av de Verkst\u00e4llande Internationella Direkt\u00f6rerna fr\u00e5n Europa som Organisationens Internationella President valt ut f\u00f6r att \u00f6vervaka Europa Forumet. Han ska tr\u00e4da i tj\u00e4nst omedelbart innan Forumet b\u00f6rjar (under \u00d6vervakningskommitt\u00e9ns m\u00f6te) och hans tj\u00e4nst kommer att upph\u00f6ra n\u00e4r Forumet \u00e4r \u00f6ver.<\/p>\n<p><strong><span style=\"color: #3c64a4;\">PID Phil Nathan, EF R\u00e5dgivare och Arkivarie 2017-2022 (nedan kallat A&amp;A)<\/span> <\/strong><br \/>\nV\u00e4ljs f\u00f6r fem \u00e5r av Europeiska R\u00e5det och hans arbete \u00e4r att \u00f6vervaka alla beslut som tas och ge r\u00e5d till \u00d6vervakningskommitt\u00e9n och V\u00e4rdkommitt\u00e9n. A&amp;A kommer att vara Europa Forumets samvete och sammanhang. Han m\u00e5ste s\u00e4kerst\u00e4lla att besluten som tas uppfylls under de n\u00e4stkommande \u00e5ren.<\/p>\n<p><span style=\"color: #3c64a4;\"><strong>PCC Peter Brandenburg, EF Revisor 2017-2022 <\/strong> <\/span><br \/>\nV\u00e4ljs f\u00f6r fem \u00e5r av Europeiska R\u00e5det och hans arbete \u00e4r att kontrollera utgifterna f\u00f6r Forumet och relatera dessa till f\u00f6reg\u00e5ende Forum som \u00e4gt rum.<\/p>\n<p><strong><span style=\"color: #3c64a4;\">\u00d6vervakningskommitt\u00e9n (SC)<\/span><\/strong><br \/>\nHans fr\u00e4msta uppgift \u00e4r att \u00f6vervaka logistiken, administrationen, fr\u00e5gor som r\u00f6r ekonomin och inneh\u00e5llet f\u00f6r Europa Forumet. \u00d6vervakningskommitt\u00e9ns uppgift \u00e4r dessutom att s\u00e4kerst\u00e4lla att Europa Forumet uppfyller kraven i Styrelsens Policy Manual.\u2028\u00d6vervakningskommitt\u00e9n har f\u00f6ljande funktioner:<\/p>\n<p><strong><span style=\"color: #3c64a4;\">Medlemmar av EF2019 \u00d6vervakningskommitt\u00e9:<\/span><\/strong><br \/>\n\u2022 ID Heimo Potinkara, EF2019 Utsedd till Internationell Direkt\u00f6r, Ordf\u00f6rande f\u00f6r \u00d6vervakningskommitt\u00e9n av Europa Forum 2019<br \/>\n\u2022 PID Kalle Elster, President EF2019<br \/>\n\u2022 PID George Papas, Vice President, President EF2020 \/ tbc<br \/>\n\u2022 1.VDG M\u00e4rt Viileberg \u2013 Programdirekt\u00f6r EF2019<br \/>\n\u2022 PDG George Savvides, Programdirekt\u00f6r EF2020 \/ tbc<br \/>\n\u2022 PID Phil Nathan, EF R\u00e5dgivare &amp; Arkivarie<\/p>\n<p><strong><span style=\"color: #3c64a4;\">Inbjudna till m\u00f6tena:<\/span><\/strong><br \/>\n\u2022 PCC Peter Brandenburg, EF Revisor<br \/>\n\u2022 Ingo Brookman, LEMC<br \/>\n\u2022 Pompillia Szellner, EF\u00a0Unga Ambassad\u00f6r<br \/>\n\u2022 Madis Sinij\u00e4rv, Generalsekreterare EF2019<br \/>\n\u2022 Tiina Mirka, Kassaf\u00f6rvaltare EF2019<br \/>\n\u2022 Anneli Pilliroog, Ansvarig f\u00f6r Evenemang EF2019<br \/>\n\u2022 Mari-Liis Vihul, Ansvarig f\u00f6r Webbsidan EF2019<br \/>\n\u2022 DG Arvi Perv, Volont\u00e4rer EF2019<br \/>\n\u2022 Margus Malla, <span style=\"color: #000000;\">Ungdomsutbyte<\/span> EF2019<br \/>\n\u2022 <span style=\"color: #000000;\">IPDG Ragnar L\u00f5ivukene \u2013 Unga Musikers T\u00e4vling<\/span><\/p>\n<p>\u00d6vervakningskommitt\u00e9n arbetar enligt eget gottfinnande och sin egna tidsplan;<br \/>\n1. SC formellt m\u00f6te i oktober 2018 i Skopje EF<br \/>\n2. SC formellt m\u00f6te i februari 2019 i Tallinn.<\/p>\n<p>Till detta m\u00f6te bjuder man in medlemmar fr\u00e5n V\u00e4rdkommitt\u00e9n (t.e.x. Ordf\u00f6randen f\u00f6r Thomas Kuti T\u00e4vlingen) utan att V\u00e4rdkommitt\u00e9n eller Forumet betalar f\u00f6r detta.<br \/>\nOm den Verkst\u00e4llande Internationella Direkt\u00f6ren och A&amp;A tycker att det \u00e4r n\u00f6dv\u00e4ndigt kan ett extra m\u00f6te arrangeras mellan Forumets President och medlemmarna i kommitt\u00e9n.<br \/>\n\u00d6vervakningskommitt\u00e9n kan ocks\u00e5 best\u00e4mma sig f\u00f6r att ha m\u00f6tet p\u00e5 Forumets m\u00f6tesplats, innan och efter Forumet.[\/vc_column_text][\/vc_column_inner][vc_column_inner][\/vc_column_inner][\/vc_row_inner][\/vc_column][vc_column width=&#8221;1\/3&#8243;][vc_single_image image=&#8221;904&#8243; img_size=&#8221;full&#8221;][vc_column_text]ID Heimo Potinkara[\/vc_column_text][vc_single_image image=&#8221;790&#8243; img_size=&#8221;full&#8221;][vc_column_text]PID Phil Nathan[\/vc_column_text][vc_single_image image=&#8221;707&#8243; img_size=&#8221;full&#8221;][vc_column_text]PCC Peter Brandenburg[\/vc_column_text][\/vc_column][\/vc_row][vc_row css=&#8221;.vc_custom_1528789133475{background-color: #fdc924 !important;}&#8221;][vc_column][\/vc_column][\/vc_row]<\/p>\n","protected":false},"excerpt":{"rendered":"<p>[vc_row css=&#8221;.vc_custom_1528724670702{background-color: #f5f3f2 !important;}&#8221;][vc_column width=&#8221;2\/3&#8243;][vc_row_inner type=&#8221;boxed&#8221;][vc_column_inner][vc_column_text] \u00d6VERVAKNINGSKOMMITT\u00c9N ID Heimo Potinkara, EF2019 Utsedd till Internationell Direkt\u00f6r En av de Verkst\u00e4llande Internationella Direkt\u00f6rerna fr\u00e5n Europa som Organisationens Internationella President valt ut f\u00f6r att \u00f6vervaka Europa Forumet. Han ska tr\u00e4da i tj\u00e4nst omedelbart innan Forumet b\u00f6rjar (under \u00d6vervakningskommitt\u00e9ns m\u00f6te) och hans tj\u00e4nst kommer att upph\u00f6ra n\u00e4r Forumet \u00e4r [&hellip;]<\/p>\n","protected":false},"author":2,"featured_media":0,"parent":0,"menu_order":0,"comment_status":"closed","ping_status":"closed","template":"page-full-width.php","meta":[],"categories":[],"tags":[],"_links":{"self":[{"href":"https:\/\/www.europaforum2019.ee\/sv\/wp-json\/wp\/v2\/pages\/2169"}],"collection":[{"href":"https:\/\/www.europaforum2019.ee\/sv\/wp-json\/wp\/v2\/pages"}],"about":[{"href":"https:\/\/www.europaforum2019.ee\/sv\/wp-json\/wp\/v2\/types\/page"}],"author":[{"embeddable":true,"href":"https:\/\/www.europaforum2019.ee\/sv\/wp-json\/wp\/v2\/users\/2"}],"replies":[{"embeddable":true,"href":"https:\/\/www.europaforum2019.ee\/sv\/wp-json\/wp\/v2\/comments?post=2169"}],"version-history":[{"count":16,"href":"https:\/\/www.europaforum2019.ee\/sv\/wp-json\/wp\/v2\/pages\/2169\/revisions"}],"predecessor-version":[{"id":5699,"href":"https:\/\/www.europaforum2019.ee\/sv\/wp-json\/wp\/v2\/pages\/2169\/revisions\/5699"}],"wp:attachment":[{"href":"https:\/\/www.europaforum2019.ee\/sv\/wp-json\/wp\/v2\/media?parent=2169"}],"wp:term":[{"taxonomy":"category","embeddable":true,"href":"https:\/\/www.europaforum2019.ee\/sv\/wp-json\/wp\/v2\/categories?post=2169"},{"taxonomy":"post_tag","embeddable":true,"href":"https:\/\/www.europaforum2019.ee\/sv\/wp-json\/wp\/v2\/tags?post=2169"}],"curies":[{"name":"wp","href":"https:\/\/api.w.org\/{rel}","templated":true}]}}