{"id":2088,"date":"2018-10-08T19:56:09","date_gmt":"2018-10-08T19:56:09","guid":{"rendered":"http:\/\/www.europaforum2019.ee\/arendamisel\/?page_id=2088"},"modified":"2019-09-21T16:30:41","modified_gmt":"2019-09-21T16:30:41","slug":"useful","status":"publish","type":"page","link":"https:\/\/www.europaforum2019.ee\/sv\/useful\/","title":{"rendered":"Information"},"content":{"rendered":"<p>[vc_row css=&#8221;.vc_custom_1528972718435{background-image: url(https:\/\/www.europaforum2019.ee\/wp-content\/uploads\/2018\/06\/inimesed2.jpg?id=134) !important;background-position: center !important;background-repeat: no-repeat !important;background-size: cover !important;}&#8221;][vc_column][vc_single_image image=&#8221;4357&#8243; img_size=&#8221;full&#8221; alignment=&#8221;right&#8221; el_class=&#8221;header-pilt&#8221;][\/vc_column][\/vc_row][vc_row css=&#8221;.vc_custom_1528724670702{background-color: #f5f3f2 !important;}&#8221;][vc_column][vc_row_inner type=&#8221;boxed&#8221;][vc_column_inner][vc_column_text]<span style=\"color: #3c64a4;\"><strong>LIONS INTERNATION<span style=\"color: #3c64a4;\">ELLA KL<\/span>UBB (LCI)<\/strong><\/span><\/p>\n<p>V\u00e4rldens st\u00f6rsta Serviceorganisation.<br \/>\nMed 48 000 klubbar och \u00f6ver 1,5 miljoner medlemmar \u00e4r vi den st\u00f6rsta serviceorganisationen i v\u00e4rlden. Vi \u00e4r ocks\u00e5 en av de mest effektiva organisationerna.<\/p>\n<p><span style=\"color: #3c64a4;\"><strong>V\u00c5R INTERNATIONELLA PRESIDENT<\/strong><\/span><\/p>\n<p>Som medlem i Lions i mer \u00e4n 40 \u00e5r f\u00f6reg\u00e5r v\u00e5r internationella president, <strong>Dr. Jung-Yul Choi<\/strong>, med gott exempel. Hans karri\u00e4r och liv har definierats av arbetsmoral och en passion f\u00f6r att \u00f6verbrygga skillnader, skapa kontakt mellan m\u00e4nniskor och genom m\u00e5ngfald skapa harmoni f\u00f6r alla.<\/p>\n<p><span style=\"color: #3c64a4;\"><strong>M\u00e5ngfald f\u00f6r allas b\u00e4sta<\/strong><\/span><\/p>\n<p>Lions hj\u00e4lper inte bara v\u00e4rlden. Vi representerar den. Under presidents Chois \u00e5r kommer vi att f\u00f6rena klubbar och samh\u00e4llen runt om i v\u00e4rlden eftersom allas b\u00e4sta endast kan uppn\u00e5s n\u00e4r vi g\u00e5r samman som en.<\/p>\n<p><span style=\"color: #3c64a4;\"><strong>De m\u00e5nga s\u00e4tt p\u00e5 vilka vi hj\u00e4lper<\/strong><\/span><\/p>\n<p>President Chois program och initiativ kommer att fokusera p\u00e5 n\u00e5gra huvuddelar av Lions Clubs International, vilka \u00e4r mycket viktiga f\u00f6r v\u00e5r uppgift att hj\u00e4lpa.<\/p>\n<ol>\n<li>Skapa medlemstillv\u00e4xt genom m\u00e5ngfald<\/li>\n<li>Ut\u00f6ka hj\u00e4lpinsatsernas p\u00e5verkan globalt<\/li>\n<li>St\u00f6dja v\u00e5r globala stiftelse, LCIF.<\/li>\n<li>St\u00e4rka varje medlem som ledare<\/li>\n<\/ol>\n<p><a href=\"https:\/\/www.lionsclubs.org\/sv\/discover-our-clubs\/presidential-theme\"><span style=\"color: #3c64a4;\">Las mer\u2026<\/span><\/a><\/p>\n<p><strong><span style=\"color: #3c64a4;\">LIONS CLUBS INTERNATIONELLA STIFTELSE (LCIF)<\/span><\/strong><br \/>\nLCIF arbetar varje dag med att uppfylla v\u00e5rt m\u00e5l: \u201dSt\u00f6dja Lions klubbens och dess partners anstr\u00e4ngningar i att hj\u00e4lpa samh\u00e4llen b\u00e5de lokalt och globalt genom att ge hopp och p\u00e5verka andra liv genom humanit\u00e4ra projekt och bidrag.\u201d<\/p>\n<p>Sedan Stiftelsen grundades \u00e5r 1968 har vi st\u00f6tt Lions humanit\u00e4ra verksamhet runt om i v\u00e4rlden genom att bevilja \u00f6ver 13 000 bidrag till ett sammanlagt v\u00e4rde p\u00e5 \u00f6ver 1 miljard USD inom fyra nyckelomr\u00e5den d.v.s. syn, ungdomar, katastrofhj\u00e4lp och annat humanit\u00e4rt arbete.<\/p>\n<p><span style=\"color: #3c64a4;\"><strong><a style=\"color: #3c64a4;\" href=\"http:\/\/www.lcif.org\/SW\/our-work\/sight\/index.php\">Vi ger syn.<\/a><\/strong><\/span> LCIF ger syn till n\u00f6dlidande \u00f6verallt i v\u00e4rlden genom att k\u00e4mpa mot \u00f6gonsjukdomar, bygga infrastruktur f\u00f6r att f\u00f6rb\u00e4ttra utbudet av v\u00e5rd f\u00f6r synskador och genom att \u00f6ka antalet \u00f6gonl\u00e4kare och g\u00f6ra synv\u00e5rden mer r\u00e4ttvis och h\u00e5llbar.<\/p>\n<p><strong><span style=\"color: #3c64a4;\"><a style=\"color: #3c64a4;\" href=\"http:\/\/www.lcif.org\/SW\/our-work\/youth\/index.php\">Vi st\u00f6djer unga.<\/a><\/span><\/strong> Alla unga m\u00e4nniskor f\u00f6rtj\u00e4nar att f\u00e5 en utbildning, k\u00e4nna sig \u00e4lskade och ha en sund uppv\u00e4xt s\u00e5 att de f\u00e5r en chans att uppfylla sina dr\u00f6mmar. Med hj\u00e4lp av Lions Quest <strong><span style=\"color: #3c64a4;\"><a style=\"color: #3c64a4;\" href=\"http:\/\/www.lcif.org\/SW\/our-work\/youth\/index.php\">positiva ungdomsutvecklingsprogram<\/a><\/span><\/strong> hj\u00e4lper LCIF barn att l\u00e4ra sig att samarbeta, fatta positiva beslut och tj\u00e4na sitt samh\u00e4lle. Stiftelsen st\u00f6djer dessutom unga genom att bygga skolor, ungdomscentraler och yrkesutbildningscentrum.<\/p>\n<p><span style=\"color: #3c64a4;\"><strong><a style=\"color: #3c64a4;\" href=\"http:\/\/www.lcif.org\/SW\/our-work\/disaster-relief\/index.php\">Vi erbjuder <span style=\"color: #3c64a4;\">katastrofhj\u00e4lp.<\/span><\/a><\/strong><\/span> Lions \u00e4r oftast f\u00f6rst p\u00e5 plats efter en katastrof f\u00f6r att ge katastrofhj\u00e4lp och LCIF-stiftelsen \u00e4r d\u00e4r och st\u00f6djer dem. Vi hj\u00e4lper drabbade samh\u00e4llen att klara sig efter katastrofer och ger m\u00e4nniskor ett nytt hopp genom att \u00e5teruppbygga deras bost\u00e4der och liv.<\/p>\n<p><span style=\"color: #3c64a4;\"><strong><a style=\"color: #3c64a4;\" href=\"http:\/\/www.lcif.org\/SW\/our-work\/humanitarian-efforts\/index.php\">Vi l\u00f6ser humanit\u00e4ra behov<\/a><\/strong><\/span>. F\u00f6rem\u00e5l f\u00f6r hj\u00e4lpinsatserna \u00e4r v\u00e4rldsomfattande h\u00e4lsoproblem s\u00e5som m\u00e4ssling och diabetes samt hj\u00e4lp till handikappade s\u00e5 att de kan leva ett sj\u00e4lvst\u00e4ndigare och mera tillfredsst\u00e4llande liv, LCIF \u00e4gnar sig \u00e5t humanit\u00e4r service av olika slag. LCIF-stiftelsen forts\u00e4tter att utveckla och utvidga program f\u00f6r att m\u00f6ta nya behov som uppst\u00e5r i v\u00e4rlden.<\/p>\n<p>L\u00e4s mer genom att bes\u00f6ka f\u00f6ljande l\u00e4nkar:<br \/>\n<span style=\"color: #3c64a4;\">\u2022 <a style=\"color: #3c64a4;\" href=\"http:\/\/www.lionsclubs.org\/SW\/index.php\">Lions Internationella Klubb<\/a><\/span><br \/>\n<span style=\"color: #3c64a4;\">\u2022 <a style=\"color: #3c64a4;\" href=\"http:\/\/www.lcif.org\/SW\/index.php\">Lions Clubs Internationella Stiftelse<\/a><\/span><br \/>\n<span style=\"color: #3c64a4;\">\u2022 <a style=\"color: #3c64a4;\" href=\"http:\/\/lions100.lionsclubs.org\/SW\/\">Lions 100<\/a><\/span><br \/>\n<span style=\"color: #3c64a4;\">\u2022 <a style=\"color: #3c64a4;\" href=\"https:\/\/www.europaforum2019.ee\/wp-content\/uploads\/2019\/02\/Rules-of-procedures-EF.pdf\">Procedurregler f\u00f6r Europa Forumet<\/a><\/span><br \/>\n<span style=\"color: #3c64a4;\">\u2022 <a style=\"color: #3c64a4;\" href=\"https:\/\/www.europaforum2019.ee\/wp-content\/uploads\/2018\/09\/List-of-Europa-Forums.pdf\">Lista av Europa Forum<\/a><\/span><br \/>\n<span style=\"color: #3c64a4;\">\u2022<\/span><a href=\"https:\/\/www.europaforum2019.ee\/wp-content\/uploads\/2018\/06\/History-of-the-Europa-Forum.pdf\"><span style=\"color: #3c64a4;\"> Europa Forumets historia<\/span><\/a><\/p>\n<p>[\/vc_column_text][\/vc_column_inner][\/vc_row_inner][\/vc_column][\/vc_row]<\/p>\n","protected":false},"excerpt":{"rendered":"<p>[vc_row css=&#8221;.vc_custom_1528972718435{background-image: url(https:\/\/www.europaforum2019.ee\/wp-content\/uploads\/2018\/06\/inimesed2.jpg?id=134) !important;background-position: center !important;background-repeat: no-repeat !important;background-size: cover !important;}&#8221;][vc_column][vc_single_image image=&#8221;4357&#8243; img_size=&#8221;full&#8221; alignment=&#8221;right&#8221; el_class=&#8221;header-pilt&#8221;][\/vc_column][\/vc_row][vc_row css=&#8221;.vc_custom_1528724670702{background-color: #f5f3f2 !important;}&#8221;][vc_column][vc_row_inner type=&#8221;boxed&#8221;][vc_column_inner][vc_column_text]LIONS INTERNATIONELLA KLUBB (LCI) V\u00e4rldens st\u00f6rsta Serviceorganisation. Med 48 000 klubbar och \u00f6ver 1,5 miljoner medlemmar \u00e4r vi den st\u00f6rsta serviceorganisationen i v\u00e4rlden. Vi \u00e4r ocks\u00e5 en av de mest effektiva organisationerna. V\u00c5R INTERNATIONELLA PRESIDENT Som medlem i [&hellip;]<\/p>\n","protected":false},"author":2,"featured_media":0,"parent":0,"menu_order":0,"comment_status":"closed","ping_status":"closed","template":"page-full-width.php","meta":[],"categories":[],"tags":[],"_links":{"self":[{"href":"https:\/\/www.europaforum2019.ee\/sv\/wp-json\/wp\/v2\/pages\/2088"}],"collection":[{"href":"https:\/\/www.europaforum2019.ee\/sv\/wp-json\/wp\/v2\/pages"}],"about":[{"href":"https:\/\/www.europaforum2019.ee\/sv\/wp-json\/wp\/v2\/types\/page"}],"author":[{"embeddable":true,"href":"https:\/\/www.europaforum2019.ee\/sv\/wp-json\/wp\/v2\/users\/2"}],"replies":[{"embeddable":true,"href":"https:\/\/www.europaforum2019.ee\/sv\/wp-json\/wp\/v2\/comments?post=2088"}],"version-history":[{"count":22,"href":"https:\/\/www.europaforum2019.ee\/sv\/wp-json\/wp\/v2\/pages\/2088\/revisions"}],"predecessor-version":[{"id":8335,"href":"https:\/\/www.europaforum2019.ee\/sv\/wp-json\/wp\/v2\/pages\/2088\/revisions\/8335"}],"wp:attachment":[{"href":"https:\/\/www.europaforum2019.ee\/sv\/wp-json\/wp\/v2\/media?parent=2088"}],"wp:term":[{"taxonomy":"category","embeddable":true,"href":"https:\/\/www.europaforum2019.ee\/sv\/wp-json\/wp\/v2\/categories?post=2088"},{"taxonomy":"post_tag","embeddable":true,"href":"https:\/\/www.europaforum2019.ee\/sv\/wp-json\/wp\/v2\/tags?post=2088"}],"curies":[{"name":"wp","href":"https:\/\/api.w.org\/{rel}","templated":true}]}}