{"id":1818,"date":"2018-10-06T12:24:25","date_gmt":"2018-10-06T12:24:25","guid":{"rendered":"http:\/\/www.europaforum2019.ee\/arendamisel\/?page_id=1818"},"modified":"2019-09-21T16:24:23","modified_gmt":"2019-09-21T16:24:23","slug":"young-ambassador-competition","status":"publish","type":"page","link":"https:\/\/www.europaforum2019.ee\/sv\/young-ambassador-competition\/","title":{"rendered":"Unga Ambassad\u00f6rers Pris"},"content":{"rendered":"<p>[vc_row css=&#8221;.vc_custom_1528724670702{background-color: #f5f3f2 !important;}&#8221;][vc_column][vc_row_inner type=&#8221;boxed&#8221;][vc_column_inner][vc_column_text]<\/p>\n<h2><strong><span style=\"color: #3c64a4;\">UNGA AMBASSAD\u00d6RERS PRIS \u00a0 <img loading=\"lazy\" class=\"size-full wp-image-856 alignright\" src=\"https:\/\/www.europaforum2019.ee\/wp-content\/uploads\/2018\/09\/YAA-1.png\" alt=\"\" width=\"160\" height=\"215\" \/><br \/>\n<\/span><\/strong><\/h2>\n<p><strong><span style=\"color: #3c64a4;\">V\u00c4LKOMNA TILL 2019 \u00e5rs Bert Masson Unga Ambassad\u00f6rers Pris i TALLINN!<\/span><\/strong><\/p>\n<p>Varje medlem i Europa Forumet \u00e4r v\u00e4lkommen att presentera sina finalister f\u00f6r den 12 Europeiska Unga Ambassad\u00f6rers Pris. Endast finalister i den nationella t\u00e4vlingen kan delta. F\u00f6r mer information kontakta den ansvarige personen f\u00f6r de lokala Unga Ambassad\u00f6rer eller kommitt\u00e9n f\u00f6r de europeiska unga ambassad\u00f6rerna.<\/p>\n<p><span style=\"color: #3c64a4;\"><strong>GENERELL INFORMATION:<\/strong><\/span><br \/>\nDet finns tv\u00e5 syften med Unga Ambassad\u00f6rers t\u00e4vling:<br \/>\n\u2022 Uppt\u00e4cka, uppmuntra och st\u00f6dja unga m\u00e4nniskor som aktivt \u00e4r involverade i v\u00e4lf\u00e4rdssamh\u00e4llet<br \/>\n\u2022 St\u00e4rka bilden av Lions och f\u00f6rs\u00f6ka \u00f6ka v\u00e5ra egna tj\u00e4nster<br \/>\nEn t\u00e4vling mellan europeiska finalister kommer att h\u00e5llas p\u00e5 det \u00e5rliga Europa Forumet f\u00f6r att uppt\u00e4cka dessa unga m\u00e4nniskor. Vinnande finalisterna kommer att bel\u00f6nas med pris.<br \/>\nTexten nedan \u00e4r ett utdrag from reglerna. Vid tveksamhet g\u00e4ller endast den officiella versionen av f\u00f6rordningen.<\/p>\n<p><strong><span style=\"color: #3c64a4;\">Deltagare<\/span><\/strong><br \/>\n1. F\u00f6r att kunna ta del av t\u00e4vlingen m\u00e5ste finalisterna vara minst 15 \u00e5r och h\u00f6gst 19 \u00e5r den 30 juni \u00e5ret d\u00e5 Europa Forumet \u00e4ger rum.<br \/>\n2. Varje medlem i Europa Forumet f\u00e5r nominera en (och endast en) deltagare till t\u00e4vlingen.<br \/>\n3. Finalisterna m\u00e5ste fylla i ans\u00f6kningsblanketten och registreras hos Europeiska kommitt\u00e9ns ordf\u00f6rande i slutet av juli \u00e5ret d\u00e5 t\u00e4vlingen \u00e4ger rum.<br \/>\n4. Medlemmarna st\u00e5r f\u00f6r kostnaden som finalisterna m\u00e5ste betala f\u00f6r att kunna delta i t\u00e4vlingen.<\/p>\n<p><strong><span style=\"color: #3c64a4;\">T\u00e4vling<\/span><\/strong><br \/>\nVarje finalist kommer att intervjuas av tre domare. Domarna \u00e4r tre \u201dicke-Lions\u201d, m\u00e4n och kvinnor fr\u00e5n tj\u00e4nstesektorn, utbildningssektorn och industrisektorn. De kommer att ge po\u00e4ng till finalisterna baserat p\u00e5 deras allm\u00e4nnyttiga verksamhet, personlighet, ledarskapsf\u00f6rm\u00e5ga, hur de anv\u00e4nder prispengarna och f\u00f6rm\u00e5gan att tala om deras aktiviteter inom servicesektorn<\/p>\n<p><strong><span style=\"color: #3c64a4;\">Priser<\/span><\/strong><br \/>\nMan kan vinna f\u00f6ljande priser:<br \/>\nF\u00f6ljande priser kommer att delas ut och man m\u00e5ste spendera prispengarna p\u00e5 sitt projekt:<br \/>\n1 plats : 3500 EUR<br \/>\n2 plats : 1500 EUR<br \/>\n3 plats : 500 EUR<\/p>\n<p>Du hittar den detaljerade informationen i filerna <a href=\"https:\/\/www.europaforum2019.ee\/wp-content\/uploads\/2018\/10\/Young-Ambassador-Rules-SWE.pdf\">P<span id=\"result_box\" class=\"short_text\" lang=\"sv\">rocedurregler f\u00f6r Ung Ambassad\u00f6rs Konkurrens<\/span><\/a><span id=\"t-served-community-button\" class=\"trans-verified-button goog-toolbar-button\" role=\"button\" aria-hidden=\"true\"><\/span> och <a href=\"https:\/\/www.europaforum2019.ee\/wp-content\/uploads\/2018\/10\/Application-Form-YAA-2019-SWE-1.pdf\">Ans\u00f6kningsblankett YAA 2019<\/a>.[\/vc_column_text][\/vc_column_inner][\/vc_row_inner][\/vc_column][\/vc_row]<\/p>\n","protected":false},"excerpt":{"rendered":"<p>[vc_row css=&#8221;.vc_custom_1528724670702{background-color: #f5f3f2 !important;}&#8221;][vc_column][vc_row_inner type=&#8221;boxed&#8221;][vc_column_inner][vc_column_text] UNGA AMBASSAD\u00d6RERS PRIS \u00a0 V\u00c4LKOMNA TILL 2019 \u00e5rs Bert Masson Unga Ambassad\u00f6rers Pris i TALLINN! Varje medlem i Europa Forumet \u00e4r v\u00e4lkommen att presentera sina finalister f\u00f6r den 12 Europeiska Unga Ambassad\u00f6rers Pris. Endast finalister i den nationella t\u00e4vlingen kan delta. F\u00f6r mer information kontakta den ansvarige personen f\u00f6r de [&hellip;]<\/p>\n","protected":false},"author":2,"featured_media":0,"parent":0,"menu_order":0,"comment_status":"closed","ping_status":"closed","template":"page-full-width.php","meta":[],"categories":[38],"tags":[],"_links":{"self":[{"href":"https:\/\/www.europaforum2019.ee\/sv\/wp-json\/wp\/v2\/pages\/1818"}],"collection":[{"href":"https:\/\/www.europaforum2019.ee\/sv\/wp-json\/wp\/v2\/pages"}],"about":[{"href":"https:\/\/www.europaforum2019.ee\/sv\/wp-json\/wp\/v2\/types\/page"}],"author":[{"embeddable":true,"href":"https:\/\/www.europaforum2019.ee\/sv\/wp-json\/wp\/v2\/users\/2"}],"replies":[{"embeddable":true,"href":"https:\/\/www.europaforum2019.ee\/sv\/wp-json\/wp\/v2\/comments?post=1818"}],"version-history":[{"count":16,"href":"https:\/\/www.europaforum2019.ee\/sv\/wp-json\/wp\/v2\/pages\/1818\/revisions"}],"predecessor-version":[{"id":8327,"href":"https:\/\/www.europaforum2019.ee\/sv\/wp-json\/wp\/v2\/pages\/1818\/revisions\/8327"}],"wp:attachment":[{"href":"https:\/\/www.europaforum2019.ee\/sv\/wp-json\/wp\/v2\/media?parent=1818"}],"wp:term":[{"taxonomy":"category","embeddable":true,"href":"https:\/\/www.europaforum2019.ee\/sv\/wp-json\/wp\/v2\/categories?post=1818"},{"taxonomy":"post_tag","embeddable":true,"href":"https:\/\/www.europaforum2019.ee\/sv\/wp-json\/wp\/v2\/tags?post=1818"}],"curies":[{"name":"wp","href":"https:\/\/api.w.org\/{rel}","templated":true}]}}