{"id":1810,"date":"2018-10-06T11:42:48","date_gmt":"2018-10-06T11:42:48","guid":{"rendered":"http:\/\/www.europaforum2019.ee\/arendamisel\/?page_id=1810"},"modified":"2019-10-13T20:31:54","modified_gmt":"2019-10-13T20:31:54","slug":"we-serve","status":"publish","type":"page","link":"https:\/\/www.europaforum2019.ee\/sv\/we-serve\/","title":{"rendered":"Vad vi erbjuder!"},"content":{"rendered":"<p>[vc_row css=&#8221;.vc_custom_1535095526140{background-image: url(https:\/\/www.europaforum2019.ee\/wp-content\/uploads\/2018\/08\/koer-taust.jpg?id=468) !important;background-position: center !important;background-repeat: no-repeat !important;background-size: cover !important;}&#8221;][vc_column][vc_single_image image=&#8221;3204&#8243; img_size=&#8221;full&#8221; alignment=&#8221;right&#8221; el_class=&#8221;header-pilt&#8221;][\/vc_column][\/vc_row][vc_row css=&#8221;.vc_custom_1528724670702{background-color: #f5f3f2 !important;}&#8221;][vc_column][vc_row_inner type=&#8221;boxed&#8221; css=&#8221;.vc_custom_1528962681509{margin-bottom: 1em !important;}&#8221;][vc_column_inner width=&#8221;5\/6&#8243;][vc_column_text]<span style=\"color: #3c64a4;\"><strong>V\u00c5R B\u00c4STA V\u00c4N KAN R\u00c4DDA LIV!<\/strong><\/span><\/p>\n<p><strong><span style=\"color: #3c64a4;\">L\u00e5t oss st\u00f6dja tr\u00e4ning av Diabeteshundar.<\/span><\/strong><\/p>\n<p>Innan Forumet \u00e4ger rum har vi best\u00e4mt oss f\u00f6r att finansiera tolv diabeteshundar f\u00f6r unga m\u00e4nniskor som lider av typ 1-diabetes.<br \/>\nDessa tr\u00e4nade hundar kommer att l\u00e4mnas \u00f6ver av oss alla till unga m\u00e4nniskor p\u00e5 Avslutningsceremonin som \u00e4ger rum p\u00e5 s\u00f6ndagen den 6 oktober.<br \/>\nDet donerade beloppet kan du hitta p\u00e5 denna webbsida.<\/p>\n<p><strong><span style=\"color: #3c64a4;\">PID Kalle Elster:<\/span> <\/strong>K\u00e4ra Lions, hj\u00e4lp oss att tr\u00e4na diabeteshundar f\u00f6r unga m\u00e4nniskor genom att donera pengar. Tolv hundar tr\u00e4nas redan nu.<\/p>\n<p><strong><span style=\"color: #3c64a4;\">Vad \u00e4r diabeteshundar?<\/span><\/strong><br \/>\nDiabeteshundar \u00e4r s\u00e4rskilt tr\u00e4nade f\u00f6r att hj\u00e4lpa m\u00e4nniskor som lider av diabetes genom att varna de om deras blodsockerniv\u00e5 har blivit f\u00f6r l\u00e5g eller h\u00f6g och de kan \u00e4ven k\u00e4nna av ifall n\u00e5gon precis kommer att lida av eller precis lidit av en hypoglykemisk eller hyperglykemisk episod.<br \/>\nSyftet med att tr\u00e4na hundarna \u00e4r att g\u00f6ra det m\u00f6jligt f\u00f6r m\u00e4nniskor som lider av typ 1-diabetes att f\u00f6rb\u00e4ttra livskvaliteten genom att hj\u00e4lpa familjer at tr\u00e4na deras diabeteshundar.<\/p>\n<p><span style=\"color: #3c64a4;\"><strong>Du kan donera n\u00e4r du registrerar dig till EF eller \u00f6verf\u00f6ra pengar till:<\/strong><\/span><\/p>\n<p>Mottagare: LIONS EF2019 MTU<br \/>\nBankkontonummer: EE791010220255292226<br \/>\nSWIFT (BIC): EEUHEE2X<br \/>\nF\u00f6rklaring: Hypo Dogs<\/p>\n<p>&nbsp;<\/p>\n<p><strong><span style=\"color: #3c64a4;\">Tack s\u00e5 mycket!<\/span><\/strong>[\/vc_column_text][\/vc_column_inner][\/vc_row_inner][\/vc_column][\/vc_row]<\/p>\n","protected":false},"excerpt":{"rendered":"<p>[vc_row css=&#8221;.vc_custom_1535095526140{background-image: url(https:\/\/www.europaforum2019.ee\/wp-content\/uploads\/2018\/08\/koer-taust.jpg?id=468) !important;background-position: center !important;background-repeat: no-repeat !important;background-size: cover !important;}&#8221;][vc_column][vc_single_image image=&#8221;3204&#8243; img_size=&#8221;full&#8221; alignment=&#8221;right&#8221; el_class=&#8221;header-pilt&#8221;][\/vc_column][\/vc_row][vc_row css=&#8221;.vc_custom_1528724670702{background-color: #f5f3f2 !important;}&#8221;][vc_column][vc_row_inner type=&#8221;boxed&#8221; css=&#8221;.vc_custom_1528962681509{margin-bottom: 1em !important;}&#8221;][vc_column_inner width=&#8221;5\/6&#8243;][vc_column_text]V\u00c5R B\u00c4STA V\u00c4N KAN R\u00c4DDA LIV! L\u00e5t oss st\u00f6dja tr\u00e4ning av Diabeteshundar. Innan Forumet \u00e4ger rum har vi best\u00e4mt oss f\u00f6r att finansiera tolv diabeteshundar f\u00f6r unga m\u00e4nniskor som lider av typ 1-diabetes. Dessa [&hellip;]<\/p>\n","protected":false},"author":2,"featured_media":0,"parent":0,"menu_order":0,"comment_status":"closed","ping_status":"closed","template":"page-full-width.php","meta":[],"categories":[38],"tags":[],"_links":{"self":[{"href":"https:\/\/www.europaforum2019.ee\/sv\/wp-json\/wp\/v2\/pages\/1810"}],"collection":[{"href":"https:\/\/www.europaforum2019.ee\/sv\/wp-json\/wp\/v2\/pages"}],"about":[{"href":"https:\/\/www.europaforum2019.ee\/sv\/wp-json\/wp\/v2\/types\/page"}],"author":[{"embeddable":true,"href":"https:\/\/www.europaforum2019.ee\/sv\/wp-json\/wp\/v2\/users\/2"}],"replies":[{"embeddable":true,"href":"https:\/\/www.europaforum2019.ee\/sv\/wp-json\/wp\/v2\/comments?post=1810"}],"version-history":[{"count":21,"href":"https:\/\/www.europaforum2019.ee\/sv\/wp-json\/wp\/v2\/pages\/1810\/revisions"}],"predecessor-version":[{"id":8766,"href":"https:\/\/www.europaforum2019.ee\/sv\/wp-json\/wp\/v2\/pages\/1810\/revisions\/8766"}],"wp:attachment":[{"href":"https:\/\/www.europaforum2019.ee\/sv\/wp-json\/wp\/v2\/media?parent=1810"}],"wp:term":[{"taxonomy":"category","embeddable":true,"href":"https:\/\/www.europaforum2019.ee\/sv\/wp-json\/wp\/v2\/categories?post=1810"},{"taxonomy":"post_tag","embeddable":true,"href":"https:\/\/www.europaforum2019.ee\/sv\/wp-json\/wp\/v2\/tags?post=1810"}],"curies":[{"name":"wp","href":"https:\/\/api.w.org\/{rel}","templated":true}]}}