{"id":1804,"date":"2018-10-06T11:25:21","date_gmt":"2018-10-06T11:25:21","guid":{"rendered":"http:\/\/www.europaforum2019.ee\/arendamisel\/?page_id=1804"},"modified":"2019-09-21T09:34:25","modified_gmt":"2019-09-21T09:34:25","slug":"hitta-hit","status":"publish","type":"page","link":"https:\/\/www.europaforum2019.ee\/sv\/hitta-hit\/","title":{"rendered":"Hitta hit"},"content":{"rendered":"<p>[vc_row css=&#8221;.vc_custom_1528960138284{background-image: url(https:\/\/www.europaforum2019.ee\/wp-content\/uploads\/2018\/06\/lennujaam.jpg?id=120) !important;background-position: center !important;background-repeat: no-repeat !important;background-size: cover !important;}&#8221;][vc_column][vc_single_image image=&#8221;3426&#8243; img_size=&#8221;full&#8221; alignment=&#8221;right&#8221; el_class=&#8221;header-pilt&#8221;][\/vc_column][\/vc_row][vc_row css=&#8221;.vc_custom_1528724670702{background-color: #f5f3f2 !important;}&#8221;][vc_column][vc_row_inner type=&#8221;boxed&#8221; css=&#8221;.vc_custom_1528962681509{margin-bottom: 1em !important;}&#8221;][vc_column_inner width=&#8221;1\/2&#8243;][vc_column_text]<\/p>\n<p style=\"text-align: left;\"><strong><span style=\"color: #3c64a4;\"><img loading=\"lazy\" class=\"alignnone size-full wp-image-129\" src=\"https:\/\/www.europaforum2019.ee\/wp-content\/uploads\/2018\/06\/airplane-icon.png\" alt=\"\" width=\"49\" height=\"49\" \/>\u00a0 \u00a0\u00a0 FLYGPLATS<\/span><\/strong><\/p>\n<p>[\/vc_column_text][vc_column_text]Vi \u00e4r oerh\u00f6rt stolta att Airports Council International gav Tallinns flygplats priset <a href=\"https:\/\/www.tallinn-airport.ee\/en\/news\/tallinn-airport-is-the-best-small-airport-in-europe\/\">B\u00e4sta flygplatsen i Europa 2018<\/a>. Flygplatser med upp till 5 miljoner passagerare t\u00e4vlade i t\u00e4vlingen och flygplatsen vann \u00f6ver flygplatser som Cork, London City, Torino, Kosovo och Chisnau.<\/p>\n<p>Och dessutom kan du inte hitta en annan stad i hela v\u00e4rlden d\u00e4r det \u00e4r m\u00f6jligt att \u00e5ka sp\u00e5rvagn fr\u00e5n flygplatsen genom stan p\u00e5 20 minuter som \u00e4ven stannar framf\u00f6r dina officiella Forum Hotell och som \u00e4ven \u00e4r kostnadsfri! Du f\u00e5r dina gratis biljetter p\u00e5 Europa Forum 2019 v\u00e4lkomstdisken i flygplatsen!<\/p>\n<p>L\u00e4s mer p\u00e5 <a href=\"https:\/\/www.tallinn-airport.ee\/en\/transport\/leaving-the-airport\/\">flygplatsens webbsida<\/a> om hur du kan anv\u00e4nda dig av lokaltrafik n\u00e4r du \u00e5ker fr\u00e5n flygplatsen.[\/vc_column_text][vc_column_text]<\/p>\n<p style=\"text-align: left;\"><strong><span style=\"color: #3c64a4;\"><img loading=\"lazy\" class=\"alignnone size-full wp-image-130\" src=\"https:\/\/www.europaforum2019.ee\/wp-content\/uploads\/2018\/06\/ship-icon.png\" alt=\"\" width=\"49\" height=\"49\" \/>\u00a0 \u00a0 \u00a0HAMN<\/span><\/strong><\/p>\n<p>[\/vc_column_text][vc_column_text]Gamla stans hams \u00e4r en av de st\u00f6rsta och mest trafikerade hamnarna i \u00d6stersj\u00f6omr\u00e5det och det tar endast 10-15 minuter att promenera dit fr\u00e5n Forumets Officiella Hotell Viru.<\/p>\n<p>Tallink, Ecker\u00f6 Line och Viking Line f\u00e4rjor \u00e5ker till Helsingfors fr\u00e5n Gamla stans hamn och Tallinks fartyg \u00e5ker mellan Tallinn och Stockholm och Moby SPL fartyg \u00e5ker mellan Tallinn och St. Petersburg. L\u00e4s mer om alla rederier <a href=\"http:\/\/www.portoftallinn.com\/shipping-companies\">h\u00e4r<\/a>. [\/vc_column_text][vc_column_text]<\/p>\n<p style=\"text-align: left;\"><strong><span style=\"color: #3c64a4;\"><img loading=\"lazy\" class=\"alignnone size-full wp-image-131\" src=\"https:\/\/www.europaforum2019.ee\/wp-content\/uploads\/2018\/06\/buss-icon.png\" alt=\"\" width=\"49\" height=\"49\" \/>\u00a0 \u00a0 TRANSPORT I TALLINN\u00a0<img loading=\"lazy\" class=\"size-thumbnail wp-image-8176 alignright\" src=\"https:\/\/www.europaforum2019.ee\/wp-content\/uploads\/2019\/09\/free-transport-150x150.png\" alt=\"\" width=\"150\" height=\"150\" srcset=\"https:\/\/www.europaforum2019.ee\/wp-content\/uploads\/2019\/09\/free-transport-150x150.png 150w, https:\/\/www.europaforum2019.ee\/wp-content\/uploads\/2019\/09\/free-transport-100x100.png 100w\" sizes=\"(max-width: 150px) 100vw, 150px\" \/><\/span><\/strong><\/p>\n<p>Lokaltrafiken i Tallinn \u00e4r gratis om du anv\u00e4nder din EF bricka! F\u00f6rsta gratis biljetterna kan du hitta vid Forumets v\u00e4lkomstdisk i flygplatsen eller hamnen.<\/p>\n<p>Gratis transport kommer att organiseras fr\u00e5n de Officiella EF Hotellet (Viru):<\/p>\n<p><strong>3.Oktober<\/strong><br \/>\n19:00-23:00 Sokos Hotel Viru -&gt; Uppv\u00e4rmningsfesten (Tallinn Creative Hub) och tillbaka, varje halvtimme.<br \/>\n<strong>4.Oktober<\/strong><br \/>\n14:30-16:00 Sokos Hotel Viru -&gt; Alexela konserthus, var 15 minuter<br \/>\n18:30-21:00 Alexela konserthus -&gt; Sokos Hotel Viru, var 15 minuter<br \/>\n<strong>5.Oktober<\/strong><br \/>\n8:00-10:30 Sokos Hotel Viru -&gt; Alexela konserthus, var 15 minuter<br \/>\n10:30-13:00 Alexela konserthus -&gt; Sokos Hotel Viru, var 15 minuter<br \/>\n18:00-19:00 Sokos Hotel Viru -&gt; Galakv\u00e4llen (Sj\u00f6flygplanshamnen), var 10 minuter<br \/>\n21:30-23:00 Sj\u00f6flygplanshamnen -&gt; Sokos Hotel Viru, var 15 minuter<br \/>\n<strong>6. Oktober<\/strong><br \/>\n8:30-10:00 Sokos Hotel Viru -&gt; Alexela konserthus, var 20 minuter<br \/>\n13:00-14:00 Sokos Hotel Viru -&gt; Closing Ceremony (Alexela konserthus), var 10 minuter<br \/>\n15:30 Alexela -&gt; Viru -&gt; Hamn -&gt; Flygplats<br \/>\n16:30; 17:30, 18:30 -&gt; Viru -&gt; Hamn -&gt; Flygplats<\/p>\n<p>EF Officiella Hotellen ligger precis i centrum, p\u00e5 endast 100 meters avst\u00e5nd fr\u00e5n gamla stan. Det tar ungef\u00e4r 5-10 minuter att promenera till Alexela konserthus genom Tammsaare Park.[\/vc_column_text][vc_column_text]<\/p>\n<p style=\"text-align: left;\"><strong><span style=\"color: #3c64a4;\"><img loading=\"lazy\" class=\"alignnone size-full wp-image-131\" src=\"https:\/\/www.europaforum2019.ee\/wp-content\/uploads\/2018\/06\/buss-icon.png\" alt=\"\" width=\"49\" height=\"49\" \/>\u00a0 \u00a0\u00a0 INFORMATION OM TRANSPORT<br \/>\n<\/span><\/strong><\/p>\n<p>[\/vc_column_text][vc_column_text]Du kan f\u00f6rboka transport fr\u00e5n flygplatsen eller hamnen till Forum Officiella Hotell f\u00f6r en kostnad p\u00e5 20\u20ac\/2 person\u00a0under EF registreringen.<\/p>\n<p>Om du har s\u00e4rskilda transportbehov kan du g\u00e4rna kontakta v\u00e5rt Transportteam f\u00f6r EF genom att skicka ett e-postmeddelande till \u00a0<a href=\"mailto:transport@europaforum2019.ee\">transport@europaforum2019.ee<\/a>.<\/p>\n<p>Forumets officiella f\u00f6retag f\u00f6r hyrbilar \u00e4r AVIS. Om du vill hyra en bil under ditt bes\u00f6k i Estland ska du anv\u00e4nda denna speciella <a href=\"https:\/\/eixnbeweb02.rent-at-avis.com\/avisonline\/ee-et\/IBE.nsf\/ReservationStep1!OpenForm&amp;SessionID=34ED9F27EAFC4116C1258301002C8919&amp;MST=3C72C33700FF3816C1258300002E5660&amp;IBEOwner=EE&amp;LNG=ET&amp;KS=Y&amp;RLS=LNG&amp;RAN=,9157906\">bokningsl\u00e4nk<\/a> f\u00f6r att f\u00e5 ta del av EF2019 erbjudandet. Om du beh\u00f6ver hj\u00e4lp med din bokning kan du g\u00e4rna kontakta Avis Estonia kundtj\u00e4nst genom att skicka ett e-postmeddelande till <a href=\"mailto:customerservice@avis.ee\">customerservice@avis.ee<\/a>\u00a0.[\/vc_column_text][\/vc_column_inner][vc_column_inner width=&#8221;1\/2&#8243;][vc_single_image image=&#8221;8169&#8243; img_size=&#8221;full&#8221;][vc_gmaps link=&#8221;#E-8_JTNDaWZyYW1lJTIwc3JjJTNEJTIyaHR0cHMlM0ElMkYlMkZ3d3cuZ29vZ2xlLmNvbSUyRm1hcHMlMkZkJTJGdSUyRjAlMkZlbWJlZCUzRm1pZCUzRDFralhsOS1YNnE0cDd4aVJ4N09Lb2Y2bEJFMjdHN1FjXyUyMiUyMHdpZHRoJTNEJTIyNjQwJTIyJTIwaGVpZ2h0JTNEJTIyNDgwJTIyJTNFJTNDJTJGaWZyYW1lJTNF&#8221;][vc_single_image image=&#8221;336&#8243; img_size=&#8221;full&#8221; onclick=&#8221;custom_link&#8221; link=&#8221;https:\/\/www.tallinn-airport.ee\/en\/flight-info\/destinations\/&#8221;][\/vc_column_inner][\/vc_row_inner][\/vc_column][\/vc_row][vc_row css=&#8221;.vc_custom_1528789133475{background-color: #fdc924 !important;}&#8221;][vc_column][\/vc_column][\/vc_row][vc_row css=&#8221;.vc_custom_1528724670702{background-color: #f5f3f2 !important;}&#8221;][vc_column][vc_row_inner type=&#8221;boxed&#8221;][vc_column_inner][vc_column_text]<strong><span style=\"color: #3c64a4;\">SPONSORER<\/span><\/strong>[\/vc_column_text][\/vc_column_inner][\/vc_row_inner][vc_row_inner type=&#8221;boxed&#8221;][vc_column_inner width=&#8221;1\/4&#8243;][vc_single_image image=&#8221;77&#8243; img_size=&#8221;full&#8221; alignment=&#8221;center&#8221;][\/vc_column_inner][vc_column_inner width=&#8221;1\/4&#8243;][vc_single_image image=&#8221;4969&#8243; img_size=&#8221;full&#8221; alignment=&#8221;center&#8221;][\/vc_column_inner][vc_column_inner width=&#8221;1\/4&#8243;][vc_single_image image=&#8221;4985&#8243; img_size=&#8221;full&#8221; alignment=&#8221;center&#8221;][\/vc_column_inner][vc_column_inner width=&#8221;1\/4&#8243;][vc_single_image image=&#8221;8159&#8243;][\/vc_column_inner][\/vc_row_inner][\/vc_column][\/vc_row]<\/p>\n","protected":false},"excerpt":{"rendered":"<p>[vc_row css=&#8221;.vc_custom_1528960138284{background-image: url(https:\/\/www.europaforum2019.ee\/wp-content\/uploads\/2018\/06\/lennujaam.jpg?id=120) !important;background-position: center !important;background-repeat: no-repeat !important;background-size: cover !important;}&#8221;][vc_column][vc_single_image image=&#8221;3426&#8243; img_size=&#8221;full&#8221; alignment=&#8221;right&#8221; el_class=&#8221;header-pilt&#8221;][\/vc_column][\/vc_row][vc_row css=&#8221;.vc_custom_1528724670702{background-color: #f5f3f2 !important;}&#8221;][vc_column][vc_row_inner type=&#8221;boxed&#8221; css=&#8221;.vc_custom_1528962681509{margin-bottom: 1em !important;}&#8221;][vc_column_inner width=&#8221;1\/2&#8243;][vc_column_text] \u00a0 \u00a0\u00a0 FLYGPLATS [\/vc_column_text][vc_column_text]Vi \u00e4r oerh\u00f6rt stolta att Airports Council International gav Tallinns flygplats priset B\u00e4sta flygplatsen i Europa 2018. Flygplatser med upp till 5 miljoner passagerare t\u00e4vlade i t\u00e4vlingen och flygplatsen vann [&hellip;]<\/p>\n","protected":false},"author":2,"featured_media":0,"parent":0,"menu_order":0,"comment_status":"closed","ping_status":"closed","template":"page-full-width.php","meta":[],"categories":[],"tags":[],"_links":{"self":[{"href":"https:\/\/www.europaforum2019.ee\/sv\/wp-json\/wp\/v2\/pages\/1804"}],"collection":[{"href":"https:\/\/www.europaforum2019.ee\/sv\/wp-json\/wp\/v2\/pages"}],"about":[{"href":"https:\/\/www.europaforum2019.ee\/sv\/wp-json\/wp\/v2\/types\/page"}],"author":[{"embeddable":true,"href":"https:\/\/www.europaforum2019.ee\/sv\/wp-json\/wp\/v2\/users\/2"}],"replies":[{"embeddable":true,"href":"https:\/\/www.europaforum2019.ee\/sv\/wp-json\/wp\/v2\/comments?post=1804"}],"version-history":[{"count":19,"href":"https:\/\/www.europaforum2019.ee\/sv\/wp-json\/wp\/v2\/pages\/1804\/revisions"}],"predecessor-version":[{"id":8188,"href":"https:\/\/www.europaforum2019.ee\/sv\/wp-json\/wp\/v2\/pages\/1804\/revisions\/8188"}],"wp:attachment":[{"href":"https:\/\/www.europaforum2019.ee\/sv\/wp-json\/wp\/v2\/media?parent=1804"}],"wp:term":[{"taxonomy":"category","embeddable":true,"href":"https:\/\/www.europaforum2019.ee\/sv\/wp-json\/wp\/v2\/categories?post=1804"},{"taxonomy":"post_tag","embeddable":true,"href":"https:\/\/www.europaforum2019.ee\/sv\/wp-json\/wp\/v2\/tags?post=1804"}],"curies":[{"name":"wp","href":"https:\/\/api.w.org\/{rel}","templated":true}]}}