{"id":1759,"date":"2018-10-05T14:26:31","date_gmt":"2018-10-05T14:26:31","guid":{"rendered":"http:\/\/www.europaforum2019.ee\/arendamisel\/?page_id=1759"},"modified":"2019-09-21T16:34:31","modified_gmt":"2019-09-21T16:34:31","slug":"general-program-and-premises","status":"publish","type":"page","link":"https:\/\/www.europaforum2019.ee\/sv\/general-program-and-premises\/","title":{"rendered":"Lokaler och hotell"},"content":{"rendered":"<p>[vc_row][vc_column][vc_column_text]<\/p>\n<p style=\"text-align: center;\">[\/vc_column_text][\/vc_column][\/vc_row][vc_row css=&#8221;.vc_custom_1528724670702{background-color: #f5f3f2 !important;}&#8221;][vc_column][vc_column_text]<\/p>\n<h2 style=\"text-align: center;\"><span style=\"color: #3c64a4;\"><strong><span style=\"font-size: 18pt;\">LOKALER OCH HOTELL<\/span><br \/>\n<\/strong><\/span><\/h2>\n<p>[\/vc_column_text][vc_row_inner type=&#8221;boxed&#8221;][vc_column_inner][vc_column_text]<\/p>\n<p style=\"text-align: center;\"><span style=\"color: #3c64a4;\"><a style=\"color: #3c64a4;\" href=\"http:\/\/kontserdimaja.ee\/en\/galerii\/\"><strong>Alexela Konserthus <\/strong><\/a><\/span>(1800 platser, simultantolkning)<\/p>\n<p style=\"text-align: center;\">\u00d6ppnings- &amp; Avslutningsceremonier<\/p>\n<p style=\"text-align: center;\">L\u00e4r k\u00e4nna varandra-V\u00e4rdkv\u00e4ll<\/p>\n<p style=\"text-align: center;\">Europeiska R\u00e5det I&amp;II<\/p>\n<p style=\"text-align: center;\">Internationella Presidenten tr\u00e4ffar Lions<\/p>\n<p style=\"text-align: center;\"><u><img loading=\"lazy\" class=\"alignnone size-medium wp-image-396\" src=\"https:\/\/www.europaforum2019.ee\/wp-content\/uploads\/2018\/07\/Nordea-saal-300x203.png\" alt=\"\" width=\"300\" height=\"203\" srcset=\"https:\/\/www.europaforum2019.ee\/wp-content\/uploads\/2018\/07\/Nordea-saal-300x203.png 300w, https:\/\/www.europaforum2019.ee\/wp-content\/uploads\/2018\/07\/Nordea-saal.png 340w\" sizes=\"(max-width: 300px) 100vw, 300px\" \/><\/u><\/p>\n<p style=\"text-align: center;\"><span style=\"color: #3c64a4;\"><strong><u>Konferenscenter och officiella hotell <\/u><\/strong><\/span><u>(783 rum)<\/u><\/p>\n<p style=\"text-align: center;\"><a href=\"https:\/\/www.nordichotels.eu\/\">Nordic Hotel Forum<\/a> (Hotell i h\u00f6gkvarter)<\/p>\n<p style=\"text-align: center;\"><u><u><img loading=\"lazy\" class=\"alignnone size-medium wp-image-388\" src=\"https:\/\/www.europaforum2019.ee\/wp-content\/uploads\/2018\/07\/Foorumhotell-300x203.png\" alt=\"\" width=\"300\" height=\"203\" srcset=\"https:\/\/www.europaforum2019.ee\/wp-content\/uploads\/2018\/07\/Foorumhotell-300x203.png 300w, https:\/\/www.europaforum2019.ee\/wp-content\/uploads\/2018\/07\/Foorumhotell.png 340w\" sizes=\"(max-width: 300px) 100vw, 300px\" \/><\/u><\/u><\/p>\n<p style=\"text-align: center;\"><a href=\"https:\/\/www.sokoshotels.fi\/en\/tallinn\/sokos-hotel-viru\">Sokos Hotel Viru<\/a> &amp; Estoria<\/p>\n<p style=\"text-align: center;\"><u><u><img loading=\"lazy\" class=\"alignnone size-medium wp-image-398\" src=\"https:\/\/www.europaforum2019.ee\/wp-content\/uploads\/2018\/07\/viru-300x203.png\" alt=\"\" width=\"300\" height=\"203\" srcset=\"https:\/\/www.europaforum2019.ee\/wp-content\/uploads\/2018\/07\/viru-300x203.png 300w, https:\/\/www.europaforum2019.ee\/wp-content\/uploads\/2018\/07\/viru.png 340w\" sizes=\"(max-width: 300px) 100vw, 300px\" \/><\/u><\/u><\/p>\n<p style=\"text-align: center;\">Uppv\u00e4rmningsfest f\u00f6r v\u00e4lg\u00f6renhet i <a href=\"https:\/\/kultuurikatel.ee\/virtuaaltuur\/en.html\"><strong><span style=\"color: #3c64a4;\">Tallinn Creative Hub<\/span> <\/strong><\/a>(max 1200):<\/p>\n<p style=\"text-align: center;\"><img loading=\"lazy\" class=\"alignnone size-medium wp-image-391\" src=\"https:\/\/www.europaforum2019.ee\/wp-content\/uploads\/2018\/07\/kultuurikatel-300x203.png\" alt=\"\" width=\"300\" height=\"203\" srcset=\"https:\/\/www.europaforum2019.ee\/wp-content\/uploads\/2018\/07\/kultuurikatel-300x203.png 300w, https:\/\/www.europaforum2019.ee\/wp-content\/uploads\/2018\/07\/kultuurikatel.png 340w\" sizes=\"(max-width: 300px) 100vw, 300px\" \/><\/p>\n<p style=\"text-align: center;\">Galakv\u00e4ll i <a href=\"http:\/\/meremuuseum.ee\/lennusadam\/en\/gallery\/videos\/events-in-seaplane-harbour\/\"><span style=\"color: #3c64a4;\"><strong>Seaplane <span style=\"color: #3c64a4;\">Harbour<\/span><\/strong><\/span> <\/a>(max 700):<\/p>\n<p style=\"text-align: center;\"><img loading=\"lazy\" class=\"alignnone size-medium wp-image-392\" src=\"https:\/\/www.europaforum2019.ee\/wp-content\/uploads\/2018\/07\/Lennusadam-seest-300x203.png\" alt=\"\" width=\"300\" height=\"203\" srcset=\"https:\/\/www.europaforum2019.ee\/wp-content\/uploads\/2018\/07\/Lennusadam-seest-300x203.png 300w, https:\/\/www.europaforum2019.ee\/wp-content\/uploads\/2018\/07\/Lennusadam-seest.png 340w\" sizes=\"(max-width: 300px) 100vw, 300px\" \/><\/p>\n<p style=\"text-align: center;\">Musikt\u00e4vling i <span style=\"color: #3c64a4;\"><strong><u><\/u><u><a style=\"color: #3c64a4;\" href=\"http:\/\/www.ema.edu.ee\/en\/\">Estlands musik- och teaterakademi Theatre<\/a><\/u>:<\/strong><\/span><\/p>\n<p style=\"text-align: center;\"><img loading=\"lazy\" class=\"alignnone size-medium wp-image-615\" src=\"https:\/\/www.europaforum2019.ee\/wp-content\/uploads\/2018\/09\/EMTA-kodukale-300x203.jpg\" alt=\"\" width=\"300\" height=\"203\" srcset=\"https:\/\/www.europaforum2019.ee\/wp-content\/uploads\/2018\/09\/EMTA-kodukale-300x203.jpg 300w, https:\/\/www.europaforum2019.ee\/wp-content\/uploads\/2018\/09\/EMTA-kodukale.jpg 340w\" sizes=\"(max-width: 300px) 100vw, 300px\" \/>[\/vc_column_text][\/vc_column_inner][\/vc_row_inner][\/vc_column][\/vc_row][vc_row][vc_column][vc_column_text]<\/p>\n<p>[\/vc_column_text][\/vc_column][\/vc_row]<\/p>\n","protected":false},"excerpt":{"rendered":"<p>[vc_row][vc_column][vc_column_text] [\/vc_column_text][\/vc_column][\/vc_row][vc_row css=&#8221;.vc_custom_1528724670702{background-color: #f5f3f2 !important;}&#8221;][vc_column][vc_column_text] LOKALER OCH HOTELL [\/vc_column_text][vc_row_inner type=&#8221;boxed&#8221;][vc_column_inner][vc_column_text] Alexela Konserthus (1800 platser, simultantolkning) \u00d6ppnings- &amp; Avslutningsceremonier L\u00e4r k\u00e4nna varandra-V\u00e4rdkv\u00e4ll Europeiska R\u00e5det I&amp;II Internationella Presidenten tr\u00e4ffar Lions Konferenscenter och officiella hotell (783 rum) Nordic Hotel Forum (Hotell i h\u00f6gkvarter) Sokos Hotel Viru &amp; Estoria Uppv\u00e4rmningsfest f\u00f6r v\u00e4lg\u00f6renhet i Tallinn Creative Hub (max 1200): Galakv\u00e4ll [&hellip;]<\/p>\n","protected":false},"author":2,"featured_media":0,"parent":0,"menu_order":0,"comment_status":"closed","ping_status":"closed","template":"page-full-width.php","meta":[],"categories":[38],"tags":[],"_links":{"self":[{"href":"https:\/\/www.europaforum2019.ee\/sv\/wp-json\/wp\/v2\/pages\/1759"}],"collection":[{"href":"https:\/\/www.europaforum2019.ee\/sv\/wp-json\/wp\/v2\/pages"}],"about":[{"href":"https:\/\/www.europaforum2019.ee\/sv\/wp-json\/wp\/v2\/types\/page"}],"author":[{"embeddable":true,"href":"https:\/\/www.europaforum2019.ee\/sv\/wp-json\/wp\/v2\/users\/2"}],"replies":[{"embeddable":true,"href":"https:\/\/www.europaforum2019.ee\/sv\/wp-json\/wp\/v2\/comments?post=1759"}],"version-history":[{"count":29,"href":"https:\/\/www.europaforum2019.ee\/sv\/wp-json\/wp\/v2\/pages\/1759\/revisions"}],"predecessor-version":[{"id":8342,"href":"https:\/\/www.europaforum2019.ee\/sv\/wp-json\/wp\/v2\/pages\/1759\/revisions\/8342"}],"wp:attachment":[{"href":"https:\/\/www.europaforum2019.ee\/sv\/wp-json\/wp\/v2\/media?parent=1759"}],"wp:term":[{"taxonomy":"category","embeddable":true,"href":"https:\/\/www.europaforum2019.ee\/sv\/wp-json\/wp\/v2\/categories?post=1759"},{"taxonomy":"post_tag","embeddable":true,"href":"https:\/\/www.europaforum2019.ee\/sv\/wp-json\/wp\/v2\/tags?post=1759"}],"curies":[{"name":"wp","href":"https:\/\/api.w.org\/{rel}","templated":true}]}}