{"id":1751,"date":"2018-10-05T13:54:11","date_gmt":"2018-10-05T13:54:11","guid":{"rendered":"http:\/\/www.europaforum2019.ee\/arendamisel\/?page_id=1751"},"modified":"2019-09-24T12:57:42","modified_gmt":"2019-09-24T12:57:42","slug":"whats-up","status":"publish","type":"page","link":"https:\/\/www.europaforum2019.ee\/sv\/whats-up\/","title":{"rendered":"Vad h\u00e4nder"},"content":{"rendered":"<p>[vc_row css=&#8221;.vc_custom_1528958667784{background-image: url(https:\/\/www.europaforum2019.ee\/wp-content\/uploads\/2018\/06\/inimesed.jpg?id=114) !important;background-position: center !important;background-repeat: no-repeat !important;background-size: cover !important;}&#8221;][vc_column][vc_single_image image=&#8221;8507&#8243; img_size=&#8221;full&#8221; alignment=&#8221;right&#8221; onclick=&#8221;custom_link&#8221; el_class=&#8221;header-pilt&#8221; link=&#8221;https:\/\/www.europaforum2019.ee\/sv\/general_program_and_premises\/&#8221;][\/vc_column][\/vc_row][vc_row css=&#8221;.vc_custom_1528724670702{background-color: #f5f3f2 !important;}&#8221;][vc_column][vc_row_inner type=&#8221;boxed&#8221;][vc_column_inner width=&#8221;1\/3&#8243;][vc_single_image image=&#8221;400&#8243; img_size=&#8221;full&#8221; onclick=&#8221;custom_link&#8221; link=&#8221;https:\/\/www.europaforum2019.ee\/general_program_and_premises\/&#8221;][vc_column_text]<\/p>\n<p style=\"text-align: center;\"><span style=\"color: #3c64a4;\"><strong><u><a style=\"color: #3c64a4;\" href=\"https:\/\/www.europaforum2019.ee\/sv\/general_program_and_premises\/\">ID\u00c9MARKNAD<\/a><\/u><\/strong><\/span><\/p>\n<p>[\/vc_column_text][vc_column_text]Du kommer att ha m\u00f6jlighet att fundera kring och presentera dina id\u00e9er \u2013 det kommer att vara en riktig brainstorm. Tillsammans skapar vi en verktygsl\u00e5da f\u00f6r att g\u00f6ra europeiska Lions \u00e4nnu b\u00e4ttre. V\u00e5ra viktigaste workshops \u00e4r:<br \/>\n<strong>\u2022 H\u00e5llbar cirkul\u00e4r ekonomi<\/strong><br \/>\n<strong>\u2022 Friska ungdomar \u2013 Grunden f\u00f6r det europeiska samh\u00e4llet<\/strong><br \/>\n<strong>\u2022 E-Lion \u2013 Lions Cyber L\u00f6sningar<\/strong><\/p>\n<p>Vi vill g\u00e5 ett steg l\u00e4ngre och ist\u00e4llet f\u00f6r att endast prata p\u00e5 Forumet f\u00f6r v\u00e4lg\u00f6renhet har vi best\u00e4mt oss f\u00f6r att finansiera 12 diabeteshundar f\u00f6r unga m\u00e4nniskor som lider av typ 1-diabetes. Du kan ta del av detta projekt genom att donera pengar vid EF registreringen. Dessa tr\u00e4nade hundar kommer att l\u00e4mnas \u00f6ver av oss alla till unga m\u00e4nniskor p\u00e5 Avslutningsceremonin som \u00e4ger rum p\u00e5 s\u00f6ndagen den 6 oktober.<br \/>\n<strong><span style=\"color: #3c64a4;\"><a style=\"color: #3c64a4;\" href=\"https:\/\/www.europaforum2019.ee\/sv\/general_program_and_premises\/\">Programmet<\/a><\/span><\/strong> utarbetas just nu och d\u00e4rf\u00f6r har du m\u00e5nga sk\u00e4l att kika in p\u00e5 v\u00e5r hemsida igen!<\/p>\n<p>OBS! Vi vill att Forumet ska vara l\u00e4tt att f\u00f6rst\u00e5 f\u00f6r alla och d\u00e4rf\u00f6r organiserar vi simultantolkning till tyska, italienska, franska, svenska, finska, estniska och engelska f\u00f6r alla evenemang i Alexela konserthus.[\/vc_column_text][\/vc_column_inner][vc_column_inner width=&#8221;1\/3&#8243;][vc_single_image image=&#8221;254&#8243; img_size=&#8221;full&#8221; onclick=&#8221;custom_link&#8221; link=&#8221;https:\/\/www.europaforum2019.ee\/fun_program&#8221;][vc_column_text]<\/p>\n<p style=\"text-align: center;\"><u><\/u><span style=\"text-decoration: underline;\"><strong><a style=\"color: #3c64a4; text-decoration: underline;\" href=\"https:\/\/www.europaforum2019.ee\/sv\/fun_program\">HA ROLIGT<\/a><\/strong><\/span><\/p>\n<p>[\/vc_column_text][vc_column_text]V\u00e5rt ROLIGA program b\u00f6rjar den 3 oktober med v\u00e5r <strong>Uppv\u00e4rmningsfest f\u00f6r v\u00e4lg\u00f6renhet<\/strong> \u201dKeeping Watch!\u201d som \u00e4ger rum i <span style=\"color: #3c64a4;\"><strong><a style=\"color: #3c64a4;\" href=\"https:\/\/kultuurikatel.ee\/virtuaaltuur\/en.html\">Tallinn Creative\u00a0 Hub <\/a><\/strong><\/span>och v\u00e4rmer upp oss s\u00e5 att vi blir kreativa och fulla av inspiration under de kommande tre dagarna.<\/p>\n<p>Vi hoppas att allla ni, v\u00e5ra lejon v\u00e4nner kan vara h\u00e4r i Tallinn p\u00e5 fredag f\u00f6r att st\u00e4rka v\u00e5rt Forum genom att delta i <strong>Paraden av nationer<\/strong> fr\u00e5n Forum hotellen Viru och Forum till <span style=\"color: #3c64a4;\"><strong><a style=\"color: #3c64a4;\" href=\"http:\/\/kontserdimaja.ee\/en\/galerii\/\">Alexela Kontsertuhus<\/a><\/strong><\/span> d\u00e4r <strong>L\u00e4r k\u00e4nna varandra &amp; V\u00e4rdkv\u00e4ll<\/strong> \u00e4ger rum.<\/p>\n<p>P\u00e5 l\u00f6rdag den 5 oktober \u00e4ger <strong>Galakv\u00e4llen<\/strong> rum i <span style=\"color: #3c64a4;\"><strong><a style=\"color: #3c64a4;\" href=\"http:\/\/meremuuseum.ee\/lennusadam\/en\/gallery\/videos\/events-in-seaplane-harbour\/\">Sj\u00f6flygplanshamnen<\/a><\/strong><\/span> som \u00e4r det hetaste eventet att bes\u00f6ka eftersom att det \u00e4r den enda platsen i v\u00e4rlden d\u00e4r du kan njuta av en l\u00e4cker middag och sp\u00e4nnande show med dina b\u00e4sta lejon v\u00e4nner vid en riktig ub\u00e5t.<\/p>\n<p>P\u00e5 s\u00f6ndag \u00e4r det dags att avsluta det officiella Forum programmet i Tallinn men det \u00e4r ocks\u00e5 en perfekt tid f\u00f6r dig att ta del av n\u00e5gon av <span style=\"color: #3c64a4;\"><strong><a style=\"color: #3c64a4;\" href=\"https:\/\/www.europaforum2019.ee\/sv\/tours\/\">resorna<\/a><\/strong><\/span> som v\u00e5ra samarbetspartners har f\u00f6rberett f\u00f6r dig. Kom hit![\/vc_column_text][\/vc_column_inner][vc_column_inner width=&#8221;1\/3&#8243;][vc_single_image image=&#8221;394&#8243; img_size=&#8221;full&#8221; onclick=&#8221;custom_link&#8221; link=&#8221;https:\/\/www.europaforum2019.ee\/european_council\/&#8221;][vc_column_text]<\/p>\n<p style=\"text-align: center;\"><span style=\"text-decoration: underline;\"><a href=\"https:\/\/www.europaforum2019.ee\/sv\/european_council\/\"><strong><span style=\"color: #3c64a4; text-decoration: underline;\">EUROPEISKA R\u00c5DET<\/span><\/strong><\/a><\/span><\/p>\n<p>[\/vc_column_text][vc_column_text]Enligt arbetsordningen f\u00f6r Europa Forum \u00e4r det europeiska r\u00e5det organisationen som ansvarar f\u00f6r och kontrollerar Forum policyn.<\/p>\n<p>Forum Presidenten best\u00e4mmer agendan f\u00f6r R\u00e5dets m\u00f6ten baserat p\u00e5 f\u00f6rslaget till resolutionen som medlemmarna skickar in och som diskuteras p\u00e5 m\u00f6tet med \u00f6vervakningskommitt\u00e9n i februari.<\/p>\n<ul>\n<li>F\u00f6rslaget till Resolutionen b\u00f6r skickas in p\u00e5 engelska innan den 15 juni 2019.<\/li>\n<li>Forum Presidenten publicerar f\u00f6rslaget till resolutionen senast den 31 juli 2019<\/li>\n<\/ul>\n<p>D\u00e4rf\u00f6r kommer denna del i agendan uppdateras i Juli 2019.[\/vc_column_text][\/vc_column_inner][\/vc_row_inner][vc_row_inner type=&#8221;boxed&#8221;][vc_column_inner width=&#8221;1\/3&#8243;][vc_single_image image=&#8221;402&#8243; img_size=&#8221;full&#8221; onclick=&#8221;custom_link&#8221; link=&#8221;https:\/\/www.europaforum2019.ee\/music-competition-2\/&#8221;][vc_column_text]<\/p>\n<p style=\"text-align: center;\"><span style=\"text-decoration: underline;\"><a href=\"https:\/\/www.europaforum2019.ee\/sv\/music-competition-2\/\"><strong><span style=\"color: #3c64a4; text-decoration: underline;\">MUSIKT\u00c4VLING<\/span><\/strong><\/a><\/span><\/p>\n<p>[\/vc_column_text][vc_column_text]Lions European Music Competition (LEMC) grundades 1980 under initiativet av franska Lion Thomas Kuti. Evenemanget h\u00e5lls varje \u00e5r under Europa Forum. Varje \u00e5r v\u00e4ljer man ett nytt instrument som tilldelas ett pris. LEMC nummer 28 h\u00e5lls i Tallinn och \u00e4r \u00e4gnad \u00e5t den KLASSISKA GITARREN.[\/vc_column_text][\/vc_column_inner][vc_column_inner width=&#8221;1\/3&#8243;][vc_single_image image=&#8221;271&#8243; img_size=&#8221;full&#8221; onclick=&#8221;custom_link&#8221; link=&#8221;https:\/\/www.europaforum2019.ee\/young_ambassador_competition\/&#8221;][vc_column_text]<\/p>\n<p style=\"text-align: center;\"><span style=\"color: #3c64a4;\"><strong><u><a style=\"color: #3c64a4;\" href=\"https:\/\/www.europaforum2019.ee\/sv\/young_ambassador_competition\/\">T\u00c4VLING F\u00d6R UNGA AMBASSAD\u00d6RER<\/a><\/u><\/strong><\/span><\/p>\n<p>[\/vc_column_text][vc_column_text]T\u00e4vlingen f\u00f6r unga ambassad\u00f6rer har tv\u00e5 syften:<\/p>\n<ul>\n<li>l\u00e4gga m\u00e4rke till, uppmuntra och st\u00f6dja unga m\u00e4nniskor som aktivt \u00e4r involverade i v\u00e4lf\u00e4rdssamh\u00e4llet<\/li>\n<\/ul>\n<p>st\u00e4rka bilden av Lions och f\u00f6rs\u00f6ka \u00f6ka v\u00e5ra egna tj\u00e4nster[\/vc_column_text][\/vc_column_inner][vc_column_inner width=&#8221;1\/3&#8243;][vc_single_image image=&#8221;109&#8243; img_size=&#8221;full&#8221; onclick=&#8221;custom_link&#8221; link=&#8221;https:\/\/www.europaforum2019.ee\/tours\/&#8221;][vc_column_text]<\/p>\n<p style=\"text-align: center;\"><span style=\"color: #3c64a4;\"><a style=\"color: #3c64a4;\" href=\"https:\/\/www.europaforum2019.ee\/sv\/tours\/\"><strong><span style=\"text-decoration: underline;\">RESOR<\/span><\/strong><\/a><\/span><\/p>\n<p>[\/vc_column_text][vc_column_text]Vi har valt ut de b\u00e4sta resorna f\u00f6r dig f\u00f6r att ge en snabb \u00f6verblick av v\u00e5rt lilla vackra land och \u00e4ven kika in hos grannl\u00e4nderna. Du kan v\u00e4lja mellan korta och intressanta turer i Gamla staden, bes\u00f6ka atelj\u00e9erna av v\u00e5ra mest \u00e4lskade designers, starta Forumet med en resa genom Estland till Tartu eller avsluta Forumet i Sankt Petersburg, Riga eller Vilnius.<\/p>\n<p>Tillbringa en kort stund p\u00e5 att g\u00e5 igenom v\u00e5ra <span style=\"color: #3c64a4;\"><strong><u><a style=\"color: #3c64a4;\" href=\"https:\/\/www.europaforum2019.ee\/sv\/tours\/\">erbjudanden!<\/a><\/u><\/strong><\/span>[\/vc_column_text][\/vc_column_inner][\/vc_row_inner][\/vc_column][\/vc_row][vc_row css=&#8221;.vc_custom_1528789133475{background-color: #fdc924 !important;}&#8221;][vc_column][\/vc_column][\/vc_row][vc_row css=&#8221;.vc_custom_1528724670702{background-color: #f5f3f2 !important;}&#8221;][vc_column][vc_row_inner type=&#8221;boxed&#8221;][vc_column_inner][vc_column_text]<span style=\"color: #3c64a4;\"><strong>SPONSORER<\/strong><\/span>[\/vc_column_text][\/vc_column_inner][\/vc_row_inner][vc_row_inner type=&#8221;boxed&#8221;][vc_column_inner width=&#8221;1\/4&#8243;][vc_single_image image=&#8221;77&#8243; img_size=&#8221;full&#8221; alignment=&#8221;center&#8221;][\/vc_column_inner][vc_column_inner width=&#8221;1\/4&#8243;][vc_single_image image=&#8221;4969&#8243; img_size=&#8221;full&#8221; alignment=&#8221;center&#8221;][\/vc_column_inner][vc_column_inner width=&#8221;1\/4&#8243;][vc_single_image image=&#8221;4985&#8243; img_size=&#8221;full&#8221; alignment=&#8221;center&#8221;][\/vc_column_inner][vc_column_inner width=&#8221;1\/4&#8243;][\/vc_column_inner][\/vc_row_inner][\/vc_column][\/vc_row]<\/p>\n","protected":false},"excerpt":{"rendered":"<p>[vc_row css=&#8221;.vc_custom_1528958667784{background-image: url(https:\/\/www.europaforum2019.ee\/wp-content\/uploads\/2018\/06\/inimesed.jpg?id=114) !important;background-position: center !important;background-repeat: no-repeat !important;background-size: cover !important;}&#8221;][vc_column][vc_single_image image=&#8221;8507&#8243; img_size=&#8221;full&#8221; alignment=&#8221;right&#8221; onclick=&#8221;custom_link&#8221; el_class=&#8221;header-pilt&#8221; link=&#8221;https:\/\/www.europaforum2019.ee\/sv\/general_program_and_premises\/&#8221;][\/vc_column][\/vc_row][vc_row css=&#8221;.vc_custom_1528724670702{background-color: #f5f3f2 !important;}&#8221;][vc_column][vc_row_inner type=&#8221;boxed&#8221;][vc_column_inner width=&#8221;1\/3&#8243;][vc_single_image image=&#8221;400&#8243; img_size=&#8221;full&#8221; onclick=&#8221;custom_link&#8221; link=&#8221;https:\/\/www.europaforum2019.ee\/general_program_and_premises\/&#8221;][vc_column_text] ID\u00c9MARKNAD [\/vc_column_text][vc_column_text]Du kommer att ha m\u00f6jlighet att fundera kring och presentera dina id\u00e9er \u2013 det kommer att vara en riktig brainstorm. Tillsammans skapar vi en verktygsl\u00e5da f\u00f6r att g\u00f6ra europeiska [&hellip;]<\/p>\n","protected":false},"author":2,"featured_media":0,"parent":0,"menu_order":0,"comment_status":"closed","ping_status":"closed","template":"page-full-width.php","meta":[],"categories":[38],"tags":[],"_links":{"self":[{"href":"https:\/\/www.europaforum2019.ee\/sv\/wp-json\/wp\/v2\/pages\/1751"}],"collection":[{"href":"https:\/\/www.europaforum2019.ee\/sv\/wp-json\/wp\/v2\/pages"}],"about":[{"href":"https:\/\/www.europaforum2019.ee\/sv\/wp-json\/wp\/v2\/types\/page"}],"author":[{"embeddable":true,"href":"https:\/\/www.europaforum2019.ee\/sv\/wp-json\/wp\/v2\/users\/2"}],"replies":[{"embeddable":true,"href":"https:\/\/www.europaforum2019.ee\/sv\/wp-json\/wp\/v2\/comments?post=1751"}],"version-history":[{"count":21,"href":"https:\/\/www.europaforum2019.ee\/sv\/wp-json\/wp\/v2\/pages\/1751\/revisions"}],"predecessor-version":[{"id":8528,"href":"https:\/\/www.europaforum2019.ee\/sv\/wp-json\/wp\/v2\/pages\/1751\/revisions\/8528"}],"wp:attachment":[{"href":"https:\/\/www.europaforum2019.ee\/sv\/wp-json\/wp\/v2\/media?parent=1751"}],"wp:term":[{"taxonomy":"category","embeddable":true,"href":"https:\/\/www.europaforum2019.ee\/sv\/wp-json\/wp\/v2\/categories?post=1751"},{"taxonomy":"post_tag","embeddable":true,"href":"https:\/\/www.europaforum2019.ee\/sv\/wp-json\/wp\/v2\/tags?post=1751"}],"curies":[{"name":"wp","href":"https:\/\/api.w.org\/{rel}","templated":true}]}}