{"id":1705,"date":"2018-10-04T12:11:12","date_gmt":"2018-10-04T12:11:12","guid":{"rendered":"http:\/\/www.europaforum2019.ee\/arendamisel\/?page_id=1705"},"modified":"2019-09-24T12:54:36","modified_gmt":"2019-09-24T12:54:36","slug":"forum-2019","status":"publish","type":"page","link":"https:\/\/www.europaforum2019.ee\/sv\/","title":{"rendered":"Forum 2019"},"content":{"rendered":"<p>[vc_row css=&#8221;.vc_custom_1534252423179{background-image: url(https:\/\/www.europaforum2019.ee\/wp-content\/uploads\/2018\/08\/Vanalinn.jpg?id=445) !important;background-position: center !important;background-repeat: no-repeat !important;background-size: cover !important;}&#8221;][vc_column][vc_single_image image=&#8221;8507&#8243; img_size=&#8221;full&#8221; alignment=&#8221;right&#8221; onclick=&#8221;custom_link&#8221; el_class=&#8221;header-pilt&#8221; link=&#8221;https:\/\/www.europaforum2019.ee\/sv\/program\/&#8221;][\/vc_column][\/vc_row][vc_row css=&#8221;.vc_custom_1528978886787{padding-bottom: 2em !important;}&#8221;][vc_column width=&#8221;1\/2&#8243;][vc_video link=&#8221;https:\/\/www.youtube.com\/watch?v=YrFj24Y7VgU&#8221; align=&#8221;right&#8221;][\/vc_column][vc_column width=&#8221;1\/2&#8243;][vc_video link=&#8221;https:\/\/www.youtube.com\/watch?v=FgEEH02B8kg&#8221;][\/vc_column][\/vc_row][vc_row css=&#8221;.vc_custom_1528978886787{padding-bottom: 2em !important;}&#8221;][vc_column][vc_row_inner type=&#8221;boxed&#8221;][vc_column_inner width=&#8221;1\/3&#8243;][vc_images_carousel images=&#8221;403,389,397,250,108&#8243; img_size=&#8221;full&#8221; onclick=&#8221;link_no&#8221; autoplay=&#8221;yes&#8221; hide_pagination_control=&#8221;yes&#8221; hide_prev_next_buttons=&#8221;yes&#8221; wrap=&#8221;yes&#8221; css_animation=&#8221;zoomIn&#8221; el_class=&#8221;slider&#8221;][vc_column_text]<\/p>\n<p style=\"text-align: center;\"><span style=\"text-decoration: underline;\"><a href=\"https:\/\/www.visitestonia.com\/sv\"><strong><span style=\"color: #3c64a4; text-decoration: underline;\">V\u00c4LKOMNA TILL ESTLAND<\/span><\/strong><\/a><\/span><\/p>\n<p>[\/vc_column_text][vc_column_text]\u00c5ret innan Forumet firade Estland sin 100 \u00e5rs dag. \u00c4ven om Estland endast har varit sj\u00e4lvst\u00e4ndig i 100 \u00e5r har vi estl\u00e4ndare bott h\u00e4r i ungef\u00e4r 10 000 \u00e5r. Du kan bekanta dig med v\u00e5r historia och v\u00e5ra traditioner p\u00e5 plats n\u00e4r du promenerar runt i Gamla staden i Tallinn eller \u00e5ker runt i v\u00e5rt lilla land. F\u00f6r att f\u00e5 en b\u00e4ttre f\u00f6rst\u00e5else f\u00f6r vad som du helst skulle vilja se h\u00e4r kan du resa hit virtuellt genom att titta p\u00e5 videor av <a href=\"https:\/\/toolbox.estonia.ee\/media\/366\"><strong>Estland<\/strong><\/a> eller <span style=\"color: #3c64a4;\"><a style=\"color: #3c64a4;\" href=\"https:\/\/www.youtube.com\/watch?time_continue=3&amp;v=jcc_6xDrVmc\"><strong>Tallinn<\/strong><\/a><\/span> eller hitta mer information genom att bes\u00f6ka webbsidorna <span style=\"color: #3c64a4;\"><strong><a style=\"color: #3c64a4;\" href=\"https:\/\/www.visitestonia.com\/sv\">Visit Estonia<\/a><\/strong><\/span> och <span style=\"color: #3c64a4;\"><a style=\"color: #3c64a4;\" href=\"https:\/\/www.visittallinn.ee\/eng\"><strong>Visit Tallinn<\/strong><\/a><\/span>.<\/p>\n<p>V\u00e5ra samarbetspartners ger dig m\u00f6jligheten att resa runt i landet och \u00e4ven bes\u00f6ka v\u00e5ra n\u00e4rmaste grannl\u00e4nder. L\u00e4s mer p\u00e5 v\u00e5r sida <span style=\"color: #3c64a4;\"><span style=\"text-decoration: underline;\"><strong><a style=\"color: #3c64a4; text-decoration: underline;\" href=\"https:\/\/www.europaforum2019.ee\/tours\/sv\/\">resor<\/a><\/strong><\/span>!<\/span><\/p>\n<p>OBS! Vet du vad engelsktalande m\u00e4nniskor s\u00e4ger n\u00e4r de reser i Estland? De s\u00e4ger: det \u00e4r verkligen bekv\u00e4mt h\u00e4r \u2013 alla f\u00f6rst\u00e5r engelska \u00f6verallt! Och det pratas \u00e4ven mer engleksa p\u00e5 Lion Europa Forumet: Vi vill att Forumet ska vara l\u00e4tt att f\u00f6rst\u00e5 f\u00f6r alla och d\u00e4rf\u00f6r organiserar vi simultantolkning till tyska, italienska, franska, svenska, finska, estniska och engelska f\u00f6r alla evenemang i Alexela konserthus.[\/vc_column_text][\/vc_column_inner][vc_column_inner width=&#8221;1\/3&#8243;][vc_images_carousel images=&#8221;7400&#8243; img_size=&#8221;full&#8221; onclick=&#8221;custom_link&#8221; custom_links_target=&#8221;_blank&#8221; autoplay=&#8221;yes&#8221; hide_pagination_control=&#8221;yes&#8221; hide_prev_next_buttons=&#8221;yes&#8221; wrap=&#8221;yes&#8221; css_animation=&#8221;zoomIn&#8221; el_class=&#8221;slider&#8221; custom_links=&#8221;#E-8_aHR0cHMlM0ElMkYlMkZ3d3cubGlvbnNjbHVicy5vcmclMkZzdiUyRmRpc2NvdmVyLW91ci1jbHVicyUyRnByZXNpZGVudGlhbC10aGVtZQ==&#8221;][vc_column_text]<\/p>\n<p style=\"text-align: center;\"><u><\/u><span style=\"color: #3c64a4;\"><strong><u><a style=\"color: #3c64a4;\" href=\"https:\/\/www.europaforum2019.ee\/sv\/program\/\">ID\u00c9MARKNAD<\/a><\/u><\/strong><\/span><\/p>\n<p>[\/vc_column_text][vc_column_text]<em>&#8220;Alla v\u00e5ra 1,4 miljoner medlemmar \u00e4r olika. Det \u00e4r dessa olikheter som g\u00f6r oss starka. De g\u00f6r oss fantastiska. De g\u00f6r oss till Lions.<\/em>&#8221; Internationell president, Dr. Jung-Yul Choi. <a href=\"https:\/\/www.lionsclubs.org\/sv\/discover-our-clubs\/presidential-theme\"><span style=\"color: #3c64a4;\">Las mer&#8230;<\/span><\/a><\/p>\n<p>&#8220;<strong>Kreativa id\u00e9er skapar innovation<\/strong>&#8220;, s\u00e4ger Forumets stamg\u00e4st fr\u00e5n Estland, vice generaldirekt\u00f6ren <span style=\"color: #3c64a4;\"><a style=\"color: #3c64a4;\" href=\"https:\/\/www.europaforum2019.ee\/wp-content\/uploads\/2018\/10\/Signe-Ratso-SWE.pdf\"><span style=\"text-decoration: underline;\">Sign<span style=\"color: #3c64a4; text-decoration: underline;\">e R<\/span>atso<\/span><\/a><\/span> fr\u00e5n Europeiska kommissionen. Du kommer att ha m\u00f6jlighet att fundera kring och presentera dina id\u00e9er \u2013 det kommer att vara en riktig brainstorm. Tillsammans skapar vi en verktygsl\u00e5da f\u00f6r att g\u00f6ra europeiska Lions \u00e4nnu b\u00e4ttre. V\u00e5ra viktigaste workshops \u00e4r:<br \/>\n<strong>\u2022 H\u00e5llbar cirkul\u00e4r ekonomi<\/strong><br \/>\n<strong>\u2022 Friska ungdomar &#8211; Grunden f\u00f6r det europeiska samh\u00e4llet<\/strong><br \/>\n<strong>\u2022 E-Lion &#8211; Lions Cyber L\u00f6sningar<\/strong><\/p>\n<p>Vi vill g\u00e5 ett steg l\u00e4ngre och ist\u00e4llet f\u00f6r att endast prata p\u00e5 Forumet f\u00f6r v\u00e4lg\u00f6renhet har vi best\u00e4mt oss f\u00f6r att finansiera 12 diabeteshundar f\u00f6r unga m\u00e4nniskor som lider av typ 1-diabetes. Du kan ta del av detta projekt genom att donera pengar vid EF registreringen. Dessa tr\u00e4nade hundar kommer att l\u00e4mnas \u00f6ver av oss alla till unga m\u00e4nniskor p\u00e5 Avslutningsceremonin som \u00e4ger rum p\u00e5 s\u00f6ndagen den 6 oktober.<br \/>\n<strong><span style=\"color: #3c64a4;\"><a style=\"color: #3c64a4;\" href=\"https:\/\/www.europaforum2019.ee\/sv\/program\/\">Programmet<\/a><\/span><\/strong> utarbetas just nu och d\u00e4rf\u00f6r har du m\u00e5nga sk\u00e4l att kika in p\u00e5 v\u00e5r hemsida igen![\/vc_column_text][\/vc_column_inner][vc_column_inner width=&#8221;1\/3&#8243;][vc_images_carousel images=&#8221;254,416,392,391,574&#8243; img_size=&#8221;full&#8221; onclick=&#8221;link_no&#8221; autoplay=&#8221;yes&#8221; hide_pagination_control=&#8221;yes&#8221; hide_prev_next_buttons=&#8221;yes&#8221; wrap=&#8221;yes&#8221; css_animation=&#8221;zoomIn&#8221; el_class=&#8221;slider&#8221;][vc_column_text]<\/p>\n<p style=\"text-align: center;\"><span style=\"color: #3c64a4;\"><strong><u><a style=\"color: #3c64a4;\" href=\"https:\/\/www.europaforum2019.ee\/sv\/fun_program\">HA ROLIGT<\/a><\/u><\/strong><\/span><\/p>\n<p>[\/vc_column_text][vc_column_text]V\u00e5rt ROLIGA program b\u00f6rjar den 3 oktober med v\u00e5r <strong>Uppv\u00e4rmningsfest f\u00f6r v\u00e4lg\u00f6renhet<\/strong> \u201dKeeping Watch!\u201d som \u00e4ger rum i <strong><span style=\"color: #3c64a4;\"><a style=\"color: #3c64a4;\" href=\"https:\/\/kultuurikatel.ee\/virtuaaltuur\/en.html\">Tallinn Creative\u00a0 Hub <\/a><\/span><\/strong>och v\u00e4rmer upp oss s\u00e5 att vi blir kreativa och fulla av inspiration under de kommande tre dagarna.<\/p>\n<p>Vi hoppas att allla ni, v\u00e5ra lejon v\u00e4nner kan vara h\u00e4r i Tallinn p\u00e5 fredag f\u00f6r att st\u00e4rka v\u00e5rt Forum genom att delta i <strong>Paraden av nationer<\/strong> fr\u00e5n Forum hotellen Viru och Forum till <strong><span style=\"color: #3c64a4;\"><a style=\"color: #3c64a4;\" href=\"http:\/\/kontserdimaja.ee\/en\/galerii\/\">Alexela Kontsertuhus<\/a><\/span><\/strong> d\u00e4r <strong>L\u00e4r k\u00e4nna varandra &amp; V\u00e4rdkv\u00e4ll<\/strong> \u00e4ger rum.<\/p>\n<p>P\u00e5 l\u00f6rdag den 5 oktober \u00e4ger <strong>Galakv\u00e4llen<\/strong> rum i <strong><span style=\"color: #3c64a4;\"><a style=\"color: #3c64a4;\" href=\"http:\/\/meremuuseum.ee\/lennusadam\/en\/gallery\/videos\/events-in-seaplane-harbour\/\">Sj\u00f6flygplanshamnen<\/a><\/span><\/strong> som \u00e4r det hetaste eventet att bes\u00f6ka eftersom att det \u00e4r den enda platsen i v\u00e4rlden d\u00e4r du kan njuta av en l\u00e4cker middag och sp\u00e4nnande show med dina b\u00e4sta lejon v\u00e4nner vid en riktig ub\u00e5t.<\/p>\n<p>P\u00e5 s\u00f6ndag \u00e4r det dags att avsluta det officiella Forum programmet i Tallinn men det \u00e4r ocks\u00e5 en perfekt tid f\u00f6r dig att ta del av n\u00e5gon av <span style=\"color: #3c64a4;\"><strong><a style=\"color: #3c64a4;\" href=\"https:\/\/www.europaforum2019.ee\/tours\/swe\/\">resorna<\/a><\/strong><\/span> som v\u00e5ra samarbetspartners har f\u00f6rberett f\u00f6r dig. Kom hit![\/vc_column_text][\/vc_column_inner][\/vc_row_inner][\/vc_column][\/vc_row][vc_row css=&#8221;.vc_custom_1528978919574{padding-bottom: 2em !important;background-color: #f5f3f2 !important;}&#8221;][vc_column][vc_row_inner type=&#8221;boxed&#8221;][vc_column_inner width=&#8221;1\/6&#8243;][vc_single_image image=&#8221;861&#8243; img_size=&#8221;full&#8221; alignment=&#8221;center&#8221;][\/vc_column_inner][vc_column_inner width=&#8221;2\/3&#8243;][vc_column_text]<span style=\"color: #3c64a4;\"><strong>K\u00c4RA V\u00c4NNER!<\/strong><br \/>\n<\/span><\/p>\n<p>Vi vill v\u00e4lkomna er \u00e5 alla estniska Lions och Leos och Lions Europa Forum 2019 arrang\u00f6rers v\u00e4gnar att ta del av Id\u00e9marknaden i Tallinn, Estland!<br \/>\nAnslut er med oss p\u00e5 socialmedia, genom v\u00e5r webbsida eller genom att kontakta estniska Lions och Leos. Dela detta med alla sina v\u00e4nner fr\u00e5n klubben och se till att de inte missar detta evenemang! Tillsammans kan vi f\u00e5 dessa anknytningar att fungera.<br \/>\nL\u00e5t oss skaka hand f\u00f6r v\u00e4nskapens skull! <span style=\"font-size: 12pt;\"><a href=\"https:\/\/www.europaforum2019.ee\/sv\/pid-appeal\/\"><span style=\"text-decoration: underline;\"><span style=\"color: #3c64a4; text-decoration: underline;\">Las mer<\/span><\/span><\/a><\/span>[\/vc_column_text][\/vc_column_inner][vc_column_inner width=&#8221;1\/6&#8243;][vc_single_image image=&#8221;6935&#8243; img_size=&#8221;full&#8221;][\/vc_column_inner][\/vc_row_inner][\/vc_column][\/vc_row][vc_row css=&#8221;.vc_custom_1528724670702{background-color: #f5f3f2 !important;}&#8221;][vc_column][vc_row_inner type=&#8221;boxed&#8221;][vc_column_inner][vc_column_text]<strong><span style=\"color: #3c64a4;\">SPONSORER<\/span><\/strong>[\/vc_column_text][\/vc_column_inner][\/vc_row_inner][vc_row_inner type=&#8221;boxed&#8221;][vc_column_inner width=&#8221;1\/4&#8243;][vc_single_image image=&#8221;77&#8243; img_size=&#8221;full&#8221; alignment=&#8221;center&#8221;][\/vc_column_inner][vc_column_inner width=&#8221;1\/4&#8243;][vc_single_image image=&#8221;4974&#8243; img_size=&#8221;full&#8221; alignment=&#8221;center&#8221;][\/vc_column_inner][vc_column_inner width=&#8221;1\/4&#8243;][vc_single_image image=&#8221;4991&#8243; img_size=&#8221;full&#8221; alignment=&#8221;center&#8221;][\/vc_column_inner][vc_column_inner width=&#8221;1\/4&#8243;][vc_single_image image=&#8221;8159&#8243;][\/vc_column_inner][\/vc_row_inner][\/vc_column][\/vc_row]<\/p>\n","protected":false},"excerpt":{"rendered":"<p>[vc_row css=&#8221;.vc_custom_1534252423179{background-image: url(https:\/\/www.europaforum2019.ee\/wp-content\/uploads\/2018\/08\/Vanalinn.jpg?id=445) !important;background-position: center !important;background-repeat: no-repeat !important;background-size: cover !important;}&#8221;][vc_column][vc_single_image image=&#8221;8507&#8243; img_size=&#8221;full&#8221; alignment=&#8221;right&#8221; onclick=&#8221;custom_link&#8221; el_class=&#8221;header-pilt&#8221; link=&#8221;https:\/\/www.europaforum2019.ee\/sv\/program\/&#8221;][\/vc_column][\/vc_row][vc_row css=&#8221;.vc_custom_1528978886787{padding-bottom: 2em !important;}&#8221;][vc_column width=&#8221;1\/2&#8243;][vc_video link=&#8221;https:\/\/www.youtube.com\/watch?v=YrFj24Y7VgU&#8221; align=&#8221;right&#8221;][\/vc_column][vc_column width=&#8221;1\/2&#8243;][vc_video link=&#8221;https:\/\/www.youtube.com\/watch?v=FgEEH02B8kg&#8221;][\/vc_column][\/vc_row][vc_row css=&#8221;.vc_custom_1528978886787{padding-bottom: 2em !important;}&#8221;][vc_column][vc_row_inner type=&#8221;boxed&#8221;][vc_column_inner width=&#8221;1\/3&#8243;][vc_images_carousel images=&#8221;403,389,397,250,108&#8243; img_size=&#8221;full&#8221; onclick=&#8221;link_no&#8221; autoplay=&#8221;yes&#8221; hide_pagination_control=&#8221;yes&#8221; hide_prev_next_buttons=&#8221;yes&#8221; wrap=&#8221;yes&#8221; css_animation=&#8221;zoomIn&#8221; el_class=&#8221;slider&#8221;][vc_column_text] V\u00c4LKOMNA TILL ESTLAND [\/vc_column_text][vc_column_text]\u00c5ret innan Forumet firade Estland sin 100 \u00e5rs dag. \u00c4ven om Estland endast har [&hellip;]<\/p>\n","protected":false},"author":1,"featured_media":0,"parent":0,"menu_order":0,"comment_status":"closed","ping_status":"closed","template":"page-full-width.php","meta":[],"categories":[38],"tags":[],"_links":{"self":[{"href":"https:\/\/www.europaforum2019.ee\/sv\/wp-json\/wp\/v2\/pages\/1705"}],"collection":[{"href":"https:\/\/www.europaforum2019.ee\/sv\/wp-json\/wp\/v2\/pages"}],"about":[{"href":"https:\/\/www.europaforum2019.ee\/sv\/wp-json\/wp\/v2\/types\/page"}],"author":[{"embeddable":true,"href":"https:\/\/www.europaforum2019.ee\/sv\/wp-json\/wp\/v2\/users\/1"}],"replies":[{"embeddable":true,"href":"https:\/\/www.europaforum2019.ee\/sv\/wp-json\/wp\/v2\/comments?post=1705"}],"version-history":[{"count":40,"href":"https:\/\/www.europaforum2019.ee\/sv\/wp-json\/wp\/v2\/pages\/1705\/revisions"}],"predecessor-version":[{"id":8521,"href":"https:\/\/www.europaforum2019.ee\/sv\/wp-json\/wp\/v2\/pages\/1705\/revisions\/8521"}],"wp:attachment":[{"href":"https:\/\/www.europaforum2019.ee\/sv\/wp-json\/wp\/v2\/media?parent=1705"}],"wp:term":[{"taxonomy":"category","embeddable":true,"href":"https:\/\/www.europaforum2019.ee\/sv\/wp-json\/wp\/v2\/categories?post=1705"},{"taxonomy":"post_tag","embeddable":true,"href":"https:\/\/www.europaforum2019.ee\/sv\/wp-json\/wp\/v2\/tags?post=1705"}],"curies":[{"name":"wp","href":"https:\/\/api.w.org\/{rel}","templated":true}]}}