{"id":7481,"date":"2019-09-21T13:14:14","date_gmt":"2019-09-21T13:14:14","guid":{"rendered":"https:\/\/www.europaforum2019.ee\/?page_id=7481"},"modified":"2019-09-21T13:14:14","modified_gmt":"2019-09-21T13:14:14","slug":"social_events","status":"publish","type":"page","link":"https:\/\/www.europaforum2019.ee\/it\/social_events\/","title":{"rendered":"Eventi Sociali"},"content":{"rendered":"<p>[vc_row css=&#8221;.vc_custom_1528724670702{background-color: #f5f3f2 !important;}&#8221;][vc_column][vc_row_inner type=&#8221;boxed&#8221;][vc_column_inner][vc_column_text]<\/p>\n<h2 style=\"text-align: center;\"><strong><span style=\"color: #3c64a4;\">EVENTI SOCIALI<\/span><\/strong><\/h2>\n<p><span style=\"color: #3c64a4; font-size: 14pt;\"><strong>Warm-up Party di beneficenza,<\/strong><\/span> gioved\u00ec 3 Ottobre<\/p>\n<p><a href=\"https:\/\/kultuurikatel.ee\/virtuaaltuur\/en.html\"><img loading=\"lazy\" class=\"alignright wp-image-7485 size-full\" src=\"https:\/\/www.europaforum2019.ee\/wp-content\/uploads\/2019\/08\/kultuurikatel-seest-v\u00e4ike.jpg\" alt=\"\" width=\"340\" height=\"230\" srcset=\"https:\/\/www.europaforum2019.ee\/wp-content\/uploads\/2019\/08\/kultuurikatel-seest-v\u00e4ike.jpg 340w, https:\/\/www.europaforum2019.ee\/wp-content\/uploads\/2019\/08\/kultuurikatel-seest-v\u00e4ike-300x203.jpg 300w\" sizes=\"(max-width: 340px) 100vw, 340px\" \/><\/a><\/p>\n<p><strong>Creative Hub<\/strong>, P\u00f5hja puiestee 27a, Tallinn<\/p>\n<p>19:00 &#8211; 22:00<\/p>\n<p>Questa \u00e8 la prima volta che un evento del genere si svolge nel forum. \u00c8 una grande opportunit\u00e0 per incontrare i tuoi amici Lions e Leos in un ambiente non formale e trascorrere del tempo insieme. Sar\u00e0 presente anche il comitato internazionale Lions. La presentatrice per tutta la durata del forum, Anu V\u00e4lba, presenter\u00e0 le serate. Il DJ e il gruppo Funkifize con i cantanti intratterranno e faranno ballare i nostri ospiti. Gli ospiti possono usufruire del servizio ristorazione a nostre spese fino alle 20:00.<\/p>\n<p><strong>Dress code:<\/strong> Casual<\/p>\n<p><img loading=\"lazy\" class=\"size-full wp-image-416 alignleft\" src=\"https:\/\/www.europaforum2019.ee\/wp-content\/uploads\/2018\/07\/paraad-v\u00e4ike.png\" alt=\"\" width=\"340\" height=\"230\" srcset=\"https:\/\/www.europaforum2019.ee\/wp-content\/uploads\/2018\/07\/paraad-v\u00e4ike.png 340w, https:\/\/www.europaforum2019.ee\/wp-content\/uploads\/2018\/07\/paraad-v\u00e4ike-300x203.png 300w\" sizes=\"(max-width: 340px) 100vw, 340px\" \/><\/p>\n<p><span style=\"color: #3c64a4;\"><strong>Lions Parata<\/strong><\/span><strong><span style=\"color: #3c64a4;\">,<\/span> <\/strong>venerd\u00ec 4 ottobre<\/p>\n<p><strong>Dal Sokos Hotel Viru alla Sala <\/strong><strong>concerti Alexela <\/strong><\/p>\n<p>14:15-15:15<\/p>\n<p>La parata congiunta di tutti i Lions e Leos partecipanti dal Sokos Hotel Viru alla Sala dei concerti Alexela (500 metri). Indossa il tuo costume tipico o usa i colori \u00a0che rappresentano la tua nazione e porta con te la tua bandiera! Gli organizzatori di Lions EF 2019 forniranno a ciascuna delegazione la propria bandiera nazionale che verr\u00e0 portata sul palco dopo la parata.<\/p>\n<p><strong>Dress code:<\/strong> costume nazionale o non-casual<\/p>\n<p>&nbsp;<\/p>\n<p><span style=\"font-size: 14pt; color: #3c64a4;\"><strong>Cerimonia di apertura e <\/strong><strong>Serata del Paese Organizzatore<\/strong><\/span><strong><span style=\"font-size: 14pt; color: #3c64a4;\"><em>,<\/em><\/span> <\/strong>venerd\u00ec 4 ottobre<\/p>\n<p><strong>Sala concerti Alexela, <\/strong>Estonia pst 9, Tallinn<\/p>\n<p>16:00 &#8211; 20:30<\/p>\n<p>L\u00b4idea di Cerimonia di apertura e chiusura del Forum Lions Europa si basa sull\u2019 obiettivo di introdurre le attivit\u00e0 di beneficenza Lions in Estonia attraverso la presentazione del nostro paese. Presenteremo la bellezza naturalistica dell\u2019Estonia e i suoi legami culturali con l\u2019Europa. Il programma musicale \u00e8 composto dalle composizioni dei pi\u00f9 noti compositori in Europa, con particolare attenzione ai compositori che integrano musica folk estone e ritmi primordiali nelle loro creazioni.\u00a0Progetto musicale di Sander M\u00f6lder.<\/p>\n<p><strong>Programma:<\/strong><\/p>\n<p><strong><img loading=\"lazy\" class=\"alignright wp-image-396 size-full\" src=\"https:\/\/www.europaforum2019.ee\/wp-content\/uploads\/2018\/07\/Nordea-saal.png\" alt=\"\" width=\"340\" height=\"230\" srcset=\"https:\/\/www.europaforum2019.ee\/wp-content\/uploads\/2018\/07\/Nordea-saal.png 340w, https:\/\/www.europaforum2019.ee\/wp-content\/uploads\/2018\/07\/Nordea-saal-300x203.png 300w\" sizes=\"(max-width: 340px) 100vw, 340px\" \/><\/strong><\/p>\n<ul>\n<li><span style=\"font-size: 10pt;\"><strong>Elina Nechajeva \u201cKiara\u201d &#8211; Cerimonia delle bandiere<\/strong><\/span><\/li>\n<li><span style=\"font-size: 10pt;\">Governatore distrettuale dell&#8217;Estonia DG M\u00e4rt Viileberg<\/span><\/li>\n<li><span style=\"font-size: 10pt;\"><strong>Inno nazionale dell&#8217;Estonia eseguito da Elina Nechajeva<\/strong><\/span><\/li>\n<li><span style=\"font-size: 10pt;\">Discorso del Primo Ministro dell&#8217;Estonia<\/span><\/li>\n<li><span style=\"font-size: 10pt;\"><strong>Inno nazionale della Repubblica di Corea &#8211; coro<\/strong><\/span><\/li>\n<li><span style=\"font-size: 10pt;\">Discorso del Presidente del Lions International, Dr. Jung-Yul Choi<\/span><\/li>\n<li><span style=\"font-size: 10pt;\"><strong>Arvo P\u00e4rt &#8211; Vater Unser &#8211; Coro dei ragazzi di Tallinn, condotto da Lydia Rahula<\/strong><\/span><\/li>\n<li><span style=\"font-size: 10pt;\"><strong>Arvo P\u00e4rt\/Torupill &#8211; Ukuaru walz &#8211; Valzer per disabili<\/strong><\/span><\/li>\n<li><span style=\"font-size: 10pt;\">Discorso del Presidente del Forum PID Kalle Elster, chiusura<\/span><\/li>\n<li><span style=\"font-size: 10pt;\"><strong>Rein Rannap\/Kosmikud\/coro &#8211; Rock-cantata \u201cBeautiful Land\u201d &#8211; \u201cWe Move\u201d<\/strong><\/span><\/li>\n<li><span style=\"font-size: 10pt;\"><strong>Rein Rannap\/Kosmikud\/coro &#8211; Rock-cantata \u201cBeautiful Land\u201d &#8211; \u201cThe Sun is for Everyone\u201d<\/strong><\/span><\/li>\n<li><span style=\"font-size: 10pt;\"><strong>Rein Rannap\/Kosmikud\/coro &#8211; Cantata rock \u201cBeautiful Land\u201d &#8211; \u201cWe Move 2\u201d\u00a0<\/strong><\/span><\/li>\n<\/ul>\n<p>La cerimonia di apertura sar\u00e0 seguita da una Serata a tema estone, in cui presenteremo il meglio che il nostro piccolo paese pu\u00f2 offrire. La musica \u00e8 curata dal gruppo folk Untsakad.<\/p>\n<p>NB! Trova il tuo posto a sedere nel Forum Badge!<\/p>\n<p><strong>Dress code:<\/strong> costume nazionale o non-casual<\/p>\n<p><span style=\"color: #3c64a4; font-size: 14pt;\"><strong><a href=\"http:\/\/meremuuseum.ee\/lennusadam\/en\/gallery\/videos\/events-in-seaplane-harbour\/\"><img loading=\"lazy\" class=\"alignleft wp-image-254 size-full\" src=\"https:\/\/www.europaforum2019.ee\/wp-content\/uploads\/2018\/07\/lennusadam-pisike2.png\" alt=\"\" width=\"340\" height=\"230\" srcset=\"https:\/\/www.europaforum2019.ee\/wp-content\/uploads\/2018\/07\/lennusadam-pisike2.png 340w, https:\/\/www.europaforum2019.ee\/wp-content\/uploads\/2018\/07\/lennusadam-pisike2-300x203.png 300w\" sizes=\"(max-width: 340px) 100vw, 340px\" \/><\/a><\/strong><\/span><span style=\"font-size: 14pt; color: #3c64a4;\"><strong>Serata di gala<\/strong>,<\/span> sabato 5 ottobre<\/p>\n<p>Seaplane Harbour Vesilennuki 6, Tallinn<\/p>\n<p>19:00 &#8211; 23:00<\/p>\n<p>La giornata si concluder\u00e0 con la notte pi\u00f9 elegante: la serata di gala al Seaplane Harbour. Vi promettiamo una notte magica con buona musica, cucina deliziosa e compagnia indimenticabile. E se non hai mai ballato sotto un vero sottomarino &#8211; ora avrai la possibilit\u00e0! Musica del DJ, il gruppo Swingers ed Elena Nechayeva.<\/p>\n<p><strong>Dresscode:<\/strong> giacca da pranzo bianca, cravatta nera o non-casual<\/p>\n<p><span style=\"color: #3c64a4; font-size: 14pt;\"><strong>Cerimonia di chiusura,<\/strong> <\/span>domenica, 6 ottobre<\/p>\n<p><strong>Sala concerti Alexela, <\/strong>Estonia pst 9, Tallinn<\/p>\n<p>13:30-15:00<\/p>\n<p>Il programma musicale \u00e8 composto dai compositori pi\u00f9 importanti della musica europea: Beethoven, Mozart e Bach. Le loro creazioni sono riorganizzate e modernizzate dagli attuali e moderni compositori estoni. Il risultato finale \u00e8 la musica classica con arrangiamenti moderni e innovativi presentati su strumenti e macchine tecnologiche &#8211; questo \u00e8 ci\u00f2 che gli estoni stanno facendo con l&#8217;Europa. Interior design ispirato alla tecnologia e al successo dell\u00b4 e-Estonia.<\/p>\n<p><strong>Programma:<\/strong><\/p>\n<ul>\n<li><span style=\"font-size: 10pt;\"><strong>S. Bach varie composizioni &#8211; Henrik Kaljuj\u00e4rv remix. Parte prima<\/strong><\/span><\/li>\n<li><span style=\"font-size: 10pt;\">Sintesi del forum del rappresentante Lions International\u00a0ID Heimo Potinkara, Direttore internazionale designato<\/span><\/li>\n<li><span style=\"font-size: 10pt;\"><strong>S. Bach varie composizioni &#8211; Henrik Kaljuj\u00e4rv remix. Parte seconda<\/strong><\/span><\/li>\n<li><span style=\"font-size: 10pt;\">Annuncio dei vincitori del concorso musicale Thomas Kuti. Ingo Brookmann, presidente LEMC<\/span><\/li>\n<li><span style=\"font-size: 10pt;\">Anteprima mondiale del vincitore del concorso Thomas Kuti<\/span><\/li>\n<li><span style=\"font-size: 10pt;\">Presentazione dei vincitori della competizione Young Ambassador. Pompilia Szellner, presidente di YA<\/span><\/li>\n<li><span style=\"font-size: 10pt;\"><strong>A. Mozart varie composizioni &#8211; Sander M\u00f6lder remixa con vari strumenti elettronici e coro<\/strong><\/span><\/li>\n<li><span style=\"font-size: 10pt;\">Discorso PID Kalle Elster del Presidente del Forum Lions Europa.<\/span><\/li>\n<li><span style=\"font-size: 10pt;\">Cane guida per persone diabetiche sul palco, piccola cerimonia<\/span><\/li>\n<li><span style=\"font-size: 10pt;\">Cerimonia di passaggio della bandiera al prossimo Paese ospitante<\/span><\/li>\n<li><span style=\"font-size: 10pt;\">Introduzione a EF2020. PID George Papas, Presidente di EF2020<\/span><\/li>\n<li><span style=\"font-size: 10pt;\"><strong>Tiit Kikas &#8211; L.V. Beethoven nona sinfonia &#8211; \u201cInno alla gioia\u201d Prima parte<\/strong><\/span><\/li>\n<li><span style=\"font-size: 10pt;\">Ringraziamento del presidente del Forum PID Kalle Elster alla squadra estone. IPIP Gudrun Yngvadottir<\/span><\/li>\n<li><span style=\"font-size: 10pt;\"><strong>Tiit Kikas &#8211; L.V. Beethoven nona sinfonia &#8211; \u201cInno alla gioia\u201d Seconda parte con coro<\/strong><\/span><\/li>\n<\/ul>\n<p>NB! Trova il <strong>tuo numero di<\/strong> posto a sedere nel retro del Forum Badge!<\/p>\n<p><strong>Dresscode<\/strong>: tailleur o non-casual<\/p>\n<p><span style=\"color: #3c64a4; font-size: 14pt;\"><strong><a href=\"https:\/\/amigo.ee\/en\/gallery\/\"><img loading=\"lazy\" class=\"alignleft wp-image-7492 size-full\" src=\"https:\/\/www.europaforum2019.ee\/wp-content\/uploads\/2019\/08\/amigo.png\" alt=\"\" width=\"340\" height=\"230\" srcset=\"https:\/\/www.europaforum2019.ee\/wp-content\/uploads\/2019\/08\/amigo.png 340w, https:\/\/www.europaforum2019.ee\/wp-content\/uploads\/2019\/08\/amigo-300x203.png 300w\" sizes=\"(max-width: 340px) 100vw, 340px\" \/><\/a>Afterparty<\/strong><\/span><\/p>\n<p><strong>Nightclub Amigo, <\/strong>Viru v\u00e4ljak 4, Tallinn<\/p>\n<p>Venerd\u00ec, 4 ottobre 21:00-\u2026<br \/>\nSabato, 5 ottobre 22:00-\u2026<\/p>\n<p>Location ufficiale per l\u00b4after party nella cantina del nostro centro congressi ufficiale presso il Sokos Hotel Viru. La festa durer\u00e0 fino al mattino per tutti i Lions e Leos che partecipano al Forum Lions Europa. Ingresso gratuito con badge di Lions EF.<\/p>\n<p>Venerd\u00ec sera sul palco si esibir\u00e0 <strong>Koit<\/strong> <a href=\"https:\/\/www.youtube.com\/watch?v=Lm1vaCUYIPE&amp;list=RDLm1vaCUYIPE&amp;start_radio=1#t=0\"><strong>Toome<\/strong><\/a>, sabato <a href=\"https:\/\/www.youtube.com\/watch?v=J5ta2hzCsTE&amp;list=PLycUhkgJI2XNJl2Lx5oi1BS2Iv8LBSSUZ\"><strong>2Quick Start<\/strong><\/a>!<\/p>\n<p><strong>Dress code: <\/strong>Casual<\/p>\n<p>[\/vc_column_text][\/vc_column_inner][\/vc_row_inner][\/vc_column][\/vc_row][vc_row css=&#8221;.vc_custom_1528789133475{background-color: #fdc924 !important;}&#8221;][vc_column][\/vc_column][\/vc_row]<\/p>\n","protected":false},"excerpt":{"rendered":"<p>[vc_row css=&#8221;.vc_custom_1528724670702{background-color: #f5f3f2 !important;}&#8221;][vc_column][vc_row_inner type=&#8221;boxed&#8221;][vc_column_inner][vc_column_text] EVENTI SOCIALI Warm-up Party di beneficenza, gioved\u00ec 3 Ottobre Creative Hub, P\u00f5hja puiestee 27a, Tallinn 19:00 &#8211; 22:00 Questa \u00e8 la prima volta che un evento del genere si svolge nel forum. \u00c8 una grande opportunit\u00e0 per incontrare i tuoi amici Lions e Leos in un ambiente non formale e [&hellip;]<\/p>\n","protected":false},"author":2,"featured_media":0,"parent":0,"menu_order":0,"comment_status":"closed","ping_status":"closed","template":"page-full-width.php","meta":[],"categories":[37],"tags":[],"_links":{"self":[{"href":"https:\/\/www.europaforum2019.ee\/it\/wp-json\/wp\/v2\/pages\/7481"}],"collection":[{"href":"https:\/\/www.europaforum2019.ee\/it\/wp-json\/wp\/v2\/pages"}],"about":[{"href":"https:\/\/www.europaforum2019.ee\/it\/wp-json\/wp\/v2\/types\/page"}],"author":[{"embeddable":true,"href":"https:\/\/www.europaforum2019.ee\/it\/wp-json\/wp\/v2\/users\/2"}],"replies":[{"embeddable":true,"href":"https:\/\/www.europaforum2019.ee\/it\/wp-json\/wp\/v2\/comments?post=7481"}],"version-history":[{"count":3,"href":"https:\/\/www.europaforum2019.ee\/it\/wp-json\/wp\/v2\/pages\/7481\/revisions"}],"predecessor-version":[{"id":8219,"href":"https:\/\/www.europaforum2019.ee\/it\/wp-json\/wp\/v2\/pages\/7481\/revisions\/8219"}],"wp:attachment":[{"href":"https:\/\/www.europaforum2019.ee\/it\/wp-json\/wp\/v2\/media?parent=7481"}],"wp:term":[{"taxonomy":"category","embeddable":true,"href":"https:\/\/www.europaforum2019.ee\/it\/wp-json\/wp\/v2\/categories?post=7481"},{"taxonomy":"post_tag","embeddable":true,"href":"https:\/\/www.europaforum2019.ee\/it\/wp-json\/wp\/v2\/tags?post=7481"}],"curies":[{"name":"wp","href":"https:\/\/api.w.org\/{rel}","templated":true}]}}