{"id":7111,"date":"2019-03-20T10:08:57","date_gmt":"2019-03-20T10:08:57","guid":{"rendered":"https:\/\/www.europaforum2019.ee\/thursday\/"},"modified":"2019-09-15T07:10:34","modified_gmt":"2019-09-15T07:10:34","slug":"thursday","status":"publish","type":"page","link":"https:\/\/www.europaforum2019.ee\/it\/thursday\/","title":{"rendered":"Giovedi"},"content":{"rendered":"<p>[vc_row][vc_column][\/vc_column][\/vc_row][vc_row][vc_column width=&#8221;3\/4&#8243;][vc_column_text css=&#8221;.vc_custom_1557582256848{padding-top: 20px !important;padding-bottom: 20px !important;}&#8221;]<\/p>\n<div class=\"twelve columns add-bottom\">\n<h2><span style=\"color: #3c64a4;\">Giovedi, 3 Ottobre, 2019<\/span><\/h2>\n<p>I seguenti nomi indicano le sale dei diversi centri congressi:<\/p>\n<p><span style=\"color: #3c64a4;\"><strong><a href=\"https:\/\/www.sokoshotels.fi\/en\/tallinn\/sokos-hotel-viru\">Sokos Hotel Viru\u00a0<\/a><\/strong> <span style=\"color: #000000;\">Allegro, Andante 1, Andante 2, Bolero, Duetto, Forte, Grande, Grande 1, Grande 1+2, Grande 2, Grande 3, Semi<\/span><\/span><\/p>\n<p><span style=\"color: #3c64a4;\"><a style=\"color: #3c64a4;\" href=\"https:\/\/www.europaforum2019.ee\/wp-content\/uploads\/2019\/06\/Nordic-Hotel-Forum-conference-centre-floor-plan.png\"><strong>Nordic Hotel Forum<\/strong><\/a> <span style=\"color: #000000;\">Sirius, Capella, Arcturus, Vega, Altair, Miitsar <\/span><\/span><\/p>\n<\/div>\n<p>[\/vc_column_text][vc_column_text]<span style=\"font-size: 18pt;\">08:o0-09:00<\/span>[\/vc_column_text][vc_tta_accordion active_section=&#8221;&#8221; collapsible_all=&#8221;true&#8221;][vc_tta_section title=&#8221;Riunione del Comitato di Vigilanza dell&#8217;EF2019 (sessione chiusa) | Vega | Nordic Hotel Forum&#8221; tab_id=&#8221;1564488059074-431f4da7-0f06&#8243; el_class=&#8221;thematicmeetings&#8221;][vc_column_text]<\/p>\n<table style=\"width: 616px;\" width=\"624\">\n<tbody>\n<tr>\n<td style=\"width: 110px;\" width=\"102\">Data<\/td>\n<td style=\"width: 506px;\" width=\"522\">Giovedi, 4 Ottobre<\/td>\n<\/tr>\n<tr>\n<td style=\"width: 110px;\">Orario<\/td>\n<td style=\"width: 506px;\" width=\"522\">8:00 &#8211; 9:00<\/td>\n<\/tr>\n<tr>\n<td style=\"width: 110px;\">Titolo<\/td>\n<td style=\"width: 506px;\" width=\"522\">Riunione del Comitato di Vigilanza dell&#8217;EF2019 (sessione chiusa)<\/td>\n<\/tr>\n<tr>\n<td style=\"width: 110px;\">Stanza<\/td>\n<td style=\"width: 506px;\" width=\"522\">Nordic Hotel Forum &#8211; Vega<\/td>\n<\/tr>\n<tr>\n<td style=\"width: 110px;\">Destinatari<\/td>\n<td style=\"width: 506px;\" width=\"522\">Comitato Organizzatore dell&#8217;EF2019, membri del Comitato di Vigilanza<\/td>\n<\/tr>\n<tr>\n<td style=\"width: 110px;\">Presidente<\/td>\n<td style=\"width: 506px;\" width=\"522\">ID Heimo Potinkara, Direttore Internazionale Designato<\/td>\n<\/tr>\n<tr>\n<td style=\"width: 110px;\">Vicepresidente<\/td>\n<td style=\"width: 506px;\" width=\"522\">PID Kalle Elster, Presidente del Forum<\/td>\n<\/tr>\n<tr>\n<td style=\"width: 110px;\">Relatori<\/td>\n<td style=\"width: 506px;\" width=\"522\">ID Heimo Potinkara, Direttore Internazionale Designato<br \/>\nPID Kalle Elster, Presidente del Forum EF2019<br \/>\nDG M\u00e4rt Viileberg, Direttore Programma EF2019<br \/>\nPID George Papas, Vice Presidente del Forum<br \/>\nPDG George Savvides, Direttore Programma EF2020<br \/>\nPID Phil Nathan, Archivista e Consigliere<br \/>\nPCC Peter Brandenburg, Contabile del Forum<br \/>\nAltri membri del Comitato Organizzatore EF2019<\/td>\n<\/tr>\n<tr>\n<td style=\"width: 110px;\">Descrizione<\/td>\n<td style=\"width: 506px;\" width=\"522\">Secondo l&#8217;ordine del giorno del Comitato<\/td>\n<\/tr>\n<\/tbody>\n<\/table>\n<p>[\/vc_column_text][\/vc_tta_section][\/vc_tta_accordion][vc_column_text]<span style=\"font-size: 18pt;\">08:30-16:45<\/span>[\/vc_column_text][vc_tta_accordion style=&#8221;modern&#8221; shape=&#8221;square&#8221; active_section=&#8221;&#8221; collapsible_all=&#8221;true&#8221;][vc_tta_section title=&#8221;GAT | Sirius | Nordic Hotel Forum&#8221; tab_id=&#8221;1564488001392-343c98a1-5317&#8243; el_class=&#8221;leo-lions&#8221;][vc_column_text]<\/p>\n<table style=\"width: 616px;\" width=\"624\">\n<tbody>\n<tr>\n<td style=\"width: 105px;\" width=\"102\">Data<\/td>\n<td style=\"width: 511px;\" width=\"522\">Giovedi, 4 Ottobre<\/td>\n<\/tr>\n<tr>\n<td style=\"width: 105px;\">Orario<\/td>\n<td style=\"width: 511px;\" width=\"522\">8:30 &#8211; 16:45<\/td>\n<\/tr>\n<tr>\n<td style=\"width: 105px;\">Titolo<\/td>\n<td style=\"width: 511px;\" width=\"522\">GAT<\/td>\n<\/tr>\n<tr>\n<td style=\"width: 105px;\">Stanza<\/td>\n<td style=\"width: 511px;\" width=\"522\">Nordic Hotel Forum &#8211; Sirius<\/td>\n<\/tr>\n<tr>\n<td style=\"width: 105px;\">Destinatari<\/td>\n<td style=\"width: 511px;\">Presidenti di Consiglio, Governatori, Coordinatori MD e D, Nuove voci, Coordinatori di club specializzati, Leos<\/td>\n<\/tr>\n<tr>\n<td style=\"width: 105px;\">Presidente<\/td>\n<td style=\"width: 511px;\" width=\"522\">PID Robert Rettby<\/td>\n<\/tr>\n<tr>\n<td style=\"width: 105px;\">Vicepresidente<\/td>\n<td style=\"width: 511px;\">PID Miklos Horvath<\/td>\n<\/tr>\n<tr>\n<td style=\"width: 105px;\">Relatori<\/td>\n<td style=\"width: 511px;\" width=\"522\">\u00a0PID Robert Rettby, PID Elisabeth Haderer, PID Sanjay Kethan, Leader area A4 GAT, ospiti a sorpresa<\/td>\n<\/tr>\n<tr>\n<td style=\"width: 105px;\">Descrizione<\/td>\n<td style=\"width: 511px;\">\n<div id=\"docs-chrome\" class=\"docs-material companion-enabled\" tabindex=\"0\" role=\"group\">\n<div id=\"docs-additional-bars\">\n<div id=\"waffle-editorsized-bar\">\n<div id=\"formula-bar\">\n<div id=\"t-formula-bar-input-container\">\n<div dir=\"ltr\">\n<div id=\"t-formula-bar-input\" spellcheck=\"false\">\n<div class=\"cell-input\" dir=\"ltr\" tabindex=\"0\" role=\"combobox\" contenteditable=\"true\" aria-autocomplete=\"list\" aria-label=\"I21\">GAT, GMT, GLT e GST, risorse LCI, Club Specializzati, Nuove Voci, Leo<\/div>\n<\/div>\n<\/div>\n<\/div>\n<\/div>\n<\/div>\n<\/div>\n<\/div>\n<\/td>\n<\/tr>\n<\/tbody>\n<\/table>\n<p>[\/vc_column_text][\/vc_tta_section][vc_tta_section title=&#8221;GAT | Arcturus | Nordic Hotel Forum&#8221; tab_id=&#8221;1564488001431-db51e3fe-9ef0&#8243; el_class=&#8221;leo-lions&#8221;][vc_column_text]<\/p>\n<table style=\"width: 616px;\" width=\"624\">\n<tbody>\n<tr>\n<td style=\"width: 105px;\" width=\"102\">Data<\/td>\n<td style=\"width: 511px;\" width=\"522\">Giovedi, 4 Ottobre<\/td>\n<\/tr>\n<tr>\n<td style=\"width: 105px;\">Orario<\/td>\n<td style=\"width: 511px;\" width=\"522\">8:30 &#8211; 16:45<\/td>\n<\/tr>\n<tr>\n<td style=\"width: 105px;\">Titolo<\/td>\n<td style=\"width: 511px;\" width=\"522\">GAT<\/td>\n<\/tr>\n<tr>\n<td style=\"width: 105px;\">Stanza<\/td>\n<td style=\"width: 511px;\" width=\"522\">Nordic Hotel Forum &#8211; Arcturus<\/td>\n<\/tr>\n<tr>\n<td style=\"width: 105px;\">Destinatari<\/td>\n<td style=\"width: 511px;\">Presidenti di Consiglio, Governatori, Coordinatori MD e D, Nuove voci, Coordinatori di club specializzati, Leos<\/td>\n<\/tr>\n<tr>\n<td style=\"width: 105px;\">Presidente<\/td>\n<td style=\"width: 511px;\" width=\"522\">PID Robert Rettby<\/td>\n<\/tr>\n<tr>\n<td style=\"width: 105px;\">Vicepresidente<\/td>\n<td style=\"width: 511px;\">PID Miklos Horvath<\/td>\n<\/tr>\n<tr>\n<td style=\"width: 105px;\">Relatori<\/td>\n<td style=\"width: 511px;\">PID Robert Rettby, PID Elisabeth Haderer, PID Sanjay Kethan, Leader area A4 GAT, ospiti a sorpresa<\/td>\n<\/tr>\n<tr>\n<td style=\"width: 105px;\">Descrizione<\/td>\n<td style=\"width: 511px;\" width=\"522\">\n<div id=\"docs-chrome\" class=\"docs-material companion-enabled\" tabindex=\"0\" role=\"group\">\n<div id=\"docs-additional-bars\">\n<div id=\"waffle-editorsized-bar\">\n<div id=\"formula-bar\">\n<div id=\"t-formula-bar-input-container\">\n<div dir=\"ltr\">\n<div id=\"t-formula-bar-input\" spellcheck=\"false\">\n<div class=\"cell-input\" dir=\"ltr\" tabindex=\"0\" role=\"combobox\" contenteditable=\"true\" aria-autocomplete=\"list\" aria-label=\"I21\">GAT, GMT, GLT e GST, risorse LCI, Club Specializzati, Nuove Voci, Leo<\/div>\n<\/div>\n<\/div>\n<\/div>\n<\/div>\n<\/div>\n<\/div>\n<\/div>\n<\/td>\n<\/tr>\n<\/tbody>\n<\/table>\n<p>[\/vc_column_text][\/vc_tta_section][vc_tta_section title=&#8221;GAT | Duetto | Sokos Hotel Viru&#8221; tab_id=&#8221;1564488001360-bae68343-6fd6&#8243; el_class=&#8221;leo-lions&#8221;][vc_column_text]<\/p>\n<table style=\"width: 619px;\" width=\"624\">\n<tbody>\n<tr>\n<td style=\"width: 108px;\" width=\"102\">Data<\/td>\n<td style=\"width: 511px;\" width=\"522\">Giovedi, 4 Ottobre<\/td>\n<\/tr>\n<tr>\n<td style=\"width: 108px;\">Orario<\/td>\n<td style=\"width: 511px;\" width=\"522\">8:30 &#8211; 16:45<\/td>\n<\/tr>\n<tr>\n<td style=\"width: 108px;\">Titolo<\/td>\n<td style=\"width: 511px;\" width=\"522\">GAT<\/td>\n<\/tr>\n<tr>\n<td style=\"width: 108px;\">Stanza<\/td>\n<td style=\"width: 511px;\" width=\"522\">Sokos Hotel Viru &#8211; Duetto<\/td>\n<\/tr>\n<tr>\n<td style=\"width: 108px;\">Destinatari<\/td>\n<td style=\"width: 511px;\">Presidenti di Consiglio, Governatori, Coordinatori MD e D, Nuove voci, Coordinatori di club specializzati, Leos<\/td>\n<\/tr>\n<tr>\n<td style=\"width: 108px;\">Presidente<\/td>\n<td style=\"width: 511px;\" width=\"522\">PID Robert Rettby<\/td>\n<\/tr>\n<tr>\n<td style=\"width: 108px;\">Vicepresidente<\/td>\n<td style=\"width: 511px;\">PID Miklos Horvath<\/td>\n<\/tr>\n<tr>\n<td style=\"width: 108px;\">Relatori<\/td>\n<td style=\"width: 511px;\">PID Robert Rettby, PID Elisabeth Haderer, PID Sanjay Kethan, Leader area A4 GAT, ospiti a sorpresa<\/td>\n<\/tr>\n<tr>\n<td style=\"width: 108px;\" width=\"102\">Descrizione<\/td>\n<td style=\"width: 511px;\" width=\"522\">\n<div id=\"docs-chrome\" class=\"docs-material companion-enabled\" tabindex=\"0\" role=\"group\">\n<div id=\"docs-additional-bars\">\n<div id=\"waffle-editorsized-bar\">\n<div id=\"formula-bar\">\n<div id=\"t-formula-bar-input-container\">\n<div dir=\"ltr\">\n<div id=\"t-formula-bar-input\" spellcheck=\"false\">\n<div class=\"cell-input\" dir=\"ltr\" tabindex=\"0\" role=\"combobox\" contenteditable=\"true\" aria-autocomplete=\"list\" aria-label=\"I21\">GAT, GMT, GLT e GST, risorse LCI, Club Specializzati, Nuove Voci, Leo<\/div>\n<\/div>\n<\/div>\n<\/div>\n<\/div>\n<\/div>\n<\/div>\n<\/div>\n<\/td>\n<\/tr>\n<\/tbody>\n<\/table>\n<p>[\/vc_column_text][\/vc_tta_section][\/vc_tta_accordion][vc_column_text]<span style=\"font-size: 18pt;\">09:00-12:00<\/span>[\/vc_column_text][vc_tta_accordion active_section=&#8221;&#8221; collapsible_all=&#8221;true&#8221;][vc_tta_section title=&#8221;Comitato di Pianificazione a Lungo Termine d&#8217;Europa (sessione chiusa) | Vega | Nordic Hotel Forum&#8221; tab_id=&#8221;1564489512764-51a18113-278c&#8221; el_class=&#8221;thematicmeetings&#8221;][vc_column_text]<\/p>\n<table width=\"624\">\n<tbody>\n<tr>\n<td width=\"102\">Data<\/td>\n<td width=\"522\">Giovedi, 4 Ottobre<\/td>\n<\/tr>\n<tr>\n<td>Orario<\/td>\n<td width=\"522\">09:00-12:00<\/td>\n<\/tr>\n<tr>\n<td>Titolo<\/td>\n<td width=\"522\">Comitato di Pianificazione a Lungo Termine d&#8217;Europa (sessione chiusa)<\/td>\n<\/tr>\n<tr>\n<td>Stanza<\/td>\n<td width=\"522\">Nordic Hotel Forum &#8211; Vega<\/td>\n<\/tr>\n<tr>\n<td>Destinatari<\/td>\n<td width=\"522\">Solo i membri del Comitato di pianificazione a lungo termine d&#8217;Europa<\/td>\n<\/tr>\n<tr>\n<td>Presidente<\/td>\n<td width=\"522\">IPIP Gudrun Bj\u00f6rt Yngvadottir<\/td>\n<\/tr>\n<tr>\n<td>Relatori<\/td>\n<td width=\"522\">Apertura da parte dell&#8217;IPIP Gudrun B. Yngvadottir<br \/>\nTutti i membri del LRPCE<\/td>\n<\/tr>\n<tr>\n<td>Descrizione<\/td>\n<td width=\"522\">Secondo l&#8217;ordine del giorno del Comitato<\/td>\n<\/tr>\n<\/tbody>\n<\/table>\n<p>[\/vc_column_text][\/vc_tta_section][\/vc_tta_accordion][vc_column_text]<span style=\"font-size: 18pt;\">09:00-17:15<\/span>[\/vc_column_text][vc_tta_accordion active_section=&#8221;&#8221; collapsible_all=&#8221;true&#8221;][vc_tta_section title=&#8221;Riunione dei presidenti dei campi e degli scambi giovanili | Cappella | Nordic Hotel Forum&#8221; tab_id=&#8221;hallikasroheline1&#8243; el_class=&#8221;youth&#8221;][vc_column_text]<\/p>\n<table width=\"624\">\n<tbody>\n<tr>\n<td width=\"102\">Data<\/td>\n<td width=\"522\">Giovedi, 4 Ottobre<\/td>\n<\/tr>\n<tr>\n<td>Orario<\/td>\n<td width=\"522\">9:00 &#8211; 17:15<\/td>\n<\/tr>\n<tr>\n<td>Titolo<\/td>\n<td width=\"522\">Riunione dei presidenti dei campi e degli scambi giovanili<\/td>\n<\/tr>\n<tr>\n<td>Stanza<\/td>\n<td width=\"522\">Nordic Hotel Forum &#8211; Cappella<\/td>\n<\/tr>\n<tr>\n<td>Destinatari<\/td>\n<td width=\"522\">Aperto a tutti<\/td>\n<\/tr>\n<tr>\n<td>Presidente<\/td>\n<td width=\"522\">YCEC Margus Malla<\/td>\n<\/tr>\n<tr>\n<td>Vicepresidente<\/td>\n<td width=\"522\">YCEC Jovan Gavrilovski<\/td>\n<\/tr>\n<tr>\n<td>Relatori<\/td>\n<td width=\"522\">Youth Exchange Chairpersons<\/td>\n<\/tr>\n<tr>\n<td>Descrizione<\/td>\n<td width=\"522\">Discussioni YE, Modulo di domanda, GDPR, Notizie da Oak Brook, Presentazione EF 2020 Salonicco<\/td>\n<\/tr>\n<\/tbody>\n<\/table>\n<p>[\/vc_column_text][\/vc_tta_section][\/vc_tta_accordion][vc_column_text]<span style=\"font-size: 18pt;\">14:00-18:00<\/span>[\/vc_column_text][vc_tta_accordion active_section=&#8221;&#8221; collapsible_all=&#8221;true&#8221;][vc_tta_section title=&#8221;Lions del Mar Baltico (BSL) | Altair | Nordic Hotel Forum&#8221; tab_id=&#8221;1564489904253-0b9245ef-c14c&#8221; el_class=&#8221;leo-lions&#8221;][vc_column_text]<\/p>\n<table width=\"624\">\n<tbody>\n<tr>\n<td width=\"102\">Data<\/td>\n<td width=\"522\">Giovedi, 4 Ottobre<\/td>\n<\/tr>\n<tr>\n<td>Orario<\/td>\n<td width=\"522\">14:00 &#8211; 18:00<\/td>\n<\/tr>\n<tr>\n<td>Titolo<\/td>\n<td width=\"522\">Lions del Mar Baltico (BSL)<\/td>\n<\/tr>\n<tr>\n<td>Stanza<\/td>\n<td width=\"522\">Nordic Hotel Forum &#8211; Altair<\/td>\n<\/tr>\n<tr>\n<td>Destinatari<\/td>\n<td width=\"522\">Delegati e ospiti invitati dei Lions del Mar Baltico<\/td>\n<\/tr>\n<tr>\n<td>Presidente<\/td>\n<td width=\"522\">Presidente della BSL, PDG Sanna Siissalo<\/td>\n<\/tr>\n<tr>\n<td>Vicepresidente<\/td>\n<td width=\"522\">Vicepresidente della BSL, Virginijus Jasaitis<\/td>\n<\/tr>\n<tr>\n<td>Relatori<\/td>\n<td width=\"522\">Delegati della BSL<\/td>\n<\/tr>\n<tr>\n<td>Descrizione<\/td>\n<td width=\"522\">I Lions del Mar Baltico sono una rete di cooperazione di distretti di LCI che si trovano intorno al Mar Baltico. Gli obiettivi della rete sono quello di facilitare i progetti comuni e migliorare l&#8217;amicizia oltre i confini. La protezione delle acque del Mar Baltico \u00e8 stato l&#8217;interesse principale della rete negli ultimi anni.<\/td>\n<\/tr>\n<\/tbody>\n<\/table>\n<p>[\/vc_column_text][\/vc_tta_section][\/vc_tta_accordion][vc_column_text]<span style=\"font-size: 18pt;\">15:00-17:00<\/span>[\/vc_column_text][vc_tta_accordion active_section=&#8221;&#8221; collapsible_all=&#8221;true&#8221;][vc_tta_section title=&#8221;Sessione di Orientamento per Presentatori e Delegati | Vega | Nordic Hotel Forum&#8221; tab_id=&#8221;kollane3&#8243; el_class=&#8221;thematicmeetings&#8221;][vc_column_text]<\/p>\n<table width=\"624\">\n<tbody>\n<tr>\n<td width=\"102\">Data<\/td>\n<td width=\"522\">Giovedi, 4 Ottobre<\/td>\n<\/tr>\n<tr>\n<td>Orario<\/td>\n<td width=\"522\">10:00 &#8211; 17:00<\/td>\n<\/tr>\n<tr>\n<td>Titolo<\/td>\n<td width=\"522\">Sessione di Orientamento per Presentatori e Delegati<\/td>\n<\/tr>\n<tr>\n<td>Stanza<\/td>\n<td width=\"522\">Nordic Hotel Forum &#8211; Vega<\/td>\n<\/tr>\n<tr>\n<td>Destinatari<\/td>\n<td width=\"522\">Tutti i presentatori dei workshop<\/td>\n<\/tr>\n<tr>\n<td>Presidente<\/td>\n<td width=\"522\">DG M\u00e4rt Viileberg<\/td>\n<\/tr>\n<tr>\n<td>Vicepresidente<\/td>\n<td width=\"522\">Leo Karin K\u00fcnnapas<\/td>\n<\/tr>\n<tr>\n<td>Relatori<\/td>\n<td>DG M\u00e4rt Viileberg, Leo Karin K\u00fcnnapas<\/td>\n<\/tr>\n<tr>\n<td>Descrizione<\/td>\n<td width=\"522\">Una riunione congiunta per i relatori di seminari e workshopi del Lions EF 2019. Questa sessione riguarder\u00e0 la configurazione del formato World Caf\u00e8, tutti i dettagli tecnici e pratici.<\/td>\n<\/tr>\n<\/tbody>\n<\/table>\n<p>[\/vc_column_text][\/vc_tta_section][\/vc_tta_accordion][vc_column_text]<span style=\"font-size: 18pt;\">15:00-19:00<\/span>[\/vc_column_text][vc_tta_accordion active_section=&#8221;&#8221; collapsible_all=&#8221;true&#8221;][vc_tta_section title=&#8221;Riunione del Consiglio MD111 (sessione chiusa) | Allegro | Sokos Hotel Viru&#8221; tab_id=&#8221;1564489999082-b78e3d3c-a0f3&#8243; el_class=&#8221;thematicmeetings&#8221;][vc_column_text]<\/p>\n<table>\n<tbody>\n<tr>\n<td width=\"102\">Data<\/td>\n<td width=\"522\">Giovedi, 4 Ottobre<\/td>\n<\/tr>\n<tr>\n<td>Orario<\/td>\n<td width=\"522\">15:00 &#8211; 19:00<\/td>\n<\/tr>\n<tr>\n<td>Titolo<\/td>\n<td width=\"522\">Riunione del Consiglio MD111 (sessione chiusa)<\/td>\n<\/tr>\n<tr>\n<td>Stanza<\/td>\n<td width=\"522\">Sokos Hotel Viru &#8211; Allegro<\/td>\n<\/tr>\n<tr>\n<td>Destinatari<\/td>\n<td width=\"522\">Membri del Consiglio del MD111<\/td>\n<\/tr>\n<tr>\n<td>Presidente<\/td>\n<td width=\"522\">Lion Maximilian Schneider<\/td>\n<\/tr>\n<tr>\n<td>Relatori<\/td>\n<td width=\"522\">Consiglio tedesco dei Governatori Distrettuali<\/td>\n<\/tr>\n<tr>\n<td>Descrizione<\/td>\n<td width=\"522\">Secondo l&#8217;ordine del giorno del Consiglio<\/td>\n<\/tr>\n<\/tbody>\n<\/table>\n<p>[\/vc_column_text][\/vc_tta_section][\/vc_tta_accordion][vc_column_text]<span style=\"font-size: 18pt;\">17:15-18:45<\/span>[\/vc_column_text][vc_tta_accordion active_section=&#8221;&#8221; collapsible_all=&#8221;true&#8221;][vc_tta_section title=&#8221;NSR CC Board meeting (sessione chiusa) | Vega | Nordic Hotel Forum&#8221; tab_id=&#8221;kollane3&#8243; el_class=&#8221;internationalrelations&#8221;][vc_column_text]<\/p>\n<table width=\"624\">\n<tbody>\n<tr>\n<td width=\"102\">Data<\/td>\n<td width=\"522\">Giovedi, 4 Ottobre<\/td>\n<\/tr>\n<tr>\n<td>Orario<\/td>\n<td width=\"522\">17:15 &#8211; 18:45<\/td>\n<\/tr>\n<tr>\n<td>Titolo<\/td>\n<td width=\"522\">NSR CC Board meeting (sessione chiusa)<\/td>\n<\/tr>\n<tr>\n<td>Stanza<\/td>\n<td width=\"522\">Nordic Hotel Forum &#8211; Vega<\/td>\n<\/tr>\n<tr>\n<td>Destinatari<\/td>\n<td width=\"522\">CC, Nordic IP, ID, candidati ID, PIP, PID, GS, VCC e NSR-OC (e altri partecipanti invitati dal Presidente CC Board)<\/td>\n<\/tr>\n<tr>\n<td>Presidente<\/td>\n<td width=\"522\">CC Lisbeth Andreasen<\/td>\n<\/tr>\n<tr>\n<td>Vicepresidente<\/td>\n<td width=\"522\">CC Aarne Kivioja<\/td>\n<\/tr>\n<tr>\n<td>Relatori<\/td>\n<td>CC members<\/td>\n<\/tr>\n<tr>\n<td>Descrizione<\/td>\n<td width=\"522\">Riunione dei CC nordici secondo l&#8217;ordine del giorno del CC Board e lo statuto del NSR<\/td>\n<\/tr>\n<\/tbody>\n<\/table>\n<p>[\/vc_column_text][\/vc_tta_section][\/vc_tta_accordion][vc_column_text]<span style=\"font-size: 18pt;\">19:00-22:00<\/span>[\/vc_column_text][vc_tta_accordion active_section=&#8221;&#8221; collapsible_all=&#8221;true&#8221;][vc_tta_section title=&#8221;Festa di riscaldamento | Tallinn Hub Creativo&#8221; tab_id=&#8221;oranz2&#8243; el_class=&#8221;gat&#8221;][vc_column_text]<\/p>\n<table width=\"624\">\n<tbody>\n<tr>\n<td width=\"102\">Data<\/td>\n<td width=\"522\">Giovedi, 4 Ottobre<\/td>\n<\/tr>\n<tr>\n<td>Orario<\/td>\n<td width=\"522\">19:00 &#8211; 22:00<\/td>\n<\/tr>\n<tr>\n<td>Titolo<\/td>\n<td width=\"522\">Festa di riscaldamento<\/td>\n<\/tr>\n<tr>\n<td>Stanza<\/td>\n<td width=\"522\">Tallinn Hub Creativo<\/td>\n<\/tr>\n<tr>\n<td>Destinatari<\/td>\n<td width=\"522\">Lions, Leos, ospiti e loro compagni<\/td>\n<\/tr>\n<tr>\n<td>Ospite<\/td>\n<td width=\"522\">Lion Raivo Vilbaste<\/td>\n<\/tr>\n<tr>\n<td>Maestro degli eventi<\/td>\n<td width=\"522\">Janek Reimal<\/td>\n<\/tr>\n<tr>\n<td>Maestro della Cerimonia<\/td>\n<td width=\"522\">Anu V\u00e4lba<\/td>\n<\/tr>\n<tr>\n<td>Descrizione<\/td>\n<td width=\"522\">Il forum inizia la sera di gioved\u00ec 3 ottobre con una Festa di Riscaldamento nel Hub Creativo di Tallinn. Questa \u00e8 la prima volta che un evento del genere si svolge al Forum. \u00c8 una grande opportunit\u00e0 per incontrare i tuoi amici Lions e Leo in un ambiente non formale e trascorrere del tempo insieme. Sar\u00e0 presente anche il Board Internazionale Lions. Il nostro presentatore per tutti i giorni del forum, Anu V\u00e4lba, gestiranno la serata, DJ e complesso Funkifize con guest-vocalist vi intratterranno e faranno ballare.<\/td>\n<\/tr>\n<\/tbody>\n<\/table>\n<p>[\/vc_column_text][\/vc_tta_section][\/vc_tta_accordion][\/vc_column][vc_column width=&#8221;1\/4&#8243;][vc_column_text css=&#8221;.vc_custom_1553070636392{padding-left: 15px !important;background-color: #d8d8d8 !important;border-radius: 1px !important;}&#8221;]<\/p>\n<h4><a href=\"https:\/\/www.europaforum2019.ee\/it\/thursday\/\"><span style=\"font-size: 10pt;\">Giovedi, 3.Ottobre, 2019<\/span><\/a><\/h4>\n<p>[\/vc_column_text][vc_column_text css=&#8221;.vc_custom_1553070683358{padding-left: 15px !important;background-color: #d8d8d8 !important;border-radius: 1px !important;}&#8221;]<\/p>\n<h4><a href=\"https:\/\/www.europaforum2019.ee\/it\/friday\/\"><span style=\"font-size: 10pt;\">Venerdi, 4.Ottobre,2019<\/span><\/a><\/h4>\n<p>[\/vc_column_text][vc_column_text css=&#8221;.vc_custom_1553070710426{padding-left: 15px !important;background-color: #d8d8d8 !important;border-radius: 1px !important;}&#8221;]<\/p>\n<h4><a href=\"https:\/\/www.europaforum2019.ee\/it\/saturday\/\"><span style=\"font-size: 10pt;\">Sabato, 5.Ottobre,2019<\/span><\/a><\/h4>\n<p>[\/vc_column_text][vc_column_text css=&#8221;.vc_custom_1553070732524{padding-left: 15px !important;background-color: #d8d8d8 !important;border-radius: 1px !important;}&#8221;]<\/p>\n<h4><a href=\"https:\/\/www.europaforum2019.ee\/it\/sunday\/\"><span style=\"font-size: 10pt;\">Domenica, 6.Ottobre, 2019<\/span><\/a><\/h4>\n<p>[\/vc_column_text][vc_empty_space][\/vc_column][\/vc_row][vc_row][vc_column width=&#8221;3\/4&#8243;][vc_empty_space height=&#8221;20px&#8221;][vc_column_text el_class=&#8221;colorcodes&#8221;]<\/p>\n<table style=\"height: 153px; width: 87.4909%; border-collapse: collapse;\" border=\"0\" cellpadding=\"5\">\n<tbody>\n<tr style=\"height: 25px; border: 0;\">\n<td style=\"width: 3.85714%; background-color: #00b0f0; height: 38px; border: 0px none;\"><\/td>\n<td style=\"width: 31.1886%; height: 38px; border: 0px none; padding-left: 5px;\"><span style=\"font-size: 10pt;\">Social &amp; Agora<\/span><\/td>\n<td style=\"width: 3.86685%; background-color: #ffff00; height: 38px; border: 0px none;\"><\/td>\n<td style=\"width: 33.6587%; height: 38px; border: 0px none; padding-left: 5px;\"><span style=\"font-size: 10pt;\">Translated Main Meetings<\/span><\/td>\n<\/tr>\n<tr style=\"height: 37px;\">\n<td style=\"width: 3.85714%; height: 39px; border: 0px none; background-color: #0070c0;\"><\/td>\n<td style=\"width: 31.1886%; height: 39px; border: 0px none; padding-left: 5px;\"><span style=\"font-size: 10pt;\">International Relations Mediterranean, Euro-Africa, Euro-Asia, UNO, EU Parliament, UN-EU and Lions\u2026, etc<\/span><\/td>\n<td style=\"width: 3.86685%; background-color: #ffc000; height: 39px; border: 0px none;\"><\/td>\n<td style=\"width: 33.6587%; height: 39px; border: 0px none; padding-left: 5px;\"><span style=\"font-size: 10pt;\">Activities Service &amp; humanitarian projects, fundraisers, LCIF, etc.<\/span><\/td>\n<\/tr>\n<tr style=\"height: 32px; border: 0;\">\n<td style=\"width: 3.85714%; background-color: #92d050; height: 39px; border: 0px none;\"><\/td>\n<td style=\"width: 31.1886%; height: 39px; border: 0px none; padding-left: 5px;\"><span style=\"font-size: 10pt;\">Youth &amp; YEC<\/span><\/td>\n<td style=\"width: 3.86685%; background-color: #c00000; height: 39px; border: 0px none;\"><\/td>\n<td style=\"width: 33.6587%; height: 39px; border: 0px none; padding-left: 5px;\"><span style=\"font-size: 10pt;\">Thomas Kuti Contest (Music Contest)<\/span><\/td>\n<\/tr>\n<tr style=\"height: 34px; border: 0;\">\n<td style=\"width: 3.85714%; background-color: #a6a6a6; height: 37px; border: 0px none;\"><\/td>\n<td style=\"width: 31.1886%; height: 37px; border: 0px none; padding-left: 5px;\"><span style=\"font-size: 10pt;\">Thematic meetings, including PR &amp; Communication<\/span><\/td>\n<\/tr>\n<\/tbody>\n<\/table>\n<p>[\/vc_column_text][vc_empty_space height=&#8221;20px&#8221;][\/vc_column][vc_column width=&#8221;1\/4&#8243; offset=&#8221;vc_hidden-xs&#8221;][\/vc_column][\/vc_row][vc_row][vc_column width=&#8221;3\/4&#8243; offset=&#8221;vc_hidden-lg vc_hidden-md vc_hidden-sm&#8221;][\/vc_column][vc_column width=&#8221;1\/4&#8243; offset=&#8221;vc_hidden-lg vc_hidden-md vc_hidden-sm&#8221;][\/vc_column][\/vc_row]<\/p>\n","protected":false},"excerpt":{"rendered":"<p>[vc_row][vc_column][\/vc_column][\/vc_row][vc_row][vc_column width=&#8221;3\/4&#8243;][vc_column_text css=&#8221;.vc_custom_1557582256848{padding-top: 20px !important;padding-bottom: 20px !important;}&#8221;] Giovedi, 3 Ottobre, 2019 I seguenti nomi indicano le sale dei diversi centri congressi: Sokos Hotel Viru\u00a0 Allegro, Andante 1, Andante 2, Bolero, Duetto, Forte, Grande, Grande 1, Grande 1+2, Grande 2, Grande 3, Semi Nordic Hotel Forum Sirius, Capella, Arcturus, Vega, Altair, Miitsar [\/vc_column_text][vc_column_text]08:o0-09:00[\/vc_column_text][vc_tta_accordion active_section=&#8221;&#8221; collapsible_all=&#8221;true&#8221;][vc_tta_section title=&#8221;Riunione [&hellip;]<\/p>\n","protected":false},"author":1,"featured_media":0,"parent":0,"menu_order":0,"comment_status":"closed","ping_status":"closed","template":"page-boxed.php","meta":[],"categories":[],"tags":[],"_links":{"self":[{"href":"https:\/\/www.europaforum2019.ee\/it\/wp-json\/wp\/v2\/pages\/7111"}],"collection":[{"href":"https:\/\/www.europaforum2019.ee\/it\/wp-json\/wp\/v2\/pages"}],"about":[{"href":"https:\/\/www.europaforum2019.ee\/it\/wp-json\/wp\/v2\/types\/page"}],"author":[{"embeddable":true,"href":"https:\/\/www.europaforum2019.ee\/it\/wp-json\/wp\/v2\/users\/1"}],"replies":[{"embeddable":true,"href":"https:\/\/www.europaforum2019.ee\/it\/wp-json\/wp\/v2\/comments?post=7111"}],"version-history":[{"count":19,"href":"https:\/\/www.europaforum2019.ee\/it\/wp-json\/wp\/v2\/pages\/7111\/revisions"}],"predecessor-version":[{"id":8095,"href":"https:\/\/www.europaforum2019.ee\/it\/wp-json\/wp\/v2\/pages\/7111\/revisions\/8095"}],"wp:attachment":[{"href":"https:\/\/www.europaforum2019.ee\/it\/wp-json\/wp\/v2\/media?parent=7111"}],"wp:term":[{"taxonomy":"category","embeddable":true,"href":"https:\/\/www.europaforum2019.ee\/it\/wp-json\/wp\/v2\/categories?post=7111"},{"taxonomy":"post_tag","embeddable":true,"href":"https:\/\/www.europaforum2019.ee\/it\/wp-json\/wp\/v2\/tags?post=7111"}],"curies":[{"name":"wp","href":"https:\/\/api.w.org\/{rel}","templated":true}]}}