{"id":2032,"date":"2018-10-08T17:48:28","date_gmt":"2018-10-08T17:48:28","guid":{"rendered":"http:\/\/www.europaforum2019.ee\/arendamisel\/?page_id=2032"},"modified":"2019-09-21T16:24:08","modified_gmt":"2019-09-21T16:24:08","slug":"tours","status":"publish","type":"page","link":"https:\/\/www.europaforum2019.ee\/it\/tours\/","title":{"rendered":"Tour"},"content":{"rendered":"<p>[vc_row css=&#8221;.vc_custom_1530193633877{background-color: #ffffff !important;}&#8221;][vc_column][vc_row_inner type=&#8221;boxed&#8221;][vc_column_inner width=&#8221;1\/2&#8243;][vc_single_image image=&#8221;562&#8243; img_size=&#8221;full&#8221; alignment=&#8221;center&#8221;][vc_column_text]<\/p>\n<p style=\"text-align: center;\"><span style=\"color: #3c64a4;\">LEO BIRGITH TI INVITA <\/span><br \/>\n<span style=\"color: #3c64a4;\">3 GIORNI PRIMA DEL FORUM A FARE IL GIRO DI <\/span><br \/>\n<span style=\"font-size: 14pt;\"><strong><span style=\"color: #3c64a4;\">TARTU-CITT\u00c1 UNIVERSITARIA!<\/span><\/strong><\/span><br \/>\n1-3 ottobre 2019<\/p>\n<p><img loading=\"lazy\" class=\"alignnone wp-image-2437 size-medium\" src=\"https:\/\/www.europaforum2019.ee\/wp-content\/uploads\/2018\/10\/Birgit-ITA-1-300x170.png\" alt=\"\" width=\"300\" height=\"170\" srcset=\"https:\/\/www.europaforum2019.ee\/wp-content\/uploads\/2018\/10\/Birgit-ITA-1-300x170.png 300w, https:\/\/www.europaforum2019.ee\/wp-content\/uploads\/2018\/10\/Birgit-ITA-1.png 345w\" sizes=\"(max-width: 300px) 100vw, 300px\" \/><\/p>\n<p>Sulla strada per Tartu visiteremo il Parco Nazionale di Lahemaa, che rappresenta un&#8217;autentica degustazione di paesaggi naturali e culturali in Estonia, Rakvere con le sue imponenti rovine del castello del XIII secolo, i villaggi dei vecchi credenti di Peipsi e il castello di Alatskivi. Sulla via del ritorno a Tallinn puoi familiarizzare con diversi laboratori e attivit\u00e0: forgiatura, artigianato, biancheria e patchwork.<\/p>\n<p>Birgith e i suoi amici LEO vi invitano a godervi una rilassante navigazione sul fiume Emaj\u00f5gi sulla nave in legno anseatica J\u00f5mmu unitamente a canzoni nazionali e deliziosi biscotti fatti in casa realizzati dai Leo.<\/p>\n<p>Questo viaggio sar\u00e0 indimenticabile &#8211; non perdetelo!<\/p>\n<p><span style=\"color: #3c64a4;\">PREZZO DEL PACCHETTO PER 1 PERSONA IN CAMERA SINGOLA\/DOPPIA <span style=\"font-size: 14pt;\"><strong>385\u20ac<\/strong><\/span>.<\/span><br \/>\nSupplemento singolo 90 EUR<\/p>\n<p><span style=\"color: #3c64a4;\">Il prezzo include:<\/span><br \/>\n<span style=\"font-size: 10pt;\">\u2022 2 notti in hotel 4 * a Tartu<\/span><br \/>\n<span style=\"font-size: 10pt;\">\u2022 pensione completa (colazione, pranzo e cena inclusi)<\/span><br \/>\n<span style=\"font-size: 10pt;\">\u2022 visita guidata<\/span><br \/>\n<span style=\"font-size: 10pt;\">\u2022 ingresso al Museo Nazionale Estone<\/span><br \/>\n<span style=\"font-size: 10pt;\">\u2022 navigazione sul fiume Emaj\u00f5gi<\/span><br \/>\n<span style=\"font-size: 10pt;\">\u2022 workshop Olustvere Manor<\/span><br \/>\n<span style=\"font-size: 10pt;\">\u2022 servizi di autobus attraverso il viaggio<\/span><\/p>\n<p><span style=\"color: #3c64a4;\">Tartu \u00e8 localizzata a 190 km da Tallinn, a sud-est, e il viaggio \u00e8 programmato per 3 giorni.<\/span><\/p>\n<p>Vuoi ricevere pi\u00f9 informazioni? <span style=\"text-decoration: underline;\"><span style=\"color: #3c64a4; text-decoration: underline;\"><a style=\"color: #3c64a4; text-decoration: underline;\" href=\"https:\/\/www.europaforum2019.ee\/wp-content\/uploads\/2018\/10\/Tartu-ITA.pdf\">Leggi qui!<\/a><\/span><\/span>[\/vc_column_text][vc_btn title=&#8221;Per registrarsi: Clicca qui!&#8221; color=&#8221;orange&#8221; size=&#8221;lg&#8221; align=&#8221;center&#8221; el_class=&#8221;tours-button&#8221; link=&#8221;url:https%3A%2F%2Fwww.conference-expert.eu%2Fit%2Flef2019it%2Fen%2Fconferences%2Fs2%2F481-lions-2019-europaforum||target:%20_blank|&#8221;][\/vc_column_inner][vc_column_inner width=&#8221;1\/2&#8243;][vc_single_image image=&#8221;557&#8243; img_size=&#8221;full&#8221; alignment=&#8221;center&#8221;][vc_column_text]<\/p>\n<p style=\"text-align: center;\"><span style=\"color: #3c64a4;\">LION PRIIT TI INVITA A SCOPRIRE <\/span><br \/>\n<span style=\"font-size: 14pt;\"><strong><span style=\"color: #3c64a4;\">LE PERLE DEL BALTICO \u2013 TALLINN, RIGA, VILNIUS<\/span><\/strong><\/span><br \/>\n7-10. ottobre 2019<\/p>\n<p><img loading=\"lazy\" class=\"alignnone size-medium wp-image-2043\" src=\"https:\/\/www.europaforum2019.ee\/wp-content\/uploads\/2018\/10\/Priit-ITA-300x204.png\" alt=\"\" width=\"300\" height=\"204\" srcset=\"https:\/\/www.europaforum2019.ee\/wp-content\/uploads\/2018\/10\/Priit-ITA-300x204.png 300w, https:\/\/www.europaforum2019.ee\/wp-content\/uploads\/2018\/10\/Priit-ITA.png 377w\" sizes=\"(max-width: 300px) 100vw, 300px\" \/><\/p>\n<p>Lion Priit: il viaggio attraverso i Paesi Baltici ti dar\u00e0 un assaggio della cultura diversa e del grande sentimento di tre nazioni che vivono cos\u00ec vicine ma con un&#8217;atmosfera cos\u00ec diversa. Dopo aver goduto Tallinn durante il Forum, ti presenter\u00f2 la splendida Art Noveau della citt\u00e0 di Riga, che si trova alla foce del fiume Daugava e ha una storia antica e un ricco patrimonio culturale. Visiteremo anche la bellezza barocca del Baltico- Vilnius, che \u00e8 una citt\u00e0 di immenso fascino con il pi\u00f9 grande centro storico barocco d&#8217;Europa al suo cuore.<\/p>\n<p>Durante il viaggio di 3 giorni esplorerai anche le citt\u00e0 di P\u00e4rnu, Sigulda, Siauliai e Trakai, visiterai luoghi indimenticabili come il &#8220;Giardino Divino&#8221; &#8211; il castello di Turaida e il lago Galv\u0117, vedrai uno spettacolo di 100.000 croci che \u00e8 ancora in crescita. Non perdetelo!<\/p>\n<p><span style=\"color: #3c64a4;\">PREZZO DEL PACCHETTO PER 1 PERSONA IN CAMERA SINGOLA\/DOPPIA <span style=\"font-size: 14pt;\"><strong>355 \u20ac<\/strong><\/span>.<\/span><br \/>\nSupplemento singolo 130 EUR<\/p>\n<p><span style=\"color: #3c64a4;\">Il prezzo include:<\/span><br \/>\n<span style=\"font-size: 10pt;\">\u2022 3 notti in hotel 4* <\/span><br \/>\n<span style=\"font-size: 10pt;\">\u2022 pensione completa (colazione, pranzo e cena inclusi)<\/span><br \/>\n<span style=\"font-size: 10pt;\">\u2022 visita guidata<\/span><br \/>\n<span style=\"font-size: 10pt;\">\u2022 Hill of Crosses<\/span><br \/>\n<span style=\"font-size: 10pt;\">\u2022 entrate e servizi di guida<\/span><br \/>\n<span style=\"font-size: 10pt;\">\u2022 servizi di autobus attraverso il viaggio<\/span><\/p>\n<p><span style=\"color: #3c64a4;\">Riga \u00e8 localizzata a 311 km da Tallinn, Vilnius 288 km da Riga. Il tour inizia il 7 ottobre 2019 a Tallinn e termina il 10 Ottobre a Vilnius.<\/span><\/p>\n<p>Vuoi ricevere pi\u00f9 informazioni? <span style=\"color: #ff0000;\"><span style=\"text-decoration: underline;\"><span style=\"color: #3c64a4; text-decoration: underline;\"><a href=\"https:\/\/www.europaforum2019.ee\/wp-content\/uploads\/2018\/10\/Baltic-Pearls-ITA.pdf\">Leggi qui!<\/a><\/span><\/span><\/span>[\/vc_column_text][vc_btn title=&#8221;Per registrarsi: Clicca qui!&#8221; color=&#8221;orange&#8221; size=&#8221;lg&#8221; align=&#8221;center&#8221; el_class=&#8221;tours-button&#8221; link=&#8221;url:https%3A%2F%2Fwww.conference-expert.eu%2Fit%2Flef2019it%2Fen%2Fconferences%2Fs2%2F481-lions-2019-europaforum||target:%20_blank|&#8221;][\/vc_column_inner][\/vc_row_inner][vc_separator][vc_row_inner type=&#8221;boxed&#8221;][vc_column_inner width=&#8221;1\/3&#8243;][vc_single_image image=&#8221;2877&#8243; img_size=&#8221;full&#8221;][vc_column_text]<\/p>\n<p style=\"text-align: center;\"><span style=\"color: #3c64a4;\"><strong>CENTRO STORICO DI TALLINN ESCURSIONE A PIEDI<\/strong><\/span><\/p>\n<p class=\"Standard\" style=\"text-align: center;\"><span style=\"color: #3c64a4;\">4.10 Venerdi<\/span><br \/>\n<span style=\"color: #3c64a4;\">9.00-12.00 (3 ore)<\/span><br \/>\n<span style=\"color: #3c64a4;\">Passeggiata<\/span><br \/>\n<span style=\"color: #3c64a4;\">15 \u2013 20 per.\/per guida; min. 10 pers.<\/span><br \/>\n<span style=\"color: #3c64a4;\"><strong>Prezzo: 20 EUR\/per pers.<\/strong><\/span><\/p>\n<p>Il centro storico di Tallinn \u00e8 uno dei centri storici anseatici meglio conservati al mondo. A pochi passi troverai il centro affari della citt\u00e0 con torri moderne e hotel di lusso, quartieri alla moda e grandi centri commerciali.<\/p>\n<p>Il centro storico di Tallinn \u00e8 uno dei centri urbani anseatici meglio conservati al mondo. A pochi passi troverai il centro affari della citt\u00e0 con torri moderne e hotel di lusso, quartieri alla moda e grandi centri commerciali.<\/p>\n<p>Questo tour a piedi \u00e8 un ottimo modo per i visitatori che visitano Tallinn per la prima volta. Il tour a piedi vi porta attraverso il sito storico di Tallinn, Patrimonio dell&#8217;Umanit\u00e0 dell&#8217;UNESCO, con ingressi alla Cattedrale di Aleksander Nevskij e al Duomo (se possibile).<\/p>\n<p>Il tour termina in Piazza del Municipio (Town Hall Square).<\/p>\n<p><span style=\"color: #999999;\"><span style=\"font-size: 8pt;\">Foto di Kaupo Kalda,\u00a0visittallinn.ee\u00a0<\/span><\/span>[\/vc_column_text][vc_btn title=&#8221;Per registrarsi: Clicca qui!&#8221; color=&#8221;orange&#8221; size=&#8221;lg&#8221; align=&#8221;center&#8221; el_class=&#8221;tours-button&#8221; link=&#8221;url:https%3A%2F%2Fwww.conference-expert.eu%2Fit%2Flef2019it%2Fen%2Fconferences%2Fs2%2F481-lions-2019-europaforum||target:%20_blank|&#8221;][\/vc_column_inner][vc_column_inner width=&#8221;1\/3&#8243;][vc_single_image image=&#8221;250&#8243; img_size=&#8221;full&#8221;][vc_column_text]<\/p>\n<p style=\"text-align: center;\"><span style=\"color: #3c64a4;\"><strong>BOG WALK E SAGADI MANOR<\/strong><\/span><\/p>\n<p style=\"text-align: center;\"><span style=\"color: #3c64a4;\">5.10 Sabato<\/span><br \/>\n<span style=\"color: #3c64a4;\">9.30-16.00 (5,5-6 ore)<\/span><br \/>\n<span style=\"color: #3c64a4;\">Bus e Passeggiata<\/span><br \/>\n<span style=\"color: #3c64a4;\">min pers. 30<\/span><br \/>\n<span style=\"color: #3c64a4;\"><strong>Prezzo: 69EUR\/per pers.<\/strong><\/span><\/p>\n<p>Un tour in pullman di cinque ore a Lahemaa ti mostra la bellezza del paesaggio tipico dell&#8217;Estonia settentrionale: terre basse costiere, foreste di pini e sentieri rocciosi. A Lahemaa ci sono diversi manieri ben conservati del XVIII-XIX secolo, un grande esempio del loro genere a Estonia.<\/p>\n<p>La prima tappa \u00e8 la torbiera di Viru dove \u00e8 possibile effettuare escursioni su un sentiero di 3,5 km. Il sentiero introduce la vegetazione e le caratteristiche del terreno della palude in aumento in Estonia.<\/p>\n<p>La passerella della palude si snoda attraverso il paesaggio e si ferma con una torre panoramica che offre una panoramica panoramica del terreno paludoso.<\/p>\n<p>Il bellissimo complesso del maniero di Sagadi \u00e8 spesso chiamato Maniero pi\u00f9 signorile in Estonia. Il maniero ha edifici armoniosi con arcate bianche che circondano una grande piazza centrale, una splendida casa padronale del 18 \u00b0 secolo e uno stagno che simboleggia l&#8217;amore eterno di un signore del maniero.[\/vc_column_text][vc_btn title=&#8221;Per registrarsi: Clicca qui!&#8221; color=&#8221;orange&#8221; size=&#8221;lg&#8221; align=&#8221;center&#8221; el_class=&#8221;tours-button&#8221; link=&#8221;url:https%3A%2F%2Fwww.conference-expert.eu%2Fit%2Flef2019it%2Fen%2Fconferences%2Fs2%2F481-lions-2019-europaforum||target:%20_blank|&#8221;][\/vc_column_inner][vc_column_inner width=&#8221;1\/3&#8243;][vc_single_image image=&#8221;2870&#8243; img_size=&#8221;full&#8221;][vc_column_text]<\/p>\n<p style=\"text-align: center;\"><span style=\"color: #3c64a4;\"><strong>QUARTIERE HIPSTER DI KALAMAJA<\/strong><\/span><\/p>\n<p style=\"text-align: center;\"><span style=\"color: #3c64a4;\">4.10 Venerdi\/ 6.10 Domenica<\/span><br \/>\n<span style=\"color: #3c64a4;\">9.00-12.00 (2,5-3 ore)<\/span><br \/>\n<span style=\"color: #3c64a4;\">Bus e Passeggiata<\/span><br \/>\n<span style=\"color: #3c64a4;\">15 \u2013 20 per.\/per guida; min 10 pers.<\/span><br \/>\n<span style=\"color: #3c64a4;\"><strong>Prezzo: 49EUR\/per pers.<\/strong><\/span><\/p>\n<p>Questo piccolo e tranquillo quartiere appena fuori dal centro storico attira l&#8217;attenzione per i suoi colorati edifici in legno. Durante la maggior parte della storia di Tallinn, Kalamaja fu il principale porto peschereccio della citt\u00e0.<\/p>\n<p>Esplora il lato assolutamente diverso di Tallinn: annusa l&#8217;atmosfera bohemienna della citt\u00e0 creativa di Telliskivi, ammira le &#8220;Case di Tallinn&#8221; in legno e scopri i caff\u00e8 nascosti lungo la strada.<\/p>\n<p>Recentemente l&#8217;area ha assunto un&#8217;atmosfera bohemienne, diventando la residenza preferita per i giovani, i tipi creativi. \u00c8 la parte della citt\u00e0 in cui avrai la sensazione migliore dello stile di vita dei locali.<\/p>\n<p><span style=\"color: #999999;\"><span style=\"font-size: 8pt;\">Foto di Maret P\u00f5ldveer-Turay,\u00a0visittallinn.ee\u00a0<\/span><\/span>[\/vc_column_text][vc_btn title=&#8221;Per registrarsi: Clicca qui!&#8221; color=&#8221;orange&#8221; size=&#8221;lg&#8221; align=&#8221;center&#8221; el_class=&#8221;tours-button&#8221; link=&#8221;url:https%3A%2F%2Fwww.conference-expert.eu%2Fit%2Flef2019it%2Fen%2Fconferences%2Fs2%2F481-lions-2019-europaforum||target:%20_blank|&#8221;][\/vc_column_inner][vc_column_inner][vc_separator][\/vc_column_inner][\/vc_row_inner][vc_row_inner type=&#8221;boxed&#8221;][vc_column_inner width=&#8221;1\/2&#8243;][vc_single_image image=&#8221;2884&#8243; img_size=&#8221;full&#8221; alignment=&#8221;center&#8221;][vc_column_text]<\/p>\n<p style=\"text-align: center;\"><span style=\"color: #3c64a4;\"><strong>PARCO KADRIORG E MUSEO DELL\u2019ARTE KADRIORG <\/strong><\/span><\/p>\n<p style=\"text-align: center;\"><span style=\"color: #3c64a4;\">4.10 Venerdi\/ 6.10 Domenica<\/span><br \/>\n<span style=\"color: #3c64a4;\">9.00-12.00 (2,5-3 ore)<\/span><br \/>\n<span style=\"color: #3c64a4;\">15 \u2013 20 per.\/per guida; min 10 pers.<\/span><br \/>\n<span style=\"color: #3c64a4;\"><strong>Prezzo: 40EUR\/per pers.<\/strong><\/span><\/p>\n<p>Arricchisci la tua conoscenza del ricco patrimonio artistico dell&#8217;Estonia in un tour artistico di Tallinn. Accompagnati da una guida esperta, ti immergerai nello splendore verdeggiante del parco e del palazzo di Kadriorg, sede di un&#8217;impressionante collezione d&#8217;arte. Ammira una gamma di arte internazionale e ottieni affascinanti informazioni sul contesto storico e culturale di opere significative. Apprezzo gli stili architettonici contrastanti di ogni museo.<\/p>\n<p><span style=\"color: #999999;\"><span style=\"font-size: 8pt;\">Foto di Kadi-Liis Koppel,\u00a0visittallinn.ee<\/span><\/span>[\/vc_column_text][vc_btn title=&#8221;Per registrarsi: Clicca qui!&#8221; color=&#8221;orange&#8221; size=&#8221;lg&#8221; align=&#8221;center&#8221; el_class=&#8221;tours-button&#8221; link=&#8221;url:https%3A%2F%2Fwww.conference-expert.eu%2Fit%2Flef2019it%2Fen%2Fconferences%2Fs2%2F481-lions-2019-europaforum||target:%20_blank|&#8221;][\/vc_column_inner][vc_column_inner width=&#8221;1\/2&#8243;][vc_single_image image=&#8221;3331&#8243; img_size=&#8221;full&#8221; alignment=&#8221;center&#8221;][vc_column_text]<\/p>\n<p style=\"text-align: center;\"><span style=\"color: #3c64a4;\"><strong>TOUR DEL DESIGN ESTONE<\/strong><\/span><\/p>\n<p style=\"text-align: center;\"><span style=\"color: #3c64a4;\">5.10 Sabato<\/span><br \/>\n<span style=\"color: #3c64a4;\">10.30-14.30 (4 ore)<\/span><br \/>\n<span style=\"color: #3c64a4;\">tour guidato a piedi<\/span><br \/>\n<span style=\"color: #3c64a4;\">15 \u2013 20 per.\/per guida; min 10 pers.<\/span><br \/>\n<span style=\"color: #3c64a4;\"><strong>Prezzo: 30EUR\/per pers.<\/strong><\/span><\/p>\n<p>Avrai l&#8217;opportunit\u00e0 UNICA di dare un&#8217;occhiata al MONDO DELLA MODA estone!<\/p>\n<p>O vuoi vedere abiti firmati D\u2019ALTA CLASSE o pi\u00f9 abiti da giovani designer ALTERNATIVI, puoi trovare tutto comodamente nella parte centrale di Tallinn.<\/p>\n<p>Durante questo tour vi offriamo l&#8217;opportunit\u00e0 di avere un incontro privato con i designer locali, visitare diversi showroom, boutique, studi e grandi centri di moda a Tallinn.<\/p>\n<p><span style=\"color: #999999; font-size: 8pt;\">Foto di Kr\u00f5\u00f5t Tarkmeel, visittallinn.ee<\/span>[\/vc_column_text][vc_btn title=&#8221;Per registrarsi: Clicca qui!&#8221; color=&#8221;orange&#8221; size=&#8221;lg&#8221; align=&#8221;center&#8221; el_class=&#8221;tours-button&#8221; link=&#8221;url:https%3A%2F%2Fwww.conference-expert.eu%2Fit%2Flef2019it%2Fen%2Fconferences%2Fs2%2F481-lions-2019-europaforum||target:%20_blank|&#8221;][\/vc_column_inner][\/vc_row_inner][\/vc_column][\/vc_row]<\/p>\n","protected":false},"excerpt":{"rendered":"<p>[vc_row css=&#8221;.vc_custom_1530193633877{background-color: #ffffff !important;}&#8221;][vc_column][vc_row_inner type=&#8221;boxed&#8221;][vc_column_inner width=&#8221;1\/2&#8243;][vc_single_image image=&#8221;562&#8243; img_size=&#8221;full&#8221; alignment=&#8221;center&#8221;][vc_column_text] LEO BIRGITH TI INVITA 3 GIORNI PRIMA DEL FORUM A FARE IL GIRO DI TARTU-CITT\u00c1 UNIVERSITARIA! 1-3 ottobre 2019 Sulla strada per Tartu visiteremo il Parco Nazionale di Lahemaa, che rappresenta un&#8217;autentica degustazione di paesaggi naturali e culturali in Estonia, Rakvere con le sue imponenti rovine [&hellip;]<\/p>\n","protected":false},"author":2,"featured_media":0,"parent":0,"menu_order":0,"comment_status":"closed","ping_status":"closed","template":"page-full-width.php","meta":[],"categories":[],"tags":[],"_links":{"self":[{"href":"https:\/\/www.europaforum2019.ee\/it\/wp-json\/wp\/v2\/pages\/2032"}],"collection":[{"href":"https:\/\/www.europaforum2019.ee\/it\/wp-json\/wp\/v2\/pages"}],"about":[{"href":"https:\/\/www.europaforum2019.ee\/it\/wp-json\/wp\/v2\/types\/page"}],"author":[{"embeddable":true,"href":"https:\/\/www.europaforum2019.ee\/it\/wp-json\/wp\/v2\/users\/2"}],"replies":[{"embeddable":true,"href":"https:\/\/www.europaforum2019.ee\/it\/wp-json\/wp\/v2\/comments?post=2032"}],"version-history":[{"count":27,"href":"https:\/\/www.europaforum2019.ee\/it\/wp-json\/wp\/v2\/pages\/2032\/revisions"}],"predecessor-version":[{"id":8326,"href":"https:\/\/www.europaforum2019.ee\/it\/wp-json\/wp\/v2\/pages\/2032\/revisions\/8326"}],"wp:attachment":[{"href":"https:\/\/www.europaforum2019.ee\/it\/wp-json\/wp\/v2\/media?parent=2032"}],"wp:term":[{"taxonomy":"category","embeddable":true,"href":"https:\/\/www.europaforum2019.ee\/it\/wp-json\/wp\/v2\/categories?post=2032"},{"taxonomy":"post_tag","embeddable":true,"href":"https:\/\/www.europaforum2019.ee\/it\/wp-json\/wp\/v2\/tags?post=2032"}],"curies":[{"name":"wp","href":"https:\/\/api.w.org\/{rel}","templated":true}]}}