{"id":2013,"date":"2018-10-08T16:43:19","date_gmt":"2018-10-08T16:43:19","guid":{"rendered":"http:\/\/www.europaforum2019.ee\/arendamisel\/?page_id=2013"},"modified":"2019-09-03T20:04:31","modified_gmt":"2019-09-03T20:04:31","slug":"consiglio-europeo","status":"publish","type":"page","link":"https:\/\/www.europaforum2019.ee\/it\/consiglio-europeo\/","title":{"rendered":"Consiglio Europeo"},"content":{"rendered":"<p>[vc_row css=&#8221;.vc_custom_1528724670702{background-color: #f5f3f2 !important;}&#8221;][vc_column][vc_row_inner type=&#8221;boxed&#8221;][vc_column_inner][vc_column_text]<\/p>\n<h2><span style=\"color: #3c64a4;\"><strong>CONSIGLIO EUROPEO<\/strong><\/span><\/h2>\n<p><strong>Questa pagina sar\u00e0 quindi aggiornata secondo l\u2019ordine del giorno finale nel luglio 2019.<\/strong><\/p>\n<p><span style=\"color: #3c64a4;\"><strong>EF2019 Consiglio europeo incontro I<\/strong><\/span><br \/>\n<span style=\"color: #3c64a4;\"><strong>sabato mattina, 5 Ottobre, 2019 a Sala Alexela Concert Hall (Sala Concerti), Tallinn<\/strong><\/span><\/p>\n<p>Secondo le regole del regolamento di procedure del Forum Europeo, il Consiglio europeo \u00e8 l&#8217;organismo per la formazione e il controllo della politica del forum.<\/p>\n<p>\u00c8 composto da un delegato votante per ciascun membro. L&#8217;Organizzazione dei Lions in qualsiasi Paese o Stato appartenente all&#8217;Area Costituzionale dell&#8217;Europa pu\u00f2 diventare Membro del Forum Europeo, a condizione che la sua adesione sia stata approvata dal Consiglio europeo.<\/p>\n<p>L&#8217;ordine del giorno delle riunioni del Consiglio sar\u00e0 determinato dal presidente del forum, sulla base di progetti di risoluzioni ricevuti dai membri e della riunione di febbraio del comitato di vigilanza.<\/p>\n<p>Le bozze di risoluzione devono essere inviate in lingua inglese al presidente del forum, con copia all&#8217;archivista e consulente, <strong>entro il 15 giugno.<\/strong><\/p>\n<p>Il Presidente del Forum pubblicher\u00e0 questi stessi progetti di risoluzione sul portale web, con una e-mail ai membri, <strong>entro il 31 luglio<\/strong>, per prepararli adeguatamente alla discussione e al voto<\/p>\n<p>La riunione del Consiglio europeo \u00e8 aperta a tutti i Lions.<\/p>\n<p>Tuttavia, solo un delegato debitamente nominato per membro sar\u00e0 autorizzato a votare.<\/p>\n<p>Il Consiglio \u00e8 presieduto dal presidente del forum, assistito dal Vicepresidente, dal segretario del forum e dal segretario generale e dal Segretario Generale.<\/p>\n<p>&nbsp;<\/p>\n<p><strong><span style=\"color: #3c64a4;\">EF2019 riunione del Consiglio europe \u2013 Discussioni<\/span><\/strong><br \/>\n<strong><span style=\"color: #3c64a4;\">Sabato sera, 5 Ottobre 2019 a Nordic Hotel Forum, Tallinn<\/span><\/strong><\/p>\n<p>Lo scopo di questo incontro sono udienze informali e discussioni aperte, al fine di preparare le decisioni da prendere il giorno successivo.<\/p>\n<p>Le risoluzioni possono essere modificate o ritirate e possono essere richieste ulteriori informazioni. Tuttavia, nessuna nuova risoluzione pu\u00f2 essere mossa in questo momento<\/p>\n<p>Tutti i documenti e le ulteriori informazioni richieste saranno disponibili su questa pagina dopo le riunioni del Consiglio.<\/p>\n<p>Questo incontro \u00e8 aperto a tutti i Lions.<\/p>\n<p>L&#8217;incontro sar\u00e0 presieduto dal Presidente del Forum, coadiuvato dal Vicepresidente, dal Segretario del Forum e dal Segretario Generale e A&amp;A.<\/p>\n<ul>\n<li><span style=\"color: #3c64a4;\"><a style=\"color: #3c64a4;\" href=\"https:\/\/www.europaforum2019.ee\/wp-content\/uploads\/2019\/09\/MD111_Resolution-I-Budget-surcharge-for-the-Europa-Forum.pdf\">MD111_Resolution I &#8211; Budget surcharge for the Europa Forum<\/a><\/span><\/li>\n<li><span style=\"color: #3c64a4;\"><a style=\"color: #3c64a4;\" href=\"https:\/\/www.europaforum2019.ee\/wp-content\/uploads\/2019\/09\/MD111_Resolution-II-Criteria-and-requirements-for-multiple-district-and-district-application-and-selection-as-well-as-the-venue-for-conducting-a-Europa-Forum.pdf\">MD111_Resolution II &#8211; Criteria and requirements for multiple-district and district application and selection as well as the venue for conducting a Europa Forum<\/a><\/span><\/li>\n<li><span style=\"color: #3c64a4;\"><a style=\"color: #3c64a4;\" href=\"https:\/\/www.europaforum2019.ee\/wp-content\/uploads\/2019\/09\/MD111_Resolution-III-Reinforcement-of-the-position-of-the-Chair-of-the-Supervisory-Committee-at-the-Europa-Forum.pdf\">MD111_Resolution III &#8211; Reinforcement of the position of the Chair of the Supervisory Committee at the Europa Forum<\/a><\/span><\/li>\n<li><span style=\"color: #3c64a4;\"><a style=\"color: #3c64a4;\" href=\"https:\/\/www.europaforum2019.ee\/wp-content\/uploads\/2019\/09\/MD111_Resolution-IV-Attatchment_Rules-of-Procedure-in-the-WaSH-Working-Group.pdf\">MD111_Resolution IV &#8211; Attatchment_Rules of Procedure in the WaSH Working Group<\/a><\/span><\/li>\n<li><span style=\"color: #3c64a4;\"><a style=\"color: #3c64a4;\" href=\"https:\/\/www.europaforum2019.ee\/wp-content\/uploads\/2019\/09\/MD111_Resolution-IV-Rules-of-Procedure-in-the-WaSH-Working-Group.pdf\">MD111_Resolution IV &#8211; Rules of Procedure in the WaSH Working Group<\/a><\/span><\/li>\n<\/ul>\n<p>&nbsp;<\/p>\n<p><span style=\"color: #3c64a4;\"><strong>Consiglio europeo riunione II<\/strong><\/span><br \/>\n<span style=\"color: #3c64a4;\"><strong>Domenica mattina, 6 Ottobre 2019 a Alexela Concert Hall (Sala Concerti)<\/strong><\/span><\/p>\n<p>Poich\u00e9 le udienze informali e le discussioni aperte si sono svolte il giorno precedente, questo incontro dovrebbe concentrarsi sul voto delle risoluzioni e delle elezioni all&#8217;ordine del giorno. A meno che nel frattempo non siano giunte nuove informazioni rilevanti, le discussioni non sono opportune.<\/p>\n<p>Nessuna nuova risoluzione pu\u00f2 essere mossa in questo momento.<\/p>\n<p>Oltre all\u2019ordine del giorno, a seguito di un seminario, un presidente di seminario pu\u00f2 presentare una proposta, al pi\u00f9 tardi alle 18:00 del giorno precedente, e richiedere una votazione consultiva. Non sono consentiti pi\u00f9 di 3 minuti per la presentazione di tale proposta.<\/p>\n<p>L&#8217;ordine del giorno finale sar\u00e0 disponibile su questa pagina dopo la riunione di discussione del Consiglio.<\/p>\n<p>Questo incontro si svolger\u00e0 nell&#8217;auditorium principale ed \u00e8 aperto a tutti i Lions. Tuttavia, solo un delegato debitamente nominato per membro sar\u00e0 autorizzato a parlare e votare.<br \/>\nL&#8217;incontro sar\u00e0 presieduto dal Presidente del Forum, coadiuvato dal Vicepresidente, dal Segretario del Forum e dal Segretario Generale.<\/p>\n<p>Si applica l&#8217;articolo V del regolamento di procedura.[\/vc_column_text][\/vc_column_inner][\/vc_row_inner][\/vc_column][\/vc_row][vc_row css=&#8221;.vc_custom_1528789133475{background-color: #fdc924 !important;}&#8221;][vc_column][\/vc_column][\/vc_row]<\/p>\n","protected":false},"excerpt":{"rendered":"<p>[vc_row css=&#8221;.vc_custom_1528724670702{background-color: #f5f3f2 !important;}&#8221;][vc_column][vc_row_inner type=&#8221;boxed&#8221;][vc_column_inner][vc_column_text] CONSIGLIO EUROPEO Questa pagina sar\u00e0 quindi aggiornata secondo l\u2019ordine del giorno finale nel luglio 2019. EF2019 Consiglio europeo incontro I sabato mattina, 5 Ottobre, 2019 a Sala Alexela Concert Hall (Sala Concerti), Tallinn Secondo le regole del regolamento di procedure del Forum Europeo, il Consiglio europeo \u00e8 l&#8217;organismo per la [&hellip;]<\/p>\n","protected":false},"author":2,"featured_media":0,"parent":0,"menu_order":0,"comment_status":"closed","ping_status":"closed","template":"page-full-width.php","meta":[],"categories":[37],"tags":[],"_links":{"self":[{"href":"https:\/\/www.europaforum2019.ee\/it\/wp-json\/wp\/v2\/pages\/2013"}],"collection":[{"href":"https:\/\/www.europaforum2019.ee\/it\/wp-json\/wp\/v2\/pages"}],"about":[{"href":"https:\/\/www.europaforum2019.ee\/it\/wp-json\/wp\/v2\/types\/page"}],"author":[{"embeddable":true,"href":"https:\/\/www.europaforum2019.ee\/it\/wp-json\/wp\/v2\/users\/2"}],"replies":[{"embeddable":true,"href":"https:\/\/www.europaforum2019.ee\/it\/wp-json\/wp\/v2\/comments?post=2013"}],"version-history":[{"count":10,"href":"https:\/\/www.europaforum2019.ee\/it\/wp-json\/wp\/v2\/pages\/2013\/revisions"}],"predecessor-version":[{"id":7802,"href":"https:\/\/www.europaforum2019.ee\/it\/wp-json\/wp\/v2\/pages\/2013\/revisions\/7802"}],"wp:attachment":[{"href":"https:\/\/www.europaforum2019.ee\/it\/wp-json\/wp\/v2\/media?parent=2013"}],"wp:term":[{"taxonomy":"category","embeddable":true,"href":"https:\/\/www.europaforum2019.ee\/it\/wp-json\/wp\/v2\/categories?post=2013"},{"taxonomy":"post_tag","embeddable":true,"href":"https:\/\/www.europaforum2019.ee\/it\/wp-json\/wp\/v2\/tags?post=2013"}],"curies":[{"name":"wp","href":"https:\/\/api.w.org\/{rel}","templated":true}]}}