{"id":2008,"date":"2018-10-08T16:31:00","date_gmt":"2018-10-08T16:31:00","guid":{"rendered":"http:\/\/www.europaforum2019.ee\/arendamisel\/?page_id=2008"},"modified":"2019-04-06T21:20:27","modified_gmt":"2019-04-06T21:20:27","slug":"comitato-di-vigilanza","status":"publish","type":"page","link":"https:\/\/www.europaforum2019.ee\/it\/comitato-di-vigilanza\/","title":{"rendered":"Comitato di Vigilanza"},"content":{"rendered":"<p>[vc_row css=&#8221;.vc_custom_1528724670702{background-color: #f5f3f2 !important;}&#8221;][vc_column width=&#8221;2\/3&#8243;][vc_row_inner type=&#8221;boxed&#8221;][vc_column_inner][vc_column_text]<\/p>\n<h2><strong><span style=\"color: #3c64a4;\">COMITATO DI VIGILANZA<br \/>\n<\/span><\/strong><\/h2>\n<p><strong><span style=\"color: #3c64a4;\">ID Heimo Potinkara, EF2019 Direttore Internazionale nominato<\/span><\/strong><br \/>\nUno dei direttori internazionali abilitato dall&#8217;Europa che il Presidente Internazionale delle Associazioni ha nominato per supervisionare il Forum Europeo. Egli assumer\u00e0 le sue funzioni all&#8217;aggiornamento del Forum (in occasione della riunione facoltativa del Comitato di vigilanza) precedente a quello per il quale dovr\u00e0 servire e il mandato cesser\u00e0 con l&#8217;aggiornamento del Forum.<\/p>\n<p><strong><span style=\"color: #3c64a4;\">PID Phil Nathan, EF Consulente e Archivista 2017-2022 (appresso denominato: A&amp;A)<\/span><\/strong><br \/>\nEletto per cinque anni dal Consiglio europeo. Le sue funzioni comprendono il controllo di tutte le decisioni prese e l&#8217;attivit\u00e0 di consulente dei comitati di sorveglianza e di accoglienza. L&#8217;A &amp; A sar\u00e0 la coscienza vivente e la continuit\u00e0 incarnata del Forum Europeo. Deve assicurarsi che le decisioni prese siano correttamente applicate negli anni successivi.<\/p>\n<p><span style=\"color: #3c64a4;\"><strong>PCC Peter Brandenburg, Ragioniere del Forum Europeo 2017-2022 <\/strong><\/span><br \/>\nEletto per cinque anni dal Consiglio europeo, le sue funzioni comprendono il controllo delle spese del Forum e la loro messa in prospettiva con quelle dei precedenti Fora.<\/p>\n<p><strong><span style=\"color: #3c64a4;\">Comitato di sorveglianza (SC)<\/span><\/strong><br \/>\nIl suo obiettivo principale \u00e8 quello di supervisionare la logistica, l&#8217;amministrazione, eventuali questioni finanziarie e il contenuto del Forum Europa. Inoltre, l&#8217;obbligo dei Comitati di sorveglianza \u00e8 di assicurare che il Forum Europa sia conforme al Manuale della politica del Consiglio di amministrazione. Il comitato di sorveglianza comprende le seguenti funzioni:<\/p>\n<p><strong><span style=\"color: #3c64a4;\">Membei di EF2019 Comitato di Sorveglianza:<\/span><\/strong><br \/>\n\u2022 ID Heimo Potinkara, Direttore internazionale nominato, Europa Forum 2019 , presidente del Comitato di Sorveglianza<br \/>\n\u2022 PID Kalle Elster, Presidente EF2019<br \/>\n\u2022 PID George Papas, Vicepresidente, Presidente EF2020 \/ tbc<br \/>\n\u2022 1.VDG M\u00e4rt Viileberg, Direttore del programma EF2019<br \/>\n\u2022 PDG George Savvides, Direttore del programma EF2020 \/ tbc<br \/>\n\u2022 PID Phil Nathan, EF Consulente &amp; Archivista<\/p>\n<p><strong><span style=\"color: #3c64a4;\">Invitati alle riunioni:<\/span><\/strong><br \/>\n\u2022 PCC Peter Brandenburg, Ragioniere del FE<br \/>\n\u2022 Ingo Brookman, LEMC<br \/>\n\u2022Pompillia Szellner, Giovane Ambasciatore del FE<br \/>\n\u2022 Madis Sinij\u00e4rv, Segretario Generale EF2019<br \/>\n\u2022 Tiina Mirka, Tesoriere EF2019<br \/>\n\u2022 Anneli Pilliroog, Responsabile del programma eventi EF2019<br \/>\n\u2022 Mari-Liis Vihul, Responsabile Web EF2019<br \/>\n\u2022 DG Arvi Perv, Volontari EF2019<br \/>\n\u2022 Margus Malla, Scambio di giovani EF2019<br \/>\n\u2022 IPDG Ragnar L\u00f5ivukene \u2013 Competizione dei giovani musicisti<\/p>\n<p>Il Comitato di sorveglianza organizza i lavori a propria discrezione e in base a un calendario;<br \/>\n1. Incontro ufficiale SC nell&#8217;ottobre 2018 a Skopje EF<br \/>\n2. Incontro ufficiale SC nel febbraio 2019 a Tallinn.<\/p>\n<p>Durante questa riunione, i membri del Comitato ospitante saranno invitati, a seconda dei casi (ad es. il presidente del concorso Thomas Kuti, ecc.) A titolo gratuito al comitato ospitante o al forum.<\/p>\n<p>Se l&#8217;ID designato e l&#8217;A &amp; A lo ritengono necessario, \u00e8 possibile organizzare un ulteriore incontro con il Presidente del Forum e i membri del Comitato di alto livello.<\/p>\n<p>Il comitato di sorveglianza pu\u00f2 anche decidere di condurre riunioni presso la sede del Forum, prima e dopo il Forum.[\/vc_column_text][\/vc_column_inner][vc_column_inner][\/vc_column_inner][\/vc_row_inner][\/vc_column][vc_column width=&#8221;1\/3&#8243;][vc_single_image image=&#8221;904&#8243; img_size=&#8221;full&#8221;][vc_column_text]ID Heimo Potinkara[\/vc_column_text][vc_single_image image=&#8221;790&#8243; img_size=&#8221;full&#8221;][vc_column_text]PID Phil Nathan[\/vc_column_text][vc_single_image image=&#8221;707&#8243; img_size=&#8221;full&#8221;][vc_column_text]PCC Peter Brandenburg[\/vc_column_text][\/vc_column][\/vc_row][vc_row css=&#8221;.vc_custom_1528789133475{background-color: #fdc924 !important;}&#8221;][vc_column][\/vc_column][\/vc_row]<\/p>\n","protected":false},"excerpt":{"rendered":"<p>[vc_row css=&#8221;.vc_custom_1528724670702{background-color: #f5f3f2 !important;}&#8221;][vc_column width=&#8221;2\/3&#8243;][vc_row_inner type=&#8221;boxed&#8221;][vc_column_inner][vc_column_text] COMITATO DI VIGILANZA ID Heimo Potinkara, EF2019 Direttore Internazionale nominato Uno dei direttori internazionali abilitato dall&#8217;Europa che il Presidente Internazionale delle Associazioni ha nominato per supervisionare il Forum Europeo. Egli assumer\u00e0 le sue funzioni all&#8217;aggiornamento del Forum (in occasione della riunione facoltativa del Comitato di vigilanza) precedente a quello [&hellip;]<\/p>\n","protected":false},"author":2,"featured_media":0,"parent":0,"menu_order":0,"comment_status":"closed","ping_status":"closed","template":"page-full-width.php","meta":[],"categories":[],"tags":[],"_links":{"self":[{"href":"https:\/\/www.europaforum2019.ee\/it\/wp-json\/wp\/v2\/pages\/2008"}],"collection":[{"href":"https:\/\/www.europaforum2019.ee\/it\/wp-json\/wp\/v2\/pages"}],"about":[{"href":"https:\/\/www.europaforum2019.ee\/it\/wp-json\/wp\/v2\/types\/page"}],"author":[{"embeddable":true,"href":"https:\/\/www.europaforum2019.ee\/it\/wp-json\/wp\/v2\/users\/2"}],"replies":[{"embeddable":true,"href":"https:\/\/www.europaforum2019.ee\/it\/wp-json\/wp\/v2\/comments?post=2008"}],"version-history":[{"count":14,"href":"https:\/\/www.europaforum2019.ee\/it\/wp-json\/wp\/v2\/pages\/2008\/revisions"}],"predecessor-version":[{"id":5700,"href":"https:\/\/www.europaforum2019.ee\/it\/wp-json\/wp\/v2\/pages\/2008\/revisions\/5700"}],"wp:attachment":[{"href":"https:\/\/www.europaforum2019.ee\/it\/wp-json\/wp\/v2\/media?parent=2008"}],"wp:term":[{"taxonomy":"category","embeddable":true,"href":"https:\/\/www.europaforum2019.ee\/it\/wp-json\/wp\/v2\/categories?post=2008"},{"taxonomy":"post_tag","embeddable":true,"href":"https:\/\/www.europaforum2019.ee\/it\/wp-json\/wp\/v2\/tags?post=2008"}],"curies":[{"name":"wp","href":"https:\/\/api.w.org\/{rel}","templated":true}]}}