{"id":1981,"date":"2018-10-08T05:58:50","date_gmt":"2018-10-08T05:58:50","guid":{"rendered":"http:\/\/www.europaforum2019.ee\/arendamisel\/?page_id=1981"},"modified":"2019-09-21T16:30:21","modified_gmt":"2019-09-21T16:30:21","slug":"utile","status":"publish","type":"page","link":"https:\/\/www.europaforum2019.ee\/it\/utile\/","title":{"rendered":"Utile"},"content":{"rendered":"<p>[vc_row css=&#8221;.vc_custom_1528972718435{background-image: url(https:\/\/www.europaforum2019.ee\/wp-content\/uploads\/2018\/06\/inimesed2.jpg?id=134) !important;background-position: center !important;background-repeat: no-repeat !important;background-size: cover !important;}&#8221;][vc_column][vc_single_image image=&#8221;4349&#8243; img_size=&#8221;full&#8221; alignment=&#8221;right&#8221; el_class=&#8221;header-pilt&#8221;][\/vc_column][\/vc_row][vc_row css=&#8221;.vc_custom_1528724670702{background-color: #f5f3f2 !important;}&#8221;][vc_column][vc_row_inner type=&#8221;boxed&#8221;][vc_column_inner][vc_column_text]<strong><span style=\"color: #3c64a4;\">LIONS CLUB INTERNATIONAL (LCI)<\/span><\/strong><\/p>\n<p>La pi\u00f9 grande organizzazione di club di servizio al mondo.<br \/>\nI nostri 48.000 club e 1,5 milioni di membri ci rendono la pi\u00f9 grande organizzazione di club di assistenza al mondo. Siamo anche una delle pi\u00f9 efficaci.<\/p>\n<p><span style=\"color: #3c64a4;\"><strong>IL NOSTRO PRESIDENTE INTERNAZIONALE<\/strong><\/span><\/p>\n<p>Lion da oltre 40 anni, il Presidente Internazionale <span style=\"color: #000000;\">Choi<\/span> \u00e8 un leader esemplare. La sua carriera e la sua vita sono state caratterizzate da una grande etica professionale e da una grande dedizione al superamento delle diversit\u00e0, al contatto con la gente e all\u2019inclusione, per il raggiungimento di una totale armonia.<\/p>\n<p><span style=\"color: #3c64a4;\"><strong>La diversit\u00e0 per realizzare ancora di pi\u00f9<\/strong><\/span><\/p>\n<p>Lions non si limitano a servire il mondo ma lo rappresentano.\u00a0\u00a0 Nell\u2019anno del Presidente Choi riuniremo i club e le comunit\u00e0 di tutto il mondo perch\u00e9, insieme, possiamo realizzare opere umanitarie ancora pi\u00f9 grandi.<\/p>\n<p><span style=\"color: #3c64a4;\"><strong>I diversi modi di servire<\/strong><\/span><\/p>\n<p>I programmi e le iniziative del Presidente Internazionale Choi saranno incentrati sui quattro elementi chiave di Lions International che sono alla base della nostra missione di servizio.<\/p>\n<ol>\n<li>Rafforzare l\u2019associazione attraverso la diversit\u00e0<\/li>\n<li>Accrescere l&#8217;impatto del Service nel mondo<\/li>\n<li>Supportare la nostra Fondazione (LCIF)<\/li>\n<li>Consentire a tutti i Lions di diventare dei leader<\/li>\n<\/ol>\n<p><a href=\"https:\/\/www.lionsclubs.org\/it\/discover-our-clubs\/presidential-theme\" target=\"_blank\" rel=\"noopener\"><span class=\"tlid-translation translation\" lang=\"it\"><span class=\"\" title=\"\"><span style=\"color: #3c64a4;\">Leggi di pi\u00f9\u2026<\/span><\/span><\/span><\/a><\/p>\n<p><span style=\"color: #3c64a4;\"><strong>FONDAZIONE INTERNAZIONALE<span style=\"color: #3c64a4;\"> DEI CL<\/span>UB DI LIONS (LCIF)<\/strong><\/span><br \/>\nOgni giorno, LCIF lavora per realizzare la nostra missione: &#8220;Sostenere gli sforzi dei Lions club e dei partner nel servire le comunit\u00e0 a livello locale e globale, dando speranza e incidendo sulla vita attraverso progetti di assistenza umanitaria e sovvenzioni&#8221;.<br \/>\nSin dalla nostra fondazione nel 1968, abbiamo cercato di sostenere gli obiettivi dei servizi umanitari Lions in tutto il mondo, assegnando oltre 13.000 sussidi per un totale di oltre 1 miliardo di dollari, nelle quattro aree chiave della vista, della giovent\u00f9, dei soccorsi e di altri aiuti umanitari.<\/p>\n<p><strong><span style=\"color: #3c64a4;\"><a style=\"color: #3c64a4;\" href=\"http:\/\/www.lcif.org\/IT\/our-work\/sight\/index.php\">Doniamo la vista<\/a><\/span><\/strong>. LCIF fornisce una visione per coloro che ne hanno bisogno in tutto il mondo, combattendo le malattie degli occhi, creando infrastrutture per migliorare l&#8217;assistenza oculistica, aumentando il numero di professionisti qualificati per gli occhi e rendendo la cura della vista pi\u00f9 equa e sostenibile.<\/p>\n<p><strong><span style=\"color: #3c64a4;\"><a style=\"color: #3c64a4;\" href=\"http:\/\/www.lcif.org\/IT\/our-work\/youth\/index.php\">Sosteniamo la giovent\u00f9<\/a><\/span><\/strong>. Tutti i giovani meritano di ricevere un&#8217;educazione, sentirsi accuditi e sperimentare uno sviluppo sano, in modo che possano avere la possibilit\u00e0 di realizzare i propri sogni. Attraverso il nostro <strong><span style=\"color: #3c64a4;\"><a style=\"color: #3c64a4;\" href=\"http:\/\/www.lcif.org\/IT\/our-work\/youth\/index.php\">programma di sviluppo giovanile positivo<\/a><\/span><\/strong>, Lions Quest, LCIF aiuta a bambini a imparare a lavorare insieme, prendere decisioni positive e servire le loro comunit\u00e0.Inoltre, la Fondazione sostiene i giovani attraverso la costruzione delle scuole, centri giovanili e centri di formazione professionale.<\/p>\n<p><span style=\"color: #3c64a4;\"><strong><a style=\"color: #3c64a4;\" href=\"http:\/\/www.lcif.org\/IT\/our-work\/disaster-relief\/index.php\">Forniamo assistenza in caso di calamit\u00e0<\/a><\/strong><\/span>. I Lions sono spesso tra i primi ad arrivare a un disastro per fornire assistenza e il supporto della Fondazione \u00e8 proprio l\u00ec con loro. Aiutiamo le comunit\u00e0 devastate a sopravvivere dopo i disastri e portare speranza aiutando negli sforzi a lungo termine di ricostruzione di case e vite.<\/p>\n<p><a href=\"http:\/\/www.lcif.org\/IT\/our-work\/humanitarian-efforts\/index.php\"><strong><span style=\"color: #3c64a4;\">Affrontiamo i bisogni umanitari<\/span><\/strong><\/a>. Dal lavoro per combattere le questioni di salute globale come il morbillo e il diabete, per consentire alle persone con disabilit\u00e0 di condurre una vita pi\u00f9 indipendente e soddisfacente, LCIF \u00e8 dedicata a una serie di progetti di servizi umanitari. La Fondazione continua a sviluppare ed espandere programmi che soddisfano le esigenze emergenti in tutto il mondo.<\/p>\n<p>Scopri di pi\u00f9 cliccando sui link qui sotto:<\/p>\n<ul>\n<li><span style=\"color: #3c64a4;\"><a style=\"color: #3c64a4;\" href=\"http:\/\/www.lionsclubs.org\/IT\/index.php\">Club Internazionale dei Lions<\/a><\/span><\/li>\n<li><span style=\"color: #3c64a4;\"><a style=\"color: #3c64a4;\" href=\"http:\/\/www.lcif.org\/IT\/index.php\">Fondazione Internazionale dei Club dei Lions<\/a><\/span><\/li>\n<li><span style=\"color: #3c64a4;\"><a style=\"color: #3c64a4;\" href=\"http:\/\/lions100.lionsclubs.org\/IT\/\">Lions 100<\/a><\/span><\/li>\n<li><span style=\"color: #3c64a4;\"><a style=\"color: #3c64a4;\" href=\"https:\/\/www.europaforum2019.ee\/wp-content\/uploads\/2019\/02\/Rules-of-procedures-EF.pdf\">Regole di procedure del Forum Europeo<\/a><\/span><\/li>\n<li><span style=\"color: #3c64a4;\"><a style=\"color: #3c64a4;\" href=\"https:\/\/www.europaforum2019.ee\/wp-content\/uploads\/2018\/09\/List-of-Europa-Forums.pdf\">Lista dei Forum Europa<\/a><\/span><\/li>\n<li><a href=\"https:\/\/www.europaforum2019.ee\/wp-content\/uploads\/2018\/06\/History-of-the-Europa-Forum.pdf\"><span style=\"color: #3c64a4;\">Storia del Forum Europa<\/span><\/a><\/li>\n<\/ul>\n<p>[\/vc_column_text][\/vc_column_inner][\/vc_row_inner][\/vc_column][\/vc_row]<\/p>\n","protected":false},"excerpt":{"rendered":"<p>[vc_row css=&#8221;.vc_custom_1528972718435{background-image: url(https:\/\/www.europaforum2019.ee\/wp-content\/uploads\/2018\/06\/inimesed2.jpg?id=134) !important;background-position: center !important;background-repeat: no-repeat !important;background-size: cover !important;}&#8221;][vc_column][vc_single_image image=&#8221;4349&#8243; img_size=&#8221;full&#8221; alignment=&#8221;right&#8221; el_class=&#8221;header-pilt&#8221;][\/vc_column][\/vc_row][vc_row css=&#8221;.vc_custom_1528724670702{background-color: #f5f3f2 !important;}&#8221;][vc_column][vc_row_inner type=&#8221;boxed&#8221;][vc_column_inner][vc_column_text]LIONS CLUB INTERNATIONAL (LCI) La pi\u00f9 grande organizzazione di club di servizio al mondo. I nostri 48.000 club e 1,5 milioni di membri ci rendono la pi\u00f9 grande organizzazione di club di assistenza al mondo. Siamo anche una [&hellip;]<\/p>\n","protected":false},"author":2,"featured_media":0,"parent":0,"menu_order":0,"comment_status":"closed","ping_status":"closed","template":"page-full-width.php","meta":[],"categories":[],"tags":[],"_links":{"self":[{"href":"https:\/\/www.europaforum2019.ee\/it\/wp-json\/wp\/v2\/pages\/1981"}],"collection":[{"href":"https:\/\/www.europaforum2019.ee\/it\/wp-json\/wp\/v2\/pages"}],"about":[{"href":"https:\/\/www.europaforum2019.ee\/it\/wp-json\/wp\/v2\/types\/page"}],"author":[{"embeddable":true,"href":"https:\/\/www.europaforum2019.ee\/it\/wp-json\/wp\/v2\/users\/2"}],"replies":[{"embeddable":true,"href":"https:\/\/www.europaforum2019.ee\/it\/wp-json\/wp\/v2\/comments?post=1981"}],"version-history":[{"count":17,"href":"https:\/\/www.europaforum2019.ee\/it\/wp-json\/wp\/v2\/pages\/1981\/revisions"}],"predecessor-version":[{"id":8334,"href":"https:\/\/www.europaforum2019.ee\/it\/wp-json\/wp\/v2\/pages\/1981\/revisions\/8334"}],"wp:attachment":[{"href":"https:\/\/www.europaforum2019.ee\/it\/wp-json\/wp\/v2\/media?parent=1981"}],"wp:term":[{"taxonomy":"category","embeddable":true,"href":"https:\/\/www.europaforum2019.ee\/it\/wp-json\/wp\/v2\/categories?post=1981"},{"taxonomy":"post_tag","embeddable":true,"href":"https:\/\/www.europaforum2019.ee\/it\/wp-json\/wp\/v2\/tags?post=1981"}],"curies":[{"name":"wp","href":"https:\/\/api.w.org\/{rel}","templated":true}]}}