{"id":1968,"date":"2018-10-07T11:55:54","date_gmt":"2018-10-07T11:55:54","guid":{"rendered":"http:\/\/www.europaforum2019.ee\/arendamisel\/?page_id=1968"},"modified":"2019-09-21T09:30:49","modified_gmt":"2019-09-21T09:30:49","slug":"come-arrivare","status":"publish","type":"page","link":"https:\/\/www.europaforum2019.ee\/it\/come-arrivare\/","title":{"rendered":"Come arrivare"},"content":{"rendered":"<p>[vc_row css=&#8221;.vc_custom_1528960138284{background-image: url(https:\/\/www.europaforum2019.ee\/wp-content\/uploads\/2018\/06\/lennujaam.jpg?id=120) !important;background-position: center !important;background-repeat: no-repeat !important;background-size: cover !important;}&#8221;][vc_column][vc_single_image image=&#8221;2997&#8243; img_size=&#8221;full&#8221; alignment=&#8221;right&#8221; el_class=&#8221;header-pilt&#8221;][\/vc_column][\/vc_row][vc_row css=&#8221;.vc_custom_1528724670702{background-color: #f5f3f2 !important;}&#8221;][vc_column][vc_row_inner type=&#8221;boxed&#8221; css=&#8221;.vc_custom_1528962681509{margin-bottom: 1em !important;}&#8221;][vc_column_inner width=&#8221;1\/2&#8243;][vc_column_text]<\/p>\n<p style=\"text-align: left;\"><strong><span style=\"color: #3c64a4;\"><img loading=\"lazy\" class=\"alignnone size-full wp-image-129\" src=\"https:\/\/www.europaforum2019.ee\/wp-content\/uploads\/2018\/06\/airplane-icon.png\" alt=\"\" width=\"49\" height=\"49\" \/>\u00a0 \u00a0 \u00a0AEROPORTO<\/span><\/strong><\/p>\n<p>[\/vc_column_text][vc_column_text]Siamo davvero orgogliosi di dire che il<span style=\"color: #3c64a4;\"> <a style=\"color: #3c64a4;\" href=\"https:\/\/www.tallinn-airport.ee\/en\/news\/tallinn-airport-is-the-best-small-airport-in-europe\/\">Consiglio Internazionale degli Aereoporti<\/a><\/span> ha riconosciuto l&#8217;aeroporto di Tallinn con il premio 2018 per il miglior aeroporto europeo. Il premio \u00e8 stato ricevuto in una competizione di aeroporti con un massimo di 5 milioni di passeggeri, superando gli aeroporti di Cork, Londra, Torino, Kosovo e Chisnau.<\/p>\n<p>E ancora: non \u00e8 possibile trovare una citt\u00e0 nel mondo dove \u00e8 possibile prendere un tram dall&#8217;aeroporto per attravrsare la citt\u00e0 in 20 minuti per arrivaare davanti all\u2019Hotel ufficiale del Forum gratuitamente! Per ottenere il biglietto gratuito, trova il banco di accoglienza del Forum Europa 2019 all\u2019Aeroporto!<\/p>\n<p>Per ulteriori informazioni sul trasporto pubblico da e perl\u2019aereoporto visita <span style=\"color: #3c64a4;\"><a style=\"color: #3c64a4;\" href=\"https:\/\/www.tallinn-airport.ee\/en\/transport\/leaving-the-airport\/\">Airport Web<\/a><\/span>![\/vc_column_text][vc_column_text]<\/p>\n<p style=\"text-align: left;\"><strong><span style=\"color: #3c64a4;\"><img loading=\"lazy\" class=\"alignnone size-full wp-image-130\" src=\"https:\/\/www.europaforum2019.ee\/wp-content\/uploads\/2018\/06\/ship-icon.png\" alt=\"\" width=\"49\" height=\"49\" \/>\u00a0 \u00a0\u00a0 PORTO<\/span><\/strong><\/p>\n<p>[\/vc_column_text][vc_column_text]Il porto della Citt\u00e0 Vecchia \u00e8 uno dei porti passeggeri pi\u00f9 grandi e pi\u00f9 frequentati della regione del Baltico ed \u00e8 a soli 10-15 minuti a piedi dal nostro Hotel ufficiale Viru.<\/p>\n<p>I traghetti Tallink, Ecker\u00f6 Line e Viking Line partono dal porto della Citt\u00e0 Vecchia per Helsinki, cos\u00ec come le navi Tallink operanti sulla rotta Tallinn &#8211; Stoccolma e la nave Moby SPL sulla rotta Tallinn &#8211; San Pietroburgo. Vedi le compagnie di navigazione <a href=\"http:\/\/www.portoftallinn.com\/shipping-companies\">qui<\/a>.<\/p>\n<p>[\/vc_column_text][vc_column_text]<\/p>\n<p style=\"text-align: left;\"><strong><span style=\"color: #3c64a4;\"><img loading=\"lazy\" class=\"alignnone size-full wp-image-131\" src=\"https:\/\/www.europaforum2019.ee\/wp-content\/uploads\/2018\/06\/buss-icon.png\" alt=\"\" width=\"49\" height=\"49\" \/>\u00a0 \u00a0 TRANSPORTO IN TALLINN\u00a0<img loading=\"lazy\" class=\"size-thumbnail wp-image-8175 alignright\" src=\"https:\/\/www.europaforum2019.ee\/wp-content\/uploads\/2019\/09\/free-transport-150x150.png\" alt=\"\" width=\"150\" height=\"150\" srcset=\"https:\/\/www.europaforum2019.ee\/wp-content\/uploads\/2019\/09\/free-transport-150x150.png 150w, https:\/\/www.europaforum2019.ee\/wp-content\/uploads\/2019\/09\/free-transport-100x100.png 100w\" sizes=\"(max-width: 150px) 100vw, 150px\" \/><\/span><\/strong><\/p>\n<p>Il trasporto pubblico \u00e8 gratuito a Tallinn, utilizzando i badge EF! I primi biglietti gratuiti sono disponibili presso il forum di benvenuto all&#8217;aeroporto o al porto.<\/p>\n<p>La navetta gratuita sar\u00e0 organizzato dall\u2019hotel ufficiale del Forum (Viru):<\/p>\n<p><strong>3 Ottobre<\/strong><br \/>\n19:00-23:00 Sokos Hotel Viru -&gt; Warm-up party (Tallinn Creative Hub) e ritorno, ogni mezz&#8217;ora<br \/>\n<strong>4 Ottobre<\/strong><br \/>\n14:30-16:00 Sokos Hotel Viru -&gt; Sala Concerti Alexela, ogni 15 minuti<br \/>\n18:30-21:00 Sala Concerti Alexela -&gt; Sokos Hotel Viru, ogni 15 minuti<br \/>\n<strong>5 Ottobre<\/strong><br \/>\n8:00-10:30 Sokos Hotel Viru -&gt; Sala Concerti Alexela, ogni 15 minuti<br \/>\n10:30-13:00 Sala Concerti Alexela -&gt; Sokos Hotel Viru, ogni 15 minuti<br \/>\n18:00-19:00 Sokos Hotel Viru -&gt; Serata di Gala (Seaplane Harbour), ogni 10 minuti<br \/>\n21:30-23:00 Seaplane Harbour -&gt; Sokos Hotel Viru, ogni 15 minuti<br \/>\n<strong>6 Ottobre<\/strong><br \/>\n8:30-10:00 Sokos Hotel Viru -&gt; Sala Concerti Alexela, ogni 20 minuti<br \/>\n13:00-14:00 Sokos Hotel Viru -&gt; Closing Ceremony (Sala Concerti Alexela), ogni 10 minuti<br \/>\n15:30 Sala Concerti Alexela -&gt; Viru -&gt; Porto -&gt; Aeroporto<br \/>\n16:30; 17:30, 18:30 Viru -&gt; Porto -&gt; Aeroporto<\/p>\n<p>Gli hotel ufficiali EF si trovano direttamente nel centro della citt\u00e0, a soli 100 metri dal centro storico. Camminare per raggiungere l\u2019Alexela Concert Hall attraverso Tammsaare Park richede 5-10 minuti.[\/vc_column_text][vc_column_text]<\/p>\n<p style=\"text-align: left;\"><strong><span style=\"color: #3c64a4;\"><img loading=\"lazy\" class=\"alignnone size-full wp-image-131\" src=\"https:\/\/www.europaforum2019.ee\/wp-content\/uploads\/2018\/06\/buss-icon.png\" alt=\"\" width=\"49\" height=\"49\" \/>\u00a0 \u00a0\u00a0 INFORMAZIONI SUL\u00a0 TRASPORTO SPECIALE <\/span><\/strong><\/p>\n<p>[\/vc_column_text][vc_column_text]\u00c8 possibile prenotare il trasferimento dall\u2019 Aeroporto o Porto all\u2019Hotel ufficiale del Forum al costo di 10 \u20ac \/ 2 durante la registrazione per l\u2019EF.<\/p>\n<p>Se hai bispogno di un trasporto speciale, contatta il nostro Staff dei trasporti del Forum europeo <a href=\"mailto:transport@europaforum2019.ee\">transport@europaforum2019.ee<\/a>.<\/p>\n<p>La nostra compagnia di noleggio ufficiale del Forum \u00e8 AVIS. Se desideri noleggiare la macchina durante la tua visita in Estonia, usa questo speciale <a href=\"https:\/\/eixnbeweb02.rent-at-avis.com\/avisonline\/ee-et\/IBE.nsf\/ReservationStep1!OpenForm&amp;SessionID=34ED9F27EAFC4116C1258301002C8919&amp;MST=3C72C33700FF3816C1258300002E5660&amp;IBEOwner=EE&amp;LNG=ET&amp;KS=Y&amp;RLS=LNG&amp;RAN=,9157906\">booking link<\/a> per ottenere una tariffa scontata sul noleggio EF2019. Se hai bisogno di assistenza per la tua prenotazione, per favore contatta Avis Estonia customerservice via e-mail<br \/>\n<a href=\"mailto:customerservice@avis.ee\">customerservice@avis.ee<\/a>\u00a0.[\/vc_column_text][\/vc_column_inner][vc_column_inner width=&#8221;1\/2&#8243;][vc_single_image image=&#8221;8168&#8243; img_size=&#8221;full&#8221;][vc_gmaps link=&#8221;#E-8_JTNDaWZyYW1lJTIwc3JjJTNEJTIyaHR0cHMlM0ElMkYlMkZ3d3cuZ29vZ2xlLmNvbSUyRm1hcHMlMkZkJTJGdSUyRjAlMkZlbWJlZCUzRm1pZCUzRDFralhsOS1YNnE0cDd4aVJ4N09Lb2Y2bEJFMjdHN1FjXyUyMiUyMHdpZHRoJTNEJTIyNjQwJTIyJTIwaGVpZ2h0JTNEJTIyNDgwJTIyJTNFJTNDJTJGaWZyYW1lJTNF&#8221;][vc_separator][vc_single_image image=&#8221;336&#8243; img_size=&#8221;full&#8221; onclick=&#8221;custom_link&#8221; link=&#8221;https:\/\/www.tallinn-airport.ee\/en\/flight-info\/destinations\/&#8221;][\/vc_column_inner][\/vc_row_inner][\/vc_column][\/vc_row][vc_row css=&#8221;.vc_custom_1528789133475{background-color: #fdc924 !important;}&#8221;][vc_column][\/vc_column][\/vc_row][vc_row css=&#8221;.vc_custom_1528724670702{background-color: #f5f3f2 !important;}&#8221;][vc_column][vc_row_inner type=&#8221;boxed&#8221;][vc_column_inner][vc_column_text]<strong><span style=\"color: #3c64a4;\">GLI<\/span><\/strong> <strong><span style=\"color: #3c64a4;\">SPONSOR<\/span><\/strong>[\/vc_column_text][\/vc_column_inner][\/vc_row_inner][vc_row_inner type=&#8221;boxed&#8221;][vc_column_inner width=&#8221;1\/4&#8243;][vc_single_image image=&#8221;77&#8243; img_size=&#8221;full&#8221; alignment=&#8221;center&#8221;][\/vc_column_inner][vc_column_inner width=&#8221;1\/4&#8243;][vc_single_image image=&#8221;4969&#8243; img_size=&#8221;full&#8221; alignment=&#8221;center&#8221;][\/vc_column_inner][vc_column_inner width=&#8221;1\/4&#8243;][vc_single_image image=&#8221;4985&#8243; img_size=&#8221;full&#8221; alignment=&#8221;center&#8221;][\/vc_column_inner][vc_column_inner width=&#8221;1\/4&#8243;][vc_single_image image=&#8221;8158&#8243;][\/vc_column_inner][\/vc_row_inner][\/vc_column][\/vc_row]<\/p>\n","protected":false},"excerpt":{"rendered":"<p>[vc_row css=&#8221;.vc_custom_1528960138284{background-image: url(https:\/\/www.europaforum2019.ee\/wp-content\/uploads\/2018\/06\/lennujaam.jpg?id=120) !important;background-position: center !important;background-repeat: no-repeat !important;background-size: cover !important;}&#8221;][vc_column][vc_single_image image=&#8221;2997&#8243; img_size=&#8221;full&#8221; alignment=&#8221;right&#8221; el_class=&#8221;header-pilt&#8221;][\/vc_column][\/vc_row][vc_row css=&#8221;.vc_custom_1528724670702{background-color: #f5f3f2 !important;}&#8221;][vc_column][vc_row_inner type=&#8221;boxed&#8221; css=&#8221;.vc_custom_1528962681509{margin-bottom: 1em !important;}&#8221;][vc_column_inner width=&#8221;1\/2&#8243;][vc_column_text] \u00a0 \u00a0 \u00a0AEROPORTO [\/vc_column_text][vc_column_text]Siamo davvero orgogliosi di dire che il Consiglio Internazionale degli Aereoporti ha riconosciuto l&#8217;aeroporto di Tallinn con il premio 2018 per il miglior aeroporto europeo. Il premio \u00e8 stato ricevuto [&hellip;]<\/p>\n","protected":false},"author":2,"featured_media":0,"parent":0,"menu_order":0,"comment_status":"closed","ping_status":"closed","template":"page-full-width.php","meta":[],"categories":[],"tags":[],"_links":{"self":[{"href":"https:\/\/www.europaforum2019.ee\/it\/wp-json\/wp\/v2\/pages\/1968"}],"collection":[{"href":"https:\/\/www.europaforum2019.ee\/it\/wp-json\/wp\/v2\/pages"}],"about":[{"href":"https:\/\/www.europaforum2019.ee\/it\/wp-json\/wp\/v2\/types\/page"}],"author":[{"embeddable":true,"href":"https:\/\/www.europaforum2019.ee\/it\/wp-json\/wp\/v2\/users\/2"}],"replies":[{"embeddable":true,"href":"https:\/\/www.europaforum2019.ee\/it\/wp-json\/wp\/v2\/comments?post=1968"}],"version-history":[{"count":20,"href":"https:\/\/www.europaforum2019.ee\/it\/wp-json\/wp\/v2\/pages\/1968\/revisions"}],"predecessor-version":[{"id":8186,"href":"https:\/\/www.europaforum2019.ee\/it\/wp-json\/wp\/v2\/pages\/1968\/revisions\/8186"}],"wp:attachment":[{"href":"https:\/\/www.europaforum2019.ee\/it\/wp-json\/wp\/v2\/media?parent=1968"}],"wp:term":[{"taxonomy":"category","embeddable":true,"href":"https:\/\/www.europaforum2019.ee\/it\/wp-json\/wp\/v2\/categories?post=1968"},{"taxonomy":"post_tag","embeddable":true,"href":"https:\/\/www.europaforum2019.ee\/it\/wp-json\/wp\/v2\/tags?post=1968"}],"curies":[{"name":"wp","href":"https:\/\/api.w.org\/{rel}","templated":true}]}}