{"id":1940,"date":"2018-10-07T07:55:38","date_gmt":"2018-10-07T07:55:38","guid":{"rendered":"http:\/\/www.europaforum2019.ee\/arendamisel\/?page_id=1940"},"modified":"2019-09-24T12:57:12","modified_gmt":"2019-09-24T12:57:12","slug":"whats-up","status":"publish","type":"page","link":"https:\/\/www.europaforum2019.ee\/it\/whats-up\/","title":{"rendered":"What&#8217;s Up"},"content":{"rendered":"<p>[vc_row css=&#8221;.vc_custom_1528958667784{background-image: url(https:\/\/www.europaforum2019.ee\/wp-content\/uploads\/2018\/06\/inimesed.jpg?id=114) !important;background-position: center !important;background-repeat: no-repeat !important;background-size: cover !important;}&#8221;][vc_column][vc_single_image image=&#8221;8499&#8243; img_size=&#8221;full&#8221; alignment=&#8221;right&#8221; onclick=&#8221;custom_link&#8221; el_class=&#8221;header-pilt&#8221; link=&#8221;https:\/\/www.europaforum2019.ee\/it\/general_program_and_premises\/&#8221;][\/vc_column][\/vc_row][vc_row css=&#8221;.vc_custom_1528724670702{background-color: #f5f3f2 !important;}&#8221;][vc_column][vc_row_inner type=&#8221;boxed&#8221;][vc_column_inner width=&#8221;1\/3&#8243;][vc_single_image image=&#8221;400&#8243; img_size=&#8221;full&#8221; onclick=&#8221;custom_link&#8221; link=&#8221;https:\/\/www.europaforum2019.ee\/general_program_and_premises\/&#8221;][vc_column_text]<\/p>\n<div class=\"wpb_text_column wpb_content_element \">\n<div class=\"wpb_wrapper\">\n<div class=\"wpb_text_column wpb_content_element \">\n<div class=\"wpb_wrapper\">\n<p style=\"text-align: center;\"><a href=\"https:\/\/www.europaforum2019.ee\/it\/general_program_and_premises\/\"><strong><u><span style=\"color: #3c64a4;\">MERCATO DELLE IDEE<\/span><\/u><\/strong><\/a><\/p>\n<p>[\/vc_column_text][vc_column_text]&#8221;<strong>Le idee creative aprono l\u2019innovazione&#8221;<\/strong>, afferma il nostro protettore del Forum dall&#8217;Estonia, vicedirettore generale, <a href=\"https:\/\/www.europaforum2019.ee\/wp-content\/uploads\/2018\/09\/Signe-Ratso.pdf\">Signe Ratso<\/a>\u00a0della Commissione europea! Avrai molte possibilit\u00e0 di pensare e presentare le tue idee &#8211; sar\u00e0 un vero e proprio brainstorming. Insieme creeremo una pacchetto di strumenti per l&#8217;aggiornamento dei Lions europei. Gli argomenti principali dei workshop sono:<br \/>\n<strong>\u2022 Economia circolare sostenibile<\/strong><br \/>\n<strong>\u2022 Sana Giovent\u00f9 &#8211; Base per la Societ\u00e0 Europea<\/strong><br \/>\n<strong>\u2022 E-Lion &#8211; Soluzioni Cyber Lions<\/strong><\/p>\n<p>Per andare oltre il semplice discorso sul nostro Forum di beneficenza, abbiamo deciso di finanziare il corso d\u2019addestramento di 12 cani di servizio per i giovani con diagnosi di diabete di tipo 1. Puoi far parte di questo progetto donando durante la registrazione all\u2019 EF. Domenica 6 ottobre questi cani addestrati saranno consegnati da tutti noi ai giovani alla cerimonia di chiusura.<\/p>\n<p>Siccome il <a href=\"https:\/\/www.europaforum2019.ee\/general_program_and_premises\/\"><strong><span style=\"color: #3c64a4;\">programma<\/span><\/strong><\/a> \u00e8 in fase di sviluppo, avrai molte ragioni per tornare a dare un&#8217;occhiata a questo sito!<\/div>\n<\/div>\n<\/div>\n<\/div>\n<p>[\/vc_column_text][\/vc_column_inner][vc_column_inner width=&#8221;1\/3&#8243;][vc_single_image image=&#8221;254&#8243; img_size=&#8221;full&#8221; onclick=&#8221;custom_link&#8221; link=&#8221;https:\/\/www.europaforum2019.ee\/fun_program&#8221;][vc_column_text]<\/p>\n<p style=\"text-align: center;\"><span style=\"color: #3c64a4;\"><strong><a style=\"color: #3c64a4;\" href=\"https:\/\/www.europaforum2019.ee\/fun_program\"><u>INTRATTENIMENTO<\/u><\/a><\/strong><\/span><\/p>\n<p>[\/vc_column_text][vc_column_text]Iniziamo il nostro programma d\u2019INTRATTENIMENTO il 3 Ottobre con la <strong>Festa di Beneficienza Warm-up<\/strong> &#8220;Prestando attenzione!&#8221;al Centro Creativo (<a href=\"https:\/\/kultuurikatel.ee\/virtuaaltuur\/en.html\"><strong><span style=\"color: #3c64a4;\">Tallinn Creative\u00a0 Hub<\/span><\/strong><\/a>) di Tallinn per riscaldarci nella creativit\u00e0 e l&#8217;ispirazione per i prossimi tre giorni.<\/p>\n<p>Venerd\u00ec speriamo che tutti voi, i nostri amici Lions, siate a Tallinn per migliorare il nostro Forum con una <strong>Parata delle Nazioni<\/strong> dall\u2019hotel del Forum ufficiale Viru alla Sala Concerti del Forum Alexela, dove si svolge il Get Together e la Serata del Paese Ospite (<strong>Get Together &amp; Host Night<\/strong>).<br \/>\nIl sabato 5 ottobre, la <strong>Serata di Gala<\/strong> al <span style=\"color: #3c64a4;\"><a style=\"color: #3c64a4;\" href=\"http:\/\/meremuuseum.ee\/lennusadam\/en\/gallery\/videos\/events-in-seaplane-harbour\/\"><strong>Seaplane Harbour<\/strong><\/a><\/span> \u00e8 l&#8217;evento pi\u00f9 eccitante a cui assistere poich\u00e9 questo \u00e8 l&#8217;unico posto al mondo dove si pu\u00f2 avere unire una deliziosa cena e uno spettacolo emozionante con i migliori amici Lions accanto a un vero sottomarino.<\/p>\n<p>Domenica, \u00e8 il momento di chiudere il programma ufficiale del Forum a Tallinn, ma \u00e8 anche il momento perfetto per prendere parte ai <span style=\"color: #3c64a4;\"><a style=\"color: #3c64a4;\" href=\"https:\/\/www.europaforum2019.ee\/tours\/\"><strong>tour<\/strong><\/a> <\/span>che i nostri partner hanno preparato per te. Fanne parte!\u00a0[\/vc_column_text][\/vc_column_inner][vc_column_inner width=&#8221;1\/3&#8243;][vc_single_image image=&#8221;394&#8243; img_size=&#8221;full&#8221; onclick=&#8221;custom_link&#8221; link=&#8221;https:\/\/www.europaforum2019.ee\/european_council\/&#8221;][vc_column_text]<\/p>\n<p style=\"text-align: center;\"><a href=\"https:\/\/www.europaforum2019.ee\/it\/european_council\/\"><strong><u><span style=\"color: #3c64a4;\">CONSIGLIO EUROPEO<\/span> <\/u><\/strong><\/a><\/p>\n<p>[\/vc_column_text][vc_column_text]Secondo il regolamento di procedura del Forum Europeo, il Consiglio Europeo \u00e8 l&#8217;organismo per la formazione e il controllo della Politica del Forum.<\/p>\n<p>\u2022 Le bozze delle risoluzioni devono essere inviate in inglese entro il 15 Giugno 2019.<br \/>\n\u2022 Il president del Forum pubblicher\u00e0 le bozze delle risoluzioni al massimo entro il 31 Giugno 2019<\/p>\n<p>Questa parte sar\u00e0 quindi aggiornata con l&#8217;ordine del giorno definitivo a Luglio 2019[\/vc_column_text][\/vc_column_inner][\/vc_row_inner][vc_row_inner type=&#8221;boxed&#8221;][vc_column_inner width=&#8221;1\/3&#8243;][vc_single_image image=&#8221;402&#8243; img_size=&#8221;full&#8221; onclick=&#8221;custom_link&#8221; link=&#8221;https:\/\/www.europaforum2019.ee\/music-competition-2\/&#8221;][vc_column_text]<\/p>\n<p style=\"text-align: center;\"><a href=\"https:\/\/www.europaforum2019.ee\/\/itmusic-competition-2\/\"><strong><u><span style=\"color: #3c64a4;\">CONCORSO MUSICALE<\/span> <\/u><\/strong><\/a><\/p>\n<p>[\/vc_column_text][vc_column_text]Il Concorso Musicale Europeo dei Lions (LEMC) \u00e8 stato fondato nel 1980 su iniziativa del Lion francese Thomas Kuti. L&#8217;evento si svolge ogni anno in occasione del Forum Europeo. Ogni anno viene assegnato uno strumento diverso. Il 28 \u00b0 LEMC di Tallinn \u00e8 dedicato alla CHITARRA CLASSICA.[\/vc_column_text][\/vc_column_inner][vc_column_inner width=&#8221;1\/3&#8243;][vc_single_image image=&#8221;271&#8243; img_size=&#8221;full&#8221; onclick=&#8221;custom_link&#8221; link=&#8221;https:\/\/www.europaforum2019.ee\/young_ambassador_competition\/&#8221;][vc_column_text]<\/p>\n<p style=\"text-align: center;\"><a href=\"https:\/\/www.europaforum2019.ee\/it\/young-ambassador-competition\/\"><strong><u><span style=\"color: #3c64a4;\">CONCORSO DEL GIOVANE AMBASCIATORE<\/span> <\/u><\/strong><\/a><\/p>\n<p>[\/vc_column_text][vc_column_text]Il concorso Giovane Ambasciatore ha due obiettivi principali:<\/p>\n<p>\u2022 riconoscere, incoraggiare e sostenere i giovani che sono attivamente coinvolti nella comunit\u00e0 del benessere<br \/>\n\u2022 aumentare il profilo dei Lions e aumentare le loro attivit\u00e0 di servizio<\/p>\n<p>[\/vc_column_text][\/vc_column_inner][vc_column_inner width=&#8221;1\/3&#8243;][vc_single_image image=&#8221;109&#8243; img_size=&#8221;full&#8221; onclick=&#8221;custom_link&#8221; link=&#8221;https:\/\/www.europaforum2019.ee\/tours\/&#8221;][vc_column_text]<\/p>\n<p style=\"text-align: center;\"><a href=\"https:\/\/www.europaforum2019.ee\/it\/tours\/\"><strong><span style=\"color: #3c64a4;\"><span style=\"text-decoration: underline;\">TOUR<\/span><\/span><\/strong><\/a><\/p>\n<p>[\/vc_column_text][vc_column_text]Abbiamo raccolto i posti migliori per te per avere una rapida panoramica del nostro piccolo, bellisssimo paese e persino sbirciare i vicini. Puoi scegliere brevi ed eccitanti tour della nostra antica citt\u00e0, visitare gli studi dei nostri stilisti pi\u00f9 amati, iniziare il Forum con un viaggio attraverso l&#8217;Estonia fino a Tartu o terminare il Forum in San Pietroburgo o a Riga e Vilnius.<\/p>\n<p>Prenditi, quindi, qualche minuto e controlla le nostre <a href=\"https:\/\/www.europaforum2019.ee\/it\/tours\/\">offerte!<\/a>[\/vc_column_text][\/vc_column_inner][\/vc_row_inner][\/vc_column][\/vc_row][vc_row css=&#8221;.vc_custom_1528789133475{background-color: #fdc924 !important;}&#8221;][vc_column][\/vc_column][\/vc_row][vc_row css=&#8221;.vc_custom_1528724670702{background-color: #f5f3f2 !important;}&#8221;][vc_column][vc_row_inner type=&#8221;boxed&#8221;][vc_column_inner][vc_column_text]<strong><span style=\"color: #3c64a4;\">GLI SPONSOR<\/span><\/strong>[\/vc_column_text][\/vc_column_inner][\/vc_row_inner][vc_row_inner type=&#8221;boxed&#8221;][vc_column_inner width=&#8221;1\/4&#8243;][vc_single_image image=&#8221;77&#8243; img_size=&#8221;full&#8221; alignment=&#8221;center&#8221;][\/vc_column_inner][vc_column_inner width=&#8221;1\/4&#8243;][vc_single_image image=&#8221;4969&#8243; img_size=&#8221;full&#8221; alignment=&#8221;center&#8221;][\/vc_column_inner][vc_column_inner width=&#8221;1\/4&#8243;][vc_single_image image=&#8221;4985&#8243; img_size=&#8221;full&#8221; alignment=&#8221;center&#8221;][\/vc_column_inner][vc_column_inner width=&#8221;1\/4&#8243;][\/vc_column_inner][\/vc_row_inner][\/vc_column][\/vc_row]<\/p>\n","protected":false},"excerpt":{"rendered":"<p>[vc_row css=&#8221;.vc_custom_1528958667784{background-image: url(https:\/\/www.europaforum2019.ee\/wp-content\/uploads\/2018\/06\/inimesed.jpg?id=114) !important;background-position: center !important;background-repeat: no-repeat !important;background-size: cover !important;}&#8221;][vc_column][vc_single_image image=&#8221;8499&#8243; img_size=&#8221;full&#8221; alignment=&#8221;right&#8221; onclick=&#8221;custom_link&#8221; el_class=&#8221;header-pilt&#8221; link=&#8221;https:\/\/www.europaforum2019.ee\/it\/general_program_and_premises\/&#8221;][\/vc_column][\/vc_row][vc_row css=&#8221;.vc_custom_1528724670702{background-color: #f5f3f2 !important;}&#8221;][vc_column][vc_row_inner type=&#8221;boxed&#8221;][vc_column_inner width=&#8221;1\/3&#8243;][vc_single_image image=&#8221;400&#8243; img_size=&#8221;full&#8221; onclick=&#8221;custom_link&#8221; link=&#8221;https:\/\/www.europaforum2019.ee\/general_program_and_premises\/&#8221;][vc_column_text] MERCATO DELLE IDEE [\/vc_column_text][vc_column_text]&#8221;Le idee creative aprono l\u2019innovazione&#8221;, afferma il nostro protettore del Forum dall&#8217;Estonia, vicedirettore generale, Signe Ratso\u00a0della Commissione europea! Avrai molte possibilit\u00e0 di pensare e presentare le tue [&hellip;]<\/p>\n","protected":false},"author":2,"featured_media":0,"parent":0,"menu_order":0,"comment_status":"closed","ping_status":"closed","template":"page-full-width.php","meta":[],"categories":[37],"tags":[],"_links":{"self":[{"href":"https:\/\/www.europaforum2019.ee\/it\/wp-json\/wp\/v2\/pages\/1940"}],"collection":[{"href":"https:\/\/www.europaforum2019.ee\/it\/wp-json\/wp\/v2\/pages"}],"about":[{"href":"https:\/\/www.europaforum2019.ee\/it\/wp-json\/wp\/v2\/types\/page"}],"author":[{"embeddable":true,"href":"https:\/\/www.europaforum2019.ee\/it\/wp-json\/wp\/v2\/users\/2"}],"replies":[{"embeddable":true,"href":"https:\/\/www.europaforum2019.ee\/it\/wp-json\/wp\/v2\/comments?post=1940"}],"version-history":[{"count":19,"href":"https:\/\/www.europaforum2019.ee\/it\/wp-json\/wp\/v2\/pages\/1940\/revisions"}],"predecessor-version":[{"id":8527,"href":"https:\/\/www.europaforum2019.ee\/it\/wp-json\/wp\/v2\/pages\/1940\/revisions\/8527"}],"wp:attachment":[{"href":"https:\/\/www.europaforum2019.ee\/it\/wp-json\/wp\/v2\/media?parent=1940"}],"wp:term":[{"taxonomy":"category","embeddable":true,"href":"https:\/\/www.europaforum2019.ee\/it\/wp-json\/wp\/v2\/categories?post=1940"},{"taxonomy":"post_tag","embeddable":true,"href":"https:\/\/www.europaforum2019.ee\/it\/wp-json\/wp\/v2\/tags?post=1940"}],"curies":[{"name":"wp","href":"https:\/\/api.w.org\/{rel}","templated":true}]}}