{"id":1900,"date":"2018-10-07T05:37:27","date_gmt":"2018-10-07T05:37:27","guid":{"rendered":"http:\/\/www.europaforum2019.ee\/arendamisel\/?page_id=1900"},"modified":"2019-09-21T16:23:39","modified_gmt":"2019-09-21T16:23:39","slug":"young-ambassador-competition","status":"publish","type":"page","link":"https:\/\/www.europaforum2019.ee\/it\/young-ambassador-competition\/","title":{"rendered":"Young Ambassador Competition"},"content":{"rendered":"<p>[vc_row css=&#8221;.vc_custom_1528724670702{background-color: #f5f3f2 !important;}&#8221;][vc_column][vc_row_inner type=&#8221;boxed&#8221;][vc_column_inner][vc_column_text]<\/p>\n<h2><strong><span style=\"color: #3c64a4;\">YOUNG AMBASSADOR COMPETITION\u00a0 <img loading=\"lazy\" class=\"size-full wp-image-856 alignright\" src=\"https:\/\/www.europaforum2019.ee\/wp-content\/uploads\/2018\/09\/YAA-1.png\" alt=\"\" width=\"160\" height=\"215\" \/><br \/>\n<\/span><\/strong><\/h2>\n<p><strong><span style=\"color: #3c64a4;\">BENVENUTI AL 2019 Bert Mason Young Ambassador Award in TALLINN!<\/span><\/strong><\/p>\n<p>Ogni membro del Forum Europeo \u00e8 invitato a presentare il proprio finalista per la 12a edizione del Premio Europeo Giovani Ambasciatori. Possono partecipare solo i finalisti della competizione nazionale. Ulteriori informazioni possono essere ottenute presso il responsabile locale dei giovani ambasciatori o presso il Comitato europeo per Giovani Ambasciatori.<\/p>\n<p><span style=\"color: #3c64a4;\"><strong>INFORMAZIONI GENERALI<\/strong><\/span><br \/>\nL&#8217;obiettivo del premio \u201cYoung Ambassador\u201d \u00e8 duplice:<br \/>\n\u2022 Riconoscere, incoraggiare e sostenere i giovani che sono attivamente coinvolti nell\u2019assistenza sociale della comunit\u00e0<br \/>\n\u2022 Sviluppare il profilo dei Lions e aumentare le nostre attivit\u00e0 di servizio<br \/>\nPer riconoscere questi giovani, una competizione tra i finalisti europei si svolger\u00e0 all&#8217;annuale Forum Europeo. I premi verranno assegnati ai finalisti vincitori.<\/p>\n<p>Il testo seguente \u00e8 un estratto delle regole. In caso di dubbio, sar\u00e0 valida solo la versione ufficiale del regolamento.<\/p>\n<p><strong><span style=\"color: #3c64a4;\">Partecipanti<\/span><\/strong><br \/>\n1. Per essere ammessi, i finalisti devono avere almeno 15 anni e non pi\u00f9 di 19 anni al 30 giugno dell&#8217;anno dell\u2019Europa Forum.<br \/>\n2. Ogni membro del Forum Europeo pu\u00f2 nominare uno e un solo partecipante al concorso.<br \/>\n3. I finalisti devono essere registrati con il Presidente del Comitato Europeo entro la fine di luglio dell&#8217;anno del concorso, utilizzando il modulo di richiesta.<br \/>\n4. I costi dei finalisti per partecipare al concorso saranno a carico dei membri entranti.<\/p>\n<p><strong><span style=\"color: #3c64a4;\">Concorso<\/span><\/strong><br \/>\nOgni finalista sar\u00e0 intervistato da tre giudici. I giudici sono &#8220;non Lions&#8221;, uomini e donne, dal settore dei servizi, dell&#8217;istruzione e dell&#8217;industria. Valuteranno i finalisti sull&#8217;attivit\u00e0 del servizio comunitario e la qualit\u00e0 della personalit\u00e0 e leadership, sull&#8217;uso del montepremi e sulla capacit\u00e0 di parlare della propria attivit\u00e0 di servizio.<\/p>\n<p><strong><span style=\"color: #3c64a4;\">Premi<\/span><\/strong><br \/>\nI seguenti premi possono essere vinti:<br \/>\nI premi verranno assegnati come segue e dovranno essere spesi per il loro progetto:<br \/>\n1\u00b0premio: 3.500 EUR<br \/>\n2\u00b0premio: 1.500 EUR<br \/>\n3\u00b0premio: 500 EUR<\/p>\n<p><span id=\"result_box\" class=\"short_text\" lang=\"it\">Puoi trovare le informazioni dettagliate nei file<\/span>\u00a0<strong><a href=\"https:\/\/www.europaforum2019.ee\/wp-content\/uploads\/2018\/10\/Young-Ambassador-Rules-ITA.pdf\"><em>Young Ambassador Award<\/em> Regole di Procedura<\/a><\/strong> e\u00a0 <a href=\"https:\/\/www.europaforum2019.ee\/wp-content\/uploads\/2018\/10\/Application-Form-YAA-2019-ITA.pdf\"><strong>Modulo di Applicazione al Premio Europeo<\/strong><em><strong> Young Ambassador<\/strong><\/em><\/a>.[\/vc_column_text][\/vc_column_inner][\/vc_row_inner][\/vc_column][\/vc_row]<\/p>\n","protected":false},"excerpt":{"rendered":"<p>[vc_row css=&#8221;.vc_custom_1528724670702{background-color: #f5f3f2 !important;}&#8221;][vc_column][vc_row_inner type=&#8221;boxed&#8221;][vc_column_inner][vc_column_text] YOUNG AMBASSADOR COMPETITION\u00a0 BENVENUTI AL 2019 Bert Mason Young Ambassador Award in TALLINN! Ogni membro del Forum Europeo \u00e8 invitato a presentare il proprio finalista per la 12a edizione del Premio Europeo Giovani Ambasciatori. Possono partecipare solo i finalisti della competizione nazionale. Ulteriori informazioni possono essere ottenute presso il responsabile [&hellip;]<\/p>\n","protected":false},"author":2,"featured_media":0,"parent":0,"menu_order":0,"comment_status":"closed","ping_status":"closed","template":"page-full-width.php","meta":[],"categories":[37],"tags":[],"_links":{"self":[{"href":"https:\/\/www.europaforum2019.ee\/it\/wp-json\/wp\/v2\/pages\/1900"}],"collection":[{"href":"https:\/\/www.europaforum2019.ee\/it\/wp-json\/wp\/v2\/pages"}],"about":[{"href":"https:\/\/www.europaforum2019.ee\/it\/wp-json\/wp\/v2\/types\/page"}],"author":[{"embeddable":true,"href":"https:\/\/www.europaforum2019.ee\/it\/wp-json\/wp\/v2\/users\/2"}],"replies":[{"embeddable":true,"href":"https:\/\/www.europaforum2019.ee\/it\/wp-json\/wp\/v2\/comments?post=1900"}],"version-history":[{"count":20,"href":"https:\/\/www.europaforum2019.ee\/it\/wp-json\/wp\/v2\/pages\/1900\/revisions"}],"predecessor-version":[{"id":8325,"href":"https:\/\/www.europaforum2019.ee\/it\/wp-json\/wp\/v2\/pages\/1900\/revisions\/8325"}],"wp:attachment":[{"href":"https:\/\/www.europaforum2019.ee\/it\/wp-json\/wp\/v2\/media?parent=1900"}],"wp:term":[{"taxonomy":"category","embeddable":true,"href":"https:\/\/www.europaforum2019.ee\/it\/wp-json\/wp\/v2\/categories?post=1900"},{"taxonomy":"post_tag","embeddable":true,"href":"https:\/\/www.europaforum2019.ee\/it\/wp-json\/wp\/v2\/tags?post=1900"}],"curies":[{"name":"wp","href":"https:\/\/api.w.org\/{rel}","templated":true}]}}