{"id":1700,"date":"2018-10-04T12:10:30","date_gmt":"2018-10-04T12:10:30","guid":{"rendered":"http:\/\/www.europaforum2019.ee\/arendamisel\/?page_id=1700"},"modified":"2019-09-24T12:54:04","modified_gmt":"2019-09-24T12:54:04","slug":"forum-2019","status":"publish","type":"page","link":"https:\/\/www.europaforum2019.ee\/it\/","title":{"rendered":"Forum 2019"},"content":{"rendered":"<p>[vc_row css=&#8221;.vc_custom_1534252423179{background-image: url(https:\/\/www.europaforum2019.ee\/wp-content\/uploads\/2018\/08\/Vanalinn.jpg?id=445) !important;background-position: center !important;background-repeat: no-repeat !important;background-size: cover !important;}&#8221;][vc_column][vc_single_image image=&#8221;8499&#8243; img_size=&#8221;full&#8221; alignment=&#8221;right&#8221; onclick=&#8221;custom_link&#8221; el_class=&#8221;header-pilt&#8221; link=&#8221;https:\/\/www.europaforum2019.ee\/it\/program\/&#8221;][\/vc_column][\/vc_row][vc_row css=&#8221;.vc_custom_1528978886787{padding-bottom: 2em !important;}&#8221;][vc_column width=&#8221;1\/2&#8243;][vc_video link=&#8221;https:\/\/www.youtube.com\/watch?v=YrFj24Y7VgU&#8221; align=&#8221;right&#8221;][\/vc_column][vc_column width=&#8221;1\/2&#8243;][vc_video link=&#8221;https:\/\/www.youtube.com\/watch?v=FgEEH02B8kg&#8221;][\/vc_column][\/vc_row][vc_row css=&#8221;.vc_custom_1528978886787{padding-bottom: 2em !important;}&#8221;][vc_column][vc_row_inner type=&#8221;boxed&#8221;][vc_column_inner width=&#8221;1\/3&#8243;][vc_images_carousel images=&#8221;403,389,397,250,108&#8243; img_size=&#8221;full&#8221; onclick=&#8221;link_no&#8221; autoplay=&#8221;yes&#8221; hide_pagination_control=&#8221;yes&#8221; hide_prev_next_buttons=&#8221;yes&#8221; wrap=&#8221;yes&#8221; css_animation=&#8221;zoomIn&#8221; el_class=&#8221;slider&#8221;][vc_column_text]<\/p>\n<p style=\"text-align: center;\"><span style=\"color: #3c64a4;\"><strong><u><a style=\"color: #3c64a4;\" href=\"https:\/\/www.visitestonia.com\/en\">BENVENUTI IN ESTONIA<\/a><\/u><\/strong><\/span><\/p>\n<p>[\/vc_column_text][vc_column_text]L&#8217;anno prima del nostro Forum, l&#8217;Estonia festeggia il suo 100 \u00b0 anniversario. Sebbene siano solo 100 anni di indipendenza, noi, gli estoni, viviamo qui da circa 10 000 anni. La storia e le tradizioni possono essere sentite sul posto camminando tra le mura del centro storico medievale di Tallinn o viaggiando in questo piccolo stato. Per ottenere una migliore idea di cosa visitare, usare il tour virtuale con video sull\u2019\u00a0 <a href=\"https:\/\/toolbox.estonia.ee\/media\/366\"><strong><span style=\"color: #3c64a4;\">Estonia<\/span><\/strong><\/a> o <a href=\"https:\/\/www.youtube.com\/watch?time_continue=3&amp;v=jcc_6xDrVmc\"><strong><span style=\"color: #3c64a4;\">Tallinn<\/span><\/strong><\/a> o trovare molto altro sulle pagine web <strong><a href=\"https:\/\/www.visitestonia.com\/en\/\" target=\"_blank\" rel=\"noopener\"><span style=\"color: #3c64a4;\">Visit Estonia<\/span><\/a><\/strong> e <span style=\"color: #3c64a4;\"><a style=\"color: #3c64a4;\" href=\"https:\/\/www.visittallinn.ee\/eng\" target=\"_blank\" rel=\"noopener\"><strong>Visit Tallinn<\/strong><\/a><\/span>.<\/p>\n<p>Con diversi tour il nostro partner ti offre la possibilit\u00e0 di viaggiare in tutto il paese e persino visitare i nostri vicini pi\u00f9 prossimi. Leggi di pi\u00f9 sulla nostra pagina <strong><a href=\"https:\/\/www.europaforum2019.ee\/tours\/\">tour<\/a><\/strong>!<\/p>\n<p>NB! Sai cosa dicono le persone di lingua inglese sul viaggio in Estonia? Dicono: \u00e8 davvero comfortevole qui &#8211; puoi parlare in inglese ovunque! E ancora di pi\u00f9 al Forum Europeo dei Lions: <span style=\"color: #ff0000;\"><span style=\"color: #000000;\">p<\/span><\/span>er re<span style=\"color: #000000;\">ndere il foru<\/span>m facilmente comprensibile per tutti, organizziamo la traduzione simultanea in tedesco, italiano, francese, svedese, finlandese, estone e inglese per tutti gli eventi nella Sala Concerti Alexela.[\/vc_column_text][\/vc_column_inner][vc_column_inner width=&#8221;1\/3&#8243;][vc_images_carousel images=&#8221;7399&#8243; img_size=&#8221;full&#8221; onclick=&#8221;custom_link&#8221; custom_links_target=&#8221;_blank&#8221; autoplay=&#8221;yes&#8221; hide_pagination_control=&#8221;yes&#8221; hide_prev_next_buttons=&#8221;yes&#8221; wrap=&#8221;yes&#8221; css_animation=&#8221;zoomIn&#8221; el_class=&#8221;slider&#8221; custom_links=&#8221;#E-8_aHR0cHMlM0ElMkYlMkZ3d3cubGlvbnNjbHVicy5vcmclMkZpdCUyRmRpc2NvdmVyLW91ci1jbHVicyUyRnByZXNpZGVudGlhbC10aGVtZQ==&#8221;][vc_column_text]<\/p>\n<p style=\"text-align: center;\"><a href=\"https:\/\/www.europaforum2019.ee\/it\/program\/\"><span style=\"color: #3c64a4;\"><strong><u>MERCATO <span style=\"color: #3c64a4;\">DELLE<\/span> IDEE<\/u><\/strong><\/span><\/a><\/p>\n<p>[\/vc_column_text][vc_column_text]<em>&#8220;Ognuno dei 1,4 milioni di soci Lions \u00e8 diverso dagli altri. Le nostre differenze sono la nostra forza. Ci rendono speciali. Ci rendono Lions.&#8221;<\/em> Presidente Internazionale Jung-Yul Choi. <a href=\"https:\/\/www.lionsclubs.org\/it\/discover-our-clubs\/presidential-theme\" target=\"_blank\" rel=\"noopener\"><span class=\"tlid-translation translation\" lang=\"it\" style=\"color: #3c64a4;\"><span class=\"\" title=\"\">Leggi di pi\u00f9&#8230;<\/span><\/span><\/a><\/p>\n<p>&#8220;<strong>Le idee creative aprono l\u2019innovazione&#8221;<\/strong>, afferma il nostro protettore del Forum dall&#8217;Estonia, vicedirettore generale, <span style=\"text-decoration: underline;\"><span style=\"color: #3c64a4; text-decoration: underline;\"><a style=\"color: #3c64a4; text-decoration: underline;\" href=\"https:\/\/www.europaforum2019.ee\/wp-content\/uploads\/2018\/10\/Signe-Ratso-ITA.pdf\">Sign<span style=\"color: #3c64a4; text-decoration: underline;\">e R<\/span>atso<\/a><\/span><\/span> della Commissione europea! Avrai molte possibilit\u00e0 di pensare e presentare le tue idee &#8211; sar\u00e0 un vero e proprio brainstorming. Insieme creeremo una pacchetto di strumenti per l&#8217;aggiornamento dei Lions europei. Gli argomenti principali dei workshop sono:<br \/>\n<strong>\u2022 Economia circolare sostenibile<\/strong><br \/>\n<strong>\u2022 Sana Giovent\u00f9 &#8211; Base per la Societ\u00e0 Europea<\/strong><br \/>\n<strong>\u2022 E-Lion &#8211; Soluzioni Cyber Lions<\/strong><\/p>\n<p>Per andare oltre il semplice discorso sul nostro Forum di beneficenza, abbiamo deciso di finanziare il corso d\u2019addestramento di 12 cani di servizio per i giovani con diagnosi di diabete di tipo 1. Puoi far parte di questo progetto donando durante la registrazione all\u2019 EF. Domenica 6 ottobre questi cani addestrati saranno consegnati da tutti noi ai giovani alla cerimonia di chiusura.<\/p>\n<p>Siccome il <span style=\"color: #3c64a4;\"><a style=\"color: #3c64a4;\" href=\"https:\/\/www.europaforum2019.ee\/it\/program\/\">programma<\/a><\/span> \u00e8 in fase di sviluppo, avrai molte ragioni per tornare a dare un&#8217;occhiata a questo sito![\/vc_column_text][\/vc_column_inner][vc_column_inner width=&#8221;1\/3&#8243;][vc_images_carousel images=&#8221;254,416,392,391,574&#8243; img_size=&#8221;full&#8221; onclick=&#8221;link_no&#8221; autoplay=&#8221;yes&#8221; hide_pagination_control=&#8221;yes&#8221; hide_prev_next_buttons=&#8221;yes&#8221; wrap=&#8221;yes&#8221; css_animation=&#8221;zoomIn&#8221; el_class=&#8221;slider&#8221;][vc_column_text]<\/p>\n<p style=\"text-align: center;\"><span style=\"color: #3c64a4;\"><a style=\"color: #3c64a4;\" href=\"https:\/\/www.europaforum2019.ee\/it\/fun_program\"><strong><u>INTRATTENIMENTO<\/u><\/strong><\/a><\/span><\/p>\n<p>[\/vc_column_text][vc_column_text]Iniziamo il nostro programma d\u2019INTRATTENIMENTO il 3 Ottobre con la <strong>Festa di Beneficienza Warm-up<\/strong> &#8220;Prestando attenzione!&#8221;al Centro Creativo (<a href=\"https:\/\/kultuurikatel.ee\/virtuaaltuur\/en.html\" target=\"_blank\" rel=\"noopener\"><strong><span style=\"color: #3c64a4;\">Tallinn Creative\u00a0 Hub<\/span><\/strong><\/a>) di Tallinn per riscaldarci nella creativit\u00e0 e l&#8217;ispirazione per i prossimi tre giorni.<\/p>\n<p>Venerd\u00ec speriamo che tutti voi, i nostri amici Lions, siate a Tallinn per migliorare il nostro Forum con una Parata delle Nazioni dall\u2019hotel del Forum ufficiale Viru alla Sala Concerti del Forum Alexela, dove si svolge il Get Together e la Serata del Paese Ospite (<strong>Get Together &amp; Host Night<\/strong>).<br \/>\nIl sabato 5 ottobre, la <strong>Serata di Gala<\/strong> al <span style=\"color: #3c64a4;\"><a style=\"color: #3c64a4;\" href=\"http:\/\/meremuuseum.ee\/lennusadam\/en\/gallery\/videos\/events-in-seaplane-harbour\/\" target=\"_blank\" rel=\"noopener\"><strong>Seaplane Harbour<\/strong><\/a><\/span> \u00e8 l&#8217;evento pi\u00f9 eccitante a cui assistere poich\u00e9 questo \u00e8 l&#8217;unico posto al mondo dove si pu\u00f2 avere unire una deliziosa cena e uno spettacolo emozionante con i migliori amici Lions accanto a un vero sottomarino.<\/p>\n<p>Domenica, \u00e8 il momento di chiudere il programma ufficiale del Forum a Tallinn, ma \u00e8 anche il momento perfetto per prendere parte ai <a href=\"https:\/\/www.europaforum2019.ee\/tours\/\"><strong><span style=\"color: #3c64a4;\">tour<\/span><\/strong><\/a> che i nostri partner hanno preparato per te. Fanne parte![\/vc_column_text][\/vc_column_inner][\/vc_row_inner][\/vc_column][\/vc_row][vc_row css=&#8221;.vc_custom_1528978919574{padding-bottom: 2em !important;background-color: #f5f3f2 !important;}&#8221;][vc_column][vc_row_inner type=&#8221;boxed&#8221;][vc_column_inner width=&#8221;1\/6&#8243;][vc_single_image image=&#8221;861&#8243; img_size=&#8221;full&#8221; alignment=&#8221;center&#8221;][\/vc_column_inner][vc_column_inner width=&#8221;2\/3&#8243;][vc_column_text]<span style=\"color: #3c64a4;\"><strong>CARI AMICI<\/strong>!<\/span><\/p>\n<p>A nome dei Lions e Leo estoni, gli organizzatori del Forum Europeo Lions 2019, vorremmo invitarvi a partecipare al <strong>Mercato delle Idee a Tallinn, in Estonia<\/strong>!<\/p>\n<p>Unisciti a noi tramite i nostri social media, la homepage e il contatto diretto con i Lions e i Leo estoni. Coinvolgi gli amici del tuo club e non solo per assicurarti che non perdano questo evento! Insieme possiamo far funzionare questi legami!<\/p>\n<p>Scuotiamo le nostre amicizie! <span style=\"font-size: 12pt;\"><a href=\"https:\/\/www.europaforum2019.ee\/it\/pid-appeal\/\">Leggi di pi\u00f9<\/a><\/span> [\/vc_column_text][\/vc_column_inner][vc_column_inner width=&#8221;1\/6&#8243;][vc_single_image image=&#8221;6934&#8243; img_size=&#8221;full&#8221;][\/vc_column_inner][\/vc_row_inner][\/vc_column][\/vc_row][vc_row css=&#8221;.vc_custom_1528724670702{background-color: #f5f3f2 !important;}&#8221;][vc_column][vc_row_inner type=&#8221;boxed&#8221;][vc_column_inner][vc_column_text]<strong><span style=\"color: #3c64a4;\">GLI SPONSOR<\/span><\/strong>[\/vc_column_text][\/vc_column_inner][\/vc_row_inner][vc_row_inner type=&#8221;boxed&#8221;][vc_column_inner width=&#8221;1\/4&#8243;][vc_single_image image=&#8221;77&#8243; img_size=&#8221;full&#8221; alignment=&#8221;center&#8221;][\/vc_column_inner][vc_column_inner width=&#8221;1\/4&#8243;][vc_single_image image=&#8221;4973&#8243; img_size=&#8221;full&#8221; alignment=&#8221;center&#8221;][\/vc_column_inner][vc_column_inner width=&#8221;1\/4&#8243;][vc_single_image image=&#8221;4990&#8243; img_size=&#8221;full&#8221; alignment=&#8221;center&#8221;][\/vc_column_inner][vc_column_inner width=&#8221;1\/4&#8243;][vc_single_image image=&#8221;8158&#8243;][\/vc_column_inner][\/vc_row_inner][\/vc_column][\/vc_row]<\/p>\n","protected":false},"excerpt":{"rendered":"<p>[vc_row css=&#8221;.vc_custom_1534252423179{background-image: url(https:\/\/www.europaforum2019.ee\/wp-content\/uploads\/2018\/08\/Vanalinn.jpg?id=445) !important;background-position: center !important;background-repeat: no-repeat !important;background-size: cover !important;}&#8221;][vc_column][vc_single_image image=&#8221;8499&#8243; img_size=&#8221;full&#8221; alignment=&#8221;right&#8221; onclick=&#8221;custom_link&#8221; el_class=&#8221;header-pilt&#8221; link=&#8221;https:\/\/www.europaforum2019.ee\/it\/program\/&#8221;][\/vc_column][\/vc_row][vc_row css=&#8221;.vc_custom_1528978886787{padding-bottom: 2em !important;}&#8221;][vc_column width=&#8221;1\/2&#8243;][vc_video link=&#8221;https:\/\/www.youtube.com\/watch?v=YrFj24Y7VgU&#8221; align=&#8221;right&#8221;][\/vc_column][vc_column width=&#8221;1\/2&#8243;][vc_video link=&#8221;https:\/\/www.youtube.com\/watch?v=FgEEH02B8kg&#8221;][\/vc_column][\/vc_row][vc_row css=&#8221;.vc_custom_1528978886787{padding-bottom: 2em !important;}&#8221;][vc_column][vc_row_inner type=&#8221;boxed&#8221;][vc_column_inner width=&#8221;1\/3&#8243;][vc_images_carousel images=&#8221;403,389,397,250,108&#8243; img_size=&#8221;full&#8221; onclick=&#8221;link_no&#8221; autoplay=&#8221;yes&#8221; hide_pagination_control=&#8221;yes&#8221; hide_prev_next_buttons=&#8221;yes&#8221; wrap=&#8221;yes&#8221; css_animation=&#8221;zoomIn&#8221; el_class=&#8221;slider&#8221;][vc_column_text] BENVENUTI IN ESTONIA [\/vc_column_text][vc_column_text]L&#8217;anno prima del nostro Forum, l&#8217;Estonia festeggia il suo 100 \u00b0 anniversario. Sebbene siano [&hellip;]<\/p>\n","protected":false},"author":1,"featured_media":0,"parent":0,"menu_order":0,"comment_status":"closed","ping_status":"closed","template":"page-full-width.php","meta":[],"categories":[37],"tags":[],"_links":{"self":[{"href":"https:\/\/www.europaforum2019.ee\/it\/wp-json\/wp\/v2\/pages\/1700"}],"collection":[{"href":"https:\/\/www.europaforum2019.ee\/it\/wp-json\/wp\/v2\/pages"}],"about":[{"href":"https:\/\/www.europaforum2019.ee\/it\/wp-json\/wp\/v2\/types\/page"}],"author":[{"embeddable":true,"href":"https:\/\/www.europaforum2019.ee\/it\/wp-json\/wp\/v2\/users\/1"}],"replies":[{"embeddable":true,"href":"https:\/\/www.europaforum2019.ee\/it\/wp-json\/wp\/v2\/comments?post=1700"}],"version-history":[{"count":39,"href":"https:\/\/www.europaforum2019.ee\/it\/wp-json\/wp\/v2\/pages\/1700\/revisions"}],"predecessor-version":[{"id":8520,"href":"https:\/\/www.europaforum2019.ee\/it\/wp-json\/wp\/v2\/pages\/1700\/revisions\/8520"}],"wp:attachment":[{"href":"https:\/\/www.europaforum2019.ee\/it\/wp-json\/wp\/v2\/media?parent=1700"}],"wp:term":[{"taxonomy":"category","embeddable":true,"href":"https:\/\/www.europaforum2019.ee\/it\/wp-json\/wp\/v2\/categories?post=1700"},{"taxonomy":"post_tag","embeddable":true,"href":"https:\/\/www.europaforum2019.ee\/it\/wp-json\/wp\/v2\/tags?post=1700"}],"curies":[{"name":"wp","href":"https:\/\/api.w.org\/{rel}","templated":true}]}}