{"id":7480,"date":"2019-09-21T09:50:58","date_gmt":"2019-09-21T09:50:58","guid":{"rendered":"https:\/\/www.europaforum2019.ee\/?page_id=7480"},"modified":"2019-09-21T11:54:53","modified_gmt":"2019-09-21T11:54:53","slug":"social_events","status":"publish","type":"page","link":"https:\/\/www.europaforum2019.ee\/fr\/social_events\/","title":{"rendered":"\u00c9v\u00e9nements sociaux"},"content":{"rendered":"<p>[vc_row css=&#8221;.vc_custom_1528724670702{background-color: #f5f3f2 !important;}&#8221;][vc_column][vc_row_inner type=&#8221;boxed&#8221;][vc_column_inner][vc_column_text]<\/p>\n<h2 style=\"text-align: center;\"><span style=\"color: #3c64a4;\"><strong>\u00c9VENEMENTS SOCIAUX<\/strong><\/span><\/h2>\n<p><span style=\"color: #3c64a4;\"><strong><span style=\"font-size: 14pt;\">SOIR\u00c9E D&#8217;\u00c9CHAUFFEMENT DE CHARIT\u00c9<\/span>,<\/strong><\/span> Jeudi, le 3 octobre<\/p>\n<p><img loading=\"lazy\" class=\"alignright wp-image-7485 size-full\" src=\"https:\/\/www.europaforum2019.ee\/wp-content\/uploads\/2019\/08\/kultuurikatel-seest-v\u00e4ike.jpg\" alt=\"\" width=\"340\" height=\"230\" srcset=\"https:\/\/www.europaforum2019.ee\/wp-content\/uploads\/2019\/08\/kultuurikatel-seest-v\u00e4ike.jpg 340w, https:\/\/www.europaforum2019.ee\/wp-content\/uploads\/2019\/08\/kultuurikatel-seest-v\u00e4ike-300x203.jpg 300w\" sizes=\"(max-width: 340px) 100vw, 340px\" \/><\/p>\n<p><strong>CENTRE CR\u00c9ATIF<\/strong>, P\u00f5hja puiestee 27a, Tallinn<\/p>\n<p>19h00 -22h00<\/p>\n<p>C&#8217;est la premi\u00e8re fois qu&#8217;un tel \u00e9v\u00e9nement a lieu sur le forum. C&#8217;est une excellente occasion de rencontrer vos coll\u00e8gues Lions et Leos dans un environnement informel et de passer du bon temps ensemble. Le conseil international des Lions sera \u00e9galement pr\u00e9sent. Nos h\u00f4tes pour tous les jours du forum, Anu V\u00e4lba et Urmas Vaino animeront la soir\u00e9e, le DJ et l&#8217;ensemble Funkifize avec des chanteurs invit\u00e9s vous divertiront et vous feront danser.<\/p>\n<p><strong>Tenue vestimentaire\u00a0: <\/strong>Tenue d\u00e9contract\u00e9e<\/p>\n<p><img loading=\"lazy\" class=\"size-full wp-image-416 alignleft\" src=\"https:\/\/www.europaforum2019.ee\/wp-content\/uploads\/2018\/07\/paraad-v\u00e4ike.png\" alt=\"\" width=\"340\" height=\"230\" srcset=\"https:\/\/www.europaforum2019.ee\/wp-content\/uploads\/2018\/07\/paraad-v\u00e4ike.png 340w, https:\/\/www.europaforum2019.ee\/wp-content\/uploads\/2018\/07\/paraad-v\u00e4ike-300x203.png 300w\" sizes=\"(max-width: 340px) 100vw, 340px\" \/><\/p>\n<p><strong><span style=\"color: #3c64a4; font-size: 14pt;\">Parade des\u00a0<\/span><\/strong><strong><span style=\"color: #3c64a4; font-size: 14pt;\">Lions<\/span>,\u00a0<\/strong>Vendredi, le 4 octobre<\/p>\n<p><strong>De Sokos Hotel Viru \u00e0 la salle de concert Alexela Concert Hall <\/strong><\/p>\n<p>14h15-15h15<\/p>\n<p>Une parade conjointe de tous les Lions et Leos participants de Sokos Hotel Viru \u00e0 la salle de concert Alexela Concert Hall (500 m\u00e8tres). Portez vos costumes et couleurs nationaux et emportez vos drapeaux ! Les organisateurs des Lions EF 2019 remettront \u00e0 chaque d\u00e9l\u00e9gation leur drapeau national qui sera port\u00e9 sur la sc\u00e8ne apr\u00e8s la parade.<\/p>\n<p><strong>Tenue vestimentaire :<\/strong> Costume national ou Costume d&#8217;affaires<\/p>\n<p>&nbsp;<\/p>\n<p><strong><span style=\"font-size: 14pt; color: #3c64a4;\">C\u00e9r\u00e9monie d&#8217;ouverture et Soir\u00e9e d&#8217;Accueil<\/span>,<\/strong> Vendredi, le 4 octobre<\/p>\n<p><strong>Salle de concert Alexela Concert Hall, <\/strong>Estonia pst 9, Tallinn<\/p>\n<p>16h00-20h30<\/p>\n<p>Le concept de la c\u00e9r\u00e9monie d\u2019ouverture et de cl\u00f4ture de Lions Europa Forum est bas\u00e9 sur l\u2019objectif de pr\u00e9senter les activit\u00e9s de bienfaisance des Lions en Estonie et de le pr\u00e9senter du point de vue de l\u2019Estonie en tant que pays et de ses liens naturels et culturels avec l\u2019Europe. Le programme musical se compose de compositions cr\u00e9\u00e9es par les compositeurs les plus connus d\u2019Europe, en particulier de compositeurs qui int\u00e8grent la musique folklorique estonienne et les rythmes primitifs dans leurs cr\u00e9ations.\u00a0Conception musicale de Sander M\u00f6lder.<\/p>\n<p><strong>Programme :<\/strong><\/p>\n<p><strong><img loading=\"lazy\" class=\"alignright wp-image-396 size-full\" src=\"https:\/\/www.europaforum2019.ee\/wp-content\/uploads\/2018\/07\/Nordea-saal.png\" alt=\"\" width=\"340\" height=\"230\" srcset=\"https:\/\/www.europaforum2019.ee\/wp-content\/uploads\/2018\/07\/Nordea-saal.png 340w, https:\/\/www.europaforum2019.ee\/wp-content\/uploads\/2018\/07\/Nordea-saal-300x203.png 300w\" sizes=\"(max-width: 340px) 100vw, 340px\" \/><\/strong><\/p>\n<ul>\n<li><strong>Elina Nechajeva \u00ab\u00a0Kiara\u00a0\u00bb \u2013 C\u00e9r\u00e9monie des drapeaux<\/strong><\/li>\n<li>M\u00e4rt Viileberg, Gouverneur des District d\u2019Estonie, Gouverneur des District<\/li>\n<li><strong>Hymne national de l&#8217;Estonie interpr\u00e9t\u00e9 par Elina Nechajeva<\/strong><\/li>\n<li>Discours du Pr\u00e9sident ou du Premier Ministre estonien<\/li>\n<li><strong>Hymne national de la R\u00e9publique de Cor\u00e9e &#8211; Ch\u0153ur<\/strong><\/li>\n<li>Discours du Pr\u00e9sident de la F\u00e9d\u00e9ration internationale des Lions, Dr. Jung-Yul Choi<\/li>\n<li><strong>Arvo P\u00e4rt \u2013 Vater Unser \u2013 Choeur de gar\u00e7ons de Tallinn, dir. par Lydia Rahula<\/strong><\/li>\n<li><strong>Arvo P\u00e4rt\/Torupill \u2013 Ukuaru walz \u2013 Valse en fauteuil roulant<\/strong><\/li>\n<li>Discours du Pr\u00e9sident du Forum, Ancien Directeur international, Kalle Elster, cl\u00f4ture<\/li>\n<li><strong>Rein Rannap\/Kosmikud\/ch\u0153ur \u2013 Rock-cantate \u201cBeautiful Land\u201d- \u201cWe Move\u201d (\u00ab Belle Terre \u00bb &#8211; \u00ab\u00a0Nous bougeons\u00a0\u00bb)<\/strong><\/li>\n<li><strong>Rein Rannap\/Kosmikud\/ch\u0153ur \u2013 Rock-cantate \u201cBeautiful Land\u201d \u2013 \u201cThe Sun is for Everyone\u201d (\u00ab Belle Terre \u00bb &#8211; \u00ab\u00a0Le soleil est pour tout le monde \u00bb)<\/strong><\/li>\n<li><strong>Rein Rannap\/Kosmikud\/ch\u0153ur \u2013 Rock-cantate \u201cBeautiful Land\u201d- \u201cWe Move 2\u201d\u00a0(\u00ab Belle Terre \u00bb &#8211; \u00ab\u00a0Nous bougeons\u00a02 \u00bb)<\/strong><\/li>\n<\/ul>\n<p>La c\u00e9r\u00e9monie d&#8217;ouverture sera suivie d&#8217;une Soir\u00e9e d&#8217;accueil sur le th\u00e8me estonien, au cours de laquelle nous pr\u00e9senterons ce que notre petit pays a de mieux \u00e0 offrir. La musique est de l&#8217;ensemble folklorique Untsakad.<\/p>\n<p>NB ! Veuillez trouver votre place selon l\u2019Insigne du Forum !<\/p>\n<p><strong>Tenue vestimentaire :<\/strong> Costume national ou Costume d&#8217;affaires<\/p>\n<p><span style=\"color: #3c64a4; font-size: 14pt;\"><strong>Soir\u00e9e d<a href=\"http:\/\/meremuuseum.ee\/lennusadam\/en\/gallery\/videos\/events-in-seaplane-harbour\/\"><img loading=\"lazy\" class=\"alignleft wp-image-254 size-full\" src=\"https:\/\/www.europaforum2019.ee\/wp-content\/uploads\/2018\/07\/lennusadam-pisike2.png\" alt=\"\" width=\"340\" height=\"230\" srcset=\"https:\/\/www.europaforum2019.ee\/wp-content\/uploads\/2018\/07\/lennusadam-pisike2.png 340w, https:\/\/www.europaforum2019.ee\/wp-content\/uploads\/2018\/07\/lennusadam-pisike2-300x203.png 300w\" sizes=\"(max-width: 340px) 100vw, 340px\" \/><\/a>e Gala, <\/strong><strong>Samedi, le 5 octobre<\/strong><\/span><\/p>\n<p><strong>Port d&#8217;hydravion, <\/strong>Vesilennuki 6, Tallinn<\/p>\n<p>19h00-23h00<\/p>\n<p>La journ\u00e9e se terminera par la nuit la plus \u00e9l\u00e9gante &#8211; la Soir\u00e9e de Gala au Port d&#8217;hydravion. Nous vous promettons une nuit magique avec de la bonne musique, une cuisine d\u00e9licieuse et une compagnie inoubliable. Et si vous n\u2019avez jamais dans\u00e9 sous un vrai sous-marin &#8211; maintenant c&#8217;est la chance ! Music by DJ, ensemble Swingers and Elena Nechayeva.<\/p>\n<p><strong>Tenue vestimentaire :<\/strong> Veste blanche, cravate noire ou Costume d&#8217;affaires<\/p>\n<p><span style=\"color: #3c64a4; font-size: 14pt;\"><strong>C\u00e9r\u00e9monie de cl\u00f4ture,<\/strong><\/span> Dimanche, le 6 octobre<\/p>\n<p><strong>Alexela Concert Hall, <\/strong>Estonie, pst 9, Tallinn<\/p>\n<p>13h30-15h00<\/p>\n<p>Programme musical compos\u00e9 de compositeurs principaux de la musique europ\u00e9enne : Beethoven, Mozart et Bach et leurs cr\u00e9ations sont r\u00e9arrang\u00e9s et modernis\u00e9s par des compositeurs estoniens actuels et modernes tels que Tiit Kikas, Rasmus Puur et Sander M\u00f6lder. Le r\u00e9sultat final est la musique classique dans un arrangement moderne et innovant pr\u00e9sent\u00e9 sur des instruments et machines technologiques &#8211; c\u2019est ce que les Estoniens font avec l\u2019Europe. La conception d&#8217;int\u00e9rieur inspir\u00e9e par la technologie et les r\u00e9alisations d&#8217;E-Estonia.<\/p>\n<p><strong>Programme :<\/strong><\/p>\n<ul>\n<li><strong>J.S. Bach, compositions diverses &#8211; remix de Henrik Kaljuj\u00e4rv. Premi\u00e8re partie. <\/strong><\/li>\n<li>R\u00e9sum\u00e9 du Forum par le Repr\u00e9sentant International de Lions\u00a0Directeur international Heimo Potinkara, Directeur International D\u00e9sign\u00e9.<\/li>\n<li><strong>J.S. Bach, compositions diverses &#8211; remix de Henrik Kaljuj\u00e4rv. Deuxi\u00e8me partie.<\/strong><\/li>\n<li>Annonce des gagnants du Concours Europ\u00e9en de Musique Lions Thomas Kuti. Ingo Brookmann, pr\u00e9sident de LEMC.<\/li>\n<li>Gagnant du concours Thomas Kuti en premi\u00e8re mondiale.<\/li>\n<li>Pr\u00e9sentation des gagnants du concours Jeunes ambassadeurs. Pompilia Szellner, YA Pr\u00e9sidente.<\/li>\n<li><strong>W.A. Mozart, compositions diverses \u2013 remix de Sander M\u00f6lder avec divers instruments \u00e9lectroniques et ch\u0153ur.<\/strong><\/li>\n<li>Discours du Pr\u00e9sident du Lions Europa Forum, Ancien Directeur international Kalle Elster.<\/li>\n<li>Chien alerte diab\u00e9tique sur sc\u00e8ne, petite c\u00e9r\u00e9monie.<\/li>\n<li>C\u00e9r\u00e9monie de passage du drapeau au pays h\u00f4te suivant.<\/li>\n<li>Introduction EF2020. Ancien Directeur international George Papas, Pr\u00e9sident du Forum George Papas, President de EF2020.<\/li>\n<li><strong>Tiit Kikas \u2013\u00a0Tiit Kikas &#8211; L.V. Beethoven, 9\u00e8me symphonie \u2013 \u201cOde to Joy\u201d Premi\u00e8re partie<\/strong><\/li>\n<li>Discours de remerciement du pr\u00e9sident du Forum, Ancien Directeur international Kalle Elster, \u00e0 l&#8217;\u00e9quipe estonienne. R\u00e9compense. Pr\u00e9sident International Gudrun B. Yngvadottir<\/li>\n<li><strong>Tiit Kikas \u2013\u00a0Tiit Kikas &#8211; L.V. Beethoven, 9\u00e8me symphonie \u2013 \u201cOde to Joy\u201d Deuxi\u00e8me partie avec ch\u0153ur<\/strong><\/li>\n<\/ul>\n<p>NB ! Veuillez trouver votre place selon l\u2019Insigne du Forum !<\/p>\n<p><strong>Tenue vestimentaire :<\/strong> Tenue d&#8217;affaires<\/p>\n<p><span style=\"color: #3c64a4; font-size: 14pt;\"><strong><a href=\"https:\/\/amigo.ee\/en\/gallery\/\"><img loading=\"lazy\" class=\"alignleft wp-image-7492 size-full\" src=\"https:\/\/www.europaforum2019.ee\/wp-content\/uploads\/2019\/08\/amigo.png\" alt=\"\" width=\"340\" height=\"230\" srcset=\"https:\/\/www.europaforum2019.ee\/wp-content\/uploads\/2019\/08\/amigo.png 340w, https:\/\/www.europaforum2019.ee\/wp-content\/uploads\/2019\/08\/amigo-300x203.png 300w\" sizes=\"(max-width: 340px) 100vw, 340px\" \/><\/a><\/strong><\/span><\/p>\n<p><span style=\"font-size: 14pt;\"><strong><span style=\"color: #3c64a4;\">After Party<\/span><\/strong><\/span><\/p>\n<p><strong>Bo\u00eete de nuit Amigo, <\/strong>Viru v\u00e4ljak 4, Tallinn<\/p>\n<p>Vendredi, le 4 octobre \u00e0 21h00-\u2026<\/p>\n<p>Samedi, le 5 octobre \u00e0 22h00 -\u2026<\/p>\n<p>Endroit officiel pour les After Party dans la cave de notre Centre de conf\u00e9rence officiel \u00e0 l&#8217;h\u00f4tel Sokos Hotel Viru. L\u2019After-party dure jusqu&#8217;au matin pour tous les Lions et Leos participant au Forum Lions Europa. Entr\u00e9e gratuite avec l&#8217;insigne de Lions EF.<\/p>\n<p>Le vendredi soir sur la sc\u00e8ne de<strong> Koit Toome<\/strong>, le samedi <a href=\"https:\/\/www.youtube.com\/watch?v=J5ta2hzCsTE&amp;list=PLycUhkgJI2XNJl2Lx5oi1BS2Iv8LBSSUZ\"><strong>2Quick Start<\/strong><\/a> !<\/p>\n<p><strong>Tenue vestimentaire : <\/strong>Tenue d\u00e9contract\u00e9e<\/p>\n<p><strong>\u00a0<\/strong><\/p>\n<p>[\/vc_column_text][\/vc_column_inner][\/vc_row_inner][\/vc_column][\/vc_row][vc_row css=&#8221;.vc_custom_1528789133475{background-color: #fdc924 !important;}&#8221;][vc_column][\/vc_column][\/vc_row]<\/p>\n","protected":false},"excerpt":{"rendered":"<p>[vc_row css=&#8221;.vc_custom_1528724670702{background-color: #f5f3f2 !important;}&#8221;][vc_column][vc_row_inner type=&#8221;boxed&#8221;][vc_column_inner][vc_column_text] \u00c9VENEMENTS SOCIAUX SOIR\u00c9E D&#8217;\u00c9CHAUFFEMENT DE CHARIT\u00c9, Jeudi, le 3 octobre CENTRE CR\u00c9ATIF, P\u00f5hja puiestee 27a, Tallinn 19h00 -22h00 C&#8217;est la premi\u00e8re fois qu&#8217;un tel \u00e9v\u00e9nement a lieu sur le forum. C&#8217;est une excellente occasion de rencontrer vos coll\u00e8gues Lions et Leos dans un environnement informel et de passer du bon [&hellip;]<\/p>\n","protected":false},"author":2,"featured_media":0,"parent":0,"menu_order":0,"comment_status":"closed","ping_status":"closed","template":"page-full-width.php","meta":[],"categories":[33],"tags":[],"_links":{"self":[{"href":"https:\/\/www.europaforum2019.ee\/fr\/wp-json\/wp\/v2\/pages\/7480"}],"collection":[{"href":"https:\/\/www.europaforum2019.ee\/fr\/wp-json\/wp\/v2\/pages"}],"about":[{"href":"https:\/\/www.europaforum2019.ee\/fr\/wp-json\/wp\/v2\/types\/page"}],"author":[{"embeddable":true,"href":"https:\/\/www.europaforum2019.ee\/fr\/wp-json\/wp\/v2\/users\/2"}],"replies":[{"embeddable":true,"href":"https:\/\/www.europaforum2019.ee\/fr\/wp-json\/wp\/v2\/comments?post=7480"}],"version-history":[{"count":4,"href":"https:\/\/www.europaforum2019.ee\/fr\/wp-json\/wp\/v2\/pages\/7480\/revisions"}],"predecessor-version":[{"id":8203,"href":"https:\/\/www.europaforum2019.ee\/fr\/wp-json\/wp\/v2\/pages\/7480\/revisions\/8203"}],"wp:attachment":[{"href":"https:\/\/www.europaforum2019.ee\/fr\/wp-json\/wp\/v2\/media?parent=7480"}],"wp:term":[{"taxonomy":"category","embeddable":true,"href":"https:\/\/www.europaforum2019.ee\/fr\/wp-json\/wp\/v2\/categories?post=7480"},{"taxonomy":"post_tag","embeddable":true,"href":"https:\/\/www.europaforum2019.ee\/fr\/wp-json\/wp\/v2\/tags?post=7480"}],"curies":[{"name":"wp","href":"https:\/\/api.w.org\/{rel}","templated":true}]}}