{"id":7096,"date":"2019-03-20T10:08:57","date_gmt":"2019-03-20T10:08:57","guid":{"rendered":"https:\/\/www.europaforum2019.ee\/thursday\/"},"modified":"2019-09-15T07:10:29","modified_gmt":"2019-09-15T07:10:29","slug":"thursday","status":"publish","type":"page","link":"https:\/\/www.europaforum2019.ee\/fr\/thursday\/","title":{"rendered":"Jeudi"},"content":{"rendered":"<p>[vc_row][vc_column][\/vc_column][\/vc_row][vc_row][vc_column width=&#8221;3\/4&#8243;][vc_column_text css=&#8221;.vc_custom_1564935579785{padding-top: 20px !important;padding-bottom: 20px !important;}&#8221;]<\/p>\n<div class=\"twelve columns add-bottom\">\n<h2><span style=\"color: #3c64a4;\">Jeudi 10\/03\/2019<\/span><\/h2>\n<p>Les noms suivants d\u00e9signent des salles dans les diff\u00e9rents centres de conf\u00e9rence:<\/p>\n<p><span style=\"color: #3c64a4;\"><strong><a href=\"https:\/\/www.sokoshotels.fi\/en\/tallinn\/sokos-hotel-viru\">Sokos Hotel Viru\u00a0<\/a><\/strong> <span style=\"color: #000000;\">Allegro, Andante 1, Andante 2, Bolero, Duetto, Forte, Grande, Grande 1, Grande 1+2, Grande 2, Grande 3, Semi<\/span><\/span><\/p>\n<p><span style=\"color: #3c64a4;\"><a style=\"color: #3c64a4;\" href=\"https:\/\/www.europaforum2019.ee\/wp-content\/uploads\/2019\/06\/Nordic-Hotel-Forum-conference-centre-floor-plan.png\"><strong>Nordic Hotel Forum<\/strong><\/a> <span style=\"color: #000000;\">Sirius, Capella, Arcturus, Vega, Altair, Miitsar <\/span><\/span><\/p>\n<\/div>\n<p>[\/vc_column_text][vc_column_text]<span style=\"font-size: 18pt;\">08:00-09:00<\/span>[\/vc_column_text][vc_tta_accordion active_section=&#8221;&#8221; collapsible_all=&#8221;true&#8221;][vc_tta_section title=&#8221;R\u00e9union du Comit\u00e9 de Surveillance pour EF2019 (session \u00e0 huis clos) | Vega | Nordic Hotel Forum&#8221; tab_id=&#8221;1564488059074-431f4da7-0f06&#8243; el_class=&#8221;thematicmeetings&#8221;][vc_column_text]<\/p>\n<table width=\"624\">\n<tbody>\n<tr>\n<td width=\"102\">Date<\/td>\n<td width=\"522\">03\/10\/2019<\/td>\n<\/tr>\n<tr>\n<td>Temps<\/td>\n<td width=\"522\">8h00 \u2013 9h00<\/td>\n<\/tr>\n<tr>\n<td>Titre<\/td>\n<td width=\"522\">R\u00e9union du Comit\u00e9 de Surveillance pour EF2019 (session \u00e0 huis clos)<\/td>\n<\/tr>\n<tr>\n<td>Salle<\/td>\n<td width=\"522\">Nordic Hotel Forum &#8211; Vega<\/td>\n<\/tr>\n<tr>\n<td>Public cible<\/td>\n<td width=\"522\">Comit\u00e9 d&#8217;Accueil de EF2019, membres du Comit\u00e9 de Surveillance<\/td>\n<\/tr>\n<tr>\n<td>Pr\u00e9sident<\/td>\n<td width=\"522\">Directeur international Heimo Potinkara, Directeur International D\u00e9sign\u00e9<\/td>\n<\/tr>\n<tr>\n<td>Vice-pr\u00e9sident<\/td>\n<td width=\"522\">Past Directeur international Kalle Elster, Pr\u00e9sident du Forum<\/td>\n<\/tr>\n<tr>\n<td>Speakers<\/td>\n<td width=\"522\">Directeur international Heimo Potinkara, Directeur International D\u00e9sign\u00e9<br \/>\nPast Directeur international Kalle Elster, Pr\u00e9sident du Forum EF2019<br \/>\nDistrict Gouverneur M\u00e4rt Viileberg, Directeur de programme EF2019<br \/>\nPast Directeur international George Papas, Vice-pr\u00e9sident du Forum<br \/>\nPast Gouverneur de District George Savvides, Directeur de programme EF2020<br \/>\nPast Directeur international Phil Nathan, Archiviste et Conseiller<br \/>\nCoordinateur en chef du Projet Peter Brandenburg, Comptable du Forum<br \/>\nAutres membres du Comit\u00e9 d&#8217;Accueil d\u2019EF2019<\/td>\n<\/tr>\n<tr>\n<td>Description<\/td>\n<td width=\"522\">Selon l&#8217;ordre du jour du Comit\u00e9<\/td>\n<\/tr>\n<\/tbody>\n<\/table>\n<p>[\/vc_column_text][\/vc_tta_section][\/vc_tta_accordion][vc_column_text]<span style=\"font-size: 18pt;\">08:30-16:45<\/span>[\/vc_column_text][vc_tta_accordion style=&#8221;modern&#8221; shape=&#8221;square&#8221; active_section=&#8221;&#8221; collapsible_all=&#8221;true&#8221;][vc_tta_section title=&#8221;\u00c9quipe d&#8217;Action Mondial (GAT) | Sirius | Nordic Hotel Forum&#8221; tab_id=&#8221;1564488001392-343c98a1-5317&#8243; el_class=&#8221;leo-lions&#8221;][vc_column_text]<\/p>\n<table width=\"624\">\n<tbody>\n<tr>\n<td width=\"102\">Date<\/td>\n<td width=\"522\">03\/10\/2019<\/td>\n<\/tr>\n<tr>\n<td>Temps<\/td>\n<td width=\"522\">8h00 &#8211; 16h45<\/td>\n<\/tr>\n<tr>\n<td>Titre<\/td>\n<td width=\"522\">\u00c9quipe d&#8217;Action Mondial (GAT)<\/td>\n<\/tr>\n<tr>\n<td>Salle<\/td>\n<td width=\"522\">Nordic Hotel Forum &#8211; Sirius<\/td>\n<\/tr>\n<tr>\n<td>Public cible<\/td>\n<td>Pr\u00e9sidents de conseil, gouverneurs de district, coordinateurs MD et D, nouvelles voix, coordinateurs de clubs sp\u00e9cialis\u00e9s, L\u00e9os<\/td>\n<\/tr>\n<tr>\n<td>Pr\u00e9sident<\/td>\n<td width=\"522\">PID Robert Rettby<\/td>\n<\/tr>\n<tr>\n<td>Vice-pr\u00e9sident<\/td>\n<td width=\"522\">PID Miklos Horvath<\/td>\n<\/tr>\n<tr>\n<td>Speakers<\/td>\n<td width=\"522\">PID Robert Rettby, PID Elisabeth Haderer, PID Sanjay Kethan, responsables de zone A4 GAT, invit\u00e9s surprises<\/td>\n<\/tr>\n<tr>\n<td>Description<\/td>\n<td width=\"522\">\n<div id=\"docs-chrome\" class=\"docs-material companion-enabled\" tabindex=\"0\" role=\"group\">\n<div id=\"docs-additional-bars\">\n<div id=\"waffle-editorsized-bar\">\n<div id=\"formula-bar\">\n<div id=\"t-formula-bar-input-container\">\n<div dir=\"ltr\">\n<div id=\"t-formula-bar-input\" spellcheck=\"false\">\n<div class=\"cell-input\" dir=\"ltr\" tabindex=\"0\" role=\"combobox\" contenteditable=\"true\" aria-autocomplete=\"list\" aria-label=\"M21\">GAT, GMT, GLT et GST, ressources LCI, Clubs Sp\u00e9cialis\u00e9s, Nouvelles Voix, L\u00e9os<\/div>\n<\/div>\n<\/div>\n<\/div>\n<\/div>\n<\/div>\n<\/div>\n<\/div>\n<\/td>\n<\/tr>\n<\/tbody>\n<\/table>\n<p>[\/vc_column_text][\/vc_tta_section][vc_tta_section title=&#8221;\u00c9quipe d&#8217;Action Mondial (GAT) | Arcturus | Nordic Hotel Forum&#8221; tab_id=&#8221;1564488001431-db51e3fe-9ef0&#8243; el_class=&#8221;leo-lions&#8221;][vc_column_text]<\/p>\n<table width=\"624\">\n<tbody>\n<tr>\n<td width=\"102\">Date<\/td>\n<td width=\"522\">03\/10\/2019<\/td>\n<\/tr>\n<tr>\n<td>Temps<\/td>\n<td width=\"522\">8h00 &#8211; 16h45<\/td>\n<\/tr>\n<tr>\n<td>Titre<\/td>\n<td width=\"522\">\u00c9quipe d&#8217;Action Mondial (GAT)<\/td>\n<\/tr>\n<tr>\n<td>Salle<\/td>\n<td width=\"522\">Nordic Hotel Forum &#8211; Arcturus<\/td>\n<\/tr>\n<tr>\n<td>Public cible<\/td>\n<td>Pr\u00e9sidents de conseil, gouverneurs de district, coordinateurs MD et D, nouvelles voix, coordinateurs de clubs sp\u00e9cialis\u00e9s, L\u00e9os<\/td>\n<\/tr>\n<tr>\n<td>Pr\u00e9sident<\/td>\n<td width=\"522\">PID Robert Rettby<\/td>\n<\/tr>\n<tr>\n<td>Vice-pr\u00e9sident<\/td>\n<td width=\"522\">PID Miklos Horvath<\/td>\n<\/tr>\n<tr>\n<td>Speakers<\/td>\n<td width=\"522\">PID Robert Rettby, PID Elisabeth Haderer, PID Sanjay Kethan, responsables de zone A4 GAT, invit\u00e9s surprises<\/td>\n<\/tr>\n<tr>\n<td>Description<\/td>\n<td width=\"522\">\n<div id=\"docs-chrome\" class=\"docs-material companion-enabled\" tabindex=\"0\" role=\"group\">\n<div id=\"docs-additional-bars\">\n<div id=\"waffle-editorsized-bar\">\n<div id=\"formula-bar\">\n<div id=\"t-formula-bar-input-container\">\n<div dir=\"ltr\">\n<div id=\"t-formula-bar-input\" spellcheck=\"false\">\n<div class=\"cell-input\" dir=\"ltr\" tabindex=\"0\" role=\"combobox\" contenteditable=\"true\" aria-autocomplete=\"list\" aria-label=\"M21\">GAT, GMT, GLT et GST, ressources LCI, Clubs Sp\u00e9cialis\u00e9s, Nouvelles Voix, L\u00e9os<\/div>\n<\/div>\n<\/div>\n<\/div>\n<\/div>\n<\/div>\n<\/div>\n<\/div>\n<\/td>\n<\/tr>\n<\/tbody>\n<\/table>\n<p>[\/vc_column_text][\/vc_tta_section][vc_tta_section title=&#8221;\u00c9quipe d&#8217;Action Mondial (GAT) | Duetto | Sokos Hotel Viru&#8221; tab_id=&#8221;1564488001360-bae68343-6fd6&#8243; el_class=&#8221;leo-lions&#8221;][vc_column_text]<\/p>\n<table width=\"624\">\n<tbody>\n<tr>\n<td width=\"102\">Date<\/td>\n<td width=\"522\">03\/10\/2019<\/td>\n<\/tr>\n<tr>\n<td>Temps<\/td>\n<td width=\"522\">8h00 &#8211; 16h45<\/td>\n<\/tr>\n<tr>\n<td>Titre<\/td>\n<td>\u00c9quipe d&#8217;Action Mondial (GAT)<\/td>\n<\/tr>\n<tr>\n<td>Salle<\/td>\n<td width=\"522\">Sokos Hotel Viru &#8211; Duetto<\/td>\n<\/tr>\n<tr>\n<td>Public cible<\/td>\n<td>Pr\u00e9sidents de conseil, gouverneurs de district, coordinateurs MD et D, nouvelles voix, coordinateurs de clubs sp\u00e9cialis\u00e9s, L\u00e9os<\/td>\n<\/tr>\n<tr>\n<td>Pr\u00e9sident<\/td>\n<td>PID Robert Rettby<\/td>\n<\/tr>\n<tr>\n<td>Vice-pr\u00e9sident<\/td>\n<td width=\"522\">PID Miklos Horvath<\/td>\n<\/tr>\n<tr>\n<td>Speakers<\/td>\n<td width=\"522\">PID Robert Rettby, PID Elisabeth Haderer, PID Sanjay Kethan, responsables de zone A4 GAT, invit\u00e9s surprises<\/td>\n<\/tr>\n<tr>\n<td>Description<\/td>\n<td width=\"522\">\n<div id=\"docs-chrome\" class=\"docs-material companion-enabled\" tabindex=\"0\" role=\"group\">\n<div id=\"docs-additional-bars\">\n<div id=\"waffle-editorsized-bar\">\n<div id=\"formula-bar\">\n<div id=\"t-formula-bar-input-container\">\n<div dir=\"ltr\">\n<div id=\"t-formula-bar-input\" spellcheck=\"false\">\n<div class=\"cell-input\" dir=\"ltr\" tabindex=\"0\" role=\"combobox\" contenteditable=\"true\" aria-autocomplete=\"list\" aria-label=\"M21\">GAT, GMT, GLT et GST, ressources LCI, Clubs Sp\u00e9cialis\u00e9s, Nouvelles Voix, L\u00e9os<\/div>\n<\/div>\n<\/div>\n<\/div>\n<\/div>\n<\/div>\n<\/div>\n<\/div>\n<\/td>\n<\/tr>\n<\/tbody>\n<\/table>\n<p>[\/vc_column_text][\/vc_tta_section][\/vc_tta_accordion][vc_column_text]<span style=\"font-size: 18pt;\">09:00-12:00<\/span>[\/vc_column_text][vc_tta_accordion active_section=&#8221;&#8221; collapsible_all=&#8221;true&#8221;][vc_tta_section title=&#8221;Comit\u00e9 de Planification \u00e0 Long Terme pour l&#8217;Europe (session \u00e0 huis clos) | Vega | Nordic Hotel Forum&#8221; tab_id=&#8221;1564489512764-51a18113-278c&#8221; el_class=&#8221;thematicmeetings&#8221;][vc_column_text]<\/p>\n<table width=\"624\">\n<tbody>\n<tr>\n<td width=\"102\">Date<\/td>\n<td width=\"522\">03\/10\/2019<\/td>\n<\/tr>\n<tr>\n<td>Temps<\/td>\n<td width=\"522\">09h00-12h00<\/td>\n<\/tr>\n<tr>\n<td>Titre<\/td>\n<td width=\"522\">Comit\u00e9 de Planification \u00e0 Long Terme pour l&#8217;Europe (session \u00e0 huis clos)<\/td>\n<\/tr>\n<tr>\n<td>Salle<\/td>\n<td width=\"522\">Nordic Hotel Forum &#8211; Vega<\/td>\n<\/tr>\n<tr>\n<td>Public cible<\/td>\n<td width=\"522\">R\u00e9serv\u00e9 aux membres du Comit\u00e9 de Planification \u00e0 Long Terme pour l&#8217;Europe<\/td>\n<\/tr>\n<tr>\n<td>Pr\u00e9sident<\/td>\n<td width=\"522\">IP Pr\u00e9sident Gudrun Bj\u00f6rt Yngvadottir<\/td>\n<\/tr>\n<tr>\n<td>Speakers<\/td>\n<td width=\"522\">Ouverture par IP Pr\u00e9sident Gudrun B. Yngvadottir<br \/>\nTous les membres de LRPCE<\/td>\n<\/tr>\n<tr>\n<td>Description<\/td>\n<td width=\"522\">Selon l&#8217;ordre du jour du Comit\u00e9<\/td>\n<\/tr>\n<\/tbody>\n<\/table>\n<p>[\/vc_column_text][\/vc_tta_section][\/vc_tta_accordion][vc_column_text]<span style=\"font-size: 18pt;\">09:00-17:15<\/span>[\/vc_column_text][vc_tta_accordion active_section=&#8221;&#8221; collapsible_all=&#8221;true&#8221;][vc_tta_section title=&#8221;R\u00e9union des pr\u00e9sidents des Camps et \u00c9changes de Jeunes (CEJ) | Capella | Nordic Hotel Forum&#8221; tab_id=&#8221;hallikasroheline1&#8243; el_class=&#8221;youth&#8221;][vc_column_text]<\/p>\n<table width=\"624\">\n<tbody>\n<tr>\n<td width=\"102\">Date<\/td>\n<td width=\"522\">03\/10\/2019<\/td>\n<\/tr>\n<tr>\n<td>Temps<\/td>\n<td width=\"522\">9h00 &#8211; 17h15<\/td>\n<\/tr>\n<tr>\n<td>Titre<\/td>\n<td width=\"522\">R\u00e9union des pr\u00e9sidents des Camps et \u00c9changes de Jeunes (CEJ)<\/td>\n<\/tr>\n<tr>\n<td>Salle<\/td>\n<td width=\"522\">Nordic Hotel Forum &#8211; Capella<\/td>\n<\/tr>\n<tr>\n<td>Public cible<\/td>\n<td width=\"522\">Ouvert \u00e0 tous<\/td>\n<\/tr>\n<tr>\n<td>Pr\u00e9sident<\/td>\n<td width=\"522\">Pr\u00e9sident de Camp et \u00c9changes de Jeunes (CEJ) Margus Malla<\/td>\n<\/tr>\n<tr>\n<td>Vice-pr\u00e9sident<\/td>\n<td width=\"522\">Pr\u00e9sident de Camp et \u00c9changes de Jeunes (CEJ) Jovan Gavrilovski<\/td>\n<\/tr>\n<tr>\n<td>Speakers<\/td>\n<td width=\"522\">Pr\u00e9sidents des \u00c9changes de Jeunes<\/td>\n<\/tr>\n<tr>\n<td>Description<\/td>\n<td width=\"522\">Discussions des \u00c9changes de Jeunes (EJ), Formulaire de candidature, GDPR, Nouvelles de Oak Brook, Pr\u00e9sentation EF 2020 Thessaloniki<\/td>\n<\/tr>\n<\/tbody>\n<\/table>\n<p>[\/vc_column_text][\/vc_tta_section][\/vc_tta_accordion][vc_column_text]<span style=\"font-size: 18pt;\">14:00-18:00<\/span>[\/vc_column_text][vc_tta_accordion active_section=&#8221;&#8221; collapsible_all=&#8221;true&#8221;][vc_tta_section title=&#8221;Baltic Sea Lions (BSL) | Altair | Nordic Hotel Forum&#8221; tab_id=&#8221;1564489904253-0b9245ef-c14c&#8221; el_class=&#8221;leo-lions&#8221;][vc_column_text]<\/p>\n<table width=\"624\">\n<tbody>\n<tr>\n<td width=\"102\">Date<\/td>\n<td width=\"522\">03\/10\/2019<\/td>\n<\/tr>\n<tr>\n<td>Temps<\/td>\n<td width=\"522\">14h00 &#8211; 18h00<\/td>\n<\/tr>\n<tr>\n<td>Titre<\/td>\n<td width=\"522\">Baltic Sea Lions<\/td>\n<\/tr>\n<tr>\n<td>Salle<\/td>\n<td width=\"522\">Nordic Hotel Forum &#8211; Altair<\/td>\n<\/tr>\n<tr>\n<td>Public cible<\/td>\n<td width=\"522\">D\u00e9l\u00e9gu\u00e9s et des invit\u00e9s des Baltic Sea Lions<\/td>\n<\/tr>\n<tr>\n<td>Pr\u00e9sident<\/td>\n<td width=\"522\">Pr\u00e9sident de BSL, Past Gouverneur de District Sanna Siissalo<\/td>\n<\/tr>\n<tr>\n<td>Vice-pr\u00e9sident<\/td>\n<td width=\"522\">BSL vice president Virginijus Jasaitis<\/td>\n<\/tr>\n<tr>\n<td>Speakers<\/td>\n<td width=\"522\">D\u00e9l\u00e9gu\u00e9s de BSL<\/td>\n<\/tr>\n<tr>\n<td>Description<\/td>\n<td width=\"522\">Baltic Sea Lions est un r\u00e9seau de coop\u00e9ration des districts de LCI autour de la mer Baltique. Les objectifs du r\u00e9seau sont de faciliter les projets communs et de renforcer l\u2019amiti\u00e9 par-del\u00e0 les fronti\u00e8res. La protection de l&#8217;eau de la mer Baltique a \u00e9t\u00e9 le principal int\u00e9r\u00eat du r\u00e9seau au cours des derni\u00e8res ann\u00e9es.<\/td>\n<\/tr>\n<\/tbody>\n<\/table>\n<p>[\/vc_column_text][\/vc_tta_section][\/vc_tta_accordion][vc_column_text]<span style=\"font-size: 18pt;\">15:00-17:00<\/span>[\/vc_column_text][vc_tta_accordion active_section=&#8221;&#8221; collapsible_all=&#8221;true&#8221;][vc_tta_section title=&#8221;Orientation des Pr\u00e9sentateurs et des D\u00e9l\u00e9gu\u00e9s | Vega | Nordic Hotel Forum&#8221; tab_id=&#8221;kollane3&#8243; el_class=&#8221;thematicmeetings&#8221;][vc_column_text]<\/p>\n<table width=\"624\">\n<tbody>\n<tr>\n<td width=\"102\">Date<\/td>\n<td width=\"522\">03\/10\/2019<\/td>\n<\/tr>\n<tr>\n<td>Temps<\/td>\n<td width=\"522\">15h00 &#8211; 17h00<\/td>\n<\/tr>\n<tr>\n<td>Titre<\/td>\n<td width=\"522\">Orientation des Pr\u00e9sentateurs et des D\u00e9l\u00e9gu\u00e9s<\/td>\n<\/tr>\n<tr>\n<td>Salle<\/td>\n<td width=\"522\">Nordic Hotel Forum &#8211; Vega<\/td>\n<\/tr>\n<tr>\n<td>Public cible<\/td>\n<td width=\"522\">Tous les pr\u00e9sentateurs d&#8217;ateliers<\/td>\n<\/tr>\n<tr>\n<td>Pr\u00e9sident<\/td>\n<td width=\"522\">District Gouverneur M\u00e4rt Viileberg<\/td>\n<\/tr>\n<tr>\n<td>Vice-pr\u00e9sident<\/td>\n<td width=\"522\">Leo Karin K\u00fcnnapas<\/td>\n<\/tr>\n<tr>\n<td>Speakers<\/td>\n<td>DG M\u00e4rt Viileberg, Leo Karin K\u00fcnnapas<\/td>\n<\/tr>\n<tr>\n<td>Description<\/td>\n<td width=\"522\">Une r\u00e9union conjointe pour les pr\u00e9sentateurs d\u2019ateliers et de s\u00e9minaires des Lions EF 2019. Cette session couvrira la configuration du format Caf\u00e9 mondial, tous les d\u00e9tails techniques et les aspects pratiques.<\/td>\n<\/tr>\n<\/tbody>\n<\/table>\n<p>[\/vc_column_text][\/vc_tta_section][\/vc_tta_accordion][vc_column_text]<span style=\"font-size: 18pt;\">15:00-19:00<\/span>[\/vc_column_text][vc_tta_accordion active_section=&#8221;&#8221; collapsible_all=&#8221;true&#8221;][vc_tta_section title=&#8221;MD111 R\u00e9union du Conseil (session \u00e0 huis clos) | Allegro | Sokos Hotel Viru&#8221; tab_id=&#8221;1564489999082-b78e3d3c-a0f3&#8243; el_class=&#8221;thematicmeetings&#8221;][vc_column_text]<\/p>\n<table width=\"624\">\n<tbody>\n<tr>\n<td width=\"102\">Date<\/td>\n<td width=\"522\">03\/10\/2019<\/td>\n<\/tr>\n<tr>\n<td>Temps<\/td>\n<td width=\"522\">15h00 &#8211; 19h00<\/td>\n<\/tr>\n<tr>\n<td>Titre<\/td>\n<td width=\"522\">MD111 R\u00e9union du Conseil (session \u00e0 huis clos)<\/td>\n<\/tr>\n<tr>\n<td>Salle<\/td>\n<td width=\"522\">Sokos Hotel Viru &#8211; Allegro<\/td>\n<\/tr>\n<tr>\n<td>Public cible<\/td>\n<td width=\"522\">DM111 Membres du Conseil<\/td>\n<\/tr>\n<tr>\n<td>Pr\u00e9sident<\/td>\n<td width=\"522\">Lion Maximilian Schneider<\/td>\n<\/tr>\n<tr>\n<td>Speakers<\/td>\n<td width=\"522\">Conseil des Gouverneurs DM111<\/td>\n<\/tr>\n<tr>\n<td>Description<\/td>\n<td width=\"522\">Selon l&#8217;ordre du jour du Conseil<\/td>\n<\/tr>\n<\/tbody>\n<\/table>\n<p>[\/vc_column_text][\/vc_tta_section][\/vc_tta_accordion][vc_column_text]<span style=\"font-size: 18pt;\">17:15-18:45<\/span>[\/vc_column_text][vc_tta_accordion active_section=&#8221;&#8221; collapsible_all=&#8221;true&#8221;][vc_tta_section title=&#8221;R\u00e9union du conseil de NSR CC (session \u00e0 huis clos) | Vega | Nordic Hotel Forum&#8221; tab_id=&#8221;kollane3&#8243; el_class=&#8221;internationalrelations&#8221;][vc_column_text]<\/p>\n<table width=\"624\">\n<tbody>\n<tr>\n<td style=\"width: 104px;\">Date<\/td>\n<td style=\"width: 504px;\">03\/10\/2019<\/td>\n<\/tr>\n<tr>\n<td style=\"width: 104px;\">Temps<\/td>\n<td style=\"width: 504px;\">17h15 &#8211; 18h45<\/td>\n<\/tr>\n<tr>\n<td style=\"width: 104px;\">Titre<\/td>\n<td style=\"width: 504px;\">R\u00e9union du conseil de NSR CC\u00a0(session \u00e0 huis clos)<\/td>\n<\/tr>\n<tr>\n<td style=\"width: 104px;\">Salle<\/td>\n<td style=\"width: 504px;\">Nordic Hotel Forum &#8211; Vega<\/td>\n<\/tr>\n<tr>\n<td style=\"width: 104px;\">Public cible<\/td>\n<td style=\"width: 504px;\">CC, IP nordique, ID, candidats ID, PIP, PID, GS, VCC et NSR-OC (et autres participants invit\u00e9s par le pr\u00e9sident du conseil d&#8217;administration de CC)<\/td>\n<\/tr>\n<tr>\n<td style=\"width: 104px;\">Pr\u00e9sident<\/td>\n<td style=\"width: 504px;\">CC Lisbeth Andreasen<\/td>\n<\/tr>\n<tr>\n<td style=\"width: 104px;\">Vice-pr\u00e9sident<\/td>\n<td style=\"width: 504px;\">CC Aarne Kivioja<\/td>\n<\/tr>\n<tr>\n<td style=\"width: 104px;\">Speakers<\/td>\n<td style=\"width: 504px;\">CC members<\/td>\n<\/tr>\n<tr>\n<td style=\"width: 104px;\">Description<\/td>\n<td style=\"width: 504px;\">R\u00e9union des CC nordiques conform\u00e9ment \u00e0 l&#8217;ordre du jour du conseil d&#8217;administration et aux statuts de la NSR<\/td>\n<\/tr>\n<\/tbody>\n<\/table>\n<p>[\/vc_column_text][\/vc_tta_section][\/vc_tta_accordion][vc_column_text]<span style=\"font-size: 18pt;\">19:00-22:00<\/span>[\/vc_column_text][vc_tta_accordion active_section=&#8221;&#8221; collapsible_all=&#8221;true&#8221;][vc_tta_section title=&#8221;Lancement de la soir\u00e9e de Charit\u00e9 | Centre Cr\u00e9atif de Tallinn&#8221; tab_id=&#8221;oranz2&#8243; el_class=&#8221;gat&#8221;][vc_column_text]<\/p>\n<table width=\"624\">\n<tbody>\n<tr>\n<td width=\"102\">Date<\/td>\n<td width=\"522\">03\/10\/2019<\/td>\n<\/tr>\n<tr>\n<td>Temps<\/td>\n<td width=\"522\">19h00-22h00<\/td>\n<\/tr>\n<tr>\n<td>Titre<\/td>\n<td width=\"522\">Lancement de la soir\u00e9e de Charit\u00e9<\/td>\n<\/tr>\n<tr>\n<td>Salle<\/td>\n<td width=\"522\">Centre Cr\u00e9atif de Tallinn<\/td>\n<\/tr>\n<tr>\n<td>Public cible<\/td>\n<td width=\"522\">Lions, Leos, invit\u00e9s et leurs compagnons<\/td>\n<\/tr>\n<tr>\n<td>H\u00f4te<\/td>\n<td width=\"522\">Lion Raivo Vilbaste<\/td>\n<\/tr>\n<tr>\n<td>Ma\u00eetre des \u00c9v\u00e9nements<\/td>\n<td width=\"522\">Janek Reimal<\/td>\n<\/tr>\n<tr>\n<td>Ma\u00eetres de c\u00e9r\u00e9monie<\/td>\n<td width=\"522\">Anu V\u00e4lba<\/td>\n<\/tr>\n<tr>\n<td>Description<\/td>\n<td width=\"522\">Le forum d\u00e9butera dans la soir\u00e9e du jeudi 3 octobre par une Soir\u00e9e d&#8217;\u00e9chauffement dans le Centre Cr\u00e9atif de Tallinn. C&#8217;est la premi\u00e8re fois qu&#8217;un tel \u00e9v\u00e9nement a lieu sur le forum. C&#8217;est une excellente occasion de rencontrer vos coll\u00e8gues Lions et Leos dans un environnement informel et de passer du bon temps ensemble. Le conseil international des Lions sera \u00e9galement pr\u00e9sent. Nos h\u00f4tes pour tous les jours du forum, Anu V\u00e4lba animeront la soir\u00e9e, le DJ et l&#8217;ensemble Funkifize avec des chanteurs invit\u00e9s vous divertiront et vous feront danser.<\/td>\n<\/tr>\n<\/tbody>\n<\/table>\n<p>[\/vc_column_text][\/vc_tta_section][\/vc_tta_accordion][\/vc_column][vc_column width=&#8221;1\/4&#8243;][vc_column_text css=&#8221;.vc_custom_1564935787949{padding-left: 15px !important;background-color: #d8d8d8 !important;border-radius: 1px !important;}&#8221;]<\/p>\n<h4><a href=\"https:\/\/www.europaforum2019.ee\/fr\/thursday\/\"><span style=\"font-size: 10pt;\">Jeudi 10\/03\/2019<\/span><\/a><\/h4>\n<p>[\/vc_column_text][vc_column_text css=&#8221;.vc_custom_1564935866824{padding-left: 15px !important;background-color: #d8d8d8 !important;border-radius: 1px !important;}&#8221;]<\/p>\n<h4><a href=\"https:\/\/www.europaforum2019.ee\/fr\/friday\/\"><span style=\"font-size: 10pt;\">Vendredi 10\/04\/2019<\/span><\/a><\/h4>\n<p>[\/vc_column_text][vc_column_text css=&#8221;.vc_custom_1564935901958{padding-left: 15px !important;background-color: #d8d8d8 !important;border-radius: 1px !important;}&#8221;]<\/p>\n<h4><a href=\"https:\/\/www.europaforum2019.ee\/fr\/saturday\/\"><span style=\"font-size: 10pt;\">Samedi 10\/05\/2019<\/span><\/a><\/h4>\n<p>[\/vc_column_text][vc_column_text css=&#8221;.vc_custom_1564935946134{padding-left: 15px !important;background-color: #d8d8d8 !important;border-radius: 1px !important;}&#8221;]<\/p>\n<h4><a href=\"https:\/\/www.europaforum2019.ee\/sunday\/\"><span style=\"font-size: 10pt;\">Dimanche 10\/06\/2019<\/span><\/a><\/h4>\n<p>[\/vc_column_text][vc_empty_space][\/vc_column][\/vc_row][vc_row][vc_column width=&#8221;3\/4&#8243;][vc_empty_space height=&#8221;20px&#8221;][vc_column_text el_class=&#8221;colorcodes&#8221;]<\/p>\n<table style=\"height: 153px; width: 87.4909%; border-collapse: collapse;\" border=\"0\" cellpadding=\"5\">\n<tbody>\n<tr style=\"height: 25px; border: 0;\">\n<td style=\"width: 3.85714%; background-color: #00b0f0; height: 38px; border: 0px none;\"><\/td>\n<td style=\"width: 31.1886%; height: 38px; border: 0px none; padding-left: 5px;\"><span style=\"font-size: 10pt;\">Social &amp; Agora<\/span><\/td>\n<td style=\"width: 3.86685%; background-color: #ffff00; height: 38px; border: 0px none;\"><\/td>\n<td style=\"width: 33.6587%; height: 38px; border: 0px none; padding-left: 5px;\"><span style=\"font-size: 10pt;\">Translated Main Meetings<\/span><\/td>\n<\/tr>\n<tr style=\"height: 37px;\">\n<td style=\"width: 3.85714%; height: 39px; border: 0px none; background-color: #0070c0;\"><\/td>\n<td style=\"width: 31.1886%; height: 39px; border: 0px none; padding-left: 5px;\"><span style=\"font-size: 10pt;\">International Relations Mediterranean, Euro-Africa, Euro-Asia, UNO, EU Parliament, UN-EU and Lions\u2026, etc<\/span><\/td>\n<td style=\"width: 3.86685%; background-color: #ffc000; height: 39px; border: 0px none;\"><\/td>\n<td style=\"width: 33.6587%; height: 39px; border: 0px none; padding-left: 5px;\"><span style=\"font-size: 10pt;\">Activities Service &amp; humanitarian projects, fundraisers, LCIF, etc.<\/span><\/td>\n<\/tr>\n<tr style=\"height: 32px; border: 0;\">\n<td style=\"width: 3.85714%; background-color: #92d050; height: 39px; border: 0px none;\"><\/td>\n<td style=\"width: 31.1886%; height: 39px; border: 0px none; padding-left: 5px;\"><span style=\"font-size: 10pt;\">Youth &amp; YEC<\/span><\/td>\n<td style=\"width: 3.86685%; background-color: #c00000; height: 39px; border: 0px none;\"><\/td>\n<td style=\"width: 33.6587%; height: 39px; border: 0px none; padding-left: 5px;\"><span style=\"font-size: 10pt;\">Thomas Kuti Contest (Music Contest)<\/span><\/td>\n<\/tr>\n<tr style=\"height: 34px; border: 0;\">\n<td style=\"width: 3.85714%; background-color: #a6a6a6; height: 37px; border: 0px none;\"><\/td>\n<td style=\"width: 31.1886%; height: 37px; border: 0px none; padding-left: 5px;\"><span style=\"font-size: 10pt;\">Thematic meetings, including PR &amp; Communication<\/span><\/td>\n<\/tr>\n<\/tbody>\n<\/table>\n<p>[\/vc_column_text][vc_empty_space height=&#8221;20px&#8221;][\/vc_column][vc_column width=&#8221;1\/4&#8243; offset=&#8221;vc_hidden-xs&#8221;][\/vc_column][\/vc_row][vc_row][vc_column width=&#8221;3\/4&#8243; offset=&#8221;vc_hidden-lg vc_hidden-md vc_hidden-sm&#8221;][\/vc_column][vc_column width=&#8221;1\/4&#8243; offset=&#8221;vc_hidden-lg vc_hidden-md vc_hidden-sm&#8221;][\/vc_column][\/vc_row]<\/p>\n","protected":false},"excerpt":{"rendered":"<p>[vc_row][vc_column][\/vc_column][\/vc_row][vc_row][vc_column width=&#8221;3\/4&#8243;][vc_column_text css=&#8221;.vc_custom_1564935579785{padding-top: 20px !important;padding-bottom: 20px !important;}&#8221;] Jeudi 10\/03\/2019 Les noms suivants d\u00e9signent des salles dans les diff\u00e9rents centres de conf\u00e9rence: Sokos Hotel Viru\u00a0 Allegro, Andante 1, Andante 2, Bolero, Duetto, Forte, Grande, Grande 1, Grande 1+2, Grande 2, Grande 3, Semi Nordic Hotel Forum Sirius, Capella, Arcturus, Vega, Altair, Miitsar [\/vc_column_text][vc_column_text]08:00-09:00[\/vc_column_text][vc_tta_accordion active_section=&#8221;&#8221; collapsible_all=&#8221;true&#8221;][vc_tta_section title=&#8221;R\u00e9union [&hellip;]<\/p>\n","protected":false},"author":1,"featured_media":0,"parent":0,"menu_order":0,"comment_status":"closed","ping_status":"closed","template":"page-boxed.php","meta":[],"categories":[],"tags":[],"_links":{"self":[{"href":"https:\/\/www.europaforum2019.ee\/fr\/wp-json\/wp\/v2\/pages\/7096"}],"collection":[{"href":"https:\/\/www.europaforum2019.ee\/fr\/wp-json\/wp\/v2\/pages"}],"about":[{"href":"https:\/\/www.europaforum2019.ee\/fr\/wp-json\/wp\/v2\/types\/page"}],"author":[{"embeddable":true,"href":"https:\/\/www.europaforum2019.ee\/fr\/wp-json\/wp\/v2\/users\/1"}],"replies":[{"embeddable":true,"href":"https:\/\/www.europaforum2019.ee\/fr\/wp-json\/wp\/v2\/comments?post=7096"}],"version-history":[{"count":16,"href":"https:\/\/www.europaforum2019.ee\/fr\/wp-json\/wp\/v2\/pages\/7096\/revisions"}],"predecessor-version":[{"id":8093,"href":"https:\/\/www.europaforum2019.ee\/fr\/wp-json\/wp\/v2\/pages\/7096\/revisions\/8093"}],"wp:attachment":[{"href":"https:\/\/www.europaforum2019.ee\/fr\/wp-json\/wp\/v2\/media?parent=7096"}],"wp:term":[{"taxonomy":"category","embeddable":true,"href":"https:\/\/www.europaforum2019.ee\/fr\/wp-json\/wp\/v2\/categories?post=7096"},{"taxonomy":"post_tag","embeddable":true,"href":"https:\/\/www.europaforum2019.ee\/fr\/wp-json\/wp\/v2\/tags?post=7096"}],"curies":[{"name":"wp","href":"https:\/\/api.w.org\/{rel}","templated":true}]}}