{"id":3659,"date":"2018-10-25T09:03:17","date_gmt":"2018-10-25T09:03:17","guid":{"rendered":"http:\/\/www.europaforum2019.ee\/?page_id=3659"},"modified":"2019-02-03T21:04:48","modified_gmt":"2019-02-03T21:04:48","slug":"fun-program","status":"publish","type":"page","link":"https:\/\/www.europaforum2019.ee\/fr\/fun-program\/","title":{"rendered":"FUN program"},"content":{"rendered":"<p>[vc_row css=&#8221;.vc_custom_1528724670702{background-color: #f5f3f2 !important;}&#8221;][vc_column][vc_row_inner type=&#8221;boxed&#8221;][vc_column_inner][vc_column_text]<\/p>\n<h2><strong><span style=\"color: #3c64a4;\">PROGRAMME DIVERTISSANT<br \/>\n<\/span><\/strong><\/h2>\n<p><span id=\"result_box\" lang=\"en\">\u00c0 partir de Janvier 2019, nous l\u00e8verons progressivement le voile et donnerons de bonnes id\u00e9es sur le contenu du programme d&#8217;animations. Comme par exemple :<br \/>\n\u00cates-vous pr\u00eat pour la chorale de concert, compos\u00e9e d&#8217;une demi-centaine de gar\u00e7ons et de jeunes hommes, pour chanter comme s&#8217;il n&#8217;existait pas de lendemain ?<br \/>\nNous le sommes ! Et nous voulons le partager avec vous !<\/span><\/p>\n<div class=\"video-container responsive-embed widescreen\"><iframe loading=\"lazy\" width=\"900\" height=\"506\" src=\"https:\/\/www.youtube.com\/embed\/eDftqGxiNOg?feature=oembed\" frameborder=\"0\" allow=\"accelerometer; autoplay; encrypted-media; gyroscope; picture-in-picture\" allowfullscreen><\/iframe><\/div>\n<p>[\/vc_column_text][\/vc_column_inner][\/vc_row_inner][\/vc_column][\/vc_row][vc_row css=&#8221;.vc_custom_1528789133475{background-color: #fdc924 !important;}&#8221;][vc_column][vc_row_inner type=&#8221;boxed&#8221;][vc_column_inner][vc_column_text]<span class=\"register\" style=\"color: #414142; font-family: aller, sans-serif;\"><strong>S`INSCRIRE MAINTENANT<\/strong><\/span>[\/vc_column_text][\/vc_column_inner][\/vc_row_inner][vc_row_inner type=&#8221;boxed&#8221; css=&#8221;.vc_custom_1535101328389{padding-bottom: 2em !important;}&#8221;][vc_column_inner width=&#8221;1\/3&#8243;][vc_column_text el_class=&#8221;register-kast&#8221;]<\/p>\n<p style=\"text-align: center;\"><a href=\"https:\/\/www.conference-expert.eu\/fr\/lef2019fr\" target=\"_blank\" rel=\"noopener\"><strong><span style=\"color: #fdc924;\">FORFAIT FORUM LION TOUT INCLUS<\/span><\/strong><br \/>\n<span style=\"font-size: 16pt;\"><strong><span style=\"color: #fdc924;\">LION<\/span><\/strong><\/span><br \/>\n<span style=\"font-size: 16pt;\"><strong><span style=\"color: #ffffff;\">595 \u20ac<\/span> <\/strong><\/span><br \/>\n<span style=\"color: #ffffff;\">l`chambre double\/twin<br \/>\nl&#8217;offre dure jusqu&#8217;au 31 mars 2019<\/span><\/a><\/p>\n<p>[\/vc_column_text][\/vc_column_inner][vc_column_inner width=&#8221;1\/3&#8243;][vc_column_text el_class=&#8221;register-kast&#8221;]<\/p>\n<p style=\"text-align: center;\"><a href=\"https:\/\/www.conference-expert.eu\/fr\/lef2019fr\" target=\"_blank\" rel=\"noopener\"><strong><span style=\"color: #fdc924;\">FORFAIT FORUM<br \/>\n<span style=\"font-size: 16pt;\">LEO<\/span><\/span><\/strong><br \/>\n<span style=\"font-size: 16pt;\"><strong><span style=\"color: #ffffff;\">150 \u20ac<\/span> <\/strong><\/span><span style=\"color: #ffffff;\"><br \/>\n<\/span><\/a><a href=\"https:\/\/www.conference-expert.eu\/fr\/lef2019fr\">\u00a0<\/a><a href=\"https:\/\/www.conference-expert.eu\/fr\/lef2019fr\"><span style=\"color: #ffffff;\">l&#8217;offre dure jusqu&#8217;au 31 mars 2019<\/span><\/a><\/p>\n<p>[\/vc_column_text][\/vc_column_inner][vc_column_inner width=&#8221;1\/3&#8243;][vc_column_text el_class=&#8221;register-kast&#8221;]<\/p>\n<p style=\"text-align: center;\"><a href=\"https:\/\/www.conference-expert.eu\/fr\/lef2019fr\" target=\"_blank\" rel=\"noopener\"><strong><span style=\"color: #fdc924;\">INSCRIPTION PRINCIPALE<\/span>\u00a0<\/strong><br \/>\n<span style=\"color: #ffffff;\">Choisissez votre propre forfait<\/span><br \/>\n<\/a><\/p>\n<p>[\/vc_column_text][\/vc_column_inner][\/vc_row_inner][vc_row_inner type=&#8221;boxed&#8221; css=&#8221;.vc_custom_1535096382142{padding-bottom: 2em !important;}&#8221;][vc_column_inner][vc_column_text]<strong><span style=\"color: #3c64a4;\">CHER LION, CHER LEO!<\/span><\/strong><\/p>\n<p><strong>Vous trouverez plus d&#8217;informations sur les forfaits \u00e0 partir de la page INSCRIPTION. Vos questions recevront une r\u00e9ponse si vous nous \u00e9crivez \u00e0 <a href=\"mailto:info@europaforum2019.ee\">info@europaforum2019.ee<\/a><\/strong>[\/vc_column_text][\/vc_column_inner][\/vc_row_inner][\/vc_column][\/vc_row]<\/p>\n","protected":false},"excerpt":{"rendered":"<p>[vc_row css=&#8221;.vc_custom_1528724670702{background-color: #f5f3f2 !important;}&#8221;][vc_column][vc_row_inner type=&#8221;boxed&#8221;][vc_column_inner][vc_column_text] PROGRAMME DIVERTISSANT \u00c0 partir de Janvier 2019, nous l\u00e8verons progressivement le voile et donnerons de bonnes id\u00e9es sur le contenu du programme d&#8217;animations. Comme par exemple : \u00cates-vous pr\u00eat pour la chorale de concert, compos\u00e9e d&#8217;une demi-centaine de gar\u00e7ons et de jeunes hommes, pour chanter comme s&#8217;il n&#8217;existait pas de [&hellip;]<\/p>\n","protected":false},"author":5,"featured_media":0,"parent":0,"menu_order":0,"comment_status":"closed","ping_status":"closed","template":"page-full-width.php","meta":[],"categories":[],"tags":[],"_links":{"self":[{"href":"https:\/\/www.europaforum2019.ee\/fr\/wp-json\/wp\/v2\/pages\/3659"}],"collection":[{"href":"https:\/\/www.europaforum2019.ee\/fr\/wp-json\/wp\/v2\/pages"}],"about":[{"href":"https:\/\/www.europaforum2019.ee\/fr\/wp-json\/wp\/v2\/types\/page"}],"author":[{"embeddable":true,"href":"https:\/\/www.europaforum2019.ee\/fr\/wp-json\/wp\/v2\/users\/5"}],"replies":[{"embeddable":true,"href":"https:\/\/www.europaforum2019.ee\/fr\/wp-json\/wp\/v2\/comments?post=3659"}],"version-history":[{"count":8,"href":"https:\/\/www.europaforum2019.ee\/fr\/wp-json\/wp\/v2\/pages\/3659\/revisions"}],"predecessor-version":[{"id":5073,"href":"https:\/\/www.europaforum2019.ee\/fr\/wp-json\/wp\/v2\/pages\/3659\/revisions\/5073"}],"wp:attachment":[{"href":"https:\/\/www.europaforum2019.ee\/fr\/wp-json\/wp\/v2\/media?parent=3659"}],"wp:term":[{"taxonomy":"category","embeddable":true,"href":"https:\/\/www.europaforum2019.ee\/fr\/wp-json\/wp\/v2\/categories?post=3659"},{"taxonomy":"post_tag","embeddable":true,"href":"https:\/\/www.europaforum2019.ee\/fr\/wp-json\/wp\/v2\/tags?post=3659"}],"curies":[{"name":"wp","href":"https:\/\/api.w.org\/{rel}","templated":true}]}}