{"id":2615,"date":"2018-10-15T08:56:36","date_gmt":"2018-10-15T08:56:36","guid":{"rendered":"http:\/\/www.europaforum2019.ee\/arendamisel\/?page_id=2615"},"modified":"2019-10-13T20:30:50","modified_gmt":"2019-10-13T20:30:50","slug":"we-serve","status":"publish","type":"page","link":"https:\/\/www.europaforum2019.ee\/fr\/we-serve\/","title":{"rendered":"We serve!"},"content":{"rendered":"<p>[vc_row css=&#8221;.vc_custom_1535095526140{background-image: url(https:\/\/www.europaforum2019.ee\/wp-content\/uploads\/2018\/08\/koer-taust.jpg?id=468) !important;background-position: center !important;background-repeat: no-repeat !important;background-size: cover !important;}&#8221;][vc_column][vc_single_image image=&#8221;3188&#8243; img_size=&#8221;full&#8221; alignment=&#8221;right&#8221; el_class=&#8221;header-pilt&#8221;][\/vc_column][\/vc_row][vc_row css=&#8221;.vc_custom_1528724670702{background-color: #f5f3f2 !important;}&#8221;][vc_column][vc_row_inner type=&#8221;boxed&#8221; css=&#8221;.vc_custom_1528962681509{margin-bottom: 1em !important;}&#8221;][vc_column_inner width=&#8221;5\/6&#8243;][vc_column_text]<span style=\"color: #3c64a4;\"><strong>NOTRE MEILLEUR AMI PEUT \u00caTRE UN SAUVEUR!<\/strong><\/span><\/p>\n<p><span style=\"color: #3c64a4;\"><strong>Soutenons la formation des Chiens d\u2019Assistance aux Diab\u00e9tiques.<\/strong><\/span><\/p>\n<p>Avant que le Forum commence, nous finan\u00e7ons des formations pour <span style=\"color: #3c64a4;\"><strong>douze chiens d&#8217;assistance aux diab\u00e9tiques<\/strong> <span style=\"color: #000000;\">pour les jeunes ayant un diagnostic de diab\u00e8te 1.<\/span><\/span><br \/>\nNous remettrons ces chiens entra\u00een\u00e9s aux jeunes propri\u00e9taires lors de la C\u00e9r\u00e9monie de Cl\u00f4ture du dimanche 6 octobre.<br \/>\nVous pouvez visualiser le montant des fonds donn\u00e9s sur ce site.<\/p>\n<p><span style=\"color: #3c64a4;\"><strong>PID Kalle Elster:<\/strong><\/span> Chers Lions, aidez-nous, s&#8217;il vous pla\u00eet, \u00e0 former des chiens d\u2019assistance aux diab\u00e9tiques pour que les jeunes puissent les suivre en faisant un petit don. La formation de douze chiens a d\u00e9j\u00e0 commenc\u00e9.<\/p>\n<p>&nbsp;<\/p>\n<p><span style=\"color: #3c64a4;\"><strong>Qui sont les chiens d&#8217;assistance aux diab\u00e9tiques ?<\/strong><\/span><\/p>\n<p>Les chiens d&#8217;assistance aux diab\u00e9tiques sont form\u00e9s pour aider une personne atteinte de diab\u00e8te en avertissant qu&#8217;une chute ou une hausse prononc\u00e9e du taux de sucre dans le sang est imminente et \/ ou d\u00e9montrer un comportement sp\u00e9cifique pendant ou imm\u00e9diatement apr\u00e8s un \u00e9pisode d&#8217;hypoglyc\u00e9mie ou d\u2019hyperglyc\u00e9mie.<\/p>\n<p>La mission de la formation des chiens est de donner aux personnes atteintes de Diab\u00e8te de Type 1 les moyens d&#8217;am\u00e9liorer leur qualit\u00e9 de vie en aidant les familles \u00e0 former leur chien d\u2019alerte du diab\u00e8te.<\/p>\n<p><strong>\u00a0<\/strong><\/p>\n<p><span style=\"color: #3c64a4;\"><strong>Vous pouvez faire un don lors de l&#8217;inscription au FE ou en effectuant un virement bancaire:<\/strong><\/span><\/p>\n<p>B\u00e9n\u00e9ficiaire : LIONS EF2019 MTU<br \/>\nN\u00ba Compte en Banque : EE791010220255292226<br \/>\nSWIFT Code (BIC) : EEUHEE2X<br \/>\nIntitul\u00e9 : Hypo Dogs<\/p>\n<p><span style=\"color: #3c64a4;\"><strong>Merci !<\/strong><\/span>[\/vc_column_text][\/vc_column_inner][\/vc_row_inner][\/vc_column][\/vc_row][vc_column][\/vc_column][vc_column_inner][\/vc_column_inner]<\/p>\n","protected":false},"excerpt":{"rendered":"<p>[vc_row css=&#8221;.vc_custom_1535095526140{background-image: url(https:\/\/www.europaforum2019.ee\/wp-content\/uploads\/2018\/08\/koer-taust.jpg?id=468) !important;background-position: center !important;background-repeat: no-repeat !important;background-size: cover !important;}&#8221;][vc_column][vc_single_image image=&#8221;3188&#8243; img_size=&#8221;full&#8221; alignment=&#8221;right&#8221; el_class=&#8221;header-pilt&#8221;][\/vc_column][\/vc_row][vc_row css=&#8221;.vc_custom_1528724670702{background-color: #f5f3f2 !important;}&#8221;][vc_column][vc_row_inner type=&#8221;boxed&#8221; css=&#8221;.vc_custom_1528962681509{margin-bottom: 1em !important;}&#8221;][vc_column_inner width=&#8221;5\/6&#8243;][vc_column_text]NOTRE MEILLEUR AMI PEUT \u00caTRE UN SAUVEUR! Soutenons la formation des Chiens d\u2019Assistance aux Diab\u00e9tiques. Avant que le Forum commence, nous finan\u00e7ons des formations pour douze chiens d&#8217;assistance aux diab\u00e9tiques pour les jeunes ayant [&hellip;]<\/p>\n","protected":false},"author":5,"featured_media":0,"parent":0,"menu_order":0,"comment_status":"closed","ping_status":"closed","template":"page-full-width.php","meta":[],"categories":[33],"tags":[],"_links":{"self":[{"href":"https:\/\/www.europaforum2019.ee\/fr\/wp-json\/wp\/v2\/pages\/2615"}],"collection":[{"href":"https:\/\/www.europaforum2019.ee\/fr\/wp-json\/wp\/v2\/pages"}],"about":[{"href":"https:\/\/www.europaforum2019.ee\/fr\/wp-json\/wp\/v2\/types\/page"}],"author":[{"embeddable":true,"href":"https:\/\/www.europaforum2019.ee\/fr\/wp-json\/wp\/v2\/users\/5"}],"replies":[{"embeddable":true,"href":"https:\/\/www.europaforum2019.ee\/fr\/wp-json\/wp\/v2\/comments?post=2615"}],"version-history":[{"count":18,"href":"https:\/\/www.europaforum2019.ee\/fr\/wp-json\/wp\/v2\/pages\/2615\/revisions"}],"predecessor-version":[{"id":8763,"href":"https:\/\/www.europaforum2019.ee\/fr\/wp-json\/wp\/v2\/pages\/2615\/revisions\/8763"}],"wp:attachment":[{"href":"https:\/\/www.europaforum2019.ee\/fr\/wp-json\/wp\/v2\/media?parent=2615"}],"wp:term":[{"taxonomy":"category","embeddable":true,"href":"https:\/\/www.europaforum2019.ee\/fr\/wp-json\/wp\/v2\/categories?post=2615"},{"taxonomy":"post_tag","embeddable":true,"href":"https:\/\/www.europaforum2019.ee\/fr\/wp-json\/wp\/v2\/tags?post=2615"}],"curies":[{"name":"wp","href":"https:\/\/api.w.org\/{rel}","templated":true}]}}