{"id":2612,"date":"2018-10-15T08:48:00","date_gmt":"2018-10-15T08:48:00","guid":{"rendered":"http:\/\/www.europaforum2019.ee\/arendamisel\/?page_id=2612"},"modified":"2019-09-24T12:56:20","modified_gmt":"2019-09-24T12:56:20","slug":"whats-up","status":"publish","type":"page","link":"https:\/\/www.europaforum2019.ee\/fr\/whats-up\/","title":{"rendered":"What&#8217;s Up"},"content":{"rendered":"<p>[vc_row css=&#8221;.vc_custom_1528958667784{background-image: url(https:\/\/www.europaforum2019.ee\/wp-content\/uploads\/2018\/06\/inimesed.jpg?id=114) !important;background-position: center !important;background-repeat: no-repeat !important;background-size: cover !important;}&#8221;][vc_column][vc_single_image image=&#8221;8483&#8243; img_size=&#8221;full&#8221; alignment=&#8221;right&#8221; onclick=&#8221;custom_link&#8221; el_class=&#8221;header-pilt&#8221; link=&#8221;https:\/\/www.europaforum2019.ee\/fr\/general_program_and_premises\/&#8221;][\/vc_column][\/vc_row][vc_row css=&#8221;.vc_custom_1528724670702{background-color: #f5f3f2 !important;}&#8221;][vc_column][vc_row_inner type=&#8221;boxed&#8221;][vc_column_inner width=&#8221;1\/3&#8243;][vc_single_image image=&#8221;400&#8243; img_size=&#8221;full&#8221; onclick=&#8221;custom_link&#8221; link=&#8221;https:\/\/www.europaforum2019.ee\/general_program_and_premises\/&#8221;][vc_column_text]<\/p>\n<p style=\"text-align: center;\"><span style=\"text-decoration: underline;\"><a href=\"https:\/\/www.europaforum2019.ee\/fr\/general-program-and-premises\/\" target=\"_blank\" rel=\"noopener\"><strong><span style=\"color: #3c64a4; text-decoration: underline;\">MARKET OF IDEAS<\/span><\/strong><\/a><\/span><\/p>\n<p>[\/vc_column_text][vc_column_text]<\/p>\n<p><strong>\u00abId\u00e9es Cr\u00e9atives d&#8217;Innovation ouverte\u00bb<\/strong>, d\u00e9clare notre patronne estonienne du Forum, la Directrice G\u00e9n\u00e9rale Adjointe, Mme <a href=\"https:\/\/www.europaforum2019.ee\/wp-content\/uploads\/2018\/10\/Signe-Ratso.pdf\">Signe Ratso<\/a>\u00a0 de la Commission Europ\u00e9enne. Vous aurez beaucoup de possibilit\u00e9s pour r\u00e9fl\u00e9chir et pr\u00e9senter vos id\u00e9es &#8211; ce sera un v\u00e9ritable remue-m\u00e9ninge. Ensemble, nous cr\u00e9erons une bo\u00eete \u00e0 outils pour le rafra\u00eechissement des Lions d&#8217;Europe. Les principaux th\u00e8mes de l&#8217;atelier sont:<\/p>\n<ul>\n<li><strong>\u00c9conomie Circulaire Durable<\/strong><\/li>\n<li><strong> La force de la Jeunesse en Pleine Sant\u00e9 &#8211; Base pour la Soci\u00e9t\u00e9 Europ\u00e9enne<\/strong><\/li>\n<li><strong> E-Lion &#8211; <\/strong><strong>Solutions<\/strong><strong> Cyber pour Lions<\/strong><\/li>\n<\/ul>\n<p>Pour aller au-del\u00e0 de la simple discussion sur notre Forum de charit\u00e9, nous avons d\u00e9cid\u00e9 de financer des formations pour 12 chiens au service de jeunes diab\u00e9tiques, avec un diagnostic de Diab\u00e8te 1. Vous pouvez faire partie de ce projet en faisant un don lors de l\u2019enregistrement EF. Ces chiens entra\u00een\u00e9s seront remis \u00e0 tous les jeunes lors de la C\u00e9r\u00e9monie de Cl\u00f4ture le dimanche 6 octobre.<\/p>\n<p>Au fur et \u00e0 mesure du d\u00e9veloppement du\u00a0 \u00a0<strong><a href=\"https:\/\/www.europaforum2019.ee\/general_program_and_premises\/\">programme<\/a>,<\/strong>\u00a0 vous aurez de nombreuses raisons de revenir sur ce site![\/vc_column_text][\/vc_column_inner][vc_column_inner width=&#8221;1\/3&#8243;][vc_single_image image=&#8221;254&#8243; img_size=&#8221;full&#8221; onclick=&#8221;custom_link&#8221; link=&#8221;https:\/\/www.europaforum2019.ee\/fun_program&#8221;][vc_column_text]<\/p>\n<p style=\"text-align: center;\"><a href=\"https:\/\/www.europaforum2019.ee\/fun_program\/\"><strong><span style=\"color: #3c64a4;\"><span style=\"text-decoration: underline;\">FUN<\/span><\/span><\/strong><\/a><\/p>\n<p>[\/vc_column_text][vc_column_text]Nous commen\u00e7ons notre programme FUN le 3 octobre avec la <strong>Soir\u00e9e de Charit\u00e9<\/strong> \u00ab Keeping Watch ! \u00bb au <a href=\"https:\/\/kultuurikatel.ee\/virtuaaltuur\/en.html\" target=\"_blank\" rel=\"noopener\"><strong><span style=\"color: #3c64a4;\">Centre Cr\u00e9atif de Tallinn<\/span><\/strong><\/a> pour nous pr\u00e9parer \u00e0 la cr\u00e9ativit\u00e9 et \u00e0 l&#8217;inspiration pour les trois jours suivants.<\/p>\n<p>Vendredi, nous esp\u00e9rons que vous tous, nos amis lion, serez \u00e0 Tallinn pour relancer notre Forum avec une <strong>Parade des Nations<\/strong> allant des h\u00f4tels officiels du Forum Viru et Forum jusqu\u2019\u00e0 la <a href=\"http:\/\/kontserdimaja.ee\/en\/galerii\/\" target=\"_blank\" rel=\"noopener\"><span style=\"color: #3c64a4;\"><strong>Salle de Concert Alexela<\/strong><\/span><\/a> o\u00f9 se tiendra la soir\u00e9e <strong>R\u00e9union &amp; Pr\u00e9paration de la Soir\u00e9e<\/strong>. Le samedi 5 octobre, la <strong>Soir\u00e9e de Gala<\/strong> au <a href=\"http:\/\/meremuuseum.ee\/lennusadam\/en\/gallery\/videos\/events-in-seaplane-harbour\/\" target=\"_blank\" rel=\"noopener\"><strong><span style=\"color: #3c64a4;\">Port d\u2019Hydravion<\/span><\/strong><\/a> est l&#8217;\u00e9v\u00e9nement le plus attendu, car c&#8217;est le seul endroit au monde o\u00f9 vous pourrez savourer un d\u00e9licieux d\u00eener et un spectacle passionnant avec les meilleurs amis de lion, \u00e0 c\u00f4t\u00e9 du v\u00e9ritable sous-marin.<\/p>\n<p>Dimanche, c&#8217;est le moment de cl\u00f4turer le programme officiel du Forum \u00e0 Tallinn, mais \u00e9galement le moment id\u00e9al pour participer aux tourn\u00e9es que nos partenaires pr\u00e9parent pour vous. Soyez pr\u00e9sents![\/vc_column_text][\/vc_column_inner][vc_column_inner width=&#8221;1\/3&#8243;][vc_single_image image=&#8221;394&#8243; img_size=&#8221;full&#8221; onclick=&#8221;custom_link&#8221; link=&#8221;https:\/\/www.europaforum2019.ee\/european_council\/&#8221;][vc_column_text]<\/p>\n<p style=\"text-align: center;\"><a href=\"https:\/\/www.europaforum2019.ee\/fr\/european-council\/\"><strong><span style=\"color: #3c64a4;\"><span style=\"text-decoration: underline;\">CONSEIL\u00a0<\/span><u>EUROP\u00c9EN<\/u><\/span><\/strong><\/a><\/p>\n<p>[\/vc_column_text][vc_column_text]Selon le R\u00e8glement Int\u00e9rieur du Forum Europa, le Conseil Europ\u00e9en est l\u2019organe charg\u00e9 de la formation et du contr\u00f4le de la politique du Forum.<\/p>\n<p>L&#8217;ordre du jour des r\u00e9unions du Conseil sera d\u00e9termin\u00e9 par le Pr\u00e9sident du Forum, sur la base des projets de r\u00e9solution re\u00e7us de la part des Membres et de la r\u00e9union de F\u00e9vrier du Comit\u00e9 de Surveillance.<\/p>\n<ul>\n<li>Les Projets de R\u00e9solutions doivent \u00eatre envoy\u00e9s en Anglais avant le 15 juin 2019.<\/li>\n<li>Le Pr\u00e9sident du Forum publiera les Projets de R\u00e9solutions au plus tard le 31 juillet 2019.<\/li>\n<\/ul>\n<p>Cette partie sera ainsi mise \u00e0 jour avec l&#8217;ordre du jour d\u00e9finitif en juillet 2019.[\/vc_column_text][\/vc_column_inner][\/vc_row_inner][vc_row_inner type=&#8221;boxed&#8221;][vc_column_inner width=&#8221;1\/3&#8243;][vc_single_image image=&#8221;402&#8243; img_size=&#8221;full&#8221; onclick=&#8221;custom_link&#8221; link=&#8221;https:\/\/www.europaforum2019.ee\/music-competition-2\/&#8221;][vc_column_text]<\/p>\n<p style=\"text-align: center;\"><span style=\"text-decoration: underline;\"><a href=\"https:\/\/www.europaforum2019.ee\/fr\/music-competition\/\" target=\"_blank\" rel=\"noopener\"><strong><span style=\"color: #3c64a4; text-decoration: underline;\">CONCOURS DE MUSIQUE<\/span><\/strong><\/a><\/span><\/p>\n<p>[\/vc_column_text][vc_column_text]Le Concours Europ\u00e9en Lions de Musique (LEMC) a \u00e9t\u00e9 fond\u00e9 en 1980 \u00e0 l\u2019initiative du Lion Fran\u00e7ais Thomas Kuti. L&#8217;\u00e9v\u00e9nement est organis\u00e9 chaque ann\u00e9e \u00e0 l&#8217;occasion du Forum Europa. Chaque ann\u00e9e, un instrument diff\u00e9rent lui est attribu\u00e9. Le 28<sup>\u00e8me<\/sup> LEMC \u00e0 Tallinn est d\u00e9di\u00e9 \u00e0 la GUITARE CLASSIQUE.[\/vc_column_text][\/vc_column_inner][vc_column_inner width=&#8221;1\/3&#8243;][vc_single_image image=&#8221;271&#8243; img_size=&#8221;full&#8221; onclick=&#8221;custom_link&#8221; link=&#8221;https:\/\/www.europaforum2019.ee\/young_ambassador_competition\/&#8221;][vc_column_text]<\/p>\n<p style=\"text-align: center;\"><span style=\"text-decoration: underline;\"><a href=\"https:\/\/www.europaforum2019.ee\/fr\/young-ambassador-competition\/\" target=\"_blank\" rel=\"noopener\"><span style=\"color: #3c64a4; text-decoration: underline;\"><strong>CONCOURS JEUNE AMBASSADEUR<\/strong><\/span><\/a><\/span><\/p>\n<p>[\/vc_column_text][vc_column_text]Le concours de Jeune Ambassadeur vise deux objectifs principaux :<\/p>\n<ul>\n<li>reconna\u00eetre, encourager et soutenir les jeunes qui participent activement \u00e0 la communaut\u00e9 de protection sociale<\/li>\n<li>\u00e9lever le profil des Lions et accro\u00eetre nos propres activit\u00e9s de service<\/li>\n<\/ul>\n<p>[\/vc_column_text][\/vc_column_inner][vc_column_inner width=&#8221;1\/3&#8243;][vc_single_image image=&#8221;109&#8243; img_size=&#8221;full&#8221; onclick=&#8221;custom_link&#8221; link=&#8221;https:\/\/www.europaforum2019.ee\/tours\/&#8221;][vc_column_text]<\/p>\n<p style=\"text-align: center;\"><a href=\"https:\/\/www.europaforum2019.ee\/fr\/tours\/\" target=\"_blank\" rel=\"noopener\"><strong><span style=\"color: #3c64a4;\"><span style=\"text-decoration: underline;\">TOURS<\/span><\/span><\/strong><\/a><\/p>\n<p>[\/vc_column_text][vc_column_text]Nous avons s\u00e9lectionn\u00e9 les meilleures pi\u00e8ces pour vous donner un aper\u00e7u rapide de notre petit et charmant pays et m\u00eame de voir les pays voisins. Vous pouvez choisir des visites courtes et excitantes de la ville dans notre Ville ancienne, visiter les studios de nos designers les plus appr\u00e9ci\u00e9s, d\u00e9marrer le Forum avec un voyage \u00e0 travers l&#8217;Estonie jusqu&#8217;\u00e0 Tartu ou terminer le Forum \u00e0 ST. P\u00e9tersbourg ou \u00e0 Riga et Vilnius. Alors, prenez quelques minutes et consultez nos <a href=\"https:\/\/www.europaforum2019.ee\/fr\/tours\/\" target=\"_blank\" rel=\"noopener\">offres!<\/a>[\/vc_column_text][\/vc_column_inner][\/vc_row_inner][\/vc_column][\/vc_row][vc_row css=&#8221;.vc_custom_1528789133475{background-color: #fdc924 !important;}&#8221;][vc_column][\/vc_column][\/vc_row][vc_row css=&#8221;.vc_custom_1528724670702{background-color: #f5f3f2 !important;}&#8221;][vc_column][vc_row_inner type=&#8221;boxed&#8221;][vc_column_inner][vc_column_text]<strong><span style=\"color: #3c64a4;\">SPONSORS<\/span><\/strong>[\/vc_column_text][\/vc_column_inner][\/vc_row_inner][vc_row_inner type=&#8221;boxed&#8221;][vc_column_inner width=&#8221;1\/4&#8243;][vc_single_image image=&#8221;77&#8243; img_size=&#8221;full&#8221; alignment=&#8221;center&#8221;][\/vc_column_inner][vc_column_inner width=&#8221;1\/4&#8243;][vc_single_image image=&#8221;4969&#8243; img_size=&#8221;full&#8221; alignment=&#8221;center&#8221;][\/vc_column_inner][vc_column_inner width=&#8221;1\/4&#8243;][vc_single_image image=&#8221;4985&#8243; img_size=&#8221;full&#8221; alignment=&#8221;center&#8221;][\/vc_column_inner][vc_column_inner width=&#8221;1\/4&#8243;][\/vc_column_inner][\/vc_row_inner][\/vc_column][\/vc_row]<\/p>\n","protected":false},"excerpt":{"rendered":"<p>[vc_row css=&#8221;.vc_custom_1528958667784{background-image: url(https:\/\/www.europaforum2019.ee\/wp-content\/uploads\/2018\/06\/inimesed.jpg?id=114) !important;background-position: center !important;background-repeat: no-repeat !important;background-size: cover !important;}&#8221;][vc_column][vc_single_image image=&#8221;8483&#8243; img_size=&#8221;full&#8221; alignment=&#8221;right&#8221; onclick=&#8221;custom_link&#8221; el_class=&#8221;header-pilt&#8221; link=&#8221;https:\/\/www.europaforum2019.ee\/fr\/general_program_and_premises\/&#8221;][\/vc_column][\/vc_row][vc_row css=&#8221;.vc_custom_1528724670702{background-color: #f5f3f2 !important;}&#8221;][vc_column][vc_row_inner type=&#8221;boxed&#8221;][vc_column_inner width=&#8221;1\/3&#8243;][vc_single_image image=&#8221;400&#8243; img_size=&#8221;full&#8221; onclick=&#8221;custom_link&#8221; link=&#8221;https:\/\/www.europaforum2019.ee\/general_program_and_premises\/&#8221;][vc_column_text] MARKET OF IDEAS [\/vc_column_text][vc_column_text] \u00abId\u00e9es Cr\u00e9atives d&#8217;Innovation ouverte\u00bb, d\u00e9clare notre patronne estonienne du Forum, la Directrice G\u00e9n\u00e9rale Adjointe, Mme Signe Ratso\u00a0 de la Commission Europ\u00e9enne. Vous aurez beaucoup de possibilit\u00e9s [&hellip;]<\/p>\n","protected":false},"author":5,"featured_media":0,"parent":0,"menu_order":0,"comment_status":"closed","ping_status":"closed","template":"page-full-width.php","meta":[],"categories":[33],"tags":[],"_links":{"self":[{"href":"https:\/\/www.europaforum2019.ee\/fr\/wp-json\/wp\/v2\/pages\/2612"}],"collection":[{"href":"https:\/\/www.europaforum2019.ee\/fr\/wp-json\/wp\/v2\/pages"}],"about":[{"href":"https:\/\/www.europaforum2019.ee\/fr\/wp-json\/wp\/v2\/types\/page"}],"author":[{"embeddable":true,"href":"https:\/\/www.europaforum2019.ee\/fr\/wp-json\/wp\/v2\/users\/5"}],"replies":[{"embeddable":true,"href":"https:\/\/www.europaforum2019.ee\/fr\/wp-json\/wp\/v2\/comments?post=2612"}],"version-history":[{"count":19,"href":"https:\/\/www.europaforum2019.ee\/fr\/wp-json\/wp\/v2\/pages\/2612\/revisions"}],"predecessor-version":[{"id":8525,"href":"https:\/\/www.europaforum2019.ee\/fr\/wp-json\/wp\/v2\/pages\/2612\/revisions\/8525"}],"wp:attachment":[{"href":"https:\/\/www.europaforum2019.ee\/fr\/wp-json\/wp\/v2\/media?parent=2612"}],"wp:term":[{"taxonomy":"category","embeddable":true,"href":"https:\/\/www.europaforum2019.ee\/fr\/wp-json\/wp\/v2\/categories?post=2612"},{"taxonomy":"post_tag","embeddable":true,"href":"https:\/\/www.europaforum2019.ee\/fr\/wp-json\/wp\/v2\/tags?post=2612"}],"curies":[{"name":"wp","href":"https:\/\/api.w.org\/{rel}","templated":true}]}}