{"id":2595,"date":"2018-10-15T07:52:23","date_gmt":"2018-10-15T07:52:23","guid":{"rendered":"http:\/\/www.europaforum2019.ee\/arendamisel\/?page_id=2595"},"modified":"2019-09-21T16:22:18","modified_gmt":"2019-09-21T16:22:18","slug":"tours","status":"publish","type":"page","link":"https:\/\/www.europaforum2019.ee\/fr\/tours\/","title":{"rendered":"Visites"},"content":{"rendered":"<p>[vc_row css=&#8221;.vc_custom_1530193633877{background-color: #ffffff !important;}&#8221;][vc_column][vc_row_inner type=&#8221;boxed&#8221;][vc_column_inner width=&#8221;1\/2&#8243;][vc_single_image image=&#8221;562&#8243; img_size=&#8221;full&#8221; alignment=&#8221;center&#8221;][vc_column_text]<\/p>\n<p style=\"text-align: center;\"><strong><span style=\"color: #3c64a4;\">LION BIRGITH VOUS INVITE POUR<\/span><\/strong><br \/>\n<strong><span style=\"color: #3c64a4;\">UNE VISITE DE 3 JOURS PR\u00c9-FORUM \u00c0 LA CIT\u00c8\u2013<\/span><\/strong><br \/>\n<span style=\"font-size: 14pt;\"><strong><span style=\"color: #3c64a4;\">UNIVERSITAIRE TARTU<\/span><\/strong><\/span><\/p>\n<p style=\"text-align: center;\"><strong>1-3 Octobre 2019<\/strong><\/p>\n<p>&nbsp;<\/p>\n<p><img loading=\"lazy\" class=\"aligncenter wp-image-591 size-full\" src=\"https:\/\/www.europaforum2019.ee\/wp-content\/uploads\/2018\/09\/birgith.png\" alt=\"\" width=\"345\" height=\"195\" srcset=\"https:\/\/www.europaforum2019.ee\/wp-content\/uploads\/2018\/09\/birgith.png 345w, https:\/\/www.europaforum2019.ee\/wp-content\/uploads\/2018\/09\/birgith-300x170.png 300w\" sizes=\"(max-width: 345px) 100vw, 345px\" \/><\/p>\n<p>Sur le chemin de Tartu, nous visiterons le Parc National de Lahemaa, qui sert d&#8217;authentique d\u00e9gustateur de paysages naturels et culturels en Estonie, Rakvere avec ses impressionnantes ruines du ch\u00e2teau du XIII\u00e8me si\u00e8cle, les villages Old Believers de Peipsi, le ch\u00e2teau d&#8217;Alatskivi. Sur le chemin du retour vers Tallinn, vous pourrez vous familiariser avec les diff\u00e9rents ateliers et activit\u00e9s qui les composent : forgeage, artisanat, lin et patchwork.<\/p>\n<p>Birgith et ses amis LEO vous invitent \u00e0 naviguer sur la rivi\u00e8re Emaj\u00f5gi sur le navire hans\u00e9atique J\u00f5mmu en \u00e9coutant des chansons nationales et en mangeant de d\u00e9licieux biscuits faits maison par des L\u00e9os.<\/p>\n<p>Ce voyage sera inoubliable &#8211; ne le manquez pas!<\/p>\n<p><span style=\"color: #3c64a4;\">PRIX DE FORFAIT POUR 1 PERSONNE EN CHAMBRE TWIN\/DOUBLE 385\u20ac.<\/span><br \/>\nSuppl\u00e9ment individuel 90<span style=\"color: #000000;\">\u20ac.<\/span><\/p>\n<p><span style=\"color: #3c64a4; font-size: 10pt;\"><span style=\"font-size: 12pt;\">Le prix inclut:<\/span> <\/span><\/p>\n<ul>\n<li><span style=\"font-size: 10pt;\">2 nuits d\u2019h\u00e9bergement \u00e0 l\u2019h\u00f4tel Tartu 4*<\/span><\/li>\n<li><span style=\"font-size: 10pt;\">pension compl\u00e8te (petit-d\u00e9jeuner, d\u00e9jeuner et d\u00eener inclus)<\/span><\/li>\n<li><span style=\"font-size: 10pt;\">visites guid\u00e9es<\/span><\/li>\n<li><span style=\"font-size: 10pt;\">entr\u00e9e au Mus\u00e9e National Estonien<\/span><\/li>\n<li><span style=\"font-size: 10pt;\">naviguer sur la rivi\u00e8re Emaj\u00f5gi<\/span><\/li>\n<li><span style=\"font-size: 10pt;\">atelier au manoir Olustvere<\/span><\/li>\n<li><span style=\"font-size: 10pt;\">services d\u2019autocars pour le voyage<\/span><\/li>\n<\/ul>\n<p><span style=\"color: #3c64a4;\">Tartu est \u00e0 190 km au sud-est de Tallinn et le voyage est pr\u00e9vu pour 3 jours.<\/span><\/p>\n<p>Besoin de plus d\u2019informations? <a href=\"https:\/\/www.europaforum2019.ee\/wp-content\/uploads\/2018\/10\/Tartu-FRA.pdf\">Lire ici!<\/a> [\/vc_column_text][vc_btn title=&#8221;Pour inscription: Cliquer ici!&#8221; color=&#8221;orange&#8221; size=&#8221;lg&#8221; align=&#8221;center&#8221; el_class=&#8221;tours-button&#8221; link=&#8221;url:https%3A%2F%2Fwww.conference-expert.eu%2Ffr%2Flef2019fr%2Fen%2Fconferences%2Fs2%2F481-lions-2019-europaforum||target:%20_blank|&#8221;][\/vc_column_inner][vc_column_inner width=&#8221;1\/2&#8243;][vc_single_image image=&#8221;557&#8243; img_size=&#8221;full&#8221; alignment=&#8221;center&#8221;][vc_column_text]<\/p>\n<p style=\"text-align: center;\"><strong><span style=\"color: #3c64a4;\">LION PRIIT VOUS INVITE<\/span><\/strong><br \/>\n<strong><span style=\"color: #3c64a4;\">\u00c0 D\u00c9COUVRIR LES PERLES BALTIQUES \u2013<\/span><\/strong><br \/>\n<span style=\"font-size: 14pt;\"><strong><span style=\"color: #3c64a4;\">TALLINN, RIGA, VILNIUS<\/span><\/strong><\/span><\/p>\n<p style=\"text-align: center;\"><strong>7-10. Octobre 2019<\/strong><\/p>\n<p><img loading=\"lazy\" class=\"alignnone wp-image-594 size-full\" src=\"https:\/\/www.europaforum2019.ee\/wp-content\/uploads\/2018\/09\/priit.png\" alt=\"\" width=\"348\" height=\"253\" srcset=\"https:\/\/www.europaforum2019.ee\/wp-content\/uploads\/2018\/09\/priit.png 348w, https:\/\/www.europaforum2019.ee\/wp-content\/uploads\/2018\/09\/priit-300x218.png 300w\" sizes=\"(max-width: 348px) 100vw, 348px\" \/><\/p>\n<p>Lion Priit : Le voyage \u00e0 travers les pays baltes vous donnera un aper\u00e7u de la culture diversifi\u00e9e et du grand sentiment de trois nations qui vivent si proches, mais avec une ambiance si diff\u00e9rente. Apr\u00e8s avoir profit\u00e9 de Tallinn pendant le Forum, je vous pr\u00e9senterai la ville d&#8217;Art Nouveau de Riga, situ\u00e9e \u00e0 l&#8217;embouchure de la rivi\u00e8re Daugava et dot\u00e9e d&#8217;une histoire ancienne et d&#8217;un riche patrimoine culturel. Nous visiterons \u00e9galement la beaut\u00e9 baroque de la mer Baltique, Vilnius, qui est une ville d\u00b4un charme immense avec en son c\u0153ur la plus grande ville baroque d\u00b4Europe.<\/p>\n<p>Pendant les trois jours de votre voyage, vous explorerez \u00e9galement les villes de P\u00e4rnu, Sigulda, Siauliai et Trakai, visiterez des endroits inoubliables comme le \u00abJardin de Dieu\u00bb &#8211; le ch\u00e2teau de Turaida et le lac Galv\u0117, et admirerez 100 000 croix qui continue \u00e0 augmenter. Ne manquez pas cela!<\/p>\n<p><span style=\"color: #3c64a4;\">FORFAIT POUR UNE PERSONNE EN CHAMBRE TWIN \/ DOUBLE 355 \u20ac<\/span><\/p>\n<p>Suppl\u00e9ment individuel 130 \u20ac<\/p>\n<p><span style=\"color: #3c64a4;\">Le prix inclut:<\/span><\/p>\n<ul>\n<li><span style=\"font-size: 10pt;\">3 nuits d\u2019h\u00e9bergement en h\u00f4tel 4*<\/span><\/li>\n<li><span style=\"font-size: 10pt;\">Pension compl\u00e8te (petit-d\u00e9jeuner, d\u00e9jeuner et d\u00eener inclus)<\/span><\/li>\n<li><span style=\"font-size: 10pt;\">visites guid\u00e9es<\/span><\/li>\n<li><span style=\"font-size: 10pt;\">Colline des Croix<\/span><\/li>\n<li><span style=\"font-size: 10pt;\">entr\u00e9es et services de guides<\/span><\/li>\n<li><span style=\"font-size: 10pt;\">services d\u2019autocars pour le voyage<\/span><\/li>\n<\/ul>\n<p><span style=\"color: #3c64a4;\">Riga est \u00e0 311 km de Tallinn, Vilnius \u00e0 288 km de Riga. La visite commence le 7 octobre 2019 \u00e0 Tallinn et se termine le 10 octobre \u00e0 Vilnius.<\/span><\/p>\n<p>Besoin de plus d\u2019informations? <a href=\"https:\/\/www.europaforum2019.ee\/wp-content\/uploads\/2018\/10\/Baltic-Pearls-FRA.pdf\">Lire ici!<\/a>\u00a0[\/vc_column_text][vc_btn title=&#8221;Pour inscription: Cliquer ici!&#8221; color=&#8221;orange&#8221; size=&#8221;lg&#8221; align=&#8221;center&#8221; el_class=&#8221;tours-button&#8221; link=&#8221;url:https%3A%2F%2Fwww.conference-expert.eu%2Ffr%2Flef2019fr%2Fen%2Fconferences%2Fs2%2F481-lions-2019-europaforum||target:%20_blank|&#8221;][\/vc_column_inner][\/vc_row_inner][vc_separator][vc_row_inner type=&#8221;boxed&#8221;][vc_column_inner width=&#8221;1\/3&#8243;][vc_single_image image=&#8221;2877&#8243; img_size=&#8221;full&#8221;][vc_column_text]<\/p>\n<p style=\"text-align: center;\"><span style=\"color: #3c64a4;\"><strong>VISITE \u00c0 PIED DE LA PARTIE ANCIENNE DE LA VILLE DE TALLINN<\/strong><\/span><\/p>\n<p class=\"Standard\" style=\"text-align: center;\"><span style=\"color: #3c64a4;\">4.10 Vendredi<\/span><br \/>\n<span style=\"color: #3c64a4;\">9.00-12.00 (3 heures)<\/span><br \/>\n<span style=\"color: #3c64a4;\">Marche<\/span><br \/>\n<span style=\"color: #3c64a4;\">15 \u2013 20 personnes\/par guide; min. 10 personnes<\/span><br \/>\n<span style=\"color: #3c64a4;\"><strong>Prix: 20 EUR\/par personne<\/strong><\/span><\/p>\n<p>Cr\u00e9\u00e9 au d\u00e9but du Moyen \u00c2ge, l\u2019actuelle ville de Tallinn est un m\u00e9lange passionnant d&#8217;ancien et de nouveau.<\/p>\n<p>La partie ancienne de la ville de Tallinn est l\u2019un des centres urbains hans\u00e9atique les mieux pr\u00e9serv\u00e9s au monde. \u00c0 deux pas, vous trouverez le centre d\u2019affaires de la ville avec ses tours modernes et ses h\u00f4tels de luxe, ses quartiers branch\u00e9s et ses grands centres commerciaux.<\/p>\n<p>Cette visite \u00e0 pied est un excellent moyen pour les nouveaux visiteurs de conna\u00eetre Tallinn. La visite \u00e0 pied vous emm\u00e8ne \u00e0 travers la partie ancienne de la ville de Tallinn, site class\u00e9 au Patrimoine Mondial de l&#8217;UNESCO, avec des entr\u00e9es pour la Cath\u00e9drale Aleksander Nevskij et le Dome Chrich (si possible).<\/p>\n<p>La visite se termine sur la place de la mairie.<\/p>\n<p><span style=\"color: #999999;\"><span style=\"font-size: 8pt;\">Photo de Kaupo Kalda,\u00a0visittallinn.ee<\/span>\u00a0<\/span>[\/vc_column_text][vc_btn title=&#8221;Pour inscription: Cliquer ici!&#8221; color=&#8221;orange&#8221; size=&#8221;lg&#8221; align=&#8221;center&#8221; el_class=&#8221;tours-button&#8221; link=&#8221;url:https%3A%2F%2Fwww.conference-expert.eu%2Ffr%2Flef2019fr%2Fen%2Fconferences%2Fs2%2F481-lions-2019-europaforum||target:%20_blank|&#8221;][\/vc_column_inner][vc_column_inner width=&#8221;1\/3&#8243;][vc_single_image image=&#8221;250&#8243; img_size=&#8221;full&#8221;][vc_column_text]<\/p>\n<p style=\"text-align: center;\"><span style=\"color: #3c64a4;\"><strong>MARCHE DANS LA TOURBI\u00c8RE ET MANOIR DE SAGADI<\/strong><\/span><\/p>\n<p style=\"text-align: center;\"><span style=\"color: #3c64a4;\">5.10 Samedi<\/span><br \/>\n<span style=\"color: #3c64a4;\">9.30-16.00 (5,5-6 heures)<\/span><br \/>\n<span style=\"color: #3c64a4;\">Bus et marche<\/span><br \/>\n<span style=\"color: #3c64a4;\">min 30 personnes<\/span><br \/>\n<span style=\"color: #3c64a4;\"><strong>Prix: 69EUR\/par personne<\/strong><\/span><\/p>\n<p>Une excursion de cinq heures en autocar \u00e0 Lahemaa vous pr\u00e9sente la beaut\u00e9 du paysage typique du nord de l\u2019Estonie: bas-fonds c\u00f4tiers, for\u00eats de pins et champs de blocs. \u00c0 Lahemaa, il existe plusieurs manoirs bien restaur\u00e9s des 18\u00e8me &#8211; 19\u00e8me si\u00e8cles, un tr\u00e8s bel exemple de ce genre en Estonie.<\/p>\n<p>Le premier arr\u00eat est \u00e0 Viru Bog o\u00f9 vous pouvez faire une randonn\u00e9e de 3,5 km. Le sentier introduit la v\u00e9g\u00e9tation et le terrain caract\u00e9ristiques de la tourbi\u00e8re sur\u00e9lev\u00e9e en Estonie.<\/p>\n<p>La promenade de la tourbi\u00e8re serpente \u00e0 travers le paysage et s\u2019arr\u00eate avec une tour d\u2019observation qui offre une vue panoramique du terrain.<\/p>\n<p>Le beau complexe de manoirs de Sagadi est souvent appel\u00e9 le manoir le plus seigneurial d\u2019Estonie. Le manoir est compos\u00e9 de b\u00e2timents harmonieux \u00e0 arcades blanches entourant une grande place centrale, un magnifique manoir du 18<sup>\u00e8me<\/sup> si\u00e8cle et un \u00e9tang qui symbolise l&#8217;amour \u00e9ternel d&#8217;un seigneur du manoir.<span style=\"color: #999999;\">[\/vc_column_text][vc_btn title=&#8221;Pour inscription: Cliquer ici!&#8221; color=&#8221;orange&#8221; size=&#8221;lg&#8221; align=&#8221;center&#8221; el_class=&#8221;tours-button&#8221; link=&#8221;url:https%3A%2F%2Fwww.conference-expert.eu%2Ffr%2Flef2019fr%2Fen%2Fconferences%2Fs2%2F481-lions-2019-europaforum||target:%20_blank|&#8221;][\/vc_column_inner][vc_column_inner width=&#8221;1\/3&#8243;][vc_single_image image=&#8221;2870&#8243; img_size=&#8221;full&#8221;][vc_column_text]<\/span><\/p>\n<p style=\"text-align: center;\"><span style=\"color: #3c64a4;\"><strong>VILLE BRANCH\u00c9E DE KALAMAJA<\/strong><\/span><\/p>\n<p style=\"text-align: center;\"><span style=\"color: #3c64a4;\">4.10 Vendredi\/ 6.10 Dimanche<\/span><br \/>\n<span style=\"color: #3c64a4;\">9.00-12.00 (2,5-3 heures)<\/span><br \/>\n<span style=\"color: #3c64a4;\">Bus et marche<\/span><br \/>\n<span style=\"color: #3c64a4;\">15 \u2013 20 personnes\/par guide; min 10 personnes<\/span><br \/>\n<span style=\"color: #3c64a4;\"><strong>Prix: 49EUR\/par personne<\/strong><\/span><\/p>\n<p>Ce petit quartier tranquille juste \u00e0 l&#8217;ext\u00e9rieur de la partie ancienne de la ville attire le regard par ses b\u00e2timents en bois color\u00e9s. Pendant la majeure partie de l\u2019histoire de Tallinn, Kalamaja a \u00e9t\u00e9 le principal port de p\u00eache de la ville.<\/p>\n<p>Explorez le c\u00f4t\u00e9 absolument diff\u00e9rent de Tallinn : respirez l&#8217;atmosph\u00e8re boh\u00e8me de la Ville Cr\u00e9ative de Telliskivi, admirez les \u00abmaisons de Tallinn\u00bb en bois et d\u00e9couvrez des caf\u00e9s de cuisine de rue cach\u00e9s.<\/p>\n<p>R\u00e9cemment, la r\u00e9gion a gagn\u00e9 une atmosph\u00e8re boh\u00e8me, devenant la r\u00e9sidence de choix pour les jeunes et les gens cr\u00e9atifs. C\u2019est la partie de la ville o\u00f9 vous aurez la meilleure id\u00e9e du style de vie des habitants.<\/p>\n<p><span style=\"color: #999999;\"><span style=\"font-size: 8pt;\">Photo de Maret P\u00f5ldveer-Turay,\u00a0visittallinn.ee\u00a0<\/span>[\/vc_column_text][vc_btn title=&#8221;Pour inscription: Cliquer ici!&#8221; color=&#8221;orange&#8221; size=&#8221;lg&#8221; align=&#8221;center&#8221; el_class=&#8221;tours-button&#8221; link=&#8221;url:https%3A%2F%2Fwww.conference-expert.eu%2Ffr%2Flef2019fr%2Fen%2Fconferences%2Fs2%2F481-lions-2019-europaforum||target:%20_blank|&#8221;][\/vc_column_inner][vc_column_inner][vc_separator][\/vc_column_inner][\/vc_row_inner][vc_row_inner type=&#8221;boxed&#8221;][vc_column_inner width=&#8221;1\/2&#8243;][vc_single_image image=&#8221;2884&#8243; img_size=&#8221;full&#8221; alignment=&#8221;center&#8221;][vc_column_text]<\/span><\/p>\n<p style=\"text-align: center;\"><span style=\"color: #3c64a4;\"><strong>KADRIORG PARK ET KADRIORG ART MUSEUM<\/strong><\/span><\/p>\n<p style=\"text-align: center;\"><span style=\"color: #3c64a4;\">4.10 Vendredi\/ 6.10 Dimanche<\/span><br \/>\n<span style=\"color: #3c64a4;\">9.00-12.00 (2,5-3 heures)<\/span><br \/>\n<span style=\"color: #3c64a4;\">15 \u2013 20 personnes\/par guide; min 10 personnes<\/span><br \/>\n<span style=\"color: #3c64a4;\"><strong>Prix: 40EUR\/par personne<\/strong><\/span><\/p>\n<p>Enrichissez votre connaissance du riche patrimoine artistique Estonien lors d\u2019une visite artistique de Tallinn. Accompagn\u00e9 d&#8217;un guide exp\u00e9riment\u00e9, vous vous plongerez dans la splendeur verdoyante du parc et du palais de Kadriorg, qui abritent une collection d&#8217;art impressionnante. Admirez les tableaux d&#8217;art international et d\u00e9couvrez de mani\u00e8re fascinante le contexte historique et culturel d&#8217;\u0153uvres importantes. Appr\u00e9ciez les styles architecturaux contrast\u00e9s de chaque mus\u00e9e.<\/p>\n<p><span style=\"color: #999999;\"><span style=\"font-size: 8pt;\">Photo de Kadi-Liis Koppel,\u00a0visittallinn.ee<\/span>[\/vc_column_text][vc_btn title=&#8221;Pour inscription: Cliquer ici!&#8221; color=&#8221;orange&#8221; size=&#8221;lg&#8221; align=&#8221;center&#8221; el_class=&#8221;tours-button&#8221; link=&#8221;url:https%3A%2F%2Fwww.conference-expert.eu%2Ffr%2Flef2019fr%2Fen%2Fconferences%2Fs2%2F481-lions-2019-europaforum||target:%20_blank|&#8221;][\/vc_column_inner][vc_column_inner width=&#8221;1\/2&#8243;][vc_single_image image=&#8221;3331&#8243; img_size=&#8221;full&#8221; alignment=&#8221;center&#8221;][vc_column_text]<br \/>\n<\/span><\/p>\n<p style=\"text-align: center;\"><span style=\"color: #3c64a4;\"><strong>VISITE DE DESIGN ESTONIEN<\/strong><\/span><\/p>\n<p style=\"text-align: center;\"><span style=\"color: #3c64a4;\">5.10 Samedi<\/span><br \/>\n<span style=\"color: #3c64a4;\">10.30-14.30 (4 heures)<\/span><br \/>\n<span style=\"color: #3c64a4;\">visite guid\u00e9e \u00e0 pied<\/span><br \/>\n<span style=\"color: #3c64a4;\">15 \u2013 20 personnes\/par guide; min. 10 personnes<\/span><br \/>\n<span style=\"color: #3c64a4;\"><strong>Prix: 30EUR\/par personne<\/strong><\/span><\/p>\n<p>Vous aurez l&#8217;occasion UNIQUE de jeter un coup d&#8217;\u0153il sur le Monde de la Mode Estonienne\u00a0!<\/p>\n<p>Que vous vouliez voir des v\u00eatements de cr\u00e9ateurs HAUT DE GAMME ou alors des tenues de jeunes cr\u00e9ateurs ALTERNATIF, vous pourrez trouver tout ce qui est confortablement localis\u00e9 dans la partie centrale de Tallinn.<\/p>\n<p>Au cours de cette visite, nous vous proposons des rencontres priv\u00e9es avec les cr\u00e9ateurs locaux, de visiter diff\u00e9rentes expositions, boutiques, studios et les plus grands centres de la mode \u00e0 Tallinn.<\/p>\n<p><span style=\"color: #999999; font-size: 8pt;\">Photo de Kr\u00f5\u00f5t Tarkmeel, visittallinn.ee<\/span>[\/vc_column_text][vc_btn title=&#8221;Pour inscription: Cliquer ici!&#8221; color=&#8221;orange&#8221; size=&#8221;lg&#8221; align=&#8221;center&#8221; el_class=&#8221;tours-button&#8221; link=&#8221;url:https%3A%2F%2Fwww.conference-expert.eu%2Ffr%2Flef2019fr%2Fen%2Fconferences%2Fs2%2F481-lions-2019-europaforum||target:%20_blank|&#8221;][\/vc_column_inner][\/vc_row_inner][\/vc_column][\/vc_row]<\/p>\n","protected":false},"excerpt":{"rendered":"<p>[vc_row css=&#8221;.vc_custom_1530193633877{background-color: #ffffff !important;}&#8221;][vc_column][vc_row_inner type=&#8221;boxed&#8221;][vc_column_inner width=&#8221;1\/2&#8243;][vc_single_image image=&#8221;562&#8243; img_size=&#8221;full&#8221; alignment=&#8221;center&#8221;][vc_column_text] LION BIRGITH VOUS INVITE POUR UNE VISITE DE 3 JOURS PR\u00c9-FORUM \u00c0 LA CIT\u00c8\u2013 UNIVERSITAIRE TARTU 1-3 Octobre 2019 &nbsp; Sur le chemin de Tartu, nous visiterons le Parc National de Lahemaa, qui sert d&#8217;authentique d\u00e9gustateur de paysages naturels et culturels en Estonie, Rakvere avec ses [&hellip;]<\/p>\n","protected":false},"author":5,"featured_media":0,"parent":0,"menu_order":0,"comment_status":"closed","ping_status":"closed","template":"page-full-width.php","meta":[],"categories":[],"tags":[],"_links":{"self":[{"href":"https:\/\/www.europaforum2019.ee\/fr\/wp-json\/wp\/v2\/pages\/2595"}],"collection":[{"href":"https:\/\/www.europaforum2019.ee\/fr\/wp-json\/wp\/v2\/pages"}],"about":[{"href":"https:\/\/www.europaforum2019.ee\/fr\/wp-json\/wp\/v2\/types\/page"}],"author":[{"embeddable":true,"href":"https:\/\/www.europaforum2019.ee\/fr\/wp-json\/wp\/v2\/users\/5"}],"replies":[{"embeddable":true,"href":"https:\/\/www.europaforum2019.ee\/fr\/wp-json\/wp\/v2\/comments?post=2595"}],"version-history":[{"count":27,"href":"https:\/\/www.europaforum2019.ee\/fr\/wp-json\/wp\/v2\/pages\/2595\/revisions"}],"predecessor-version":[{"id":8321,"href":"https:\/\/www.europaforum2019.ee\/fr\/wp-json\/wp\/v2\/pages\/2595\/revisions\/8321"}],"wp:attachment":[{"href":"https:\/\/www.europaforum2019.ee\/fr\/wp-json\/wp\/v2\/media?parent=2595"}],"wp:term":[{"taxonomy":"category","embeddable":true,"href":"https:\/\/www.europaforum2019.ee\/fr\/wp-json\/wp\/v2\/categories?post=2595"},{"taxonomy":"post_tag","embeddable":true,"href":"https:\/\/www.europaforum2019.ee\/fr\/wp-json\/wp\/v2\/tags?post=2595"}],"curies":[{"name":"wp","href":"https:\/\/api.w.org\/{rel}","templated":true}]}}