{"id":2592,"date":"2018-09-09T11:55:27","date_gmt":"2018-09-09T11:55:27","guid":{"rendered":"http:\/\/www.europaforum2019.ee\/arendamisel\/?page_id=2592"},"modified":"2019-09-22T14:42:22","modified_gmt":"2019-09-22T14:42:22","slug":"program","status":"publish","type":"page","link":"https:\/\/www.europaforum2019.ee\/fr\/program\/","title":{"rendered":"Aper\u00e7u du programme"},"content":{"rendered":"<p>[vc_row css=&#8221;.vc_custom_1528724670702{background-color: #f5f3f2 !important;}&#8221;][vc_column][vc_column_text]<\/p>\n<h2 style=\"text-align: center;\"><a href=\"https:\/\/www.europaforum2019.ee\/wp-content\/uploads\/2019\/08\/EF-programm-FRA-31.07.pdf\"><span style=\"color: #3c64a4;\">APER\u00c7U DU PROGRAMME<\/span><\/a><\/h2>\n<p>[\/vc_column_text][vc_empty_space][vc_row_inner type=&#8221;boxed&#8221;][vc_column_inner width=&#8221;1\/2&#8243;][vc_column_text]<span style=\"color: #3c64a4; font-size: 14pt;\"><strong><a href=\"https:\/\/www.europaforum2019.ee\/fr\/thursday\/\"><span style=\"text-decoration: underline;\">JEUDI<\/span><\/a>, le 3 octobre, 2019<\/strong><\/span><\/p>\n<p>\u00c9quipe d&#8217;Action Mondial (GAT)<br \/>\nR\u00e9union du Comit\u00e9 de Surveillance pour EF2019 (session \u00e0 huis clos)<br \/>\nComit\u00e9 de Planification \u00e0 Long Terme pour l&#8217;Europe (session \u00e0 huis clos)<br \/>\nR\u00e9union des pr\u00e9sidents des Camps et \u00c9changes de Jeunes (CEJ)<br \/>\nBaltic Sea Lions<br \/>\nOrientation des Pr\u00e9sentateurs et des D\u00e9l\u00e9gu\u00e9s<br \/>\nMD111 R\u00e9union du Conseil (session \u00e0 huis clos)<br \/>\nR\u00e9union du conseil de NSR CC (session \u00e0 huis clos)<br \/>\nLancement de la soir\u00e9e de Charit\u00e9 [\/vc_column_text][\/vc_column_inner][vc_column_inner width=&#8221;1\/2&#8243;][vc_column_text]<span style=\"color: #3c64a4; font-size: 14pt;\"><strong><span class=\"tlid-translation translation\" lang=\"fr\"><span title=\"\"><a href=\"https:\/\/www.europaforum2019.ee\/fr\/friday\/\"><span style=\"text-decoration: underline;\">VENDREDI<\/span><\/a>, le 4 octobre 2019<\/span><\/span><\/strong><\/span><\/p>\n<p>Concours Europ\u00e9en de Musique Lions Thomas Kuti &#8211; Premier et deuxi\u00e8me tour<br \/>\nNote cl\u00e9: Adaptation \u00e0 un monde en mutation rapide<br \/>\nR\u00e9union des pr\u00e9sidents des Camps et \u00c9changes de Jeunes (CEJ)<br \/>\nNote cl\u00e9 :La vague inondante d&#8217;\u00eatres humains<br \/>\nLions Lab: Cr\u00e9ation Ensemble de l&#8217;Avenir Durable &#8211; Lions pour des Eaux Propres<br \/>\nCaf\u00e9 mondial :Parlons de d\u00e9chets !Comment cr\u00e9er votre propre \u00ab Plan Gardez-le propre \u00bb<br \/>\nCaf\u00e9 mondial: Compensation climatique. Le Lions Club Durable &#8211; Action en faveur du climat<br \/>\nComit\u00e9 euro-asiatique<br \/>\nJeune Ambassadeur de Lions &#8211; Concours du Prix Bert Mason INTRODUCTION<br \/>\nR\u00e9union des coordinateurs GAT<br \/>\nComit\u00e9 euro-africain (r\u00e9union \u00e0 huis clos)<br \/>\nComit\u00e9 des r\u00e9fugi\u00e9s de secours (r\u00e9union \u00e0 huis clos)<br \/>\nGroupe de travail sur la confidentialit\u00e9 de la LCI<br \/>\nAtelier des nouveaux arrivants<br \/>\nR\u00e9union du conseil du groupe de travail WaSH (r\u00e9union \u00e0 huis clos)<br \/>\nParade des Lions<br \/>\nC\u00e9r\u00e9monie d&#8217;ouverture &#8211; l&#8217;Estonie en Europe et l&#8217;Europe en Estonie.<br \/>\nSoir\u00e9e d&#8217;Accueil<br \/>\nAfter Party officiel<\/p>\n<p>[\/vc_column_text][\/vc_column_inner][\/vc_row_inner][vc_empty_space][vc_row_inner type=&#8221;boxed&#8221;][vc_column_inner width=&#8221;1\/2&#8243;][vc_column_text]<span style=\"color: #3c64a4; font-size: 14pt;\"><strong><span class=\"tlid-translation translation\" lang=\"fr\"><span title=\"\"><a href=\"https:\/\/www.europaforum2019.ee\/fr\/saturday\/\"><span style=\"text-decoration: underline;\">SAMEDI<\/span><\/a>, le 5 octobre, 2019<\/span><\/span><\/strong><\/span><\/p>\n<p>Rencontrez votre Pr\u00e9sident International<br \/>\nConcours europ\u00e9en de musique Lions Thomas Kuti &#8211; Finale<br \/>\nBazar d&#8217;\u00e9change de jeunes<br \/>\nPrix Bert MASON \u2013 Concours Lions -Jeunes Ambassadeurs<br \/>\nConseil Europ\u00e9en I<br \/>\nAssembl\u00e9e g\u00e9n\u00e9rale de l\u2019\u00c9quipe d&#8217;Action Mondial (GAT)<br \/>\nNote cl\u00e9 :L&#8217;Avenir du Travail et des Comp\u00e9tences<br \/>\nCaf\u00e9 mondial :Choix \u00e9ducatifs et opportunit\u00e9s pour les jeunes<br \/>\nCaf\u00e9 mondial :Concours Affiche de la PAIX et Impact Mondial<br \/>\nCaf\u00e9 mondial :Pr\u00e9vention des probl\u00e8mes de sant\u00e9 mentale<br \/>\nObservatoire de la solidarit\u00e9 m\u00e9diterran\u00e9enne<br \/>\nR\u00e9union du conseil du groupe de travail WaSH (r\u00e9union \u00e0 huis clos)<br \/>\nSession ONU \/ ONG \/ Aide aux r\u00e9fugi\u00e9s<br \/>\nNote cl\u00e9 :E-Estonia (Solutions de cyber-s\u00e9curit\u00e9)<br \/>\nCaf\u00e9 mondial :Solutions de cyber-s\u00e9curit\u00e9 et Communication<br \/>\nCaf\u00e9 mondial :S\u00e9curit\u00e9 informatique pour les Lions<br \/>\nCaf\u00e9 mondial :Solutions de cyber-s\u00e9curit\u00e9 Leo<br \/>\nPr\u00e9sident International rencontre les Gouverneurs de District<br \/>\n1erVice-Pr\u00e9sident International rencontre les Vice-Gouverneurs de District<br \/>\nR\u00e9union des Repr\u00e9sentants de pays et du Comit\u00e9 du prix de la musique du LEMC<br \/>\nLions pour l&#8217;Europe<br \/>\nCaf\u00e9 mondial &#8211; Comment parvenir \u00e0 la croissance des effectifs en Europe<br \/>\nLions Quest<br \/>\nComit\u00e9 euro-africain<br \/>\nBo\u00eete \u00e0 outils des Lions :Partage d&#8217;exp\u00e9rience<br \/>\nLions et \u00c9thique et \u00c9thique dans la Communication<br \/>\nDiscussions du Conseil Europ\u00e9en<br \/>\nSoir\u00e9e de Gala<br \/>\nAfter Party officiel[\/vc_column_text][\/vc_column_inner][vc_column_inner width=&#8221;1\/2&#8243;][vc_column_text]<\/p>\n<p><span style=\"color: #3c64a4; font-size: 14pt;\"><strong><span class=\"tlid-translation translation\" lang=\"fr\"><span title=\"\"><a href=\"https:\/\/www.europaforum2019.ee\/fr\/sunday\/\"><span style=\"text-decoration: underline; color: #3c64a4;\">DIMANCHE<\/span><\/a>, le 6 octobre<\/span><\/span>, 2019<\/strong><\/span><\/p>\n<p>R\u00e9union du Comit\u00e9 de Surveillance pour EF2020 (session \u00e0 huis clos)<br \/>\nNote cl\u00e9 :Solutions de cyber-s\u00e9curit\u00e9 Leo &#8211; Leo4Green<br \/>\nRencontrez vos ID-s<br \/>\nEau signifie la Vie &#8211; R\u00e9fl\u00e9chis et Agis &#8211; Atelier WaSH du Forum Europa 2019<br \/>\nSession Pl\u00e9ni\u00e8re de la Fondation Internationale des LIONS Clubs (LCIF)<br \/>\nBo\u00eete \u00e0 outils des Lions :Partage d&#8217;exp\u00e9rience<br \/>\nS\u00e9minaire: Comment stimuler les Projets des Lions avec un financement de l&#8217;UE<br \/>\nS\u00e9minaire: Solutions de cyber-s\u00e9curit\u00e9 Leo<br \/>\nConseil Europ\u00e9en II (R\u00e9union Finale)<br \/>\nBo\u00eete \u00e0 outils des Lions :Partage d&#8217;exp\u00e9rience<br \/>\nS\u00e9minaire: Comment stimuler les Projets des Lions avec un financement de l&#8217;UE<br \/>\nS\u00e9minaire: Solutions de cyber-s\u00e9curit\u00e9 Leo<br \/>\nCampagne 100: Service de renforcement des capacit\u00e9s de la Fondation Internationale des LIONS Clubs (LCIF)<br \/>\nPr\u00e9sentations des finalistes de Jeune Ambassadeur<br \/>\nC\u00e9r\u00e9monie de cl\u00f4ture[\/vc_column_text][\/vc_column_inner][\/vc_row_inner][vc_row_inner type=&#8221;boxed&#8221;][vc_column_inner][vc_empty_space][vc_column_text]<span class=\"tlid-translation translation\" lang=\"fr\"><span title=\"\">T\u00e9l\u00e9chargez le programme complet<span style=\"text-decoration: underline;\"><span style=\"color: #3c64a4; text-decoration: underline;\"> <strong><a href=\"https:\/\/www.europaforum2019.ee\/wp-content\/uploads\/2019\/09\/EF-programm-FRA-22.09.pdf\" target=\"_blank\" rel=\"noopener\">ici<\/a><\/strong>.<br \/>\n<\/span><\/span><\/span><\/span><\/p>\n<p><span class=\"tlid-translation translation\" lang=\"fr\"><span title=\"\">Retrouvez le programme d\u00e9taill\u00e9 ici:<\/span><\/span> <strong><span style=\"color: #3c64a4;\"><span style=\"text-decoration: underline;\"><a style=\"color: #3c64a4; text-decoration: underline;\" href=\"https:\/\/www.europaforum2019.ee\/fr\/thursday\/\">JEUDI<\/a><\/span> &#8211; <a style=\"color: #3c64a4;\" href=\"https:\/\/www.europaforum2019.ee\/fr\/friday\/\"><span class=\"tlid-translation translation\" lang=\"fr\"><span title=\"\"><span style=\"text-decoration: underline;\">VENDREDI<\/span><\/span><\/span><\/a> &#8211; <a style=\"color: #3c64a4;\" href=\"https:\/\/www.europaforum2019.ee\/fr\/saturday\/\"><span class=\"tlid-translation translation\" lang=\"fr\"><span title=\"\"><span style=\"text-decoration: underline;\">SAMEDI<\/span><\/span><\/span><\/a> &#8211;<span style=\"text-decoration: underline;\"> <a href=\"https:\/\/www.europaforum2019.ee\/fr\/sunday\/\"><span class=\"tlid-translation translation\" lang=\"fr\"><span title=\"\"><span style=\"color: #3c64a4; text-decoration: underline;\">DIMANCHE<\/span><\/span><\/span><\/a><\/span><\/span><\/strong>[\/vc_column_text][\/vc_column_inner][\/vc_row_inner][vc_column_text]<\/p>\n<p style=\"text-align: center;\"><strong><span style=\"color: #ff0000; font-size: 10pt;\"><span class=\"tlid-translation translation\" lang=\"fr\"><span title=\"\">Les derni\u00e8res modifications du programme sont effectu\u00e9es uniquement sur la page Web de la version anglaise!<\/span><\/span><\/span><\/strong><\/p>\n<p>[\/vc_column_text][\/vc_column][\/vc_row][vc_row css=&#8221;.vc_custom_1528789133475{background-color: #fdc924 !important;}&#8221;][vc_column][vc_row_inner type=&#8221;boxed&#8221; css=&#8221;.vc_custom_1537354005488{padding-bottom: 1em !important;}&#8221;][vc_column_inner][vc_column_text]<\/p>\n<p>[\/vc_column_text][\/vc_column_inner][\/vc_row_inner][\/vc_column][\/vc_row]<\/p>\n","protected":false},"excerpt":{"rendered":"<p>[vc_row css=&#8221;.vc_custom_1528724670702{background-color: #f5f3f2 !important;}&#8221;][vc_column][vc_column_text] APER\u00c7U DU PROGRAMME [\/vc_column_text][vc_empty_space][vc_row_inner type=&#8221;boxed&#8221;][vc_column_inner width=&#8221;1\/2&#8243;][vc_column_text]JEUDI, le 3 octobre, 2019 \u00c9quipe d&#8217;Action Mondial (GAT) R\u00e9union du Comit\u00e9 de Surveillance pour EF2019 (session \u00e0 huis clos) Comit\u00e9 de Planification \u00e0 Long Terme pour l&#8217;Europe (session \u00e0 huis clos) R\u00e9union des pr\u00e9sidents des Camps et \u00c9changes de Jeunes (CEJ) Baltic Sea Lions Orientation [&hellip;]<\/p>\n","protected":false},"author":2,"featured_media":0,"parent":0,"menu_order":0,"comment_status":"closed","ping_status":"closed","template":"page-full-width.php","meta":[],"categories":[33],"tags":[],"_links":{"self":[{"href":"https:\/\/www.europaforum2019.ee\/fr\/wp-json\/wp\/v2\/pages\/2592"}],"collection":[{"href":"https:\/\/www.europaforum2019.ee\/fr\/wp-json\/wp\/v2\/pages"}],"about":[{"href":"https:\/\/www.europaforum2019.ee\/fr\/wp-json\/wp\/v2\/types\/page"}],"author":[{"embeddable":true,"href":"https:\/\/www.europaforum2019.ee\/fr\/wp-json\/wp\/v2\/users\/2"}],"replies":[{"embeddable":true,"href":"https:\/\/www.europaforum2019.ee\/fr\/wp-json\/wp\/v2\/comments?post=2592"}],"version-history":[{"count":24,"href":"https:\/\/www.europaforum2019.ee\/fr\/wp-json\/wp\/v2\/pages\/2592\/revisions"}],"predecessor-version":[{"id":8461,"href":"https:\/\/www.europaforum2019.ee\/fr\/wp-json\/wp\/v2\/pages\/2592\/revisions\/8461"}],"wp:attachment":[{"href":"https:\/\/www.europaforum2019.ee\/fr\/wp-json\/wp\/v2\/media?parent=2592"}],"wp:term":[{"taxonomy":"category","embeddable":true,"href":"https:\/\/www.europaforum2019.ee\/fr\/wp-json\/wp\/v2\/categories?post=2592"},{"taxonomy":"post_tag","embeddable":true,"href":"https:\/\/www.europaforum2019.ee\/fr\/wp-json\/wp\/v2\/tags?post=2592"}],"curies":[{"name":"wp","href":"https:\/\/api.w.org\/{rel}","templated":true}]}}