{"id":2529,"date":"2018-10-14T20:05:31","date_gmt":"2018-10-14T20:05:31","guid":{"rendered":"http:\/\/www.europaforum2019.ee\/arendamisel\/?page_id=2529"},"modified":"2019-09-21T16:17:15","modified_gmt":"2019-09-21T16:17:15","slug":"youth-exchange","status":"publish","type":"page","link":"https:\/\/www.europaforum2019.ee\/fr\/youth-exchange\/","title":{"rendered":"\u00c8change Entre Jeunes"},"content":{"rendered":"<p>[vc_row css=&#8221;.vc_custom_1528724670702{background-color: #f5f3f2 !important;}&#8221;][vc_column][vc_row_inner type=&#8221;boxed&#8221;][vc_column_inner][vc_column_text]<\/p>\n<h2><strong><span style=\"color: #3c64a4;\">\u00c8CHANGE ENTRE JEUNES<\/span><\/strong><img loading=\"lazy\" class=\"size-medium wp-image-725 alignright\" src=\"https:\/\/www.europaforum2019.ee\/wp-content\/uploads\/2018\/09\/youth-ex-300x167.jpg\" alt=\"\" width=\"300\" height=\"167\" srcset=\"https:\/\/www.europaforum2019.ee\/wp-content\/uploads\/2018\/09\/youth-ex-300x167.jpg 300w, https:\/\/www.europaforum2019.ee\/wp-content\/uploads\/2018\/09\/youth-ex.jpg 445w\" sizes=\"(max-width: 300px) 100vw, 300px\" \/><\/h2>\n<p>Le Programme d&#8217;\u00c9changes et de Camps de Jeunes (ECJ) a \u00e9t\u00e9 cr\u00e9\u00e9 en 1961 et donne vie \u00e0 l&#8217;id\u00e9al de la citoyennet\u00e9 mondiale. Chaque ann\u00e9e, ce programme donne \u00e0 des milliers de jeunes du monde entier l&#8217;occasion de faire l&#8217;exp\u00e9rience de la vie dans d&#8217;autres cultures et d&#8217;acqu\u00e9rir une nouvelle compr\u00e9hension du monde gr\u00e2ce \u00e0 des voyages \u00e0 l&#8217;\u00e9tranger. Contrairement \u00e0 certains programmes d\u2019\u00e9change entre jeunes, ECJ n\u2019implique ni \u00e9tudes ni emploi. Les participants sont plut\u00f4t encourag\u00e9s \u00e0 utiliser cette opportunit\u00e9 de voyage pour repr\u00e9senter leur pays d&#8217;origine et partager leur propre culture tout en apprenant et en embrassant un nouveau pays, ouvrant la voie pour devenir de jeunes ambassadeurs de la paix et de la compr\u00e9hension internationale.<\/p>\n<p>ECJ est compos\u00e9 de divers \u00c9changes de Jeunes Lions et \/ ou de Camps de Jeunes Lions organis\u00e9s par les clubs Lions du monde entier. Un \u00c9change de Jeunes Lions dure entre trois et six semaines. Il ne peut s&#8217;agir que d&#8217;un s\u00e9jour en famille d&#8217;accueil dans des pays sans camps. Les Camps de Jeunes Lions durent une \u00e0 deux semaines et comprennent g\u00e9n\u00e9ralement une famille d&#8217;accueil pour le s\u00e9jour avant et \/ ou apr\u00e8s le camp.<\/p>\n<p>Les activit\u00e9s lors des \u00e9changes et des camps peuvent inclure des visites de lieux d\u2019int\u00e9r\u00eat culturel ou naturel, des \u00e9v\u00e9nements sportifs, des pr\u00e9sentations de pays par les participants, des discussions guid\u00e9es et m\u00eame un engagement dans des projets de services locaux aux c\u00f4t\u00e9s des membres du club de Lions<\/p>\n<p><span style=\"color: #3c64a4;\"><strong>Les Lions participant \u00e0 ECJ s\u2019engagent \u00e0:<\/strong><\/span><\/p>\n<ul>\n<li>\u00c9tablir des contacts significatifs avec des personnes de pays diff\u00e9rents<\/li>\n<li>\u00c9changer des id\u00e9es et des points de vue culturels<\/li>\n<li>Promouvoir la compr\u00e9hension et la bonne volont\u00e9 internationales<\/li>\n<li>Travailler en faveur des objectifs de la paix mondiale et de la compr\u00e9hension humaine<\/li>\n<li>Encourager le respect pour la pens\u00e9e des autres chez les jeunes<\/li>\n<\/ul>\n<p><span style=\"color: #3c64a4;\"><strong>Le Programme d\u2019\u00c9changes et de Camps de Jeunes (ECJ) peut \u00eatre une opportunit\u00e9 pour les jeunes qui :<\/strong><\/span><\/p>\n<ul>\n<li>Sont pr\u00eats \u00e0 se lancer dans une aventure qui changera leur vie et leur ouvrira l&#8217;esprit et le c\u0153ur<\/li>\n<li>Sont curieux de conna\u00eetre d\u2019autres cultures et modes de vie<\/li>\n<li>Souhaitent d\u00e9velopper leurs comp\u00e9tences dans une seconde langue<\/li>\n<li>Aiment entretenir de nouvelles amiti\u00e9s avec des individus qui ont des exp\u00e9riences, des croyances et des coutumes diff\u00e9rentes des leurs.<\/li>\n<\/ul>\n<p><span style=\"color: #3c64a4;\"><strong>Le participant ECJ devra:<\/strong><\/span><\/p>\n<ul>\n<li>Vivre avec une famille dans un autre pays<\/li>\n<li>Rencontrer des gens de son \u00e2ge du monde entier<\/li>\n<li>En savoir plus sur le travail humanitaire des Lions h\u00f4tes<\/li>\n<li>Approfondir sa compr\u00e9hension de lui-m\u00eame et du monde qui l\u2019entoure<\/li>\n<li>D\u00e9couvrir les liens que nous partageons tous &#8211; et les diff\u00e9rences que nous respectons chez chacun, peu importe o\u00f9 nous vivons<\/li>\n<\/ul>\n<p>Les pr\u00e9sidents des ECJ sont des membres du club de Lions qui ont \u00e9t\u00e9 nomm\u00e9s pour g\u00e9rer les diff\u00e9rents programmes r\u00e9gionaux des ECJ dans le monde entier et qui se consacrent au succ\u00e8s de ce programme. Les informations de contact pour ces personnes, les camps et les opportunit\u00e9s d\u2019\u00e9change sont r\u00e9pertori\u00e9es dans <a href=\"http:\/\/members.lionsclubs.org\/EN\/serve\/other-ways-to-serve\/youth\/youth-camps-exchange\/yce-directory.php\" target=\"_blank\" rel=\"noopener\">le\u00a0R\u00e9pertoire ECJ<\/a>.<\/p>\n<p>Au Forum Europa, les Pr\u00e9sidents des ECJ des pays Europ\u00e9ens sont pr\u00e9sents et nous avons toujours des invit\u00e9s du monde entier ! Lors des derni\u00e8res r\u00e9unions du Forum, les pr\u00e9sidents ECJ d\u2019Australie, de Brasilia, d\u2019Inde, du Japon, du Mexique et des \u00c9tats-Unis ont particip\u00e9.<\/p>\n<p><span style=\"color: #3c64a4;\"><strong>Le programme ECJ du Forum Europa inclut, en plus du programme g\u00e9n\u00e9ral du Forum:<\/strong><\/span><\/p>\n<ul>\n<li>Formation et d\u00eener pour les d\u00e9l\u00e9gu\u00e9s des ECJ<\/li>\n<li>R\u00e9union avec des pr\u00e9sentations et des discussions sur les camps et les \u00e9changes de succ\u00e8s, les probl\u00e8mes et les r\u00e8gles<\/li>\n<li>Bazar, o\u00f9 diff\u00e9rents pays partagent et concluent des accords sur les lieux des camps<\/li>\n<li style=\"list-style-type: none;\"><\/li>\n<\/ul>\n<p>Le Pr\u00e9sident des ECJ reconna\u00eet que ce Lion assumera les <a href=\"http:\/\/members.lionsclubs.org\/EN\/serve\/other-ways-to-serve\/youth\/youth-camps-exchange\/yce-chairperson.php\" target=\"_blank\" rel=\"noopener\">responsabilit\u00e9s<\/a> n\u00e9cessaires au r\u00f4le avec le meilleur de chacune de ses capacit\u00e9s et respectera toutes les <a href=\"http:\/\/www.lionsclubs.org\/resources\/EN\/pdfs\/yce-reportingtips-ycec.pdf\" target=\"_blank\" rel=\"noopener\">politiques<\/a> et directives ECJ approuv\u00e9es par le conseil du LCI.[\/vc_column_text][\/vc_column_inner][\/vc_row_inner][\/vc_column][\/vc_row][vc_row css=&#8221;.vc_custom_1528789133475{background-color: #fdc924 !important;}&#8221;][vc_column][vc_row_inner type=&#8221;boxed&#8221; css=&#8221;.vc_custom_1537354214404{padding-bottom: 1em !important;}&#8221;][vc_column_inner][vc_column_text][\/vc_column_text][\/vc_column_inner][\/vc_row_inner][\/vc_column][\/vc_row]<\/p>\n","protected":false},"excerpt":{"rendered":"<p>[vc_row css=&#8221;.vc_custom_1528724670702{background-color: #f5f3f2 !important;}&#8221;][vc_column][vc_row_inner type=&#8221;boxed&#8221;][vc_column_inner][vc_column_text] \u00c8CHANGE ENTRE JEUNES Le Programme d&#8217;\u00c9changes et de Camps de Jeunes (ECJ) a \u00e9t\u00e9 cr\u00e9\u00e9 en 1961 et donne vie \u00e0 l&#8217;id\u00e9al de la citoyennet\u00e9 mondiale. Chaque ann\u00e9e, ce programme donne \u00e0 des milliers de jeunes du monde entier l&#8217;occasion de faire l&#8217;exp\u00e9rience de la vie dans d&#8217;autres cultures et [&hellip;]<\/p>\n","protected":false},"author":5,"featured_media":0,"parent":0,"menu_order":0,"comment_status":"closed","ping_status":"closed","template":"page-full-width.php","meta":[],"categories":[33],"tags":[],"_links":{"self":[{"href":"https:\/\/www.europaforum2019.ee\/fr\/wp-json\/wp\/v2\/pages\/2529"}],"collection":[{"href":"https:\/\/www.europaforum2019.ee\/fr\/wp-json\/wp\/v2\/pages"}],"about":[{"href":"https:\/\/www.europaforum2019.ee\/fr\/wp-json\/wp\/v2\/types\/page"}],"author":[{"embeddable":true,"href":"https:\/\/www.europaforum2019.ee\/fr\/wp-json\/wp\/v2\/users\/5"}],"replies":[{"embeddable":true,"href":"https:\/\/www.europaforum2019.ee\/fr\/wp-json\/wp\/v2\/comments?post=2529"}],"version-history":[{"count":15,"href":"https:\/\/www.europaforum2019.ee\/fr\/wp-json\/wp\/v2\/pages\/2529\/revisions"}],"predecessor-version":[{"id":8307,"href":"https:\/\/www.europaforum2019.ee\/fr\/wp-json\/wp\/v2\/pages\/2529\/revisions\/8307"}],"wp:attachment":[{"href":"https:\/\/www.europaforum2019.ee\/fr\/wp-json\/wp\/v2\/media?parent=2529"}],"wp:term":[{"taxonomy":"category","embeddable":true,"href":"https:\/\/www.europaforum2019.ee\/fr\/wp-json\/wp\/v2\/categories?post=2529"},{"taxonomy":"post_tag","embeddable":true,"href":"https:\/\/www.europaforum2019.ee\/fr\/wp-json\/wp\/v2\/tags?post=2529"}],"curies":[{"name":"wp","href":"https:\/\/api.w.org\/{rel}","templated":true}]}}