{"id":2526,"date":"2018-10-14T19:50:18","date_gmt":"2018-10-14T19:50:18","guid":{"rendered":"http:\/\/www.europaforum2019.ee\/arendamisel\/?page_id=2526"},"modified":"2019-09-21T16:17:43","modified_gmt":"2019-09-21T16:17:43","slug":"music-competition","status":"publish","type":"page","link":"https:\/\/www.europaforum2019.ee\/fr\/music-competition\/","title":{"rendered":"Concours De Musique"},"content":{"rendered":"<p>[vc_row css=&#8221;.vc_custom_1528724670702{background-color: #f5f3f2 !important;}&#8221;][vc_column][vc_row_inner type=&#8221;boxed&#8221;][vc_column_inner][vc_column_text]<\/p>\n<h2><strong><span style=\"color: #3c64a4;\">CONCOURS DE MUSIQUE<br \/>\n<\/span><\/strong><\/h2>\n<p><span style=\"color: #3c64a4;\">BIENVENUE AU LEMC 2019 \u00c0 TALLINN ! <img loading=\"lazy\" class=\"alignright wp-image-1235 size-full\" src=\"https:\/\/www.europaforum2019.ee\/wp-content\/uploads\/2018\/07\/udukitarr.png\" alt=\"\" width=\"340\" height=\"230\" srcset=\"https:\/\/www.europaforum2019.ee\/wp-content\/uploads\/2018\/07\/udukitarr.png 340w, https:\/\/www.europaforum2019.ee\/wp-content\/uploads\/2018\/07\/udukitarr-300x203.png 300w\" sizes=\"(max-width: 340px) 100vw, 340px\" \/><br \/>\n<\/span><\/p>\n<p><span style=\"color: #3c64a4;\">LE 28<sup>\u00c8ME<\/sup> CONCOURS EUROPEEN DE MUSIQUE DES LIONS THOMAS KUTI EST D\u00c9DI\u00c9 \u00c0 LA GUITARE CLASSIQUE.<\/span><\/p>\n<p>Les jeunes musiciens n\u00e9s en 1995 ou apr\u00e8s sont cordialement invit\u00e9s \u00e0 participer au 28<sup>\u00e8me<\/sup> Concours Europ\u00e9en de Musique des Lions.<\/p>\n<p>Veuillez contacter l\u2019organisation des Lions de votre pays via Internet pour obtenir de plus amples informations et vous inscrire. Dans un premier temps, vous participerez aux tour pr\u00e9liminaires r\u00e9gionaux ou nationaux qui auront lieu au printemps prochain.<\/p>\n<p><strong><span style=\"color: #3c64a4;\">INFORMATIONS G\u00c9N\u00c9RALES<\/span><\/strong><\/p>\n<p>Un prix musical est d\u00e9cern\u00e9 chaque ann\u00e9e au Forum Europa des Lions afin d&#8217;encourager les jeunes musiciens Europ\u00e9ens talentueux. Le concours de musique aura lieu au Forum et l&#8217;instrument \u00e0 jouer change chaque ann\u00e9e.<\/p>\n<p>Le texte ci-dessous est un extrait des r\u00e8gles. En cas de doute, seule la version officielle du r\u00e8glement sera valide.<\/p>\n<p><span style=\"color: #3c64a4;\"><strong>R\u00c8GLES DE PROC\u00c9DURE DU CONCOURS DE MUSIQUE EUROP\u00c9EN LIONS (LEMC) THOMAS KUTI<\/strong><\/span><\/p>\n<p><strong><span style=\"color: #3c64a4;\">Pr\u00e9face<\/span><\/strong><br \/>\nAfin d\u2019encourager de jeunes musiciens de talent, un prix musical peut \u00eatre pr\u00e9sent\u00e9 chaque ann\u00e9e \u00e0 l\u2019occasion du Forum Europ\u00e9en Lions.<br \/>\nAu cours du Forum Europ\u00e9en, un concours sera organis\u00e9 pour d\u00e9signer le gagnant du prix annuel.<\/p>\n<p><strong><span style=\"color: #3c64a4;\">A. Participants :<\/span><\/strong><br \/>\n1) Les participants ne devront pas avoir plus de 23 ans au 1er janvier de l\u2019ann\u00e9e du concours : Pour \u00eatre admissibles, les candidats doivent avoir leur 24e anniversaire dans l&#8217;ann\u00e9e de la comp\u00e9tition ou plus tard.<br \/>\n2) Les participants devront r\u00e9sider sur le territoire du pays qu\u2019ils repr\u00e9sentent depuis plus de cinq ans au 1er janvier de l\u2019ann\u00e9e du concours.<br \/>\n3) \u00ab Les Membres \u00bb sont les pays ou les \u00e9tats tels que d\u00e9finis dans l\u2019Article III : R\u00e8gles de proc\u00e9dure du Forum Europ\u00e9en.<br \/>\n4) Aucun laur\u00e9at d\u2019un concours, quel qu\u2019il soit, ne peut participer \u00e0 un concours ult\u00e9rieurement.<br \/>\n5) Chaque Membre du Forum Europ\u00e9en ne peut nommer qu\u2019un seul participant pour le concours.<br \/>\n6) L\u2019enregistrement des participants doit \u00eatre fait aupr\u00e8s du Pr\u00e9sident du Comit\u00e9 avant le 30 juin de l\u2019ann\u00e9e du concours.<br \/>\n7) Tous les frais d\u2019un participant au concours sont \u00e0 la charge du pays qu\u2019il repr\u00e9sente.<\/p>\n<p><strong><span style=\"color: #3c64a4;\">B. Concours :<\/span><\/strong><br \/>\n1) On demandera \u00e0 chaque participant de jouer :<br \/>\n-Le morceau impos\u00e9 d\u2019une dur\u00e9e d\u2019environ dix minutes.<br \/>\n&#8211; Deux morceaux de son choix parmi une liste d\u00e9finie.<br \/>\n2) Le Prix correspondra \u00e0 10.000 \u20ac<br \/>\n1er Prix: 5 000 \u20ac<br \/>\n2e Prix: 3 000 \u20ac<br \/>\n3e Prix: 2 000 \u20ac<\/p>\n<p><strong><span style=\"color: #3c64a4;\">C. Responsabilit\u00e9s du pays d\u2019accueil<\/span><\/strong><br \/>\nLe pays d\u2019accueil du Forum Europ\u00e9en sera responsable de :<br \/>\n1) Proposer l\u2019instrument, le morceau impos\u00e9, la liste r\u00e9pertoriant les morceaux d\u2019une longueur et d\u2019une complexit\u00e9 comparables qui devront \u00eatre jou\u00e9s. L\u2019instrument s\u00e9lectionn\u00e9 ne pourra pas \u00eatre le m\u00eame que celui des deux concours pr\u00e9c\u00e9dents.<br \/>\n2) Choisir l\u2019instrument au plus tard au Forum Europ\u00e9en deux ans avant le concours.<br \/>\n3) Choisir le morceau impos\u00e9 et la liste r\u00e9pertoire dans une lettre adress\u00e9e au Pr\u00e9sident du Comit\u00e9 au plus tard le 28 f\u00e9vrier de l\u2019ann\u00e9e pr\u00e9c\u00e9dant le concours.<br \/>\n4) Accepter l\u2019inscription des participants. Celle-ci doit \u00eatre signifi\u00e9e au Pr\u00e9sident du Comit\u00e9 avant le 30 juin de l\u2019ann\u00e9e du concours.<br \/>\n5) Engager des juges (3), en accord avec le Pr\u00e9sident du Comit\u00e9, qui sont des musiciens professionnels ou des professeurs de musique sans lien avec les participants. Aucun juge ne peut \u00eatre Lions. Etant donn\u00e9 le caract\u00e8re international du concours, l\u2019un des juges doit \u00eatre originaire d\u2019un autre pays que le pays h\u00f4te.<br \/>\n6) Fournir tout ce qui est n\u00e9cessaire pour une \u00e9preuve \u00e9liminatoire, ainsi que tout ce qui permet aux participants de r\u00e9p\u00e9ter.<br \/>\n7) Permettre au laur\u00e9at du concours de r\u00e9p\u00e9ter dans les meilleures conditions possibles pour se pr\u00e9senter et jouer \u00e0 la cl\u00f4ture du Forum Europ\u00e9en. Les trois premiers du concours doivent en effet \u00eatre pr\u00e9sent\u00e9s lors de la cl\u00f4ture du Forum Europ\u00e9en.<br \/>\n8) Se charger des frais inh\u00e9rents au concours, y compris les Prix accord\u00e9s aux trois premiers (pour la somme globale de 10.000 \u20ac). Le pays h\u00f4te peut faire appel \u00e0 des sponsors pour trouver les sommes n\u00e9cessaires.<\/p>\n<p><span style=\"color: #3c64a4;\"><strong>D. Les D\u00e9l\u00e9gu\u00e9s nationaux<\/strong><\/span><br \/>\n1) Il est demand\u00e9 \u00e0 chaque Membre du Forum Europ\u00e9en de d\u00e9signer un D\u00e9l\u00e9gu\u00e9 pour le Concours de musique europ\u00e9en Lions Thomas Kuti, pour une p\u00e9riode de trois ans minimum. Une reconduction est possible. Le D\u00e9l\u00e9gu\u00e9 du pays doit conna\u00eetre la musique et les questions d\u2019organisation d\u2019un concours.<br \/>\n2) Les D\u00e9l\u00e9gu\u00e9s nationaux s\u2019occupent de choisir un candidat de leur pays au Concours musical du Forum Europ\u00e9en, et doivent en informer le Pr\u00e9sident du Comit\u00e9 au plus tard le 30 juin de l\u2019ann\u00e9e du concours.<br \/>\n3) Le D\u00e9l\u00e9gu\u00e9 doit accompagner et prendre en charge le ou la candidat(e) durant le voyage et pour la dur\u00e9e du Forum.<br \/>\n4) Au cours du Forum Europ\u00e9en, il y aura une conf\u00e9rence des D\u00e9l\u00e9gu\u00e9s nationaux au concours musical, au cours de laquelle ils disposeront d\u2019un droit de vote sur chaque d\u00e9cision \u00e0 prendre.<br \/>\n5) Cette conf\u00e9rence \u00e9lira le Pr\u00e9sident du Concours musical Europ\u00e9en Lions Thomas Kuti, pour trois ans. Ce Pr\u00e9sident sera l\u2019un des D\u00e9l\u00e9gu\u00e9s nationaux au moment du vote. Une r\u00e9\u00e9lection est possible.<\/p>\n<p><strong><span style=\"color: #3c64a4;\">E. Le Comit\u00e9<\/span><\/strong><br \/>\n1) Un Comit\u00e9 sera d\u00e9sign\u00e9 pour \u00eatre responsable du bon d\u00e9roulement du concours. Il aura \u00e9galement la responsabilit\u00e9 d\u2019approuver les propositions \u00e9mises par le pays h\u00f4te, y compris les additifs et\/ou les modifications de ces r\u00e8gles de proc\u00e9dure. Entre deux Forums, le Comit\u00e9 a la charge de suivre l\u2019organisation du concours \u00e0 venir.<br \/>\n2) Le Comit\u00e9 est compos\u00e9 d\u2019un repr\u00e9sentant de chacun des deux Forums futurs, d\u2019un repr\u00e9sentant du Forum actuel et d\u2019un repr\u00e9sentant du Forum imm\u00e9diatement pass\u00e9. Le Pr\u00e9sident fait partie du Comit\u00e9, il le pr\u00e9side.<\/p>\n<p><span style=\"color: #3c64a4;\"><strong>F. Le Pr\u00e9sident<\/strong><\/span><br \/>\n1) Le Pr\u00e9sident organise la conf\u00e9rence des D\u00e9l\u00e9gu\u00e9s nationaux, il la dirige et coordonne le travail du Comit\u00e9 et des D\u00e9l\u00e9gu\u00e9s.<br \/>\n2) Le Pr\u00e9sident doit pouvoir se d\u00e9placer pour superviser la pr\u00e9paration du Forum Europ\u00e9en. La visite du Pr\u00e9sident dans le pays h\u00f4te doit avoir lieu suffisamment t\u00f4t pour qu\u2019il puisse solliciter d\u2019\u00e9ventuelles modifications.<br \/>\nPour tenter d\u2019\u00e9quilibrer au maximum les conditions de base de l\u2019organisation du concours dans les diff\u00e9rents pays h\u00f4tes, le Pr\u00e9sident doit \u00eatre attentif \u00e0 :<br \/>\n\u2022 L\u2019auditorium, utilis\u00e9 lors des 1er et 2e tour des \u00e9liminatoires, ainsi que lors du concert des six meilleurs candidats, pour lequel il convient de veiller particuli\u00e8rement \u00e0 l\u2019acoustique.<br \/>\n\u2022 Les salles de r\u00e9p\u00e9tition : au minimum trois.<br \/>\n\u2022 La pr\u00e9sence de pianos \u00e0 queue dans l\u2019auditorium du concours et dans celui de la c\u00e9r\u00e9monie de cl\u00f4ture, ainsi qu\u2019un piano dans chaque salle de r\u00e9p\u00e9tition (au nombre de trois). Les pianos \u00e0 queue doivent \u00eatre en bon \u00e9tat.<br \/>\n\u2022 La salle de repos et de d\u00e9lib\u00e9ration pour le jury.<br \/>\n\u2022 Le restaurant ou \u00e9quivalent, pour le d\u00eener des participants, du jury et des D\u00e9l\u00e9gu\u00e9s nationaux (une pi\u00e8ce s\u00e9par\u00e9e est recommand\u00e9e pour favoriser les entretiens).<br \/>\n3) Le Pr\u00e9sident re\u00e7oit les inscriptions des participants au plus tard le 30 Juin de l\u2019ann\u00e9e du Forum Europ\u00e9en.<br \/>\n4) Le Pr\u00e9sident se met d\u2019 accord avec le pays h\u00f4te pour la constitution du jury.<\/p>\n<p><em><span style=\"color: #3c64a4;\">(European Council Istanbul 2013\/Sofia 2016)<\/span><\/em>[\/vc_column_text][\/vc_column_inner][\/vc_row_inner][\/vc_column][\/vc_row]<\/p>\n","protected":false},"excerpt":{"rendered":"<p>[vc_row css=&#8221;.vc_custom_1528724670702{background-color: #f5f3f2 !important;}&#8221;][vc_column][vc_row_inner type=&#8221;boxed&#8221;][vc_column_inner][vc_column_text] CONCOURS DE MUSIQUE BIENVENUE AU LEMC 2019 \u00c0 TALLINN ! LE 28\u00c8ME CONCOURS EUROPEEN DE MUSIQUE DES LIONS THOMAS KUTI EST D\u00c9DI\u00c9 \u00c0 LA GUITARE CLASSIQUE. Les jeunes musiciens n\u00e9s en 1995 ou apr\u00e8s sont cordialement invit\u00e9s \u00e0 participer au 28\u00e8me Concours Europ\u00e9en de Musique des Lions. Veuillez contacter l\u2019organisation [&hellip;]<\/p>\n","protected":false},"author":5,"featured_media":0,"parent":0,"menu_order":0,"comment_status":"closed","ping_status":"closed","template":"page-full-width.php","meta":[],"categories":[33],"tags":[],"_links":{"self":[{"href":"https:\/\/www.europaforum2019.ee\/fr\/wp-json\/wp\/v2\/pages\/2526"}],"collection":[{"href":"https:\/\/www.europaforum2019.ee\/fr\/wp-json\/wp\/v2\/pages"}],"about":[{"href":"https:\/\/www.europaforum2019.ee\/fr\/wp-json\/wp\/v2\/types\/page"}],"author":[{"embeddable":true,"href":"https:\/\/www.europaforum2019.ee\/fr\/wp-json\/wp\/v2\/users\/5"}],"replies":[{"embeddable":true,"href":"https:\/\/www.europaforum2019.ee\/fr\/wp-json\/wp\/v2\/comments?post=2526"}],"version-history":[{"count":18,"href":"https:\/\/www.europaforum2019.ee\/fr\/wp-json\/wp\/v2\/pages\/2526\/revisions"}],"predecessor-version":[{"id":8308,"href":"https:\/\/www.europaforum2019.ee\/fr\/wp-json\/wp\/v2\/pages\/2526\/revisions\/8308"}],"wp:attachment":[{"href":"https:\/\/www.europaforum2019.ee\/fr\/wp-json\/wp\/v2\/media?parent=2526"}],"wp:term":[{"taxonomy":"category","embeddable":true,"href":"https:\/\/www.europaforum2019.ee\/fr\/wp-json\/wp\/v2\/categories?post=2526"},{"taxonomy":"post_tag","embeddable":true,"href":"https:\/\/www.europaforum2019.ee\/fr\/wp-json\/wp\/v2\/tags?post=2526"}],"curies":[{"name":"wp","href":"https:\/\/api.w.org\/{rel}","templated":true}]}}