{"id":2519,"date":"2018-10-14T19:31:35","date_gmt":"2018-10-14T19:31:35","guid":{"rendered":"http:\/\/www.europaforum2019.ee\/arendamisel\/?page_id=2519"},"modified":"2019-04-06T21:21:22","modified_gmt":"2019-04-06T21:21:22","slug":"supervisory-committee","status":"publish","type":"page","link":"https:\/\/www.europaforum2019.ee\/fr\/supervisory-committee\/","title":{"rendered":"Comit\u00e9 De Surveillance"},"content":{"rendered":"<p>[vc_row css=&#8221;.vc_custom_1528724670702{background-color: #f5f3f2 !important;}&#8221;][vc_column width=&#8221;2\/3&#8243;][vc_row_inner type=&#8221;boxed&#8221;][vc_column_inner][vc_column_text]<\/p>\n<h2><strong><span style=\"color: #3c64a4;\">COMIT\u00c9 DE SURVEILLANCE<br \/>\n<\/span><\/strong><\/h2>\n<p><span style=\"color: #3c64a4;\"><strong>ID Heimo Potinkara, Directeur International D\u00e9sign\u00e9 du FE2019<\/strong><\/span><br \/>\nUn des Directeurs Internationaux int\u00e9rimaires d&#8217;Europe que le Pr\u00e9sident International des Associations a d\u00e9sign\u00e9 pour superviser le Forum Europa. Il prendra ses fonctions \u00e0 l\u2019ajournement du Forum (lors de la r\u00e9union facultative du Comit\u00e9 de Surveillance) avant celui pour lequel il doit servir et le mandat cessera \u00e0 l\u2019ajournement du Forum.<\/p>\n<p><span style=\"color: #3c64a4;\"><strong>PID Phil Nathan, Conseiller et Archiviste FE 2017-2022 (ci-apr\u00e8s appel\u00e9 C &amp; A)<\/strong><\/span><br \/>\nElu pour cinq ans par le Conseil Europ\u00e9en, il aura pour mission de suivre toutes les d\u00e9cisions prises et de conseiller les Comit\u00e9s de Surveillance et H\u00f4tes. Le C &amp; A sera la conscience vivante et la continuit\u00e9 incarn\u00e9e du Forum Europa. Il doit veiller \u00e0 ce que les d\u00e9cisions prises soient correctement appliqu\u00e9es dans les ann\u00e9es \u00e0 venir.<\/p>\n<p><span style=\"color: #3c64a4;\"><strong>PCC Peter Brandenburg, comptable FE 2017-2022<\/strong><\/span><br \/>\nElu pour cinq ans par le Conseil Europ\u00e9en, ses fonctions consistent notamment \u00e0 contr\u00f4ler les d\u00e9penses du Forum et \u00e0 les mettre en perspective avec celles des forums pr\u00e9c\u00e9dents.[\/vc_column_text][vc_column_text]<\/p>\n<p>&nbsp;<\/p>\n<p><span style=\"color: #3c64a4;\"><strong>Comit\u00e9 de surveillance (CS)<\/strong><\/span><\/p>\n<p>Son objectif principal est de superviser la logistique, l&#8217;administration, toutes les questions financi\u00e8res et le contenu du Forum Europa. En outre, il incombe aux Comit\u00e9s de Surveillance de veiller \u00e0 ce que le Forum Europa soit conforme au Manuel de la Politique de la Commission. Le Comit\u00e9 de Surveillance inclut les fonctions suivantes :<\/p>\n<p><span style=\"color: #3c64a4;\"><strong>Membres du Comit\u00e9 de Surveillance FE2019 :<\/strong><\/span><\/p>\n<ul>\n<li>ID Heimo Potinkara, Directeur International d\u00e9sign\u00e9, Pr\u00e9sident du Comit\u00e9 de Surveillance du Forum Europa 2019<\/li>\n<li>PID Kalle Elster, Pr\u00e9sident FE2019<\/li>\n<li>PID George Papas, Vice-Pr\u00e9sident, Pr\u00e9sident FE2020<\/li>\n<li>1.VDG M\u00e4rt Viileberg, Directeur\u00a0 du Programme FE2019<\/li>\n<li>PDG George Savvides, Directeur du Programme FE2020<\/li>\n<li>PID Phil Nathan, Conseiller &amp; Archiviste FE<\/li>\n<\/ul>\n<p><span style=\"color: #3c64a4;\"><b><strong>Invit\u00e9s aux r\u00e9unions:<\/strong><\/b><\/span><\/p>\n<ul>\n<li>PCC Peter Brandenburg, Comptable FE<\/li>\n<li>Ingo Brookman, LEMC<\/li>\n<li>Pompillia Szellner, Jeune Ambassadeur FE<\/li>\n<li>Madis Sinij\u00e4rv, Secr\u00e9taire G\u00e9n\u00e9ral FE2019<\/li>\n<li>Tiina Mirka, Tr\u00e9sori\u00e8re FE2019<\/li>\n<li>Anneli Pilliroog, Responsable du Programme d&#8217;\u00c9v\u00e9nements FE2019<\/li>\n<li>Mari-Liis Vihul, Responsable Web FE2019<\/li>\n<li>DG Arvi Perv, B\u00e9n\u00e9voles FE2019<\/li>\n<li>Margus Malla, \u00c9changes entre Jeunes FE2019<\/li>\n<li>IPDG Ragnar L\u00f5ivukene, Concours de Jeunes Musiciens EF 2019<\/li>\n<\/ul>\n<p>Le Comit\u00e9 de Surveillance organise ses travaux \u00e0 son gr\u00e9 et selon son calendrier.<br \/>\n1. R\u00e9union officielle du CS en octobre 2018 au FE Skopje<br \/>\n2. R\u00e9union officielle du CS en f\u00e9vrier 2019 \u00e0 Tallinn.<\/p>\n<p>Lors de cette r\u00e9union, les membres du Comit\u00e9 H\u00f4te seront invit\u00e9s, le cas \u00e9ch\u00e9ant (\u00e0 savoir le Pr\u00e9sident du Concours Thomas Kuti, etc.), sans frais pour le Comit\u00e9 H\u00f4te ou le Forum.<br \/>\nSi l&#8217;ID d\u00e9sign\u00e9 et le C &amp; A le jugent n\u00e9cessaire, une autre r\u00e9union pourra \u00eatre organis\u00e9e avec le Pr\u00e9sident du Forum et les membres sup\u00e9rieurs du comit\u00e9.<br \/>\nLe Comit\u00e9 de Surveillance peut \u00e9galement d\u00e9cider d\u2019organiser des r\u00e9unions sur le lieu du Forum, avant et apr\u00e8s le Forum.[\/vc_column_text][\/vc_column_inner][vc_column_inner][\/vc_column_inner][\/vc_row_inner][\/vc_column][vc_column width=&#8221;1\/3&#8243;][vc_single_image image=&#8221;904&#8243; img_size=&#8221;full&#8221;][vc_column_text]ID Heimo Potinkara[\/vc_column_text][vc_single_image image=&#8221;790&#8243; img_size=&#8221;full&#8221;][vc_column_text]PID Phil Nathan[\/vc_column_text][vc_single_image image=&#8221;707&#8243; img_size=&#8221;full&#8221;][vc_column_text]PCC Peter Brandenburg[\/vc_column_text][\/vc_column][\/vc_row][vc_row css=&#8221;.vc_custom_1528789133475{background-color: #fdc924 !important;}&#8221;][vc_column][\/vc_column][\/vc_row]<\/p>\n","protected":false},"excerpt":{"rendered":"<p>[vc_row css=&#8221;.vc_custom_1528724670702{background-color: #f5f3f2 !important;}&#8221;][vc_column width=&#8221;2\/3&#8243;][vc_row_inner type=&#8221;boxed&#8221;][vc_column_inner][vc_column_text] COMIT\u00c9 DE SURVEILLANCE ID Heimo Potinkara, Directeur International D\u00e9sign\u00e9 du FE2019 Un des Directeurs Internationaux int\u00e9rimaires d&#8217;Europe que le Pr\u00e9sident International des Associations a d\u00e9sign\u00e9 pour superviser le Forum Europa. Il prendra ses fonctions \u00e0 l\u2019ajournement du Forum (lors de la r\u00e9union facultative du Comit\u00e9 de Surveillance) avant celui [&hellip;]<\/p>\n","protected":false},"author":5,"featured_media":0,"parent":0,"menu_order":0,"comment_status":"closed","ping_status":"closed","template":"page-full-width.php","meta":[],"categories":[],"tags":[],"_links":{"self":[{"href":"https:\/\/www.europaforum2019.ee\/fr\/wp-json\/wp\/v2\/pages\/2519"}],"collection":[{"href":"https:\/\/www.europaforum2019.ee\/fr\/wp-json\/wp\/v2\/pages"}],"about":[{"href":"https:\/\/www.europaforum2019.ee\/fr\/wp-json\/wp\/v2\/types\/page"}],"author":[{"embeddable":true,"href":"https:\/\/www.europaforum2019.ee\/fr\/wp-json\/wp\/v2\/users\/5"}],"replies":[{"embeddable":true,"href":"https:\/\/www.europaforum2019.ee\/fr\/wp-json\/wp\/v2\/comments?post=2519"}],"version-history":[{"count":17,"href":"https:\/\/www.europaforum2019.ee\/fr\/wp-json\/wp\/v2\/pages\/2519\/revisions"}],"predecessor-version":[{"id":5702,"href":"https:\/\/www.europaforum2019.ee\/fr\/wp-json\/wp\/v2\/pages\/2519\/revisions\/5702"}],"wp:attachment":[{"href":"https:\/\/www.europaforum2019.ee\/fr\/wp-json\/wp\/v2\/media?parent=2519"}],"wp:term":[{"taxonomy":"category","embeddable":true,"href":"https:\/\/www.europaforum2019.ee\/fr\/wp-json\/wp\/v2\/categories?post=2519"},{"taxonomy":"post_tag","embeddable":true,"href":"https:\/\/www.europaforum2019.ee\/fr\/wp-json\/wp\/v2\/tags?post=2519"}],"curies":[{"name":"wp","href":"https:\/\/api.w.org\/{rel}","templated":true}]}}