{"id":2514,"date":"2018-10-14T18:51:01","date_gmt":"2018-10-14T18:51:01","guid":{"rendered":"http:\/\/www.europaforum2019.ee\/arendamisel\/?page_id=2514"},"modified":"2019-09-21T16:29:40","modified_gmt":"2019-09-21T16:29:40","slug":"useful","status":"publish","type":"page","link":"https:\/\/www.europaforum2019.ee\/fr\/useful\/","title":{"rendered":"Useful"},"content":{"rendered":"<p>[vc_row css=&#8221;.vc_custom_1528972718435{background-image: url(https:\/\/www.europaforum2019.ee\/wp-content\/uploads\/2018\/06\/inimesed2.jpg?id=134) !important;background-position: center !important;background-repeat: no-repeat !important;background-size: cover !important;}&#8221;][vc_column][vc_single_image image=&#8221;4333&#8243; img_size=&#8221;full&#8221; alignment=&#8221;right&#8221; el_class=&#8221;header-pilt&#8221;][\/vc_column][\/vc_row][vc_row css=&#8221;.vc_custom_1528724670702{background-color: #f5f3f2 !important;}&#8221;][vc_column][vc_row_inner type=&#8221;boxed&#8221;][vc_column_inner][vc_column_text]<strong><span style=\"color: #3c64a4;\">LIONS CLUBS INTERNATIONAL (LCI)<\/span><\/strong><\/p>\n<p>La Plus Grande Organisation de Clubs de Service au Monde.<br \/>\nNos 48 000 clubs et 1,5 million de membres font de nous la plus grande organisation de clubs de service au monde. Nous sommes \u00e9galement l&#8217;un des plus efficaces.<\/p>\n<p><strong><span style=\"font-size: 12pt; color: #3c64a4;\">NOTRE PR\u00c9SIDENT INTERNATIONAL<\/span><\/strong><\/p>\n<p><span style=\"font-size: 12pt;\">Lion depuis plus de 40 ans, le pr\u00e9sident international <strong>Choi<\/strong> dirige par l&#8217;exemple. Sa carri\u00e8re, et sa vie, se d\u00e9finissent par une \u00e9thique de travail passionn\u00e9e ainsi que par son engagement \u00e0 surmonter les diff\u00e9rences, cr\u00e9er du lien et privil\u00e9gier la diversit\u00e9 au b\u00e9n\u00e9fice de l\u2019harmonie entre tous.<\/span><\/p>\n<div class=\"block-wrapper col-md-12 col-lg-4 offset-lg-1\">\n<p><strong><span style=\"color: #3c64a4; font-size: 12pt;\">Plus de bien par la diversit\u00e9<\/span><\/strong><\/p>\n<div class=\"tile-body\">\n<div><span style=\"font-size: 12pt;\">Les Lions ne font pas que servir le monde. Ils le repr\u00e9sentent. Durant le mandat du pr\u00e9sident Choi, nous unirons les clubs et les collectivit\u00e9s du monde entier car faire plus de bien ne peut \u00eatre r\u00e9alis\u00e9 qu\u2019en travaillant ensemble.<\/span><\/div>\n<\/div>\n<\/div>\n<div class=\"block-wrapper col-md-12 col-lg-4 offset-lg-7-5\">\n<p><strong><span style=\"color: #3c64a4; font-size: 12pt;\">Les nombreuses facettes de notre service<\/span><\/strong><\/p>\n<div class=\"tile-body\">\n<div>\n<p><span style=\"font-size: 12pt;\">Les programmes et initiatives du pr\u00e9sident international Choir porteront sur quatre \u00e9l\u00e9ments cl\u00e9s essentiels \u00e0 notre mission de service :<\/span><\/p>\n<ol>\n<li><span style=\"font-size: 12pt;\">Renforcer l\u2019effectif dans la diversit\u00e9<\/span><\/li>\n<li><span style=\"font-size: 12pt;\">\u00c9tendre l\u2019impact de notre service dans le monde<\/span><\/li>\n<li><span style=\"font-size: 12pt;\">Soutenir la LCIF, notre Fondation<\/span><\/li>\n<li><span style=\"font-size: 12pt;\">Donner \u00e0 chaque Lion les moyens d\u2019\u00eatre un leader<\/span><\/li>\n<\/ol>\n<p><span class=\"tlid-translation translation\" lang=\"fr\"><span title=\"\"><a href=\"https:\/\/www.lionsclubs.org\/fr\/discover-our-clubs\/presidential-theme\" target=\"_blank\" rel=\"noopener\"><span style=\"color: #3c64a4;\"><span style=\"font-size: 12pt;\">Lire plus \u2026<\/span><\/span><\/a><\/span><\/span><\/p>\n<\/div>\n<\/div>\n<\/div>\n<p><strong><span style=\"color: #3c64a4;\">FOUNDATION LIONS CLUBS INTERNATIONAL (LCIF)<\/span><\/strong><\/p>\n<p>Tous les jours, la LCIF s\u2019emploie \u00e0 remplir sa mission: <strong>\u00ab Soutenir les efforts des clubs de Lions et partenaires pour servir les communaut\u00e9s locales et mondiales, donner de l\u2019espoir et avoir un impact sur les vies gr\u00e2ce \u00e0 des projets de services humanitaires et des subventions.\u00a0\u00bb<\/strong><\/p>\n<p>Depuis notre cr\u00e9ation en 1968, nous nous sommes efforc\u00e9s de soutenir les objectifs de services humanitaires des Lions \u00e0 travers le monde, en accordant plus de 13 000 subventions totalisant plus d\u2019un milliard de dollars dans les quatre domaines cl\u00e9s de la vue, de la jeunesse, des secours en cas de catastrophe et des autres efforts humanitaires<\/p>\n<p><span style=\"color: #3c64a4;\"><a style=\"color: #3c64a4;\" href=\"http:\/\/www.lcif.org\/EN\/our-work\/sight\/index.php\" target=\"_blank\" rel=\"noopener\"><strong>Nous donnons la vue<\/strong><\/a><strong>.<\/strong><\/span>\u00a0La LCIF fournit la vue aux personnes du monde entier qui sont dans le besoin en luttant contre les maladies oculaires, en cr\u00e9ant des infrastructures pour am\u00e9liorer la prestation des soins oculaires, en augmentant le nombre de professionnels form\u00e9s et en rendant les soins de la vue plus \u00e9quitables et durables.<\/p>\n<p><a href=\"http:\/\/www.lcif.org\/EN\/our-work\/youth\/index.php\" target=\"_blank\" rel=\"noopener\"><span style=\"color: #3c64a4;\"><strong>Nous soutenons la jeunesse<\/strong><\/span><\/a><strong>.<\/strong>\u00a0Tous les jeunes m\u00e9ritent d&#8217;avoir une \u00e9ducation, de se sentir pris en charge et de vivre un d\u00e9veloppement sain pour pouvoir r\u00e9aliser leurs r\u00eaves. Gr\u00e2ce \u00e0 notre\u00a0 programme <a href=\"http:\/\/www.lcif.org\/EN\/our-work\/youth\/index.php\" target=\"_blank\" rel=\"noopener\">positif de d\u00e9veloppement de la jeunesse<\/a>, Lions Quest, la LCIF aide les enfants \u00e0 apprendre \u00e0 travailler ensemble, \u00e0 prendre des d\u00e9cisions positives et \u00e0 servir leur communaut\u00e9. La Fondation soutient \u00e9galement les jeunes en construisant des \u00e9coles, des centres de jeunesse et des centres de formation professionnelle.<\/p>\n<p><a href=\"http:\/\/www.lcif.org\/EN\/our-work\/disaster-relief\/index.php\" target=\"_blank\" rel=\"noopener\"><span style=\"color: #3c64a4;\"><strong>Nous fournissons des secours en cas de catastrophe<\/strong><\/span><\/a><strong>.<\/strong>\u00a0Les Lions sont souvent parmi les premiers \u00e0 faire face \u00e0 une catastrophe pour apporter du secours, et le soutien de la Fondation les accompagne. Nous aidons les communaut\u00e9s d\u00e9vast\u00e9es \u00e0 survivre apr\u00e8s les catastrophes et apportons de l\u2019espoir en aidant dans les efforts \u00e0 long terme de reconstruction des maisons et des vies.<\/p>\n<p><a href=\"http:\/\/www.lcif.org\/EN\/our-work\/humanitarian-efforts\/index.php\" target=\"_blank\" rel=\"noopener\"><strong><span style=\"color: #3c64a4;\">Nous r\u00e9pondons aux besoins humanitaires<\/span><\/strong><\/a>.\u00a0De la lutte contre les probl\u00e8mes de sant\u00e9 mondiaux, tels que la rougeole et le diab\u00e8te, jusqu\u2019\u00e0 l&#8217;autonomisation des personnes handicap\u00e9es pour qu&#8217;elles m\u00e8nent des vies plus ind\u00e9pendantes et enrichissantes, la LCIF se consacre \u00e0 une gamme de projets de services humanitaires. La Fondation continue \u00e0 d\u00e9velopper et \u00e0 \u00e9tendre des programmes qui r\u00e9pondent aux besoins \u00e9mergents dans le monde entier<\/p>\n<p>En savoir plus en cliquant sur les liens ci-dessous:<\/p>\n<ul>\n<li><span style=\"color: #3c64a4;\"><a style=\"color: #3c64a4;\" href=\"http:\/\/www.lionsclubs.org\/EN\/index.php\">Lions Clubs International<\/a><\/span><\/li>\n<li><span style=\"color: #3c64a4;\"><a style=\"color: #3c64a4;\" href=\"http:\/\/www.lcif.org\/EN\/index.php\">Lions Clubs International Foundation<\/a><\/span><\/li>\n<li><span style=\"color: #3c64a4;\"><a style=\"color: #3c64a4;\" href=\"http:\/\/lions100.lionsclubs.org\/EN\/\">Lions 100<\/a><\/span><\/li>\n<li><span style=\"color: #3c64a4;\"><a style=\"color: #3c64a4;\" href=\"https:\/\/www.europaforum2019.ee\/wp-content\/uploads\/2019\/02\/Rules-of-procedures-EF.pdf\">Rules of procedures Europa Forum <span style=\"font-size: 10pt;\">2019 version<\/span><\/a><\/span><\/li>\n<li><span style=\"color: #3c64a4;\"><a style=\"color: #3c64a4;\" href=\"https:\/\/www.europaforum2019.ee\/wp-content\/uploads\/2018\/09\/List-of-Europa-Forums.pdf\">List of Europa Forums<\/a><\/span><\/li>\n<li><a href=\"https:\/\/www.europaforum2019.ee\/wp-content\/uploads\/2018\/06\/History-of-the-Europa-Forum.pdf\"><span style=\"color: #3c64a4;\">History of the Europa Forum<\/span><\/a><\/li>\n<\/ul>\n<p>[\/vc_column_text][\/vc_column_inner][\/vc_row_inner][\/vc_column][\/vc_row]<\/p>\n","protected":false},"excerpt":{"rendered":"<p>[vc_row css=&#8221;.vc_custom_1528972718435{background-image: url(https:\/\/www.europaforum2019.ee\/wp-content\/uploads\/2018\/06\/inimesed2.jpg?id=134) !important;background-position: center !important;background-repeat: no-repeat !important;background-size: cover !important;}&#8221;][vc_column][vc_single_image image=&#8221;4333&#8243; img_size=&#8221;full&#8221; alignment=&#8221;right&#8221; el_class=&#8221;header-pilt&#8221;][\/vc_column][\/vc_row][vc_row css=&#8221;.vc_custom_1528724670702{background-color: #f5f3f2 !important;}&#8221;][vc_column][vc_row_inner type=&#8221;boxed&#8221;][vc_column_inner][vc_column_text]LIONS CLUBS INTERNATIONAL (LCI) La Plus Grande Organisation de Clubs de Service au Monde. Nos 48 000 clubs et 1,5 million de membres font de nous la plus grande organisation de clubs de service au monde. Nous sommes [&hellip;]<\/p>\n","protected":false},"author":5,"featured_media":0,"parent":0,"menu_order":0,"comment_status":"closed","ping_status":"closed","template":"page-full-width.php","meta":[],"categories":[],"tags":[],"_links":{"self":[{"href":"https:\/\/www.europaforum2019.ee\/fr\/wp-json\/wp\/v2\/pages\/2514"}],"collection":[{"href":"https:\/\/www.europaforum2019.ee\/fr\/wp-json\/wp\/v2\/pages"}],"about":[{"href":"https:\/\/www.europaforum2019.ee\/fr\/wp-json\/wp\/v2\/types\/page"}],"author":[{"embeddable":true,"href":"https:\/\/www.europaforum2019.ee\/fr\/wp-json\/wp\/v2\/users\/5"}],"replies":[{"embeddable":true,"href":"https:\/\/www.europaforum2019.ee\/fr\/wp-json\/wp\/v2\/comments?post=2514"}],"version-history":[{"count":25,"href":"https:\/\/www.europaforum2019.ee\/fr\/wp-json\/wp\/v2\/pages\/2514\/revisions"}],"predecessor-version":[{"id":8332,"href":"https:\/\/www.europaforum2019.ee\/fr\/wp-json\/wp\/v2\/pages\/2514\/revisions\/8332"}],"wp:attachment":[{"href":"https:\/\/www.europaforum2019.ee\/fr\/wp-json\/wp\/v2\/media?parent=2514"}],"wp:term":[{"taxonomy":"category","embeddable":true,"href":"https:\/\/www.europaforum2019.ee\/fr\/wp-json\/wp\/v2\/categories?post=2514"},{"taxonomy":"post_tag","embeddable":true,"href":"https:\/\/www.europaforum2019.ee\/fr\/wp-json\/wp\/v2\/tags?post=2514"}],"curies":[{"name":"wp","href":"https:\/\/api.w.org\/{rel}","templated":true}]}}