{"id":2510,"date":"2018-10-14T18:39:19","date_gmt":"2018-10-14T18:39:19","guid":{"rendered":"http:\/\/www.europaforum2019.ee\/arendamisel\/?page_id=2510"},"modified":"2019-09-21T09:36:29","modified_gmt":"2019-09-21T09:36:29","slug":"how-to-come","status":"publish","type":"page","link":"https:\/\/www.europaforum2019.ee\/fr\/how-to-come\/","title":{"rendered":"How to Come"},"content":{"rendered":"<p>[vc_row css=&#8221;.vc_custom_1528960138284{background-image: url(https:\/\/www.europaforum2019.ee\/wp-content\/uploads\/2018\/06\/lennujaam.jpg?id=120) !important;background-position: center !important;background-repeat: no-repeat !important;background-size: cover !important;}&#8221;][vc_column][vc_single_image image=&#8221;2981&#8243; img_size=&#8221;full&#8221; alignment=&#8221;right&#8221; el_class=&#8221;header-pilt&#8221;][\/vc_column][\/vc_row][vc_row css=&#8221;.vc_custom_1528724670702{background-color: #f5f3f2 !important;}&#8221;][vc_column][vc_row_inner type=&#8221;boxed&#8221; css=&#8221;.vc_custom_1528962681509{margin-bottom: 1em !important;}&#8221;][vc_column_inner width=&#8221;1\/2&#8243;][vc_column_text]<\/p>\n<p style=\"text-align: left;\"><strong><span style=\"color: #3c64a4;\"><img loading=\"lazy\" class=\"alignnone size-full wp-image-129\" src=\"https:\/\/www.europaforum2019.ee\/wp-content\/uploads\/2018\/06\/airplane-icon.png\" alt=\"\" width=\"49\" height=\"49\" \/>\u00a0 \u00a0 \u00a0AEROPORT<\/span><\/strong><\/p>\n<p>[\/vc_column_text][vc_column_text]Nous sommes vraiment fiers d\u2019annoncer que le Conseil International des A\u00e9roports a d\u00e9cern\u00e9 le\u00a0\u00a0<a href=\"https:\/\/www.tallinn-airport.ee\/en\/news\/tallinn-airport-is-the-best-small-airport-in-europe\/\" target=\"_blank\" rel=\"noopener\">Prix du Meilleur A\u00e9roport Europ\u00e9en 2018<\/a>\u00a0 \u00e0 l\u2019A\u00e9roport de Tallinn. Ce prix prestigieux a \u00e9t\u00e9 d\u00e9cern\u00e9 lors d\u2019un concours d\u2019a\u00e9roports comptant jusqu\u2019\u00e0 5 millions de passagers, se classant devant les a\u00e9roports de Cork, London City, Turin, Kosovo et Chisnau.<\/p>\n<p>Et plus encore : vous ne pouvez pas trouver une Ville dans le monde o\u00f9 il est possible de prendre un tram depuis l&#8217;A\u00e9roport pour traverser la Ville en 20 minutes, jusqu\u2019\u00e0 votre H\u00f4tel Officiel du Forum, le tout gratuitement ! Pour obtenir le ticket gratuit, dirigez-vous au bureau d&#8217;accueil du Forum Europa 2019 \u00e0 l&#8217;A\u00e9roport !<\/p>\n<p>Pour en savoir plus sur les transports en commun depuis l&#8217;A\u00e9roport allez\u00a0sur le <a href=\"https:\/\/www.tallinn-airport.ee\/en\/transport\/leaving-the-airport\/\" target=\"_blank\" rel=\"noopener\">site internet<\/a> de l&#8217;A\u00e9roport.[\/vc_column_text][vc_column_text]<\/p>\n<p style=\"text-align: left;\"><strong><span style=\"color: #3c64a4;\"><img loading=\"lazy\" class=\"alignnone size-full wp-image-130\" src=\"https:\/\/www.europaforum2019.ee\/wp-content\/uploads\/2018\/06\/ship-icon.png\" alt=\"\" width=\"49\" height=\"49\" \/>\u00a0 \u00a0 \u00a0PORT<\/span><\/strong><\/p>\n<p>[\/vc_column_text][vc_column_text]Old City Harbour est l&#8217;un des ports de passagers les plus importants et les plus fr\u00e9quent\u00e9s de la r\u00e9gion Baltique et se trouve \u00e0 seulement 10-15 minutes \u00e0 pied de notre H\u00f4tel Officiel du Forum, Viru.<br \/>\nLes ferries Tallink, Ecker\u00f6 Line et Viking Line partent du Old City Harbour vers Helsinki, ainsi que les navires Tallink exploit\u00e9s sur la liaison Tallinn &#8211; Stockholm et le navire Moby SPL sur la liaison Tallinn &#8211; Saint-P\u00e9tersbourg. Voir les compagnies maritimes \u00a0<a href=\"http:\/\/www.portoftallinn.com\/shipping-companies\">ici<\/a>.[\/vc_column_text][vc_column_text]<\/p>\n<p style=\"text-align: left;\"><strong><span style=\"color: #3c64a4;\"><img loading=\"lazy\" class=\"alignnone size-full wp-image-131\" src=\"https:\/\/www.europaforum2019.ee\/wp-content\/uploads\/2018\/06\/buss-icon.png\" alt=\"\" width=\"49\" height=\"49\" \/>\u00a0 \u00a0 TRANSPORT \u00c0 TALLINN\u00a0<img loading=\"lazy\" class=\"size-thumbnail wp-image-8173 alignright\" src=\"https:\/\/www.europaforum2019.ee\/wp-content\/uploads\/2019\/09\/free-transport-150x150.png\" alt=\"\" width=\"150\" height=\"150\" srcset=\"https:\/\/www.europaforum2019.ee\/wp-content\/uploads\/2019\/09\/free-transport-150x150.png 150w, https:\/\/www.europaforum2019.ee\/wp-content\/uploads\/2019\/09\/free-transport-100x100.png 100w\" sizes=\"(max-width: 150px) 100vw, 150px\" \/><\/span><\/strong><\/p>\n<p>Les transports en commun sont gratuits \u00e0 Tallinn, en utilisant les badges FE ! Les premiers billets gratuits sont accessibles au bureau d&#8217;accueil du forum \u00e0 l&#8217;A\u00e9roport ou au Port.<\/p>\n<p>Une navette gratuite sera organis\u00e9e depuis l&#8217;H\u00f4tel Officiel du FE:<\/p>\n<ul>\n<li>\u00c0 la F\u00eate de Pr\u00e9paration le <strong>3 Octobre<\/strong> au soir<br \/>\n19:00-23:00 Sokos Hotel Viru -&gt; Warm-up party (Centre Cr\u00e9atif de Tallinn) et retour, chaque demi heure.<br \/>\n<strong>4 October<\/strong><br \/>\n14:30-16:00 Sokos Hotel Viru -&gt; Alexela Concert Hall, toutes les 15 minutes<br \/>\n18:30-21:00 Alexela Concert Hall -&gt; Sokos Hotel Viru, toutes les 15 minutes<br \/>\n<strong>5 October<\/strong><br \/>\n8:00-10:30 Sokos Hotel Viru -&gt; Alexela Concert Hall, toutes les 15 minutes<br \/>\n10:30-13:00 Alexela Concert Hall -&gt; Sokos Hotel Viru, toutes les 15 minutes<br \/>\n18:00-19:00 Sokos Hotel Viru -&gt; Soir\u00e9e de Gala (Port d\u00b4Hydravion), toutes les 10 minutes<br \/>\n21:30-23:00 Port d\u00b4Hydravion -&gt; Sokos Hotel Viru, toutes les 15 minutes<br \/>\n<strong>6 October<\/strong><br \/>\n8:30-10:00 Sokos Hotel Viru -&gt; Alexela Concert Hall, toutes les 20 minutes<br \/>\n13:00-14:00 Sokos Hotel Viru -&gt; C\u00e9r\u00e9monie de cloture (Alexela Concert Hall), toutes les 10 minutes<br \/>\n15:30 Alexela Concert Hall &#8211; &gt;Viru -&gt; Port et A\u00e9roport<br \/>\n16:30; 17:30, 18:30 Viru Viru -&gt; Port et A\u00e9roport<\/li>\n<\/ul>\n<p>Les H\u00f4tels Officiels du FE sont situ\u00e9s directement dans le centre-ville, \u00e0 seulement 100 m\u00e8tres de notre partie ancienne de la ville. Marcher jusqu\u2019\u00e0 la Salle de Concert Alexela, en passant par le parc Tammsaare, prend 5-10 min.[\/vc_column_text][vc_column_text]<\/p>\n<p style=\"text-align: left;\"><strong><span style=\"color: #3c64a4;\"><img loading=\"lazy\" class=\"alignnone size-full wp-image-131\" src=\"https:\/\/www.europaforum2019.ee\/wp-content\/uploads\/2018\/06\/buss-icon.png\" alt=\"\" width=\"49\" height=\"49\" \/>\u00a0 \u00a0 \u00a0INFORMATIONS DE TRANSPORT PARTICULIER<\/span><\/strong><\/p>\n<p>[\/vc_column_text][vc_column_text]Vous pouvez r\u00e9server le transfert de l&#8217;A\u00e9roport ou du Port jusqu\u2019\u00e0 l&#8217;H\u00f4tel Officiel du Forum pour un co\u00fbt de 20 \u20ac par 2 personnes lors de l&#8217;enregistrement du FE.<\/p>\n<p>Si vous avez besoin de transports particuliers, veuillez contacter notre \u00c9quipe de Transport FE via <a href=\"mailto:transport@europaforum2019.ee\">transport@europaforum2019.ee<\/a>.<\/p>\n<p>Notre agence officielle du Forum pour la location de voitures est AVIS. Si vous souhaitez louer une voiture lors de votre visite en Estonie, veuillez utiliser <a href=\"https:\/\/eixnbeweb02.rent-at-avis.com\/avisonline\/ee-et\/IBE.nsf\/ReservationStep1!OpenForm&amp;SessionID=CB80018DA1603981C125832600664186&amp;MST=3C72C33700FF3816C1258300002E5660&amp;IBEOwner=EE&amp;LNG=ET&amp;KS=Y&amp;RLS=LNG&amp;RAN=,9033795\" target=\"_blank\" rel=\"noopener\">le lien de r\u00e9servation<\/a> sp\u00e9cial pour recevoir un tarif r\u00e9duit FE2019 pour votre location. Si vous avez besoin d&#8217;aide pour votre r\u00e9servation, veuillez contacter le service client\u00e8le d&#8217;Avis Estonie via courrier \u00e9lectronique <a href=\"mailto:customerservice@avis.ee\">customerservice@avis.ee<\/a>\u00a0.[\/vc_column_text][\/vc_column_inner][vc_column_inner width=&#8221;1\/2&#8243;][vc_single_image image=&#8221;8166&#8243; img_size=&#8221;full&#8221;][vc_gmaps link=&#8221;#E-8_JTNDaWZyYW1lJTIwc3JjJTNEJTIyaHR0cHMlM0ElMkYlMkZ3d3cuZ29vZ2xlLmNvbSUyRm1hcHMlMkZkJTJGdSUyRjAlMkZlbWJlZCUzRm1pZCUzRDFralhsOS1YNnE0cDd4aVJ4N09Lb2Y2bEJFMjdHN1FjXyUyMiUyMHdpZHRoJTNEJTIyNjQwJTIyJTIwaGVpZ2h0JTNEJTIyNDgwJTIyJTNFJTNDJTJGaWZyYW1lJTNF&#8221;][vc_separator][vc_single_image image=&#8221;336&#8243; img_size=&#8221;full&#8221; onclick=&#8221;custom_link&#8221; link=&#8221;https:\/\/www.tallinn-airport.ee\/en\/flight-info\/destinations\/&#8221;][\/vc_column_inner][\/vc_row_inner][\/vc_column][\/vc_row][vc_row css=&#8221;.vc_custom_1528789133475{background-color: #fdc924 !important;}&#8221;][vc_column][\/vc_column][\/vc_row][vc_row css=&#8221;.vc_custom_1528724670702{background-color: #f5f3f2 !important;}&#8221;][vc_column][vc_row_inner type=&#8221;boxed&#8221;][vc_column_inner][vc_column_text]<strong><span style=\"color: #3c64a4;\">SPONSORS<\/span><\/strong>[\/vc_column_text][\/vc_column_inner][\/vc_row_inner][vc_row_inner type=&#8221;boxed&#8221;][vc_column_inner width=&#8221;1\/4&#8243;][vc_single_image image=&#8221;77&#8243; img_size=&#8221;full&#8221; alignment=&#8221;center&#8221;][\/vc_column_inner][vc_column_inner width=&#8221;1\/4&#8243;][vc_single_image image=&#8221;4969&#8243; img_size=&#8221;full&#8221; alignment=&#8221;center&#8221;][\/vc_column_inner][vc_column_inner width=&#8221;1\/4&#8243;][vc_single_image image=&#8221;4985&#8243; img_size=&#8221;full&#8221; alignment=&#8221;center&#8221;][\/vc_column_inner][vc_column_inner width=&#8221;1\/4&#8243;][vc_single_image image=&#8221;8156&#8243;][\/vc_column_inner][\/vc_row_inner][\/vc_column][\/vc_row]<\/p>\n","protected":false},"excerpt":{"rendered":"<p>[vc_row css=&#8221;.vc_custom_1528960138284{background-image: url(https:\/\/www.europaforum2019.ee\/wp-content\/uploads\/2018\/06\/lennujaam.jpg?id=120) !important;background-position: center !important;background-repeat: no-repeat !important;background-size: cover !important;}&#8221;][vc_column][vc_single_image image=&#8221;2981&#8243; img_size=&#8221;full&#8221; alignment=&#8221;right&#8221; el_class=&#8221;header-pilt&#8221;][\/vc_column][\/vc_row][vc_row css=&#8221;.vc_custom_1528724670702{background-color: #f5f3f2 !important;}&#8221;][vc_column][vc_row_inner type=&#8221;boxed&#8221; css=&#8221;.vc_custom_1528962681509{margin-bottom: 1em !important;}&#8221;][vc_column_inner width=&#8221;1\/2&#8243;][vc_column_text] \u00a0 \u00a0 \u00a0AEROPORT [\/vc_column_text][vc_column_text]Nous sommes vraiment fiers d\u2019annoncer que le Conseil International des A\u00e9roports a d\u00e9cern\u00e9 le\u00a0\u00a0Prix du Meilleur A\u00e9roport Europ\u00e9en 2018\u00a0 \u00e0 l\u2019A\u00e9roport de Tallinn. Ce prix prestigieux a \u00e9t\u00e9 d\u00e9cern\u00e9 lors [&hellip;]<\/p>\n","protected":false},"author":5,"featured_media":0,"parent":0,"menu_order":0,"comment_status":"closed","ping_status":"closed","template":"page-full-width.php","meta":[],"categories":[33],"tags":[],"_links":{"self":[{"href":"https:\/\/www.europaforum2019.ee\/fr\/wp-json\/wp\/v2\/pages\/2510"}],"collection":[{"href":"https:\/\/www.europaforum2019.ee\/fr\/wp-json\/wp\/v2\/pages"}],"about":[{"href":"https:\/\/www.europaforum2019.ee\/fr\/wp-json\/wp\/v2\/types\/page"}],"author":[{"embeddable":true,"href":"https:\/\/www.europaforum2019.ee\/fr\/wp-json\/wp\/v2\/users\/5"}],"replies":[{"embeddable":true,"href":"https:\/\/www.europaforum2019.ee\/fr\/wp-json\/wp\/v2\/comments?post=2510"}],"version-history":[{"count":21,"href":"https:\/\/www.europaforum2019.ee\/fr\/wp-json\/wp\/v2\/pages\/2510\/revisions"}],"predecessor-version":[{"id":8190,"href":"https:\/\/www.europaforum2019.ee\/fr\/wp-json\/wp\/v2\/pages\/2510\/revisions\/8190"}],"wp:attachment":[{"href":"https:\/\/www.europaforum2019.ee\/fr\/wp-json\/wp\/v2\/media?parent=2510"}],"wp:term":[{"taxonomy":"category","embeddable":true,"href":"https:\/\/www.europaforum2019.ee\/fr\/wp-json\/wp\/v2\/categories?post=2510"},{"taxonomy":"post_tag","embeddable":true,"href":"https:\/\/www.europaforum2019.ee\/fr\/wp-json\/wp\/v2\/tags?post=2510"}],"curies":[{"name":"wp","href":"https:\/\/api.w.org\/{rel}","templated":true}]}}