{"id":2503,"date":"2018-10-14T18:17:09","date_gmt":"2018-10-14T18:17:09","guid":{"rendered":"http:\/\/www.europaforum2019.ee\/arendamisel\/?page_id=2503"},"modified":"2019-09-21T16:33:25","modified_gmt":"2019-09-21T16:33:25","slug":"general-program-and-premises","status":"publish","type":"page","link":"https:\/\/www.europaforum2019.ee\/fr\/general-program-and-premises\/","title":{"rendered":"Locaux et hotels"},"content":{"rendered":"<p>[vc_row css=&#8221;.vc_custom_1528724670702{background-color: #f5f3f2 !important;}&#8221;][vc_column width=&#8221;1\/6&#8243;][\/vc_column][vc_column width=&#8221;2\/3&#8243;][vc_column_text]<\/p>\n<h2 style=\"text-align: center;\"><span style=\"color: #3c64a4;\">LOCAUX ET HOTELS<\/span><\/h2>\n<p>[\/vc_column_text][\/vc_column][vc_column width=&#8221;1\/6&#8243;][\/vc_column][\/vc_row][vc_row css=&#8221;.vc_custom_1528724670702{background-color: #f5f3f2 !important;}&#8221;][vc_column][vc_row_inner type=&#8221;boxed&#8221;][vc_column_inner][vc_column_text]<\/p>\n<p style=\"text-align: center;\"><span style=\"color: #3c64a4; font-size: 12pt;\"><strong>QUOI ET O\u00d9?<\/strong><\/span><\/p>\n<p style=\"text-align: center;\"><span style=\"color: #3c64a4;\"><strong>Salle de Concert <span style=\"text-decoration: underline;\"><a style=\"color: #3c64a4; text-decoration: underline;\" href=\"http:\/\/kontserdimaja.ee\/en\/galerii\/\" target=\"_blank\" rel=\"noopener\">Alexela<\/a><\/span><\/strong><\/span>\u00a0 \u00a0(1800 places, interpr\u00e9tation simultan\u00e9e)<\/p>\n<p style=\"text-align: center;\">C\u00e9r\u00e9monies d&#8217;Ouverture et de Cl\u00f4ture<\/p>\n<p style=\"text-align: center;\">R\u00e9union &#8211; Organisation de la Soir\u00e9e<\/p>\n<p style=\"text-align: center;\">Conseil Europ\u00e9en I et II<\/p>\n<p style=\"text-align: center;\">L\u2019IP rencontre les Lions<\/p>\n<p style=\"text-align: center;\"><u><img loading=\"lazy\" class=\"alignnone size-medium wp-image-396\" src=\"https:\/\/www.europaforum2019.ee\/wp-content\/uploads\/2018\/07\/Nordea-saal-300x203.png\" alt=\"\" width=\"300\" height=\"203\" srcset=\"https:\/\/www.europaforum2019.ee\/wp-content\/uploads\/2018\/07\/Nordea-saal-300x203.png 300w, https:\/\/www.europaforum2019.ee\/wp-content\/uploads\/2018\/07\/Nordea-saal.png 340w\" sizes=\"(max-width: 300px) 100vw, 300px\" \/><\/u><\/p>\n<p style=\"text-align: center;\"><span style=\"color: #3c64a4;\"><strong>Centres de Conf\u00e9rence et H\u00f4tels Officiels <\/strong><\/span>(783 chambres)<\/p>\n<p style=\"text-align: center;\">Sokos Hotel Viru et Estoria<\/p>\n<p style=\"text-align: center;\"><u><img loading=\"lazy\" class=\"alignnone size-medium wp-image-398\" src=\"https:\/\/www.europaforum2019.ee\/wp-content\/uploads\/2018\/07\/viru-300x203.png\" alt=\"\" width=\"300\" height=\"203\" srcset=\"https:\/\/www.europaforum2019.ee\/wp-content\/uploads\/2018\/07\/viru-300x203.png 300w, https:\/\/www.europaforum2019.ee\/wp-content\/uploads\/2018\/07\/viru.png 340w\" sizes=\"(max-width: 300px) 100vw, 300px\" \/><\/u><\/p>\n<p style=\"text-align: center;\">Nordic Hotel Forum (H\u00f4tel du Si\u00e8ge Social)<\/p>\n<p style=\"text-align: center;\"><u><img loading=\"lazy\" class=\"alignnone size-medium wp-image-388\" src=\"https:\/\/www.europaforum2019.ee\/wp-content\/uploads\/2018\/07\/Foorumhotell-300x203.png\" alt=\"\" width=\"300\" height=\"203\" srcset=\"https:\/\/www.europaforum2019.ee\/wp-content\/uploads\/2018\/07\/Foorumhotell-300x203.png 300w, https:\/\/www.europaforum2019.ee\/wp-content\/uploads\/2018\/07\/Foorumhotell.png 340w\" sizes=\"(max-width: 300px) 100vw, 300px\" \/><\/u><\/p>\n<p style=\"text-align: center;\">F\u00eate de Pr\u00e9paration au <strong><a href=\"http:\/\/kultuurikatel.ee\/en\/galerii\/\" target=\"_blank\" rel=\"noopener\"><span style=\"color: #3c64a4;\">Cr\u00e9atif de Tallinn<\/span><\/a><\/strong>\u00a0 (max 1200):<\/p>\n<p style=\"text-align: center;\"><img loading=\"lazy\" class=\"alignnone size-medium wp-image-391\" src=\"https:\/\/www.europaforum2019.ee\/wp-content\/uploads\/2018\/07\/kultuurikatel-300x203.png\" alt=\"\" width=\"300\" height=\"203\" srcset=\"https:\/\/www.europaforum2019.ee\/wp-content\/uploads\/2018\/07\/kultuurikatel-300x203.png 300w, https:\/\/www.europaforum2019.ee\/wp-content\/uploads\/2018\/07\/kultuurikatel.png 340w\" sizes=\"(max-width: 300px) 100vw, 300px\" \/><\/p>\n<p style=\"text-align: center;\">Soir\u00e9e de Gala au <strong><span style=\"color: #3c64a4;\"><a style=\"color: #3c64a4;\" href=\"http:\/\/meremuuseum.ee\/lennusadam\/en\/gallery\/photos\/\" target=\"_blank\" rel=\"noopener\">Port d\u2019Hydravion <\/a><\/span><\/strong> (max 700):<\/p>\n<p style=\"text-align: center;\"><img loading=\"lazy\" class=\"alignnone size-medium wp-image-392\" src=\"https:\/\/www.europaforum2019.ee\/wp-content\/uploads\/2018\/07\/Lennusadam-seest-300x203.png\" alt=\"\" width=\"300\" height=\"203\" srcset=\"https:\/\/www.europaforum2019.ee\/wp-content\/uploads\/2018\/07\/Lennusadam-seest-300x203.png 300w, https:\/\/www.europaforum2019.ee\/wp-content\/uploads\/2018\/07\/Lennusadam-seest.png 340w\" sizes=\"(max-width: 300px) 100vw, 300px\" \/><\/p>\n<p style=\"text-align: center;\"><span style=\"color: #3c64a4;\"><span style=\"color: #000000;\">Concours de Musique \u00e0<\/span> <strong><a style=\"color: #3c64a4;\" href=\"http:\/\/www.ema.edu.ee\/en\/\">l<\/a><a style=\"color: #3c64a4; text-decoration: underline;\" href=\"http:\/\/www.ema.edu.ee\/en\/\">\u2019Acad\u00e9mie Estonienne de Musique et de Th\u00e9\u00e2tre<\/a>:<\/strong><\/span><\/p>\n<p><img loading=\"lazy\" class=\"alignnone size-medium wp-image-615 aligncenter\" src=\"https:\/\/www.europaforum2019.ee\/wp-content\/uploads\/2018\/09\/EMTA-kodukale-300x203.jpg\" alt=\"\" width=\"300\" height=\"203\" srcset=\"https:\/\/www.europaforum2019.ee\/wp-content\/uploads\/2018\/09\/EMTA-kodukale-300x203.jpg 300w, https:\/\/www.europaforum2019.ee\/wp-content\/uploads\/2018\/09\/EMTA-kodukale.jpg 340w\" sizes=\"(max-width: 300px) 100vw, 300px\" \/>[\/vc_column_text][\/vc_column_inner][\/vc_row_inner][\/vc_column][\/vc_row]<\/p>\n","protected":false},"excerpt":{"rendered":"<p>[vc_row css=&#8221;.vc_custom_1528724670702{background-color: #f5f3f2 !important;}&#8221;][vc_column width=&#8221;1\/6&#8243;][\/vc_column][vc_column width=&#8221;2\/3&#8243;][vc_column_text] LOCAUX ET HOTELS [\/vc_column_text][\/vc_column][vc_column width=&#8221;1\/6&#8243;][\/vc_column][\/vc_row][vc_row css=&#8221;.vc_custom_1528724670702{background-color: #f5f3f2 !important;}&#8221;][vc_column][vc_row_inner type=&#8221;boxed&#8221;][vc_column_inner][vc_column_text] QUOI ET O\u00d9? Salle de Concert Alexela\u00a0 \u00a0(1800 places, interpr\u00e9tation simultan\u00e9e) C\u00e9r\u00e9monies d&#8217;Ouverture et de Cl\u00f4ture R\u00e9union &#8211; Organisation de la Soir\u00e9e Conseil Europ\u00e9en I et II L\u2019IP rencontre les Lions Centres de Conf\u00e9rence et H\u00f4tels Officiels (783 chambres) Sokos [&hellip;]<\/p>\n","protected":false},"author":5,"featured_media":0,"parent":0,"menu_order":0,"comment_status":"closed","ping_status":"closed","template":"page-full-width.php","meta":[],"categories":[33],"tags":[],"_links":{"self":[{"href":"https:\/\/www.europaforum2019.ee\/fr\/wp-json\/wp\/v2\/pages\/2503"}],"collection":[{"href":"https:\/\/www.europaforum2019.ee\/fr\/wp-json\/wp\/v2\/pages"}],"about":[{"href":"https:\/\/www.europaforum2019.ee\/fr\/wp-json\/wp\/v2\/types\/page"}],"author":[{"embeddable":true,"href":"https:\/\/www.europaforum2019.ee\/fr\/wp-json\/wp\/v2\/users\/5"}],"replies":[{"embeddable":true,"href":"https:\/\/www.europaforum2019.ee\/fr\/wp-json\/wp\/v2\/comments?post=2503"}],"version-history":[{"count":20,"href":"https:\/\/www.europaforum2019.ee\/fr\/wp-json\/wp\/v2\/pages\/2503\/revisions"}],"predecessor-version":[{"id":8339,"href":"https:\/\/www.europaforum2019.ee\/fr\/wp-json\/wp\/v2\/pages\/2503\/revisions\/8339"}],"wp:attachment":[{"href":"https:\/\/www.europaforum2019.ee\/fr\/wp-json\/wp\/v2\/media?parent=2503"}],"wp:term":[{"taxonomy":"category","embeddable":true,"href":"https:\/\/www.europaforum2019.ee\/fr\/wp-json\/wp\/v2\/categories?post=2503"},{"taxonomy":"post_tag","embeddable":true,"href":"https:\/\/www.europaforum2019.ee\/fr\/wp-json\/wp\/v2\/tags?post=2503"}],"curies":[{"name":"wp","href":"https:\/\/api.w.org\/{rel}","templated":true}]}}