{"id":2498,"date":"2018-10-14T19:43:21","date_gmt":"2018-10-14T19:43:21","guid":{"rendered":"http:\/\/www.europaforum2019.ee\/arendamisel\/?page_id=2498"},"modified":"2019-09-03T20:03:32","modified_gmt":"2019-09-03T20:03:32","slug":"european-council","status":"publish","type":"page","link":"https:\/\/www.europaforum2019.ee\/fr\/european-council\/","title":{"rendered":"Counceil Europ\u00e9en"},"content":{"rendered":"<p>[vc_row css=&#8221;.vc_custom_1528724670702{background-color: #f5f3f2 !important;}&#8221;][vc_column][vc_row_inner type=&#8221;boxed&#8221;][vc_column_inner][vc_column_text]<\/p>\n<h2><strong><span style=\"color: #3c64a4;\">COUNCEIL EUROP\u00c9EN<br \/>\n<\/span><\/strong><\/h2>\n<p><strong>Cette page sera ainsi mise \u00e0 jour avec l&#8217;ordre du jour final en juillet 2019.<\/strong><\/p>\n<p>&nbsp;<\/p>\n<p><span style=\"color: #3c64a4;\"><strong>R\u00e9union I du Conseil Europ\u00e9en FE2019 <\/strong><\/span><\/p>\n<p><span style=\"color: #3c64a4;\"><strong>Samedi matin, 5. octobre 2019 \u00e0 la Salle de Concert Alexela, Tallinn<\/strong><\/span><\/p>\n<p>Selon le R\u00e8glement Int\u00e9rieur du Forum Europa, le Conseil Europ\u00e9en est l\u2019organe charg\u00e9 de la formation et du contr\u00f4le de la politique du Forum.<\/p>\n<p>Il est compos\u00e9 d&#8217;un d\u00e9l\u00e9gu\u00e9 votant pour chaque Membre. L\u2019Organisation des Lions de tout Pays ou \u00c9tat appartenant \u00e0 la Zone Constitutionnelle de l\u2019Europe peut devenir Membre du Forum Europa, \u00e0 condition que son adh\u00e9sion ait \u00e9t\u00e9 approuv\u00e9e par le Conseil Europ\u00e9en.<\/p>\n<p>L&#8217;ordre du jour des r\u00e9unions du Conseil sera d\u00e9termin\u00e9 par le Pr\u00e9sident du Forum, sur la base des projets de r\u00e9solution re\u00e7us de la part des Membres et de la r\u00e9union de f\u00e9vrier du Comit\u00e9 de Surveillance.<br \/>\nLes projets de r\u00e9solution doivent \u00eatre envoy\u00e9s en anglais au Pr\u00e9sident du Forum, avec une copie pour l\u2019Archiviste et Conseiller, au plus tard le 15 juin.<\/p>\n<p>Le Pr\u00e9sident du Forum publiera ces m\u00eames projets de r\u00e9solution sur le portail Web, avec un avis par courrier \u00e9lectronique adress\u00e9 aux Membres, <strong>avant le 31 juillet au plus tard<\/strong>, afin de d\u00fbment les pr\u00e9parer pour la discussion et le vote lors du Conseil Europ\u00e9en.<\/p>\n<p>La r\u00e9union du Conseil Europ\u00e9en est ouverte \u00e0 tous les Lions.<br \/>\nCependant, seul un d\u00e9l\u00e9gu\u00e9 d\u00fbment nomm\u00e9 par membre sera autoris\u00e9 \u00e0 voter.<br \/>\nLe Conseil sera pr\u00e9sid\u00e9 par le Pr\u00e9sident du Forum, assist\u00e9 du Vice-Pr\u00e9sident, du Secr\u00e9taire du Forum et du C &amp; A.<\/p>\n<p>&nbsp;<\/p>\n<p><span style=\"color: #3c64a4;\"><strong>R\u00e9union du Conseil Europ\u00e9en FE2019 &#8211; Discussions<\/strong><\/span><\/p>\n<p><span style=\"color: #3c64a4;\"><strong>Samedi soir, 5. octobre 2019 au Nordic Hotel Forum, Tallinn<\/strong><\/span><\/p>\n<p>Cette r\u00e9union a pour objet des auditions informelles et des discussions ouvertes afin de pr\u00e9parer les d\u00e9cisions \u00e0 prendre le lendemain.<\/p>\n<p>Les r\u00e9solutions peuvent \u00eatre modifi\u00e9es ou retir\u00e9es et des informations suppl\u00e9mentaires peuvent \u00eatre demand\u00e9es. Cependant, aucune nouvelle r\u00e9solution ne peut \u00eatre d\u00e9plac\u00e9e \u00e0 ce moment.<\/p>\n<p>Tous les documents et les informations suppl\u00e9mentaires demand\u00e9s seront disponibles sur cette page apr\u00e8s les r\u00e9unions du Conseil.<\/p>\n<p>Cette r\u00e9union est ouverte \u00e0 tous les Lions.<\/p>\n<p>La r\u00e9union est pr\u00e9sid\u00e9e par le Pr\u00e9sident du Forum, assist\u00e9 du Vice-Pr\u00e9sident, du Secr\u00e9taire du Forum et du C &amp; A<\/p>\n<ul>\n<li><span style=\"color: #3c64a4;\"><a style=\"color: #3c64a4;\" href=\"https:\/\/www.europaforum2019.ee\/wp-content\/uploads\/2019\/09\/MD111_Resolution-I-Budget-surcharge-for-the-Europa-Forum.pdf\">MD111_Resolution I &#8211; Budget surcharge for the Europa Forum<\/a><\/span><\/li>\n<li><span style=\"color: #3c64a4;\"><a style=\"color: #3c64a4;\" href=\"https:\/\/www.europaforum2019.ee\/wp-content\/uploads\/2019\/09\/MD111_Resolution-II-Criteria-and-requirements-for-multiple-district-and-district-application-and-selection-as-well-as-the-venue-for-conducting-a-Europa-Forum.pdf\">MD111_Resolution II &#8211; Criteria and requirements for multiple-district and district application and selection as well as the venue for conducting a Europa Forum<\/a><\/span><\/li>\n<li><span style=\"color: #3c64a4;\"><a style=\"color: #3c64a4;\" href=\"https:\/\/www.europaforum2019.ee\/wp-content\/uploads\/2019\/09\/MD111_Resolution-III-Reinforcement-of-the-position-of-the-Chair-of-the-Supervisory-Committee-at-the-Europa-Forum.pdf\">MD111_Resolution III &#8211; Reinforcement of the position of the Chair of the Supervisory Committee at the Europa Forum<\/a><\/span><\/li>\n<li><span style=\"color: #3c64a4;\"><a style=\"color: #3c64a4;\" href=\"https:\/\/www.europaforum2019.ee\/wp-content\/uploads\/2019\/09\/MD111_Resolution-IV-Attatchment_Rules-of-Procedure-in-the-WaSH-Working-Group.pdf\">MD111_Resolution IV &#8211; Attatchment_Rules of Procedure in the WaSH Working Group<\/a><\/span><\/li>\n<li><span style=\"color: #3c64a4;\"><a style=\"color: #3c64a4;\" href=\"https:\/\/www.europaforum2019.ee\/wp-content\/uploads\/2019\/09\/MD111_Resolution-IV-Rules-of-Procedure-in-the-WaSH-Working-Group.pdf\">MD111_Resolution IV &#8211; Rules of Procedure in the WaSH Working Group<\/a><\/span><\/li>\n<\/ul>\n<p>&nbsp;<\/p>\n<p><span style=\"color: #3c64a4;\"><strong>R\u00e9union II du Conseil Europ\u00e9en<\/strong><\/span><\/p>\n<p><span style=\"color: #3c64a4;\"><strong>Dimanche matin 6 octobre 2019 \u00e0 la Salle de Concert Alexela<\/strong><\/span><\/p>\n<p>Alors que les auditions informelles et les discussions ouvertes ont eu lieu la veille, cette r\u00e9union devra se concentrer sur le vote des r\u00e9solutions et des \u00e9lections \u00e0 l\u2019ordre du jour. \u00c0 moins que de nouvelles informations pertinentes ne se soient r\u00e9v\u00e9l\u00e9es entre-temps, les discussions ne sont pas opportunes.<\/p>\n<p>Aucune nouvelle r\u00e9solution ne peut \u00eatre d\u00e9plac\u00e9e \u00e0 ce moment.<\/p>\n<p>En plus de l&#8217;ordre du jour, \u00e0 la suite d&#8217;un s\u00e9minaire, un pr\u00e9sident de s\u00e9minaire peut soumettre une proposition, au plus tard \u00e0 18 heures le jour pr\u00e9c\u00e9dent, et demander un vote consultatif. Pas plus de 3 minutes sont autoris\u00e9es pour la pr\u00e9sentation d&#8217;une telle proposition.<\/p>\n<p>L&#8217;ordre du jour d\u00e9finitif sera disponible sur cette page apr\u00e8s la r\u00e9union de Discussion du Conseil.<\/p>\n<p>Cette r\u00e9union aura lieu dans l&#8217;auditorium principal et est ouverte \u00e0 tous les Lions. Cependant, seul un d\u00e9l\u00e9gu\u00e9 d\u00fbment nomm\u00e9 par membre sera autoris\u00e9 \u00e0 parler et \u00e0 voter.<\/p>\n<p>La r\u00e9union est pr\u00e9sid\u00e9e par le Pr\u00e9sident du Forum, assist\u00e9 du Vice-Pr\u00e9sident, du Secr\u00e9taire du Forum et du C &amp; A.<\/p>\n<p>L&#8217;article V du R\u00e8glement Int\u00e9rieur s&#8217;applique.[\/vc_column_text][\/vc_column_inner][\/vc_row_inner][\/vc_column][\/vc_row][vc_row css=&#8221;.vc_custom_1528789133475{background-color: #fdc924 !important;}&#8221;][vc_column][\/vc_column][\/vc_row]<\/p>\n","protected":false},"excerpt":{"rendered":"<p>[vc_row css=&#8221;.vc_custom_1528724670702{background-color: #f5f3f2 !important;}&#8221;][vc_column][vc_row_inner type=&#8221;boxed&#8221;][vc_column_inner][vc_column_text] COUNCEIL EUROP\u00c9EN Cette page sera ainsi mise \u00e0 jour avec l&#8217;ordre du jour final en juillet 2019. &nbsp; R\u00e9union I du Conseil Europ\u00e9en FE2019 Samedi matin, 5. octobre 2019 \u00e0 la Salle de Concert Alexela, Tallinn Selon le R\u00e8glement Int\u00e9rieur du Forum Europa, le Conseil Europ\u00e9en est l\u2019organe charg\u00e9 de [&hellip;]<\/p>\n","protected":false},"author":5,"featured_media":0,"parent":0,"menu_order":0,"comment_status":"closed","ping_status":"closed","template":"page-full-width.php","meta":[],"categories":[33],"tags":[],"_links":{"self":[{"href":"https:\/\/www.europaforum2019.ee\/fr\/wp-json\/wp\/v2\/pages\/2498"}],"collection":[{"href":"https:\/\/www.europaforum2019.ee\/fr\/wp-json\/wp\/v2\/pages"}],"about":[{"href":"https:\/\/www.europaforum2019.ee\/fr\/wp-json\/wp\/v2\/types\/page"}],"author":[{"embeddable":true,"href":"https:\/\/www.europaforum2019.ee\/fr\/wp-json\/wp\/v2\/users\/5"}],"replies":[{"embeddable":true,"href":"https:\/\/www.europaforum2019.ee\/fr\/wp-json\/wp\/v2\/comments?post=2498"}],"version-history":[{"count":9,"href":"https:\/\/www.europaforum2019.ee\/fr\/wp-json\/wp\/v2\/pages\/2498\/revisions"}],"predecessor-version":[{"id":7800,"href":"https:\/\/www.europaforum2019.ee\/fr\/wp-json\/wp\/v2\/pages\/2498\/revisions\/7800"}],"wp:attachment":[{"href":"https:\/\/www.europaforum2019.ee\/fr\/wp-json\/wp\/v2\/media?parent=2498"}],"wp:term":[{"taxonomy":"category","embeddable":true,"href":"https:\/\/www.europaforum2019.ee\/fr\/wp-json\/wp\/v2\/categories?post=2498"},{"taxonomy":"post_tag","embeddable":true,"href":"https:\/\/www.europaforum2019.ee\/fr\/wp-json\/wp\/v2\/tags?post=2498"}],"curies":[{"name":"wp","href":"https:\/\/api.w.org\/{rel}","templated":true}]}}