{"id":1691,"date":"2018-10-04T12:09:14","date_gmt":"2018-10-04T12:09:14","guid":{"rendered":"http:\/\/www.europaforum2019.ee\/arendamisel\/?page_id=1691"},"modified":"2019-09-24T12:53:08","modified_gmt":"2019-09-24T12:53:08","slug":"forum-2019","status":"publish","type":"page","link":"https:\/\/www.europaforum2019.ee\/fr\/","title":{"rendered":"Forum 2019"},"content":{"rendered":"<p>[vc_row css=&#8221;.vc_custom_1534252423179{background-image: url(https:\/\/www.europaforum2019.ee\/wp-content\/uploads\/2018\/08\/Vanalinn.jpg?id=445) !important;background-position: center !important;background-repeat: no-repeat !important;background-size: cover !important;}&#8221;][vc_column][vc_single_image image=&#8221;8483&#8243; img_size=&#8221;full&#8221; alignment=&#8221;right&#8221; onclick=&#8221;custom_link&#8221; el_class=&#8221;header-pilt&#8221; link=&#8221;https:\/\/www.europaforum2019.ee\/fr\/program\/&#8221;][\/vc_column][\/vc_row][vc_row css=&#8221;.vc_custom_1528978886787{padding-bottom: 2em !important;}&#8221;][vc_column width=&#8221;1\/2&#8243;][vc_video link=&#8221;https:\/\/www.youtube.com\/watch?v=YrFj24Y7VgU&#8221; align=&#8221;right&#8221;][\/vc_column][vc_column width=&#8221;1\/2&#8243;][vc_video link=&#8221;https:\/\/www.youtube.com\/watch?v=FgEEH02B8kg&#8221;][\/vc_column][\/vc_row][vc_row css=&#8221;.vc_custom_1528978886787{padding-bottom: 2em !important;}&#8221;][vc_column][vc_row_inner type=&#8221;boxed&#8221;][vc_column_inner width=&#8221;1\/3&#8243;][vc_images_carousel images=&#8221;403,389,397,250,108&#8243; img_size=&#8221;full&#8221; onclick=&#8221;link_no&#8221; autoplay=&#8221;yes&#8221; hide_pagination_control=&#8221;yes&#8221; hide_prev_next_buttons=&#8221;yes&#8221; wrap=&#8221;yes&#8221; css_animation=&#8221;zoomIn&#8221; el_class=&#8221;slider&#8221;][vc_column_text]<\/p>\n<p style=\"text-align: center;\"><span style=\"text-decoration: underline;\"><a href=\"https:\/\/toolbox.estonia.ee\/media\/366\"><strong><span style=\"color: #3c64a4; text-decoration: underline;\">BIENVENUE EN ESTONIE<\/span><\/strong><\/a><\/span><\/p>\n<p>[\/vc_column_text][vc_column_text]L\u2019ann\u00e9e pr\u00e9c\u00e9dant notre Forum, l\u2019Estonie a c\u00e9l\u00e9br\u00e9 son 100<sup>\u00e8me<\/sup>\u00a0 anniversaire. Bien que ce ne soit que 100 ans d&#8217;ind\u00e9pendance, nous, Estoniens, vivons ici depuis environ 10 000 ans. L&#8217;histoire et les traditions se ressentent sur place en marchant entre les murs de l\u2019Ancienne Ville M\u00e9di\u00e9vale de Tallinn ou en voyageant \u00e0 travers ce petit pays. Pour vous faire une meilleure id\u00e9e de ce que vous aimeriez voir en priorit\u00e9, utilisez le voyage virtuel \u00e0 l&#8217;aide de vid\u00e9os de l&#8217;<strong><span style=\"color: #3c64a4;\"><a style=\"color: #3c64a4;\" href=\"https:\/\/toolbox.estonia.ee\/media\/366\" target=\"_blank\" rel=\"noopener\">Estonie<\/a><\/span><\/strong>\u00a0 ou de <span style=\"color: #3c64a4;\"><strong><a style=\"color: #3c64a4; text-decoration: underline;\" href=\"https:\/\/www.youtube.com\/watch?time_continue=3&amp;v=jcc_6xDrVmc\" target=\"_blank\" rel=\"noopener\">Tallinn<\/a><\/strong><\/span>, ou trouvez-en d&#8217;autres sur les pages Web \u00a0<strong><a href=\"https:\/\/www.visitestonia.com\/en\/\">Visit Estonia<\/a><\/strong>\u00a0 et\u00a0 \u00a0<a href=\"https:\/\/www.visittallinn.ee\/fra\"><strong>Visit Tallinn<\/strong><\/a>.<\/p>\n<p>Avec diff\u00e9rentes visites, notre partenaire vous offre la possibilit\u00e9 de voyager \u00e0 travers le pays et m\u00eame de visiter nos pays voisins les plus proches. Lisez pour plus d&#8217;informations sur notre page de\u00a0 \u00a0<a href=\"https:\/\/www.europaforum2019.ee\/tours\/\"><strong>visite<\/strong> <\/a>!<\/p>\n<p>NB ! Pour que le Forum soit facilement compr\u00e9hensible par tous, nous organisons la traduction synchronis\u00e9e en Allemand, Italien, Fran\u00e7ais, Su\u00e9dois, Finlandais, Estonien et Anglais pour tous les \u00e9v\u00e9nements dans la Salle de Concert Alexela.[\/vc_column_text][\/vc_column_inner][vc_column_inner width=&#8221;1\/3&#8243;][vc_images_carousel images=&#8221;7397&#8243; img_size=&#8221;full&#8221; onclick=&#8221;custom_link&#8221; custom_links_target=&#8221;_blank&#8221; autoplay=&#8221;yes&#8221; hide_pagination_control=&#8221;yes&#8221; hide_prev_next_buttons=&#8221;yes&#8221; wrap=&#8221;yes&#8221; css_animation=&#8221;zoomIn&#8221; el_class=&#8221;slider&#8221; custom_links=&#8221;#E-8_aHR0cHMlM0ElMkYlMkZ3d3cubGlvbnNjbHVicy5vcmclMkZmciUyRmRpc2NvdmVyLW91ci1jbHVicyUyRnByZXNpZGVudGlhbC10aGVtZQ==&#8221;][vc_column_text]<\/p>\n<p style=\"text-align: center;\"><span style=\"text-decoration: underline;\"><a href=\"https:\/\/www.europaforum2019.ee\/fr\/program\/\"><span style=\"color: #3c64a4; text-decoration: underline;\"><strong>MARCHE DES IDEES<\/strong><\/span><\/a><\/span><\/p>\n<p>[\/vc_column_text][vc_column_text]<span class=\"tlid-translation translation\" lang=\"fr\"><em><span title=\"\">&#8220;Chacun de nos 1,4 million de membres est diff\u00e9rent.<\/span> <span title=\"\">Ce sont ces diff\u00e9rences qui nous rendent forts. <\/span><span title=\"\">Ils nous rendent super.<\/span> <\/em><span title=\"\"><em>Ils font de nous des Lions.&#8221;<\/em> Telles sont les paroles de notre pr\u00e9sident international, le Dr Jung-Yul Choi. <a href=\"https:\/\/www.lionsclubs.org\/fr\/discover-our-clubs\/presidential-theme\" target=\"_blank\" rel=\"noopener\"><span style=\"color: #3c64a4;\">Lire plus &#8230;<\/span><\/a><\/span><\/span><\/p>\n<p><strong>\u00abId\u00e9es Cr\u00e9atives d&#8217;Innovation ouverte\u00bb<\/strong>, d\u00e9clare notre patronne estonienne du Forum, la Directrice G\u00e9n\u00e9rale Adjointe, Mme <span style=\"color: #3c64a4;\"><a style=\"color: #3c64a4;\" href=\"https:\/\/www.europaforum2019.ee\/wp-content\/uploads\/2018\/10\/Signe-Ratso-FRA.pdf\">S<span style=\"color: #3c64a4;\">igne Rat<\/span>so<\/a><\/span> de la Commission Europ\u00e9enne. Vous aurez beaucoup de possibilit\u00e9s pour r\u00e9fl\u00e9chir et pr\u00e9senter vos id\u00e9es &#8211; ce sera un v\u00e9ritable remue-m\u00e9ninge. Ensemble, nous cr\u00e9erons une bo\u00eete \u00e0 outils pour le rafra\u00eechissement des Lions d&#8217;Europe. Les principaux th\u00e8mes de l&#8217;atelier sont :<\/p>\n<ul>\n<li><strong> \u00c9conomie Circulaire Durable<\/strong><\/li>\n<li><strong> La force de la Jeunesse en Pleine Sant\u00e9 &#8211; Base pour la Soci\u00e9t\u00e9 Europ\u00e9enne<\/strong><\/li>\n<li><strong> E-Lion &#8211; <\/strong><strong>Solutions<\/strong><strong> Cyber pour Lions <\/strong><\/li>\n<\/ul>\n<p>Pour aller au-del\u00e0 de la simple discussion sur notre Forum de charit\u00e9, nous avons d\u00e9cid\u00e9 de financer des formations pour 12 chiens au service de jeunes diab\u00e9tiques, avec un diagnostic de Diab\u00e8te 1. Vous pouvez faire partie de ce projet en faisant un don lors de l\u2019enregistrement EF. Ces chiens entra\u00een\u00e9s seront remis \u00e0 tous les jeunes lors de la C\u00e9r\u00e9monie de Cl\u00f4ture le dimanche 6 octobre.<\/p>\n<p>Au fur et \u00e0 mesure du d\u00e9veloppement du\u00a0 \u00a0<strong><a href=\"https:\/\/www.europaforum2019.ee\/fr\/program\/\">programme<\/a>,<\/strong>\u00a0 vous aurez de nombreuses raisons de revenir sur ce site![\/vc_column_text][\/vc_column_inner][vc_column_inner width=&#8221;1\/3&#8243;][vc_images_carousel images=&#8221;254,416,392,391,574&#8243; img_size=&#8221;full&#8221; onclick=&#8221;link_no&#8221; autoplay=&#8221;yes&#8221; hide_pagination_control=&#8221;yes&#8221; hide_prev_next_buttons=&#8221;yes&#8221; wrap=&#8221;yes&#8221; css_animation=&#8221;zoomIn&#8221; el_class=&#8221;slider&#8221;][vc_column_text]<\/p>\n<p style=\"text-align: center;\"><a href=\"https:\/\/www.europaforum2019.ee\/fun_program\"><strong><span style=\"color: #3c64a4;\"><span style=\"text-decoration: underline;\">FUN<\/span><\/span><\/strong><\/a><\/p>\n<p>[\/vc_column_text][vc_column_text]Nous commen\u00e7ons notre programme FUN le 3 octobre avec la <strong>Soir\u00e9e de Charit\u00e9<\/strong> \u00ab Keeping Watch ! \u00bb au Centre Cr\u00e9atif de Tallinn pour nous pr\u00e9parer \u00e0 la cr\u00e9ativit\u00e9 et \u00e0 l&#8217;inspiration pour les trois jours suivants.<\/p>\n<p>Vendredi, nous esp\u00e9rons que vous tous, nos amis lion, serez \u00e0 Tallinn pour relancer notre Forum avec une <strong>Parade des Nations<\/strong> allant des h\u00f4tels officiels du Forum Viru et Forum jusqu\u2019\u00e0 la Salle de Concert Alexela o\u00f9 se tiendra la soir\u00e9e <strong>R\u00e9union &amp; Pr\u00e9paration de la Soir\u00e9e<\/strong>. Le samedi 5 octobre, la <strong>Soir\u00e9e de Gala<\/strong> au Port d\u2019Hydravion est l&#8217;\u00e9v\u00e9nement le plus attendu, car c&#8217;est le seul endroit au monde o\u00f9 vous pourrez savourer un d\u00e9licieux d\u00eener et un spectacle passionnant avec les meilleurs amis de lion, \u00e0 c\u00f4t\u00e9 du v\u00e9ritable sous-marin.<\/p>\n<p>Dimanche, c&#8217;est le moment de cl\u00f4turer le programme officiel du Forum \u00e0 Tallinn, mais \u00e9galement le moment id\u00e9al pour participer aux tourn\u00e9es que nos partenaires pr\u00e9parent pour vous. Soyez pr\u00e9sents [\/vc_column_text][\/vc_column_inner][\/vc_row_inner][\/vc_column][\/vc_row][vc_row css=&#8221;.vc_custom_1528978919574{padding-bottom: 2em !important;background-color: #f5f3f2 !important;}&#8221;][vc_column][vc_row_inner type=&#8221;boxed&#8221;][vc_column_inner width=&#8221;1\/6&#8243;][vc_single_image image=&#8221;861&#8243; img_size=&#8221;full&#8221; alignment=&#8221;center&#8221;][\/vc_column_inner][vc_column_inner width=&#8221;2\/3&#8243;][vc_column_text]<span style=\"color: #3c64a4;\"><strong>CHERS AMIS!<\/strong><\/span><\/p>\n<p>Au nom des Lions et L\u00e9os Estoniens, organisateurs du Forum Lions Europa 2019, nous aimerions vous inviter \u00e0 participer au <strong>March\u00e9 des Id\u00e9es \u00e0 Tallinn<\/strong>, <strong>en Estonie<\/strong> !<\/p>\n<p>Rejoignez-nous via nos r\u00e9seaux sociaux, notre page d&#8217;accueil et nos contacts directs avec les Lions et les L\u00e9os Estoniens. Impliquez vos amis de votre club et au-del\u00e0 pour vous assurer qu&#8217;ils ne manqueront pas cet \u00e9v\u00e9nement ! Ensemble, nous pouvons faire fonctionner ces connexions.<\/p>\n<p>Renfor\u00e7ons nos amiti\u00e9s!<span style=\"font-size: 12pt;\"> <a href=\"https:\/\/www.europaforum2019.ee\/fr\/pid-appeal\/\">Lire plus<\/a> <\/span>[\/vc_column_text][\/vc_column_inner][vc_column_inner width=&#8221;1\/6&#8243;][vc_single_image image=&#8221;6932&#8243; img_size=&#8221;full&#8221;][\/vc_column_inner][\/vc_row_inner][\/vc_column][\/vc_row][vc_row css=&#8221;.vc_custom_1528724670702{background-color: #f5f3f2 !important;}&#8221;][vc_column][vc_row_inner type=&#8221;boxed&#8221;][vc_column_inner][vc_column_text]<strong><span style=\"color: #3c64a4;\">SPONSORS<\/span><\/strong>[\/vc_column_text][\/vc_column_inner][\/vc_row_inner][vc_row_inner type=&#8221;boxed&#8221;][vc_column_inner width=&#8221;1\/4&#8243;][vc_single_image image=&#8221;77&#8243; img_size=&#8221;full&#8221; alignment=&#8221;center&#8221;][\/vc_column_inner][vc_column_inner width=&#8221;1\/4&#8243;][vc_single_image image=&#8221;4971&#8243; img_size=&#8221;full&#8221;][\/vc_column_inner][vc_column_inner width=&#8221;1\/4&#8243;][vc_single_image image=&#8221;4988&#8243; img_size=&#8221;full&#8221; alignment=&#8221;center&#8221;][\/vc_column_inner][vc_column_inner width=&#8221;1\/4&#8243;][vc_single_image image=&#8221;8156&#8243;][\/vc_column_inner][\/vc_row_inner][\/vc_column][\/vc_row]<\/p>\n","protected":false},"excerpt":{"rendered":"<p>[vc_row css=&#8221;.vc_custom_1534252423179{background-image: url(https:\/\/www.europaforum2019.ee\/wp-content\/uploads\/2018\/08\/Vanalinn.jpg?id=445) !important;background-position: center !important;background-repeat: no-repeat !important;background-size: cover !important;}&#8221;][vc_column][vc_single_image image=&#8221;8483&#8243; img_size=&#8221;full&#8221; alignment=&#8221;right&#8221; onclick=&#8221;custom_link&#8221; el_class=&#8221;header-pilt&#8221; link=&#8221;https:\/\/www.europaforum2019.ee\/fr\/program\/&#8221;][\/vc_column][\/vc_row][vc_row css=&#8221;.vc_custom_1528978886787{padding-bottom: 2em !important;}&#8221;][vc_column width=&#8221;1\/2&#8243;][vc_video link=&#8221;https:\/\/www.youtube.com\/watch?v=YrFj24Y7VgU&#8221; align=&#8221;right&#8221;][\/vc_column][vc_column width=&#8221;1\/2&#8243;][vc_video link=&#8221;https:\/\/www.youtube.com\/watch?v=FgEEH02B8kg&#8221;][\/vc_column][\/vc_row][vc_row css=&#8221;.vc_custom_1528978886787{padding-bottom: 2em !important;}&#8221;][vc_column][vc_row_inner type=&#8221;boxed&#8221;][vc_column_inner width=&#8221;1\/3&#8243;][vc_images_carousel images=&#8221;403,389,397,250,108&#8243; img_size=&#8221;full&#8221; onclick=&#8221;link_no&#8221; autoplay=&#8221;yes&#8221; hide_pagination_control=&#8221;yes&#8221; hide_prev_next_buttons=&#8221;yes&#8221; wrap=&#8221;yes&#8221; css_animation=&#8221;zoomIn&#8221; el_class=&#8221;slider&#8221;][vc_column_text] BIENVENUE EN ESTONIE [\/vc_column_text][vc_column_text]L\u2019ann\u00e9e pr\u00e9c\u00e9dant notre Forum, l\u2019Estonie a c\u00e9l\u00e9br\u00e9 son 100\u00e8me\u00a0 anniversaire. Bien que ce ne [&hellip;]<\/p>\n","protected":false},"author":1,"featured_media":0,"parent":0,"menu_order":0,"comment_status":"closed","ping_status":"closed","template":"page-full-width.php","meta":[],"categories":[33],"tags":[],"_links":{"self":[{"href":"https:\/\/www.europaforum2019.ee\/fr\/wp-json\/wp\/v2\/pages\/1691"}],"collection":[{"href":"https:\/\/www.europaforum2019.ee\/fr\/wp-json\/wp\/v2\/pages"}],"about":[{"href":"https:\/\/www.europaforum2019.ee\/fr\/wp-json\/wp\/v2\/types\/page"}],"author":[{"embeddable":true,"href":"https:\/\/www.europaforum2019.ee\/fr\/wp-json\/wp\/v2\/users\/1"}],"replies":[{"embeddable":true,"href":"https:\/\/www.europaforum2019.ee\/fr\/wp-json\/wp\/v2\/comments?post=1691"}],"version-history":[{"count":45,"href":"https:\/\/www.europaforum2019.ee\/fr\/wp-json\/wp\/v2\/pages\/1691\/revisions"}],"predecessor-version":[{"id":8518,"href":"https:\/\/www.europaforum2019.ee\/fr\/wp-json\/wp\/v2\/pages\/1691\/revisions\/8518"}],"wp:attachment":[{"href":"https:\/\/www.europaforum2019.ee\/fr\/wp-json\/wp\/v2\/media?parent=1691"}],"wp:term":[{"taxonomy":"category","embeddable":true,"href":"https:\/\/www.europaforum2019.ee\/fr\/wp-json\/wp\/v2\/categories?post=1691"},{"taxonomy":"post_tag","embeddable":true,"href":"https:\/\/www.europaforum2019.ee\/fr\/wp-json\/wp\/v2\/tags?post=1691"}],"curies":[{"name":"wp","href":"https:\/\/api.w.org\/{rel}","templated":true}]}}