{"id":7479,"date":"2019-08-19T07:02:28","date_gmt":"2019-08-19T07:02:28","guid":{"rendered":"https:\/\/www.europaforum2019.ee\/?page_id=7479"},"modified":"2019-09-21T14:45:57","modified_gmt":"2019-09-21T14:45:57","slug":"social_events","status":"publish","type":"page","link":"https:\/\/www.europaforum2019.ee\/fi\/social_events\/","title":{"rendered":"Sosiaalitapahtumia"},"content":{"rendered":"<p>[vc_row css=&#8221;.vc_custom_1528724670702{background-color: #f5f3f2 !important;}&#8221;][vc_column][vc_row_inner type=&#8221;boxed&#8221;][vc_column_inner][vc_column_text]<\/p>\n<h2 style=\"text-align: center;\"><span style=\"color: #3c64a4;\">SOSIAALITAPAHTUMIA<\/span><\/h2>\n<p><span style=\"font-size: 14pt;\"><strong><span style=\"color: #3c64a4;\">Charity Warm-up Party,\u00a0\u00a0<\/span><\/strong><\/span>Torstai 3.lokakuuta 19:00\u201322:00<a href=\"https:\/\/kultuurikatel.ee\/virtuaaltuur\/en.html\"><img loading=\"lazy\" class=\"alignright wp-image-7485 size-full\" src=\"https:\/\/www.europaforum2019.ee\/wp-content\/uploads\/2019\/08\/kultuurikatel-seest-v\u00e4ike.jpg\" alt=\"\" width=\"340\" height=\"230\" srcset=\"https:\/\/www.europaforum2019.ee\/wp-content\/uploads\/2019\/08\/kultuurikatel-seest-v\u00e4ike.jpg 340w, https:\/\/www.europaforum2019.ee\/wp-content\/uploads\/2019\/08\/kultuurikatel-seest-v\u00e4ike-300x203.jpg 300w\" sizes=\"(max-width: 340px) 100vw, 340px\" \/><\/a><\/p>\n<p><strong>Creative Hub (Kulttuurikattila)<\/strong>, P\u00f5hja puiestee 27a, Tallinna<\/p>\n<p>T\u00e4m\u00e4 on ensimm\u00e4inen kerta, jolloin sellainen tapahtuma j\u00e4rjestet\u00e4\u00e4n foorumilla. Se on loistava tilaisuus tavata Lionit ja Leot ep\u00e4virallisessa tunnelmassa ja pit\u00e4\u00e4 hauskaa yhdess\u00e4. Lionien kansainv\u00e4linen johto on my\u00f6s mukana. Is\u00e4nt\u00e4mme kaikkina foorumin p\u00e4ivin\u00e4\u00a0 Anu V\u00e4lba johtaa y\u00f6t\u00e4, DJ ja Ansiffe-yhtye yhdess\u00e4 kutsuttujen laulajien kanssa viihdytt\u00e4v\u00e4t ja saavat sinut tanssimaan.<\/p>\n<p><strong>Pukukoodi:<\/strong> Smart Casual<\/p>\n<p>&nbsp;<\/p>\n<p><img loading=\"lazy\" class=\"size-full wp-image-416 alignleft\" src=\"https:\/\/www.europaforum2019.ee\/wp-content\/uploads\/2018\/07\/paraad-v\u00e4ike.png\" alt=\"\" width=\"340\" height=\"230\" srcset=\"https:\/\/www.europaforum2019.ee\/wp-content\/uploads\/2018\/07\/paraad-v\u00e4ike.png 340w, https:\/\/www.europaforum2019.ee\/wp-content\/uploads\/2018\/07\/paraad-v\u00e4ike-300x203.png 300w\" sizes=\"(max-width: 340px) 100vw, 340px\" \/><\/p>\n<p><span style=\"color: #3c64a4; font-size: 14pt;\"><strong>Lions Paraati,\u00a0\u00a0<\/strong><\/span>Perjantai 4.lokakuuta 14:15\u201315:15<\/p>\n<p><strong>Sokos Hotel Virusta Alexela Concert Halliin<\/strong><\/p>\n<p>Kaikkien osallistuvien Lionien ja Leoden yhteinen paraati Sokos Hotel Virusta alkaen Alexelan konserttisaliin saakka (500 metri\u00e4). Pukeudu kansallispukuihisi ja v\u00e4reihin sek\u00e4 tuo mukaan lippusi! Lions EF 2019 \u2013 j\u00e4rjest\u00e4j\u00e4t toimittavat jokaiselle valtuuskunnalle kansallisen lippunsa, joka vied\u00e4\u00e4n lavalle paraatin j\u00e4lkeen.<\/p>\n<p><strong>Pukukoodi:<\/strong> Kansallis \u2013 tai arkipuku<\/p>\n<p>&nbsp;<\/p>\n<p><span style=\"font-size: 14pt; color: #3c64a4;\"><strong>Avajaiset ja Iltajuhla,\u00a0\u00a0<\/strong><\/span>Perjantai 4.lokakuuta16:00\u201320:30<\/p>\n<p><strong>Alexela Concert Hall, <\/strong>Estonia pst 9, Tallinna<\/p>\n<p>Lions Europa-foorumin avajaisten ja p\u00e4\u00e4tt\u00e4j\u00e4isten konsepti perustuu tavoitteeseen esitell\u00e4 lionien hyv\u00e4ntekev\u00e4isyystoimintaa Virossa ja esitell\u00e4 sit\u00e4 Viron kuin maan n\u00e4k\u00f6kulmasta sek\u00e4 sen luonteen ja kulttuurin yhteyksist\u00e4 ja yhteyksist\u00e4 Eurooppaan. Musiikkiohjelmaan kuuluvat s\u00e4velt\u00e4j\u00e4t ovat luoneet Euroopan tunnetuimpia kappaleita, jotka yhdist\u00e4v\u00e4t virolaisen kansanmusiikin ja alkuper\u00e4iset rytmit luomukseensa. Musikaalisen suunnittelun on kirjoittanut Sander M\u00f6lder.<\/p>\n<p><strong>Ohjelma:<\/strong><\/p>\n<p><strong><img loading=\"lazy\" class=\"alignright wp-image-396 size-full\" src=\"https:\/\/www.europaforum2019.ee\/wp-content\/uploads\/2018\/07\/Nordea-saal.png\" alt=\"\" width=\"340\" height=\"230\" srcset=\"https:\/\/www.europaforum2019.ee\/wp-content\/uploads\/2018\/07\/Nordea-saal.png 340w, https:\/\/www.europaforum2019.ee\/wp-content\/uploads\/2018\/07\/Nordea-saal-300x203.png 300w\" sizes=\"(max-width: 340px) 100vw, 340px\" \/><\/strong><\/p>\n<ul>\n<li style=\"list-style-type: none;\">\n<ul>\n<li><strong>Elina Nechajeva \u201cKiara\u201d \u2013 Lippujen seremonia<\/strong><\/li>\n<li>Viron piirikuvern\u00f6\u00f6ri DG M\u00e4rt Viileberg<\/li>\n<li><strong>Viron kansallishymni, Elina Nechajeva<\/strong><\/li>\n<li>Viron p\u00e4\u00e4ministeri Hr. J\u00fcri Ratas<\/li>\n<li><strong>Korean tasavallan kansallishymni, kuoro<\/strong><\/li>\n<li>Lions kansainv\u00e4linen presidentti Dr. Jung-Yul Choi<\/li>\n<li><strong>Arvo P\u00e4rt \u2013 Vater Unser \u2013 Tallinnan poikakuoro, joht. Lydia Rahula<\/strong><\/li>\n<li><strong>Arvo P\u00e4rt\/Torupill \u2013 Ukuaru valssi \u2013 Wheelchair waltz<\/strong><\/li>\n<li>Foorumin presidentti PID Kalle Elster<\/li>\n<li><strong>Rein Rannap\/Kosmikud\/kuoro \u2013 Rock-kantaatti \u201cBeautiful Land\u201d \u2013 \u201cWe Move\u201d<\/strong><\/li>\n<li><strong>Rein Rannap\/Kosmikud\/ kuoro \u2013 Rock- kantaatti \u201cBeautiful Land\u201d \u2013 \u201cThe Sun is for Everyone\u201d<\/strong><\/li>\n<li><strong>Rein Rannap\/Kosmikud\/ kuoro \u2013 Rock- kantaatti \u201cBeautiful Land\u201d \u2013 \u201cWe Move 2\u201d\u00a0<\/strong><\/li>\n<\/ul>\n<p>Avajaisten j\u00e4lkeen on Viron aiheinen Iltajuhla, miss\u00e4 me esit\u00e4mme parhaita mahdollisuuksia maastamme. Musiikkia soittaa Untsakad-perint\u00f6yhtye.<\/p>\n<p>Huom! Istumapaikkasi on mainittu foorumin nimilapusta!<\/p>\n<p><strong>Pukukoodi:<\/strong> Kansallis- tai arkipuku<\/p>\n<p>&nbsp;<\/li>\n<\/ul>\n<p><span style=\"color: #3c64a4; font-size: 14pt;\"><strong><a href=\"http:\/\/meremuuseum.ee\/lennusadam\/en\/gallery\/videos\/events-in-seaplane-harbour\/\"><img loading=\"lazy\" class=\"alignleft wp-image-254 size-full\" src=\"https:\/\/www.europaforum2019.ee\/wp-content\/uploads\/2018\/07\/lennusadam-pisike2.png\" alt=\"\" width=\"340\" height=\"230\" srcset=\"https:\/\/www.europaforum2019.ee\/wp-content\/uploads\/2018\/07\/lennusadam-pisike2.png 340w, https:\/\/www.europaforum2019.ee\/wp-content\/uploads\/2018\/07\/lennusadam-pisike2-300x203.png 300w\" sizes=\"(max-width: 340px) 100vw, 340px\" \/><\/a>Gaalailta,\u00a0<\/strong> <\/span>Laulantai 5.lokakuuta 19:00\u201323:00<\/p>\n<p><strong>Seaplane Harbour <\/strong>Vesilennuki 6, Tallinna<\/p>\n<p>P\u00e4iv\u00e4 p\u00e4\u00e4ttyy tyylikk\u00e4imp\u00e4\u00e4n iltaan \u2013 Gaalailta Vesilentokone satamassa. Lupaamme sinulle taikay\u00f6n, jolloin on hyv\u00e4\u00e4 musiikkia, herkullisia ruokia ja unohtumaton seura. Ellet ole koskaan tanssinut oikean sukellusveneen alla, nyt on mahdollisuus! Musiikkia on DJ:lta, yhtye Swingersilta ja Elina Nechayevalta.<\/p>\n<p>Huom! Istumapaikkasi on mainittu foorumin nimilapusta!<\/p>\n<p><strong>Pukukoodi:<\/strong> Valkoinen\/musta smokki tai tumma puku<\/p>\n<p>&nbsp;<\/p>\n<p><span style=\"font-size: 14pt; color: #3c64a4;\"><strong>P\u00e4\u00e4tt\u00e4j\u00e4iset,\u00a0\u00a0<\/strong><\/span>Sunnuntai 6.lokakuuta 13:30\u201315:00<\/p>\n<p><strong>Alexela Concert Hall, <\/strong>Estonia pst 9, Tallinna<\/p>\n<p>Musiikkiohjelmaan kuuluu eurooppalaisen musiikin keskeisi\u00e4 s\u00e4velt\u00e4ji\u00e4 mm. Beethoven, Mozart ja Bach sek\u00e4 heid\u00e4n luomuksensa j\u00e4rjestelev\u00e4t ja nykyaikaistavat nykyiset ja nykyaikaiset virolaiset s\u00e4velt\u00e4j\u00e4t. Lopputuloksena on klassista musiikkia modernissa ja innovatiivisessa avaimessa, sit\u00e4 esitell\u00e4\u00e4n teknologisilla soittimilla ja koneilla &#8211; juuri n\u00e4in kuin virolaiset tekev\u00e4t Euroopan kanssa. Tunnelma on inspiroitu tekniikasta ja E-Viron saavutuksista.<\/p>\n<p><strong>Ohjelma:<\/strong><\/p>\n<ul>\n<li><strong>S. Bach erilaisia s\u00e4vellyksi\u00e4\u2013 Henrik Kaljuj\u00e4rv remix. I osa <\/strong><\/li>\n<li>LCI edustajan foorumin yhteenveto ID Heimo Potinkara, kansainv\u00e4linen johtaja<\/li>\n<li><strong>S. Bach erilaisia s\u00e4vellyksi\u00e4\u2013 Henrik Kaljuj\u00e4rv remix. II osa<\/strong><\/li>\n<li>Thomas Kuti kilpailun tulosten ilmoittaminen. Ingo Brookmann, LEMC:n puheenjohtaja<\/li>\n<li>Thomas Kuti kilpailun voittajan maailman ensi-ilta<\/li>\n<li>Nuorten suurl\u00e4hettil\u00e4\u00e4n kilpailun voittajien esittely. Pompilia Szellner, YA:n puheenjohtaja<\/li>\n<li><strong>A. Mozart erilaisia s\u00e4vellyksi\u00e4 \u2013 Sander M\u00f6lder remix erilaisilla soittimilla ja kuoron kanssa<\/strong><\/li>\n<li>Lions Europa-foorumin presidentti PID Kalle Elster<\/li>\n<li>Diabeteskoira lavalla, pieni seremonia<\/li>\n<li>Europa Forumin Lipun siirtoseremonia seuraavalle is\u00e4nt\u00e4maalle<\/li>\n<li>EF2020 esittely. PID George Papas, EF2020:n presidentti<\/li>\n<li><strong>Tiit Kikas \u2013\u00a0 L.V. Beethoveni 9th symphony \u2013 \u201cOodi ilolle\u201d I osa<\/strong><\/li>\n<li>Foorumin presidentti PID Kalle Elster &#8211; kiitospuhe Viron tiimille. Palkitseminen. IPIP Gudrun Yngvadottir<\/li>\n<li><strong>Tiit Kikas \u2013\u00a0 L.V. Beethoveni 9th symphony \u2013 \u201cOodi ilolle\u201d II osa kuoron kanssa<\/strong><\/li>\n<\/ul>\n<p>Huom! Istumapaikkasi on mainittu foorumin nimilapusta!<\/p>\n<p><strong>Pukukoodi:<\/strong> arkipuku<\/p>\n<p>&nbsp;<\/p>\n<p><span style=\"color: #3c64a4; font-size: 14pt;\"><strong><a href=\"https:\/\/amigo.ee\/en\/gallery\/\"><img loading=\"lazy\" class=\"alignleft wp-image-7492 size-full\" src=\"https:\/\/www.europaforum2019.ee\/wp-content\/uploads\/2019\/08\/amigo.png\" alt=\"\" width=\"340\" height=\"230\" srcset=\"https:\/\/www.europaforum2019.ee\/wp-content\/uploads\/2019\/08\/amigo.png 340w, https:\/\/www.europaforum2019.ee\/wp-content\/uploads\/2019\/08\/amigo-300x203.png 300w\" sizes=\"(max-width: 340px) 100vw, 340px\" \/><\/a><\/strong><\/span><\/p>\n<p><span style=\"color: #3c64a4; font-size: 14pt;\"><strong>Jatkoille&#8230;<\/strong><\/span><\/p>\n<p><strong>Y\u00f6kerho Amigo, <\/strong>Viru v\u00e4ljak 4, Tallinna<\/p>\n<p>Perjantai 4.lokakuuta 21:00-\u2026<br \/>\nLaulantai 5.lokakuuta 22:00-\u2026<\/p>\n<p>Virallinen afterparty-paikka Sokos Hotel Viru konferenssikeskuksen kellarissa. Juhlat ovat aamuun saakka kaikille lioneille ja leoille, jotka osallistuvat Lions Europa-foorumiin. Sis\u00e4\u00e4np\u00e4\u00e4sy veloituksetta Lions EF-kortilla.<\/p>\n<p>Perjantai-iltana lavalla <strong>Koit Toome<\/strong>, lauantaina <strong>2Quick Start<\/strong>!<\/p>\n<p><strong>Pukukoodi: Smart <\/strong>Casual<\/p>\n<p>[\/vc_column_text][\/vc_column_inner][\/vc_row_inner][\/vc_column][\/vc_row][vc_row css=&#8221;.vc_custom_1528789133475{background-color: #fdc924 !important;}&#8221;][vc_column][\/vc_column][\/vc_row]<\/p>\n","protected":false},"excerpt":{"rendered":"<p>[vc_row css=&#8221;.vc_custom_1528724670702{background-color: #f5f3f2 !important;}&#8221;][vc_column][vc_row_inner type=&#8221;boxed&#8221;][vc_column_inner][vc_column_text] SOSIAALITAPAHTUMIA Charity Warm-up Party,\u00a0\u00a0Torstai 3.lokakuuta 19:00\u201322:00 Creative Hub (Kulttuurikattila), P\u00f5hja puiestee 27a, Tallinna T\u00e4m\u00e4 on ensimm\u00e4inen kerta, jolloin sellainen tapahtuma j\u00e4rjestet\u00e4\u00e4n foorumilla. Se on loistava tilaisuus tavata Lionit ja Leot ep\u00e4virallisessa tunnelmassa ja pit\u00e4\u00e4 hauskaa yhdess\u00e4. Lionien kansainv\u00e4linen johto on my\u00f6s mukana. Is\u00e4nt\u00e4mme kaikkina foorumin p\u00e4ivin\u00e4\u00a0 Anu V\u00e4lba johtaa y\u00f6t\u00e4, [&hellip;]<\/p>\n","protected":false},"author":2,"featured_media":0,"parent":0,"menu_order":0,"comment_status":"closed","ping_status":"closed","template":"page-full-width.php","meta":[],"categories":[35],"tags":[],"_links":{"self":[{"href":"https:\/\/www.europaforum2019.ee\/fi\/wp-json\/wp\/v2\/pages\/7479"}],"collection":[{"href":"https:\/\/www.europaforum2019.ee\/fi\/wp-json\/wp\/v2\/pages"}],"about":[{"href":"https:\/\/www.europaforum2019.ee\/fi\/wp-json\/wp\/v2\/types\/page"}],"author":[{"embeddable":true,"href":"https:\/\/www.europaforum2019.ee\/fi\/wp-json\/wp\/v2\/users\/2"}],"replies":[{"embeddable":true,"href":"https:\/\/www.europaforum2019.ee\/fi\/wp-json\/wp\/v2\/comments?post=7479"}],"version-history":[{"count":6,"href":"https:\/\/www.europaforum2019.ee\/fi\/wp-json\/wp\/v2\/pages\/7479\/revisions"}],"predecessor-version":[{"id":8247,"href":"https:\/\/www.europaforum2019.ee\/fi\/wp-json\/wp\/v2\/pages\/7479\/revisions\/8247"}],"wp:attachment":[{"href":"https:\/\/www.europaforum2019.ee\/fi\/wp-json\/wp\/v2\/media?parent=7479"}],"wp:term":[{"taxonomy":"category","embeddable":true,"href":"https:\/\/www.europaforum2019.ee\/fi\/wp-json\/wp\/v2\/categories?post=7479"},{"taxonomy":"post_tag","embeddable":true,"href":"https:\/\/www.europaforum2019.ee\/fi\/wp-json\/wp\/v2\/tags?post=7479"}],"curies":[{"name":"wp","href":"https:\/\/api.w.org\/{rel}","templated":true}]}}