{"id":7320,"date":"2019-03-20T10:08:57","date_gmt":"2019-03-20T10:08:57","guid":{"rendered":"https:\/\/www.europaforum2019.ee\/thursday\/"},"modified":"2019-09-15T07:10:25","modified_gmt":"2019-09-15T07:10:25","slug":"thursday","status":"publish","type":"page","link":"https:\/\/www.europaforum2019.ee\/fi\/thursday\/","title":{"rendered":"Torstai"},"content":{"rendered":"<p>[vc_row][vc_column][\/vc_column][\/vc_row][vc_row][vc_column width=&#8221;3\/4&#8243;][vc_column_text css=&#8221;.vc_custom_1557582256848{padding-top: 20px !important;padding-bottom: 20px !important;}&#8221;]<\/p>\n<div class=\"twelve columns add-bottom\">\n<h2><span style=\"color: #3c64a4;\">Torstai, 3 lokakuuta 2019<\/span><\/h2>\n<div class=\"frame\">\n<div class=\"page tlid-homepage homepage translate-text\">\n<div class=\"homepage-content-wrap\">\n<div class=\"tlid-source-target main-header small-font\">\n<div class=\"source-target-row\">\n<div class=\"tlid-results-container results-container\">\n<div class=\"tlid-result result-dict-wrapper\">\n<div class=\"result tlid-copy-target\">\n<div class=\"text-wrap tlid-copy-target\">\n<div class=\"result-shield-container tlid-copy-target\" tabindex=\"0\"><span class=\"tlid-translation translation\" lang=\"fi\" tabindex=\"-1\"><span title=\"\">Seuraavat nimet osoittavat huoneita erilaisissa konferenssikeskuksissa<\/span><\/span>:<\/div>\n<\/div>\n<\/div>\n<\/div>\n<\/div>\n<\/div>\n<\/div>\n<\/div>\n<\/div>\n<\/div>\n<p><span style=\"color: #3c64a4;\"><strong><a href=\"https:\/\/www.sokoshotels.fi\/en\/tallinn\/sokos-hotel-viru\">Sokos Hotel Viru\u00a0<\/a><\/strong> <span style=\"color: #000000;\">Allegro, Andante 1, Andante 2, Bolero, Duetto, Forte, Grande, Grande 1, Grande 1+2, Grande 2, Grande 3, Semi<\/span><\/span><\/p>\n<p><span style=\"color: #3c64a4;\"><a style=\"color: #3c64a4;\" href=\"https:\/\/www.europaforum2019.ee\/wp-content\/uploads\/2019\/06\/Nordic-Hotel-Forum-conference-centre-floor-plan.png\"><strong>Nordic Hotel Forum<\/strong><\/a> <span style=\"color: #000000;\">Sirius, Capella, Arcturus, Vega, Altair, Miitsar <\/span><\/span><\/p>\n<\/div>\n<p>[\/vc_column_text][vc_column_text]<span style=\"font-size: 18pt;\">08:00-09:00<\/span>[\/vc_column_text][vc_tta_accordion active_section=&#8221;&#8221; collapsible_all=&#8221;true&#8221;][vc_tta_section title=&#8221; EF2019 ohjausryhm\u00e4n kokous (suljettu istunto) | Vega | Nordic Hotel Forum&#8221; tab_id=&#8221;1564488059074-431f4da7-0f06&#8243; el_class=&#8221;thematicmeetings&#8221;][vc_column_text]<\/p>\n<table width=\"624\">\n<tbody>\n<tr>\n<td width=\"102\">P\u00e4iv\u00e4m\u00e4\u00e4r\u00e4<\/td>\n<td width=\"522\">Torstai, October 3<\/td>\n<\/tr>\n<tr>\n<td>Aika<\/td>\n<td width=\"522\">8:00 &#8211; 9:00<\/td>\n<\/tr>\n<tr>\n<td>Otsikko<\/td>\n<td width=\"522\">\u00a0EF2019 ohjausryhm\u00e4n kokous\u00a0 (suljettu istunto)<\/td>\n<\/tr>\n<tr>\n<td>Huone<\/td>\n<td width=\"522\">Nordic Hotel Forum &#8211; Vega<\/td>\n<\/tr>\n<tr>\n<td>Kohdeyleis\u00f6<\/td>\n<td width=\"522\">EF2019 p\u00e4\u00e4toimikunnan ja ohjausryhm\u00e4 j\u00e4senet<\/td>\n<\/tr>\n<tr>\n<td>Johtaja<\/td>\n<td width=\"522\">ID Heimo Potinkara, kansainv\u00e4linen johtaja<\/td>\n<\/tr>\n<tr>\n<td>Varajohtaja<\/td>\n<td width=\"522\">PID Kalle Elster, Forumin Presidentti<\/td>\n<\/tr>\n<tr>\n<td>Puhujat<\/td>\n<td width=\"522\">ID Heimo Potinkara, kansainv\u00e4linen johtaja<br \/>\nPID Kalle Elster, Forumin Presidentti EF2019<br \/>\nDG M\u00e4rt Viileberg, ohjelmajohtaja EF2019<br \/>\nPID George Papas, Forumin Varapresidentti<br \/>\nPDG George Savvides, ohjelmajohtaja EF2020<br \/>\nPID Phil Nathan, neuvonantaja<br \/>\nPCC Peter Brandenburg, Forumin kirjanpit\u00e4j\u00e4<br \/>\nEF2019 p\u00e4\u00e4toimikunnan muut j\u00e4senet<\/td>\n<\/tr>\n<tr>\n<td>Sihteeri<\/td>\n<td width=\"522\">Lion Madis Sinij\u00e4rv, EF2019 P\u00e4\u00e4sihteeri<\/td>\n<\/tr>\n<tr>\n<td>Selostus<\/td>\n<td width=\"522\">Eurooppa neuvoston asialistan mukaan<\/td>\n<\/tr>\n<\/tbody>\n<\/table>\n<p>[\/vc_column_text][\/vc_tta_section][\/vc_tta_accordion][vc_column_text]<span style=\"font-size: 18pt;\">08:30-16:45<\/span>[\/vc_column_text][vc_tta_accordion style=&#8221;modern&#8221; shape=&#8221;square&#8221; active_section=&#8221;&#8221; collapsible_all=&#8221;true&#8221;][vc_tta_section title=&#8221;GAT | Sirius | Nordic Hotel Forum&#8221; tab_id=&#8221;1564488001392-343c98a1-5317&#8243; el_class=&#8221;leo-lions&#8221;][vc_column_text]<\/p>\n<table width=\"624\">\n<tbody>\n<tr>\n<td width=\"102\">P\u00e4iv\u00e4m\u00e4\u00e4r\u00e4<\/td>\n<td width=\"522\">10\/3\/2019<\/td>\n<\/tr>\n<tr>\n<td>Aika<\/td>\n<td width=\"522\">8:00 &#8211; 16:45<\/td>\n<\/tr>\n<tr>\n<td>Otsikko<\/td>\n<td width=\"522\">GAT<\/td>\n<\/tr>\n<tr>\n<td>Huone<\/td>\n<td width=\"522\">Nordic Hotel Forum &#8211; Sirius<\/td>\n<\/tr>\n<tr>\n<td>Kohdeyleis\u00f6<\/td>\n<td>Neuvoston puheenjohtajat, kuvern\u00f6\u00f6rialueen, MD- ja D-koordinaattorit, New Voices, erikoiskerhokoordinaattorit, Leos<\/td>\n<\/tr>\n<tr>\n<td>Johtaja<\/td>\n<td width=\"522\">PID Robert Rettby<\/td>\n<\/tr>\n<tr>\n<td>Varajohtaja<\/td>\n<td style=\"font-weight: 400;\" width=\"522\">PID Miklos Horvath<\/td>\n<\/tr>\n<tr>\n<td>Puhujat<\/td>\n<td style=\"font-weight: 400;\" width=\"522\">PID Robert Rettby, PID Elisabeth Haderer, PID Sanjay Kethan, A4 GAT Johtajat,\u00a0yll\u00e4tys vieraat<\/td>\n<\/tr>\n<tr>\n<td>Selostus<\/td>\n<td width=\"522\">GAT, GMT, GLT ja GST, LCI-resurssit, erikoiskerhot, New Voices, Leos<\/td>\n<\/tr>\n<\/tbody>\n<\/table>\n<p>[\/vc_column_text][\/vc_tta_section][vc_tta_section title=&#8221;GAT | Arcturus | Nordic Hotel Forum&#8221; tab_id=&#8221;1564488001431-db51e3fe-9ef0&#8243; el_class=&#8221;leo-lions&#8221;][vc_column_text]<\/p>\n<table width=\"624\">\n<tbody>\n<tr>\n<td width=\"102\">P\u00e4iv\u00e4m\u00e4\u00e4r\u00e4<\/td>\n<td width=\"522\">10\/3\/2019<\/td>\n<\/tr>\n<tr>\n<td>Aika<\/td>\n<td width=\"522\">8:00 &#8211; 16:45<\/td>\n<\/tr>\n<tr>\n<td>Otsikko<\/td>\n<td width=\"522\">GAT<\/td>\n<\/tr>\n<tr>\n<td>Huone<\/td>\n<td width=\"522\">Nordic Hotel Forum &#8211; Arcturus<\/td>\n<\/tr>\n<tr>\n<td>Kohdeyleis\u00f6<\/td>\n<td>Neuvoston puheenjohtajat, kuvern\u00f6\u00f6rialueen, MD- ja D-koordinaattorit, New Voices, erikoiskerhokoordinaattorit, Leos<\/td>\n<\/tr>\n<tr>\n<td>Johtaja<\/td>\n<td width=\"522\">PID Robert Rettby<\/td>\n<\/tr>\n<tr>\n<td>Varajohtaja<\/td>\n<td style=\"font-weight: 400;\" width=\"522\">PID Miklos Horvath<\/td>\n<\/tr>\n<tr>\n<td>Puhujat<\/td>\n<td style=\"font-weight: 400;\" width=\"522\">PID Robert Rettby, PID Elisabeth Haderer, PID Sanjay Kethan, A4 GAT Johtajat,\u00a0yll\u00e4tys vieraat<\/td>\n<\/tr>\n<tr>\n<td>Selostus<\/td>\n<td width=\"522\">GAT, GMT, GLT ja GST, LCI-resurssit, erikoiskerhot, New Voices, Leos<\/td>\n<\/tr>\n<\/tbody>\n<\/table>\n<p>[\/vc_column_text][\/vc_tta_section][vc_tta_section title=&#8221;GAT | Duetto | Sokos Hotel Viru&#8221; tab_id=&#8221;1564488001360-bae68343-6fd6&#8243; el_class=&#8221;leo-lions&#8221;][vc_column_text]<\/p>\n<table width=\"624\">\n<tbody>\n<tr>\n<td width=\"102\">P\u00e4iv\u00e4m\u00e4\u00e4r\u00e4<\/td>\n<td width=\"522\">Thursday, October 3<\/td>\n<\/tr>\n<tr>\n<td>Aika<\/td>\n<td width=\"522\">8:00 &#8211; 16:45<\/td>\n<\/tr>\n<tr>\n<td>Otsikko<\/td>\n<td width=\"522\">GAT<\/td>\n<\/tr>\n<tr>\n<td>Huone<\/td>\n<td width=\"522\">Sokos Hotel Viru &#8211; Duetto<\/td>\n<\/tr>\n<tr>\n<td>Kohdeyleis\u00f6<\/td>\n<td>Neuvoston puheenjohtajat, kuvern\u00f6\u00f6rialueen, MD- ja D-koordinaattorit, New Voices, erikoiskerhokoordinaattorit, Leos<\/td>\n<\/tr>\n<tr>\n<td>Johtaja<\/td>\n<td width=\"522\">PID Robert Rettby<\/td>\n<\/tr>\n<tr>\n<td>Varajohtaja<\/td>\n<td style=\"font-weight: 400;\" width=\"522\">PID Miklos Horvath<\/td>\n<\/tr>\n<tr>\n<td>Puhujat<\/td>\n<td style=\"font-weight: 400;\" width=\"522\">PID Robert Rettby, PID Elisabeth Haderer, PID Sanjay Kethan, A4 GAT Johtajat,\u00a0yll\u00e4tys vieraat<\/td>\n<\/tr>\n<tr>\n<td>Selostus<\/td>\n<td width=\"522\">GAT, GMT, GLT ja GST, LCI-resurssit, erikoiskerhot, New Voices, Leos<\/td>\n<\/tr>\n<\/tbody>\n<\/table>\n<p>[\/vc_column_text][\/vc_tta_section][\/vc_tta_accordion][vc_column_text]<span style=\"font-size: 18pt;\">09:00-12:00<\/span>[\/vc_column_text][vc_tta_accordion active_section=&#8221;&#8221; collapsible_all=&#8221;true&#8221;][vc_tta_section title=&#8221;Pitk\u00e4n aikav\u00e4lin suunnittelutoimikunta, Eurooppa (suljettu kokous) | Vega | Nordic Hotel Forum&#8221; tab_id=&#8221;1564489512764-51a18113-278c&#8221; el_class=&#8221;thematicmeetings&#8221;][vc_column_text]<\/p>\n<table width=\"624\">\n<tbody>\n<tr>\n<td width=\"102\">P\u00e4iv\u00e4m\u00e4\u00e4r\u00e4<\/td>\n<td width=\"522\">Torstai, October 3<\/td>\n<\/tr>\n<tr>\n<td>Aika<\/td>\n<td width=\"522\">09:00-12:00<\/td>\n<\/tr>\n<tr>\n<td>Otsikko<\/td>\n<td width=\"522\">Pitk\u00e4n aikav\u00e4lin suunnittelutoimikunta, Eurooppa\u00a0 (suljettu kokous)<\/td>\n<\/tr>\n<tr>\n<td>Huone<\/td>\n<td width=\"522\">Nordic Hotel Forum &#8211; Vega<\/td>\n<\/tr>\n<tr>\n<td>Kohdeyleis\u00f6<\/td>\n<td width=\"522\">Vain pitk\u00e4n aikav\u00e4lin suunnittelutoimikunnan\u00a0 j\u00e4senet<\/td>\n<\/tr>\n<tr>\n<td>Johtaja<\/td>\n<td width=\"522\">IPIP Gudrun Bj\u00f6rt Yngvadottir<\/td>\n<\/tr>\n<tr>\n<td>Puhujat<\/td>\n<td width=\"522\">IPIP Gudrun B. Yngvadottir avaus<br \/>\nPitk\u00e4n aikav\u00e4lin suunnittelutoimikunnan kaikki j\u00e4senet<\/td>\n<\/tr>\n<tr>\n<td>Sihteeri<\/td>\n<td width=\"522\">PID Phil Nathan, Arkistonhoitaja ja neuvonantaja<\/td>\n<\/tr>\n<tr>\n<td>Selostus<\/td>\n<td width=\"522\">Eurooppa neuvoston asialistan mukaan<\/td>\n<\/tr>\n<\/tbody>\n<\/table>\n<p>[\/vc_column_text][\/vc_tta_section][\/vc_tta_accordion][vc_column_text]<span style=\"font-size: 18pt;\">09:00-17:15<\/span>[\/vc_column_text][vc_tta_accordion active_section=&#8221;&#8221; collapsible_all=&#8221;true&#8221;][vc_tta_section title=&#8221;Nuorisoleiri- ja nuorisovaihtopuheenjohtajien tapaaminen | Capella | Nordic Hotel Forum&#8221; tab_id=&#8221;hallikasroheline1&#8243; el_class=&#8221;youth&#8221;][vc_column_text]<\/p>\n<table width=\"624\">\n<tbody>\n<tr>\n<td width=\"102\">P\u00e4iv\u00e4m\u00e4\u00e4r\u00e4<\/td>\n<td width=\"522\">Torstai, October 3<\/td>\n<\/tr>\n<tr>\n<td>Aika<\/td>\n<td width=\"522\">9:00 &#8211; 17:15<\/td>\n<\/tr>\n<tr>\n<td>Otsikko<\/td>\n<td width=\"522\">Nuorisoleiri- ja\u00a0 nuorisovaihtopuheenjohtajien tapaaminen<\/td>\n<\/tr>\n<tr>\n<td>Huone<\/td>\n<td width=\"522\">Nordic Hotel Forum &#8211; Capella<\/td>\n<\/tr>\n<tr>\n<td>Kohdeyleis\u00f6<\/td>\n<td width=\"522\">Avoinna kaikille<\/td>\n<\/tr>\n<tr>\n<td>Johtaja<\/td>\n<td width=\"522\">YCEC Margus Malla<\/td>\n<\/tr>\n<tr>\n<td>Varajohtaja<\/td>\n<td width=\"522\">YCEC Jovan Gavrilovski<\/td>\n<\/tr>\n<tr>\n<td>Puhujat<\/td>\n<td width=\"522\">Nuorisovaihdon johtohenkil\u00f6t<\/td>\n<\/tr>\n<tr>\n<td>Sihteeri<\/td>\n<td width=\"522\">YCEC Paul Vanderhaegen, YCE Europen sihteeri<\/td>\n<\/tr>\n<tr>\n<td>Selostus<\/td>\n<td width=\"522\">YE keskustelut, hakemuslomake, GDPR, Oak Brookin uutiset, EF 2020 Thessalonikin esittely<\/td>\n<\/tr>\n<\/tbody>\n<\/table>\n<p>[\/vc_column_text][\/vc_tta_section][\/vc_tta_accordion][vc_column_text]<span style=\"font-size: 18pt;\">14:00-18:00<\/span>[\/vc_column_text][vc_tta_accordion active_section=&#8221;&#8221; collapsible_all=&#8221;true&#8221;][vc_tta_section title=&#8221;Baltic Sea Lions (BSL) | Altair | Nordic Hotel Forum&#8221; tab_id=&#8221;1564489904253-0b9245ef-c14c&#8221; el_class=&#8221;leo-lions&#8221;][vc_column_text]<\/p>\n<table width=\"624\">\n<tbody>\n<tr>\n<td width=\"102\">P\u00e4iv\u00e4m\u00e4\u00e4r\u00e4<\/td>\n<td width=\"522\">10\/3\/2019<\/td>\n<\/tr>\n<tr>\n<td>Aika<\/td>\n<td width=\"522\">14:00 &#8211; 18:00<\/td>\n<\/tr>\n<tr>\n<td>Otsikko<\/td>\n<td width=\"522\">Baltic Sea Lions<\/td>\n<\/tr>\n<tr>\n<td>Huone<\/td>\n<td width=\"522\">Nordic Hotel Forum &#8211; Altair<\/td>\n<\/tr>\n<tr>\n<td>Kohdeyleis\u00f6<\/td>\n<td width=\"522\">Baltic Sea Lionsin edustajat ja kutsuvieraat<\/td>\n<\/tr>\n<tr>\n<td>Johtaja<\/td>\n<td width=\"522\">BSL presidentti, PDG Sanna Siissalo<\/td>\n<\/tr>\n<tr>\n<td>Varajohtaja<\/td>\n<td width=\"522\">BSL varapresidentti Virginijus Jasaitis<\/td>\n<\/tr>\n<tr>\n<td>Puhujat<\/td>\n<td width=\"522\">BSL edustajat<\/td>\n<\/tr>\n<tr>\n<td>Selostus<\/td>\n<td width=\"522\">Baltic Sea Lions on LCI piirien yhteisty\u00f6verkosto It\u00e4meren alueella. Verkoston tavoitteena on esitt\u00e4\u00e4 yhteisi\u00e4 projekteja ja vahvistaa yst\u00e4vyytt\u00e4 yli rajojen. It\u00e4meren suojelu on ollut verkoston p\u00e4\u00e4kiinnostuksen kohde muutaman viime vuoden ajan.<\/td>\n<\/tr>\n<\/tbody>\n<\/table>\n<p>[\/vc_column_text][\/vc_tta_section][\/vc_tta_accordion][vc_column_text]<span style=\"font-size: 18pt;\">15:00-17:00<\/span>[\/vc_column_text][vc_tta_accordion active_section=&#8221;&#8221; collapsible_all=&#8221;true&#8221;][vc_tta_section title=&#8221;Esittelij\u00f6iden ja osallistujien orientoituminen | Vega | Nordic Hotel Forum&#8221; tab_id=&#8221;kollane3&#8243; el_class=&#8221;thematicmeetings&#8221;][vc_column_text]<\/p>\n<table width=\"624\">\n<tbody>\n<tr>\n<td width=\"102\">P\u00e4iv\u00e4m\u00e4\u00e4r\u00e4<\/td>\n<td width=\"522\">10\/3\/2019<\/td>\n<\/tr>\n<tr>\n<td>Aika<\/td>\n<td width=\"522\">15:00 &#8211; 17:00<\/td>\n<\/tr>\n<tr>\n<td>Otsikko<\/td>\n<td width=\"522\">Esittelij\u00f6iden ja osallistujien orientoituminen<\/td>\n<\/tr>\n<tr>\n<td>Huone<\/td>\n<td width=\"522\">Nordic Hotel Forum &#8211; Vega<\/td>\n<\/tr>\n<tr>\n<td>Kohdeyleis\u00f6<\/td>\n<td width=\"522\">Kaikki workshoppien esittelij\u00e4t<\/td>\n<\/tr>\n<tr>\n<td>Johtaja<\/td>\n<td width=\"522\">DG M\u00e4rt Viileberg<\/td>\n<\/tr>\n<tr>\n<td>Varajohtaja<\/td>\n<td width=\"522\">Leo Karin K\u00fcnnapas<\/td>\n<\/tr>\n<tr>\n<td>Puhujat<\/td>\n<td style=\"font-weight: 400;\" width=\"522\">DG M\u00e4rt Viileberg, Leo Karin K\u00fcnnapas<\/td>\n<\/tr>\n<tr>\n<td>Selostus<\/td>\n<td width=\"522\">EF 2019 workshoppien ja seminaarien esittelij\u00f6idden yhteistapaaminen. T\u00e4ss\u00e4 kokouksessa k\u00e4sitell\u00e4\u00e4n World Cafe -formaatin sis\u00e4lt\u00f6\u00e4, sek\u00e4 kaikkia teknisi\u00e4 yksityiskohtia ja toimia.<\/td>\n<\/tr>\n<\/tbody>\n<\/table>\n<p>[\/vc_column_text][\/vc_tta_section][\/vc_tta_accordion][vc_column_text]<span style=\"font-size: 18pt;\">15:00-19:00<\/span>[\/vc_column_text][vc_tta_accordion active_section=&#8221;&#8221; collapsible_all=&#8221;true&#8221;][vc_tta_section title=&#8221;MD111 kuvern\u00f6\u00f6rineuvosto (suljettu kokous) | Allegro | Sokos Hotel Viru&#8221; tab_id=&#8221;1564489999082-b78e3d3c-a0f3&#8243; el_class=&#8221;thematicmeetings&#8221;][vc_column_text]<\/p>\n<table width=\"624\">\n<tbody>\n<tr>\n<td width=\"102\">P\u00e4iv\u00e4m\u00e4\u00e4r\u00e4<\/td>\n<td width=\"522\">10\/3\/2019<\/td>\n<\/tr>\n<tr>\n<td>Aika<\/td>\n<td width=\"522\">15:00 &#8211; 19:00<\/td>\n<\/tr>\n<tr>\n<td>Otsikko<\/td>\n<td width=\"522\">MD111 kuvern\u00f6\u00f6rineuvosto (suljettu kokous)<\/td>\n<\/tr>\n<tr>\n<td>Huone<\/td>\n<td width=\"522\">Sokos Hotel Viru &#8211; Allegro<\/td>\n<\/tr>\n<tr>\n<td>Kohdeyleis\u00f6<\/td>\n<td width=\"522\">MD111 Kuvern\u00f6\u00f6rineuvoston j\u00e4senet<\/td>\n<\/tr>\n<tr>\n<td>Johtaja<\/td>\n<td width=\"522\">Lion Maximilian Schneider<\/td>\n<\/tr>\n<tr>\n<td>Puhujat<\/td>\n<td width=\"522\">Saksan piirikuvern\u00f6\u00f6rien kuvern\u00f6\u00f6rineuvosto<\/td>\n<\/tr>\n<tr>\n<td>Selostus<\/td>\n<td width=\"522\">Kuvern\u00f6\u00f6rineuvoston asialistan mukaan<\/td>\n<\/tr>\n<\/tbody>\n<\/table>\n<p>[\/vc_column_text][\/vc_tta_section][\/vc_tta_accordion][vc_column_text]<span style=\"font-size: 18pt;\">17:15-18:45<\/span>[\/vc_column_text][vc_tta_accordion active_section=&#8221;&#8221; collapsible_all=&#8221;true&#8221;][vc_tta_section title=&#8221;NSR CC Board meeting (suljettu kokous)\u00a0 | Vega | Nordic Hotel Forum&#8221; tab_id=&#8221;kollane3&#8243; el_class=&#8221;internationalrelations&#8221;][vc_column_text]<\/p>\n<table width=\"624\">\n<tbody>\n<tr>\n<td style=\"width: 101px;\">P\u00e4iv\u00e4m\u00e4\u00e4r\u00e4<\/td>\n<td style=\"width: 507px;\">10\/3\/2019<\/td>\n<\/tr>\n<tr>\n<td style=\"width: 101px;\">Aika<\/td>\n<td style=\"width: 507px;\">17:15 &#8211; 18:45<\/td>\n<\/tr>\n<tr>\n<td style=\"width: 101px;\">Otsikko<\/td>\n<td style=\"width: 507px;\">NSR CC Board meeting (suljettu kokous)<\/td>\n<\/tr>\n<tr>\n<td style=\"width: 101px;\">Huone<\/td>\n<td style=\"width: 507px;\">Nordic Hotel Forum &#8211; Vega<\/td>\n<\/tr>\n<tr>\n<td style=\"width: 101px;\">Kohdeyleis\u00f6<\/td>\n<td style=\"width: 507px;\">CCt, pohjoismainen IP, henkil\u00f6llisyys, henkil\u00f6llisyys ehdokkaat, PIP, PID, GS, VCC ja NSR-OC (ja muut puheenjohtajan CC-hallituksen kutsutut osallistujat)<\/td>\n<\/tr>\n<tr>\n<td style=\"width: 101px;\">Johtaja<\/td>\n<td style=\"width: 507px;\">CC Lisbeth Andreasen<\/td>\n<\/tr>\n<tr>\n<td style=\"width: 101px;\">Varajohtaja<\/td>\n<td style=\"width: 507px;\">CC Aarne Kivioja<\/td>\n<\/tr>\n<tr>\n<td style=\"width: 101px;\">Puhujat<\/td>\n<td style=\"font-weight: 400; width: 507px;\">CC members<\/td>\n<\/tr>\n<tr>\n<td style=\"width: 101px;\">Selostus<\/td>\n<td style=\"width: 507px;\">Pohjoismaiden hallintoneuvoston kokous CCn hallituksen esityslistan ja NSRn ohjes\u00e4\u00e4nn\u00f6n mukaisesti<\/td>\n<\/tr>\n<\/tbody>\n<\/table>\n<p>[\/vc_column_text][\/vc_tta_section][\/vc_tta_accordion][vc_column_text]<span style=\"font-size: 18pt;\">19:00-22:00<\/span>[\/vc_column_text][vc_tta_accordion active_section=&#8221;&#8221; collapsible_all=&#8221;true&#8221;][vc_tta_section title=&#8221;Hyv\u00e4ntekev\u00e4isyys l\u00e4mmittelyjuhla | Tallinn Creative Hub&#8221; tab_id=&#8221;oranz2&#8243; el_class=&#8221;gat&#8221;][vc_column_text]<\/p>\n<table width=\"624\">\n<tbody>\n<tr>\n<td width=\"102\">P\u00e4iv\u00e4m\u00e4\u00e4r\u00e4<\/td>\n<td width=\"522\">10\/3\/2019<\/td>\n<\/tr>\n<tr>\n<td>Aika<\/td>\n<td width=\"522\">19:00-22:00<\/td>\n<\/tr>\n<tr>\n<td>Otsikko<\/td>\n<td width=\"522\">Hyv\u00e4ntekev\u00e4isyys l\u00e4mmittelyjuhla<\/td>\n<\/tr>\n<tr>\n<td>Huone<\/td>\n<td width=\"522\">Tallinn Creative Hub<\/td>\n<\/tr>\n<tr>\n<td>Kohdeyleis\u00f6<\/td>\n<td width=\"522\">Lionit, leot,\u00a0 vieraat ja heid\u00e4n seuralaiset<\/td>\n<\/tr>\n<tr>\n<td>Is\u00e4nt\u00e4<\/td>\n<td width=\"522\">Lion Raivo Vilbaste<\/td>\n<\/tr>\n<tr>\n<td>Tapahtumamestari<\/td>\n<td width=\"522\">Janek Reimal<\/td>\n<\/tr>\n<tr>\n<td>Seremoniamestari<\/td>\n<td width=\"522\">Anu V\u00e4lba<\/td>\n<\/tr>\n<tr>\n<td>Selostus<\/td>\n<td width=\"522\">Foorumi alkaa torstai iltana 3 lokakuuta l\u00e4mmittelyjuhlalla Tallinn Creative Hubissa. T\u00e4m\u00e4 on ensimm\u00e4inen kerta, kun t\u00e4llainen tapahtuma j\u00e4rjestet\u00e4\u00e4n foorumissa. Se on erinomainen mahdollisuus tavata kumppaneitasi ep\u00e4virallisessa ymp\u00e4rist\u00f6ss\u00e4 ja viett\u00e4\u00e4 aikaa yhdess\u00e4. Lionsj\u00e4rjest\u00f6n kansainv\u00e4lisen hallituksen j\u00e4seni\u00e4 on tavattavissa.\u00a0 Foorumin ajan is\u00e4nt\u00e4mme toimivat Anu V\u00e4lba vastaavat illan kulusta, DJ ja Funkifize yhtye laulajineen viihdytt\u00e4\u00e4 ja tanssittaa teit\u00e4.<\/td>\n<\/tr>\n<\/tbody>\n<\/table>\n<p>[\/vc_column_text][\/vc_tta_section][\/vc_tta_accordion][\/vc_column][vc_column width=&#8221;1\/4&#8243;][vc_column_text css=&#8221;.vc_custom_1553070636392{padding-left: 15px !important;background-color: #d8d8d8 !important;border-radius: 1px !important;}&#8221;]<\/p>\n<h4><a href=\"https:\/\/www.europaforum2019.ee\/fi\/thursday\/\"><span style=\"font-size: 10pt;\">Torstai, 3 lokakuuta 2019<\/span><\/a><\/h4>\n<p>[\/vc_column_text][vc_column_text css=&#8221;.vc_custom_1553070683358{padding-left: 15px !important;background-color: #d8d8d8 !important;border-radius: 1px !important;}&#8221;]<\/p>\n<h4><a href=\"https:\/\/www.europaforum2019.ee\/fi\/friday\/\"><span style=\"font-size: 10pt;\">Perjantai, 4 lokakuuta 2019<\/span><\/a><\/h4>\n<p>[\/vc_column_text][vc_column_text css=&#8221;.vc_custom_1553070710426{padding-left: 15px !important;background-color: #d8d8d8 !important;border-radius: 1px !important;}&#8221;]<\/p>\n<h4><a href=\"https:\/\/www.europaforum2019.ee\/fi\/saturday\/\"><span style=\"font-size: 10pt;\">Laulantai, 5 lokakuuta 2019<\/span><\/a><\/h4>\n<p>[\/vc_column_text][vc_column_text css=&#8221;.vc_custom_1553070732524{padding-left: 15px !important;background-color: #d8d8d8 !important;border-radius: 1px !important;}&#8221;]<\/p>\n<h4><a href=\"https:\/\/www.europaforum2019.ee\/fi\/sunday\/\"><span style=\"font-size: 10pt;\">Sunnuntai, 6 lokakuuta 2019<\/span><\/a><\/h4>\n<p>[\/vc_column_text][vc_empty_space][\/vc_column][\/vc_row][vc_row][vc_column width=&#8221;3\/4&#8243;][vc_empty_space height=&#8221;20px&#8221;][vc_column_text el_class=&#8221;colorcodes&#8221;]<\/p>\n<table style=\"height: 153px; width: 87.4909%; border-collapse: collapse;\" border=\"0\" cellpadding=\"5\">\n<tbody>\n<tr style=\"height: 25px; border: 0;\">\n<td style=\"width: 3.85714%; background-color: #00b0f0; height: 38px; border: 0px none;\"><\/td>\n<td style=\"width: 31.1886%; height: 38px; border: 0px none; padding-left: 5px;\"><span style=\"font-size: 10pt;\">Social &amp; Agora<\/span><\/td>\n<td style=\"width: 3.86685%; background-color: #ffff00; height: 38px; border: 0px none;\"><\/td>\n<td style=\"width: 33.6587%; height: 38px; border: 0px none; padding-left: 5px;\"><span style=\"font-size: 10pt;\">Translated Main Meetings<\/span><\/td>\n<\/tr>\n<tr style=\"height: 37px;\">\n<td style=\"width: 3.85714%; height: 39px; border: 0px none; background-color: #0070c0;\"><\/td>\n<td style=\"width: 31.1886%; height: 39px; border: 0px none; padding-left: 5px;\"><span style=\"font-size: 10pt;\">International Relations Mediterranean, Euro-Africa, Euro-Asia, UNO, EU Parliament, UN-EU and Lions\u2026, etc<\/span><\/td>\n<td style=\"width: 3.86685%; background-color: #ffc000; height: 39px; border: 0px none;\"><\/td>\n<td style=\"width: 33.6587%; height: 39px; border: 0px none; padding-left: 5px;\"><span style=\"font-size: 10pt;\">Activities Service &amp; humanitarian projects, fundraisers, LCIF, etc.<\/span><\/td>\n<\/tr>\n<tr style=\"height: 32px; border: 0;\">\n<td style=\"width: 3.85714%; background-color: #92d050; height: 39px; border: 0px none;\"><\/td>\n<td style=\"width: 31.1886%; height: 39px; border: 0px none; padding-left: 5px;\"><span style=\"font-size: 10pt;\">Youth &amp; YEC<\/span><\/td>\n<td style=\"width: 3.86685%; background-color: #c00000; height: 39px; border: 0px none;\"><\/td>\n<td style=\"width: 33.6587%; height: 39px; border: 0px none; padding-left: 5px;\"><span style=\"font-size: 10pt;\">Thomas Kuti Contest (Music Contest)<\/span><\/td>\n<\/tr>\n<tr style=\"height: 34px; border: 0;\">\n<td style=\"width: 3.85714%; background-color: #a6a6a6; height: 37px; border: 0px none;\"><\/td>\n<td style=\"width: 31.1886%; height: 37px; border: 0px none; padding-left: 5px;\"><span style=\"font-size: 10pt;\">Thematic meetings, including PR &amp; Communication<\/span><\/td>\n<\/tr>\n<\/tbody>\n<\/table>\n<p>[\/vc_column_text][vc_empty_space height=&#8221;20px&#8221;][\/vc_column][vc_column width=&#8221;1\/4&#8243; offset=&#8221;vc_hidden-xs&#8221;][\/vc_column][\/vc_row][vc_row][vc_column width=&#8221;3\/4&#8243; offset=&#8221;vc_hidden-lg vc_hidden-md vc_hidden-sm&#8221;][\/vc_column][vc_column width=&#8221;1\/4&#8243; offset=&#8221;vc_hidden-lg vc_hidden-md vc_hidden-sm&#8221;][\/vc_column][\/vc_row]<\/p>\n","protected":false},"excerpt":{"rendered":"<p>[vc_row][vc_column][\/vc_column][\/vc_row][vc_row][vc_column width=&#8221;3\/4&#8243;][vc_column_text css=&#8221;.vc_custom_1557582256848{padding-top: 20px !important;padding-bottom: 20px !important;}&#8221;] Torstai, 3 lokakuuta 2019 Seuraavat nimet osoittavat huoneita erilaisissa konferenssikeskuksissa: Sokos Hotel Viru\u00a0 Allegro, Andante 1, Andante 2, Bolero, Duetto, Forte, Grande, Grande 1, Grande 1+2, Grande 2, Grande 3, Semi Nordic Hotel Forum Sirius, Capella, Arcturus, Vega, Altair, Miitsar [\/vc_column_text][vc_column_text]08:00-09:00[\/vc_column_text][vc_tta_accordion active_section=&#8221;&#8221; collapsible_all=&#8221;true&#8221;][vc_tta_section title=&#8221; EF2019 ohjausryhm\u00e4n kokous (suljettu [&hellip;]<\/p>\n","protected":false},"author":1,"featured_media":0,"parent":0,"menu_order":0,"comment_status":"closed","ping_status":"closed","template":"page-boxed.php","meta":[],"categories":[],"tags":[],"_links":{"self":[{"href":"https:\/\/www.europaforum2019.ee\/fi\/wp-json\/wp\/v2\/pages\/7320"}],"collection":[{"href":"https:\/\/www.europaforum2019.ee\/fi\/wp-json\/wp\/v2\/pages"}],"about":[{"href":"https:\/\/www.europaforum2019.ee\/fi\/wp-json\/wp\/v2\/types\/page"}],"author":[{"embeddable":true,"href":"https:\/\/www.europaforum2019.ee\/fi\/wp-json\/wp\/v2\/users\/1"}],"replies":[{"embeddable":true,"href":"https:\/\/www.europaforum2019.ee\/fi\/wp-json\/wp\/v2\/comments?post=7320"}],"version-history":[{"count":14,"href":"https:\/\/www.europaforum2019.ee\/fi\/wp-json\/wp\/v2\/pages\/7320\/revisions"}],"predecessor-version":[{"id":8094,"href":"https:\/\/www.europaforum2019.ee\/fi\/wp-json\/wp\/v2\/pages\/7320\/revisions\/8094"}],"wp:attachment":[{"href":"https:\/\/www.europaforum2019.ee\/fi\/wp-json\/wp\/v2\/media?parent=7320"}],"wp:term":[{"taxonomy":"category","embeddable":true,"href":"https:\/\/www.europaforum2019.ee\/fi\/wp-json\/wp\/v2\/categories?post=7320"},{"taxonomy":"post_tag","embeddable":true,"href":"https:\/\/www.europaforum2019.ee\/fi\/wp-json\/wp\/v2\/tags?post=7320"}],"curies":[{"name":"wp","href":"https:\/\/api.w.org\/{rel}","templated":true}]}}