{"id":6560,"date":"2019-06-18T15:06:28","date_gmt":"2019-06-18T15:06:28","guid":{"rendered":"https:\/\/www.europaforum2019.ee\/?page_id=6560"},"modified":"2019-07-30T16:25:05","modified_gmt":"2019-07-30T16:25:05","slug":"pid-appeal","status":"publish","type":"page","link":"https:\/\/www.europaforum2019.ee\/fi\/pid-appeal\/","title":{"rendered":"PID appeal"},"content":{"rendered":"<p><span style=\"font-family: georgia,palatino,serif; font-size: 12pt;\">[vc_row css=&#8221;.vc_custom_1528724670702{background-color: #f5f3f2 !important;}&#8221;][vc_column][vc_row_inner type=&#8221;boxed&#8221;][vc_column_inner][vc_column_text]<\/span><\/p>\n<p align=\"LEFT\"><span style=\"color: #3c64a4; font-family: georgia,palatino,serif; font-size: 14pt;\"><strong>HYV\u00c4T YST\u00c4V\u00c4T!<\/strong><\/span><\/p>\n<p align=\"LEFT\"><span style=\"font-family: georgia,palatino,serif; font-size: 12pt;\"><strong>LIONS EUROOPA FOORUM 2019 TALLINNASSA ON TAPAHTUMA KAIKILLE LEIJONILLE JA LEOILLE!<\/strong><\/span><\/p>\n<p align=\"LEFT\"><span style=\"font-family: georgia,palatino,serif; font-size: 12pt;\"><strong>Tulevalla syksyll\u00e4 vierailee Eestiss\u00e4 noin 1000-1200 Lions klubien j\u00e4sent\u00e4 ymp\u00e4ri maailmaa. Niin isoa meid\u00e4n organisaation tapahtumaa ei Eestiss\u00e4 ole milloinkaan ollut ja suurella todenn\u00e4k\u00f6isyydell\u00e4 ei apahdukaan l\u00e4hiaikoina. Lions Euroopa Foorumiin ovat kaikki Leijonat ja Leot tervetulleita puolisoineen, sill\u00e4 ohjelma on aika tiivis ja jokaiselle on jotain mielenkiintoista tarjolla.<\/strong><\/span><\/p>\n<p align=\"LEFT\"><span style=\"font-family: georgia,palatino,serif; font-size: 12pt;\">Foorumi alkaa <b>torstaina 3. lokakuuta illalla <\/b>tervetulojuhlalla Kultturikeskuksessa. T\u00e4llainen ilta j\u00e4rjestet\u00e4\u00e4n foorumin yhteydess\u00e4 nyt ensi kerran. Silloin on mainio mahdollisuus vapaassa ilmapiiriss\u00e4 tavata toisia foorumiin osallistuvia ja viett\u00e4\u00e4 yhdess\u00e4 hauska ilta. Paikalla on my\u00f6s leijonien kansainv\u00e4linen johto.<\/span><\/p>\n<p align=\"LEFT\"><span style=\"font-size: 12pt;\"><span style=\"font-family: georgia,palatino,serif;\"><b>Perjantaina 4. lokakuuta <\/b>alkaa varsinainen ohjelma, joka sis\u00e4lt\u00e4\u00e4 esityksi\u00e4, keskusteluita ja tapaamisia. Mit\u00e4 odottaa kyseiselt\u00e4 p\u00e4iv\u00e4lt\u00e4? Ensiksi tulevaisuusteknologia-alan ekspertti <b>Kristjan <\/b><b>Lepik, <\/b>joka on er\u00e4s netti-istuntoprojektin puuhamiehist\u00e4 ja kykyjen maailmanlaajuisen liikkumisen j\u00e4rjestelij\u00e4. Esitys on kello 9.00-9.30. Sen j\u00e4lkeen on aika siirty\u00e4 varsinaiseen ohjelmaan. Koko foorumi pohjautuu kolmen p\u00e4\u00e4teeman ymp\u00e4rille. Ensimm\u00e4inen niist\u00e4 on <b>ymp\u00e4rist\u00f6nhoidon <\/b><b>kierr\u00e4tystalous <\/b>ja t\u00e4h\u00e4n johdattelee Eestin Tiedeakatemian johtaja, <b>professori Tarmo Soomere. <\/b><\/span><span style=\"font-family: georgia,palatino,serif;\">Esitys on klo 9.30-10.00.<\/span><\/span><\/p>\n<p align=\"LEFT\"><span style=\"font-size: 12pt;\"><span style=\"font-family: georgia,palatino,serif;\">Eestin foorumissa haluamme mahdollisimman paljon edist\u00e4\u00e4 keskin\u00e4ist\u00e4 ajatustenvaihtoa, siksi <\/span><span style=\"font-family: georgia,palatino,serif;\">ohjelmassa ei ole kovin paljon esityksi\u00e4 vaan paljon <b><i>word cafe (kahvip\u00f6yt\u00e4..) <\/i>laadukkaita <\/b><\/span><span style=\"font-family: georgia,palatino,serif;\"><b>keskusteluita<\/b>, joissa kaikki osallistujat p\u00e4\u00e4sev\u00e4t kuuluviin. Teemoihin tutustutaan tarkemmin <\/span><span style=\"font-family: georgia,palatino,serif;\">lyhyesti jokaisen esittelyn lopussa ja osallistujat saavat valita sen j\u00e4lkeen itselleen <\/span><span style=\"font-family: georgia,palatino,serif;\">mielenkiitoisimman ty\u00f6pajan. Esimerkiksi kierr\u00e4tystalouden teeman keskustelut <b>It\u00e4meren <\/b><\/span><span style=\"font-family: georgia,palatino,serif;\">puhdistusprojektin, maailman siivousp\u00e4iv\u00e4n ja ilmaston tasapainottamisen aiheilla. <\/span><span style=\"font-family: georgia,palatino,serif;\">Johtavatko keskusteluita Lionit ja Leot vai alan asiantuntijat. Keskustelut k\u00e4yd\u00e4\u00e4n p\u00f6yt\u00e4kunnittain <\/span><span style=\"font-family: georgia,palatino,serif;\">ja p\u00e4\u00e4m\u00e4\u00e4r\u00e4 on, ett\u00e4 jokaisen keskustelun lopuksi tehd\u00e4\u00e4n yhteenveto t\u00e4rkeimmist\u00e4 ajatuksista ja <\/span><span style=\"font-family: georgia,palatino,serif;\">mahdollisista toimenpiteist\u00e4, jotka kaikki voivat omaksua ja soveltaa k\u00e4yt\u00e4nn\u00f6ss\u00e4. Keskustelut<\/span><\/span><\/p>\n<p align=\"LEFT\"><span style=\"font-family: georgia,palatino,serif; font-size: 12pt;\">k\u00e4yd\u00e4\u00e4n klo 10.30-13.00.<\/span><\/p>\n<p align=\"LEFT\"><span style=\"font-size: 12pt;\"><span style=\"font-family: georgia,palatino,serif;\">Samoin tapahtuu uutena ohjelman osana ensi kertaa <b>tulokkaiden ty\u00f6paja. <\/b>Sen p\u00e4\u00e4m\u00e4\u00e4r\u00e4n\u00e4 on, ett\u00e4 <\/span><span style=\"font-family: georgia,palatino,serif;\">kaikki foorumiin ensi kertaa osallistuvat Lionit ja Leot kokoontuvat ja saavat enemm\u00e4n tietoa <\/span><span style=\"font-family: georgia,palatino,serif;\">foorumista, seuraavien p\u00e4ivien ohjelmasta ja hauskalla tavalla aloittavat keskin\u00e4isen <\/span><span style=\"font-family: georgia,palatino,serif;\">kanssak\u00e4ymisen. Ty\u00f6paja j\u00e4rjestet\u00e4\u00e4n klo 10.30-13.00.<\/span><\/span><\/p>\n<p align=\"LEFT\"><span style=\"font-size: 12pt;\"><span style=\"font-family: georgia,palatino,serif;\">T\u00e4m\u00e4n lis\u00e4ksi voimme kaikki osallistua Tallinnan keskustan l\u00e4pi kulkevaan <b>Lions paraatiin <\/b>ja <\/span><span style=\"font-family: georgia,palatino,serif;\">ylev\u00e4\u00e4n <b>avajaisseremoniaan <\/b>Alexelan konserttitalossa. Musiikkia aiheesta Eesti Euroopassa, <\/span><span style=\"font-family: georgia,palatino,serif;\">tunnettujen s\u00e4velt\u00e4jien tuotantoa: Arvo P\u00e4rt \u2013 Ukuarun valssi, Veljo Tormis \u2013 Eestin ballaadit, Rein <\/span><span style=\"font-family: georgia,palatino,serif;\">Rannap \u2013 Rokkiesitys \u201dKaunis maa\u201d. Illan juontajat Anu V\u00e4lba ja Urmas Vaino.<\/span><\/span><\/p>\n<p align=\"LEFT\"><span style=\"font-family: georgia,palatino,serif; font-size: 12pt;\">Paraati alkaa kello 14.00 ja seuraavaksi avajaisseremonia kello 16.00.<\/span><\/p>\n<p align=\"LEFT\"><span style=\"font-size: 12pt;\"><span style=\"font-family: georgia,palatino,serif;\">Illalla vietet\u00e4\u00e4n Alexelan konserttitalossa <b>Eesti -aiheinen juhla, <\/b>jossa tutustutamme kaikille kaukaa <\/span><span style=\"font-family: georgia,palatino,serif;\">tulleille vieraille mit\u00e4 hyv\u00e4\u00e4, maistuvaa ja kaunista meid\u00e4n maa voi tarjota. Musiikista vastaa <\/span><span style=\"font-family: georgia,palatino,serif;\">kansanlauluyhtye Untsakad.<\/span><\/span><\/p>\n<p align=\"LEFT\"><span style=\"font-size: 12pt;\"><span style=\"font-family: georgia,palatino,serif;\"><b>Lauantaina 5. lokakuuta <\/b>aloitamme aamun tapaamalla oman <b>kansainv\u00e4lisen presidentin. <\/b><\/span><span style=\"font-family: georgia,palatino,serif;\">Se tapahtuu kello 9.00-10.30. Sen j\u00e4lkeen jatkamme toisella perusaiheella, joka on <b>Koko Nuoriso \u2013 <\/b><\/span><span style=\"font-family: georgia,palatino,serif;\"><b>Euroopan yhteis\u00f6n perusta. <\/b>Esittely tapahtuu kello 11.00-11.30. Kyseiseen aiheeseen johdattelee <\/span><span style=\"font-family: georgia,palatino,serif;\"><b>tri Ott P\u00e4rna, <\/b>joka on monipuolinen yhteiskunnallisten aloitteiden alkuunpanija ja samalla my\u00f6s <\/span><span style=\"font-family: georgia,palatino,serif;\">terveen el\u00e4m\u00e4ntavan kannattaja ja esille tuoja. Keskustelujen teemoina ovat ajankohtaiset <\/span><span style=\"font-family: georgia,palatino,serif;\">ty\u00f6voiman tulevaisuuden trendit ja nuorison terveys, samoin diabeeteskoirien projektit. Keskustelut<\/span><\/span><\/p>\n<p align=\"LEFT\"><span style=\"font-family: georgia,palatino,serif; font-size: 12pt;\">k\u00e4yd\u00e4\u00e4n kello 11.30-13.00.<\/span><\/p>\n<p align=\"LEFT\"><span style=\"font-size: 12pt;\"><span style=\"font-family: georgia,palatino,serif;\">Iltap\u00e4iv\u00e4ll\u00e4 siirrymme kolmanteen aiheeseen \u2013 <b>E-Lion \u2013 Lions kyberratkaisut. <\/b>Annetun teeman <\/span><span style=\"font-family: georgia,palatino,serif;\">p\u00e4\u00e4m\u00e4\u00e4r\u00e4 on oppia miten nopeasti muuttuva tekninen maailma vaikuttaa meid\u00e4n jokap\u00e4iv\u00e4iseen <\/span><span style=\"font-family: georgia,palatino,serif;\">niin yksityiseen kuin my\u00f6s klubitoimintaan sek\u00e4 miten ne kehittyv\u00e4t ja tulevat toimeen. T\u00e4m\u00e4 aihe <\/span><span style=\"font-family: georgia,palatino,serif;\">alkaa johdannolla e-Eesti ja kyberratkaisujen aiheilla kello 14.00-14.30. Seuraavat keskustelut kello <\/span><span style=\"font-family: georgia,palatino,serif;\">14.30-16.00.<\/span><\/span><\/p>\n<p align=\"LEFT\"><span style=\"font-size: 12pt;\"><span style=\"font-family: georgia,palatino,serif;\">Noiden lis\u00e4ksi j\u00e4rjestet\u00e4\u00e4n kyseisen\u00e4 p\u00e4iv\u00e4n\u00e4 my\u00f6s <b>kokemusten jakamisen seminaarit, <\/b>joissa eri <\/span><span style=\"font-family: georgia,palatino,serif;\">valtioiden Lionit ja Leot tutustuvat kesken\u00e4\u00e4n <b>erilaisiin hyv\u00e4ntekev\u00e4isyysprojekteihin. <\/b>Heid\u00e4n <\/span><span style=\"font-family: georgia,palatino,serif;\">esityksiss\u00e4\u00e4n annetaan lyhyt katsaus miten j\u00e4rjestettiin projektin valmistelu, millaisia apuv\u00e4lineit\u00e4 <\/span><span style=\"font-family: georgia,palatino,serif;\">tarvittiin ja miten projekti l\u00e4hti liikkeelle. Tarkoituksena on, ett\u00e4 projektiin tutustumisen j\u00e4lkeen <\/span><span style=\"font-family: georgia,palatino,serif;\">osallistujat osaisivat kopioida p\u00e4\u00e4kohdat toisten onnistumisista t\u00e4ydent\u00e4en omaa ty\u00f6kalupakkiaan <\/span><span style=\"font-family: georgia,palatino,serif;\">kotona. Seminaarit pidet\u00e4\u00e4n lauantaina 5. lokakuuta kello 16.00-17.00 ja sunnuntaina 6. lokakuuta<\/span><\/span><\/p>\n<p align=\"LEFT\"><span style=\"font-family: georgia,palatino,serif; font-size: 12pt;\">kello 9.30-10.30 ja 11.00-12.00.<\/span><\/p>\n<p align=\"LEFT\"><span style=\"font-size: 12pt;\"><span style=\"font-family: georgia,palatino,serif;\">Samana iltana odottaa meit\u00e4 foorumin juhlallisin illanvietto \u2013 <b>gaalaillallinen Lentosatamassa<\/b>. <\/span><span style=\"font-family: georgia,palatino,serif;\">Voimme luvata, ett\u00e4 silloin on maaginen ilta hyv\u00e4n musiikin kera, mahtavaa ruokaa ja unohtumaton <\/span><span style=\"font-family: georgia,palatino,serif;\">seura. Ja jos et ole viel\u00e4 milloinkaan tanssinut sukellusvene Lembitun alla niin nyt on siihen <\/span><span style=\"font-family: georgia,palatino,serif;\">mahdollisuus. Tanssista vastaa yhtye Swingers. Gaala alkaa kello 19.00.<\/span><\/span><\/p>\n<p align=\"LEFT\"><span style=\"font-size: 12pt;\"><span style=\"font-family: georgia,palatino,serif;\"><b>Sunnuntaina 6. lokakuuta <\/b>jatkuu ohjelma aiheilla <b>E-lion <\/b>ja kyber. Aamun aloittavat Leot <\/span><span style=\"font-family: georgia,palatino,serif;\">esityksell\u00e4 yleiseurooppalaisesta ymp\u00e4rist\u00f6aiheisesta projektista <b>Leo4Green<\/b>, opettaakseen miten on <\/span><span style=\"font-family: georgia,palatino,serif;\">mahdollista j\u00e4rjest\u00e4\u00e4 iso projekti koko Euroopan virtuaalisen kanssak\u00e4ymisen avulla. Esittely <\/span><span style=\"font-family: georgia,palatino,serif;\">tapahtuu kello 9.00-9.30. Sen j\u00e4lkeen kokoontuvat k\u00e4yt\u00e4nn\u00f6lliset ty\u00f6pajat, joissa opitaan miten <\/span><span style=\"font-family: georgia,palatino,serif;\">Lion-p\u00e4\u00e4majasta ja Euroopan yhteis\u00f6n s\u00e4\u00e4ti\u00f6ist\u00e4 voi saada tukea paikallisiin projekteihin, millaisia <\/span><span style=\"font-family: georgia,palatino,serif;\">virtuaalisia ty\u00f6kaluja on k\u00e4ytett\u00e4viss\u00e4 klubitoiminnassa ja projekteissa. Kansainv\u00e4liset Leot <\/span><span style=\"font-family: georgia,palatino,serif;\">tutustuttavat miten he toimivat ja mit\u00e4 voivat toiset Leot oppia heilt\u00e4. Samaan aikaan pidet\u00e4\u00e4n taas <\/span><span style=\"font-family: georgia,palatino,serif;\">kokemusten jakamisen seminaari niin, ett\u00e4 oma klubi saisi uusia ideoita projekteihinsa. Ty\u00f6pajat <\/span><span style=\"font-family: georgia,palatino,serif;\">ovat kello 9.30-10.30 ja 11.00-12.00.<\/span><\/span><\/p>\n<p align=\"LEFT\"><span style=\"font-size: 12pt;\"><span style=\"font-family: georgia,palatino,serif;\">P\u00e4iv\u00e4n p\u00e4\u00e4tteeksi on foorumin <b>loppuseremonia Alexelan konserttitalossa. <\/b>Luovutetaan 12 <\/span><span style=\"font-family: georgia,palatino,serif;\">diabeteskoiran koulutukseen kootut lahjoitukset. Musiikkia aiheena Eurooppa Eestiss\u00e4, tunnettujen <\/span><span style=\"font-family: georgia,palatino,serif;\">s\u00e4velt\u00e4jien teoksia: Johan Sebastian Bach \u2013 Rasmus Puurin sovitus \u00dcENSO -orkesterille, Wolfgang <\/span><span style=\"font-family: georgia,palatino,serif;\">Amadeus Mozart \u2013 Sander M\u00f6lderin sovitus, Ludvig van Beethoven \u2013 Tiit Kikas \u201dOodi Ilolle\u201d. <\/span><span style=\"font-family: georgia,palatino,serif;\">P\u00e4\u00e4t\u00f6sjuhla alkaa kello 14.00.<\/span><\/span><\/p>\n<p align=\"LEFT\"><span style=\"font-family: georgia,palatino,serif; font-size: 12pt;\">Foorumin koko ohjelma kellonaikoineen on luettavissa kotisivulla hein\u00e4kuun lopulla.<\/span><\/p>\n<p align=\"LEFT\"><span style=\"font-size: 12pt;\"><span style=\"font-family: georgia,palatino,serif;\">Yhteenvetona <b>viisi t\u00e4rkeint\u00e4 syyt\u00e4<\/b>, miksi kaikkien Eestin Lionien ja Leojen pit\u00e4isi osallistua Lions <\/span><span style=\"font-family: georgia,palatino,serif;\">Euroopa Foorumiin Tallinnassa:<\/span><\/span><\/p>\n<p align=\"LEFT\"><span style=\"font-size: 12pt;\">1. Niin suurta kansainv\u00e4list\u00e4 Lions -tapahtumaa ei ole milloinkaan j\u00e4rjestetty Eestiss\u00e4. <\/span><br \/>\n<span style=\"font-size: 12pt;\">2. Mahdollisuus seurustella niin Eestil\u00e4isten kuin my\u00f6s muualta maailmasta tulleiden Lionien ja Leojen kanssa.<\/span><br \/>\n<span style=\"font-size: 12pt;\">3. Mahdollisuudet oppia ja jakaa kokemuksia.<\/span><br \/>\n<span style=\"font-size: 12pt;\">4. Uudet ideat oman klubin toimintaan.<\/span><br \/>\n<span style=\"font-size: 12pt;\">5. Hauskat juhlat mielenkiintoisissa paikoissa.<\/span><\/p>\n<p><span style=\"font-family: georgia,palatino,serif; font-size: 12pt;\">Enemm\u00e4n tietoa l\u00f6yd\u00e4t <strong>\u00a0<\/strong><strong><a href=\"http:\/\/www.europaforum2019.ee\/\">www.europaforum2019.ee<\/a><\/strong><\/span><\/p>\n<p align=\"LEFT\"><span style=\"font-size: 12pt;\"><span style=\"font-family: georgia,palatino,serif;\">Lions Europa Forum 2019 J\u00e4rjest\u00e4jien puolesta haluaisimme kutsua <\/span><span style=\"font-family: georgia,palatino,serif;\">teid\u00e4t ottamaan osaa Ideatorille Tallinnaan!<\/span><\/span><\/p>\n<p>&nbsp;<\/p>\n<p style=\"text-align: left;\"><span style=\"font-family: georgia,palatino,serif; font-size: 12pt;\">PID Kalle Elster<span style=\"color: #f0f0f0;\">\u00a0aaaaaaaaaaaaaaaaaaaaaaaaaaaaaaaaaaaaaaaaaaaaaaaaaaaaaaa <\/span>DG M\u00e4rt Viileberg<\/span><\/p>\n<p style=\"text-align: left;\"><span style=\"font-family: georgia,palatino,serif; font-size: 12pt;\">EF2019 President<span style=\"color: #f0f0f0;\"> aaaaaaaaaaaaaaaaaaaaaaaaaaaaaaaaaaaaaaaaaaaaaaaaaaaaa <\/span>EF2019 Ohjelmaohjaaja<\/span><\/p>\n<p style=\"text-align: left;\"><span style=\"font-family: georgia,palatino,serif; font-size: 12pt;\">LC Keila \u2013 SD120<span style=\"color: #f0f0f0;\">aaaaaaaaaaaaaaaaaaaaaaaaaaaaaaaaaaaaaaaaaaaaaaaaaaaaaa <\/span>LC Tallinn RaM, SD120<\/span><\/p>\n<p><span style=\"font-family: georgia,palatino,serif; font-size: 12pt;\">[\/vc_column_text][\/vc_column_inner][\/vc_row_inner][\/vc_column][\/vc_row][vc_row css=&#8221;.vc_custom_1528789133475{background-color: #fdc924 !important;}&#8221;][vc_column width=&#8221;1\/2&#8243;][\/vc_column][vc_column width=&#8221;1\/2&#8243;][\/vc_column][\/vc_row]<\/span><\/p>\n","protected":false},"excerpt":{"rendered":"<p>[vc_row css=&#8221;.vc_custom_1528724670702{background-color: #f5f3f2 !important;}&#8221;][vc_column][vc_row_inner type=&#8221;boxed&#8221;][vc_column_inner][vc_column_text] HYV\u00c4T YST\u00c4V\u00c4T! LIONS EUROOPA FOORUM 2019 TALLINNASSA ON TAPAHTUMA KAIKILLE LEIJONILLE JA LEOILLE! Tulevalla syksyll\u00e4 vierailee Eestiss\u00e4 noin 1000-1200 Lions klubien j\u00e4sent\u00e4 ymp\u00e4ri maailmaa. Niin isoa meid\u00e4n organisaation tapahtumaa ei Eestiss\u00e4 ole milloinkaan ollut ja suurella todenn\u00e4k\u00f6isyydell\u00e4 ei apahdukaan l\u00e4hiaikoina. Lions Euroopa Foorumiin ovat kaikki Leijonat ja Leot tervetulleita puolisoineen, [&hellip;]<\/p>\n","protected":false},"author":2,"featured_media":0,"parent":0,"menu_order":0,"comment_status":"closed","ping_status":"closed","template":"page-full-width.php","meta":[],"categories":[],"tags":[],"_links":{"self":[{"href":"https:\/\/www.europaforum2019.ee\/fi\/wp-json\/wp\/v2\/pages\/6560"}],"collection":[{"href":"https:\/\/www.europaforum2019.ee\/fi\/wp-json\/wp\/v2\/pages"}],"about":[{"href":"https:\/\/www.europaforum2019.ee\/fi\/wp-json\/wp\/v2\/types\/page"}],"author":[{"embeddable":true,"href":"https:\/\/www.europaforum2019.ee\/fi\/wp-json\/wp\/v2\/users\/2"}],"replies":[{"embeddable":true,"href":"https:\/\/www.europaforum2019.ee\/fi\/wp-json\/wp\/v2\/comments?post=6560"}],"version-history":[{"count":5,"href":"https:\/\/www.europaforum2019.ee\/fi\/wp-json\/wp\/v2\/pages\/6560\/revisions"}],"predecessor-version":[{"id":6922,"href":"https:\/\/www.europaforum2019.ee\/fi\/wp-json\/wp\/v2\/pages\/6560\/revisions\/6922"}],"wp:attachment":[{"href":"https:\/\/www.europaforum2019.ee\/fi\/wp-json\/wp\/v2\/media?parent=6560"}],"wp:term":[{"taxonomy":"category","embeddable":true,"href":"https:\/\/www.europaforum2019.ee\/fi\/wp-json\/wp\/v2\/categories?post=6560"},{"taxonomy":"post_tag","embeddable":true,"href":"https:\/\/www.europaforum2019.ee\/fi\/wp-json\/wp\/v2\/tags?post=6560"}],"curies":[{"name":"wp","href":"https:\/\/api.w.org\/{rel}","templated":true}]}}