{"id":3630,"date":"2018-10-24T17:55:27","date_gmt":"2018-10-24T17:55:27","guid":{"rendered":"http:\/\/www.europaforum2019.ee\/?page_id=3630"},"modified":"2019-02-03T21:05:11","modified_gmt":"2019-02-03T21:05:11","slug":"fun-program","status":"publish","type":"page","link":"https:\/\/www.europaforum2019.ee\/fi\/fun-program\/","title":{"rendered":"FUN program"},"content":{"rendered":"<p>[vc_row css=&#8221;.vc_custom_1528724670702{background-color: #f5f3f2 !important;}&#8221;][vc_column][vc_row_inner type=&#8221;boxed&#8221;][vc_column_inner][vc_column_text]<\/p>\n<h2><strong><span style=\"color: #3c64a4;\">FUN OHJELMA<br \/>\n<\/span><\/strong><\/h2>\n<p>Tammikuusta 2019 alkaen raotamme verhoa v\u00e4hitellen ja annamme vihi\u00e4 viihdeohjelmamme sis\u00e4ll\u00f6st\u00e4:<\/p>\n<p>Oletteko valmiit konserttikuoroon joka koostuu puolestasadasta pojasta ja nuoresta miehest\u00e4 jotka laulavat kuin huomista ei olisi?<\/p>\n<p>Me olemme! Ja haluamme jakaa sen kanssanne!<\/p>\n<div class=\"video-container responsive-embed widescreen\"><iframe loading=\"lazy\" width=\"900\" height=\"506\" src=\"https:\/\/www.youtube.com\/embed\/eDftqGxiNOg?feature=oembed\" frameborder=\"0\" allow=\"accelerometer; autoplay; encrypted-media; gyroscope; picture-in-picture\" allowfullscreen><\/iframe><\/div>\n<p>[\/vc_column_text][\/vc_column_inner][\/vc_row_inner][\/vc_column][\/vc_row][vc_row css=&#8221;.vc_custom_1528789133475{background-color: #fdc924 !important;}&#8221;][vc_column][vc_row_inner type=&#8221;boxed&#8221;][vc_column_inner][vc_column_text]<span class=\"register\" style=\"color: #414142; font-family: aller, sans-serif;\"><strong>REKISTER\u00d6I NYT<\/strong><\/span>[\/vc_column_text][\/vc_column_inner][\/vc_row_inner][vc_row_inner type=&#8221;boxed&#8221; css=&#8221;.vc_custom_1535101328389{padding-bottom: 2em !important;}&#8221;][vc_column_inner width=&#8221;1\/3&#8243;][vc_column_text el_class=&#8221;register-kast&#8221;]<\/p>\n<p style=\"text-align: center;\"><a href=\"https:\/\/www.conference-expert.eu\/fi\/lef2019fi\/en\/conferences\/s2\/475-lions-2019-europaforum-konferenssipaketti\" target=\"_blank\" rel=\"noopener\"><strong><span style=\"color: #fdc924;\">KAIKKI SIS\u00c4LT\u00c4V\u00c4 FOORUMI PAKKAUS<br \/>\n<\/span><\/strong><span style=\"font-size: 16pt;\"><strong><span style=\"color: #fdc924;\">LION<\/span><\/strong><\/span><br \/>\n<span style=\"font-size: 16pt;\"><strong><span style=\"color: #ffffff;\">595 \u20ac<\/span> <\/strong><\/span><br \/>\n<span style=\"color: #ffffff;\">twin\/paris\u00e4nky huone<br \/>\nthe offer lasts till 31 March 19<\/span><\/a><\/p>\n<p>[\/vc_column_text][\/vc_column_inner][vc_column_inner width=&#8221;1\/3&#8243;][vc_column_text el_class=&#8221;register-kast&#8221;]<\/p>\n<p style=\"text-align: center;\"><a href=\"https:\/\/www.conference-expert.eu\/fi\/lef2019fi\/en\/conferences\/s2\/475-lions-2019-europaforum-konferenssipaketti\" target=\"_blank\" rel=\"noopener\"><strong><span style=\"color: #fdc924;\">FOORUMI PAKKAUS<br \/>\n<span style=\"font-size: 16pt;\">LEO<\/span><\/span><\/strong><br \/>\n<span style=\"font-size: 16pt;\"><strong><span style=\"color: #ffffff;\">150 \u20ac<\/span> <\/strong><\/span><span style=\"color: #ffffff;\"><br \/>\nthe offer lasts till 31 March 19<\/span><\/a><\/p>\n<p>[\/vc_column_text][\/vc_column_inner][vc_column_inner width=&#8221;1\/3&#8243;][vc_column_text el_class=&#8221;register-kast&#8221;]<\/p>\n<p style=\"text-align: center;\"><a href=\"https:\/\/www.conference-expert.eu\/fi\/lef2019fi\/en\/conferences\/s2\/481-lions-2019-europaforum\" target=\"_blank\" rel=\"noopener\"><strong><span style=\"color: #fdc924;\">P\u00c4\u00c4REKISTER\u00d6ITYMINEN<\/span>\u00a0<\/strong><br \/>\n<span style=\"color: #ffffff;\">Valitse pakettisi<\/span><\/a><\/p>\n<p>[\/vc_column_text][\/vc_column_inner][\/vc_row_inner][vc_row_inner type=&#8221;boxed&#8221; css=&#8221;.vc_custom_1535096382142{padding-bottom: 2em !important;}&#8221;][vc_column_inner][vc_column_text]<span style=\"color: #3c64a4;\"><strong>HYV\u00c4 LION, HYV\u00c4 LEO!<\/strong><\/span><\/p>\n<p><strong>Lis\u00e4tietota pakkauksista sivulla REKISTER\u00c4ITYMINEN. Kysymyksiinne vastaamme osoitteessa\u00a0 <a href=\"mailto:info@europaforum2019.ee\">info@europaforum2019.ee<\/a><\/strong>[\/vc_column_text][\/vc_column_inner][\/vc_row_inner][\/vc_column][\/vc_row]<\/p>\n","protected":false},"excerpt":{"rendered":"<p>[vc_row css=&#8221;.vc_custom_1528724670702{background-color: #f5f3f2 !important;}&#8221;][vc_column][vc_row_inner type=&#8221;boxed&#8221;][vc_column_inner][vc_column_text] FUN OHJELMA Tammikuusta 2019 alkaen raotamme verhoa v\u00e4hitellen ja annamme vihi\u00e4 viihdeohjelmamme sis\u00e4ll\u00f6st\u00e4: Oletteko valmiit konserttikuoroon joka koostuu puolestasadasta pojasta ja nuoresta miehest\u00e4 jotka laulavat kuin huomista ei olisi? Me olemme! Ja haluamme jakaa sen kanssanne! [\/vc_column_text][\/vc_column_inner][\/vc_row_inner][\/vc_column][\/vc_row][vc_row css=&#8221;.vc_custom_1528789133475{background-color: #fdc924 !important;}&#8221;][vc_column][vc_row_inner type=&#8221;boxed&#8221;][vc_column_inner][vc_column_text]REKISTER\u00d6I NYT[\/vc_column_text][\/vc_column_inner][\/vc_row_inner][vc_row_inner type=&#8221;boxed&#8221; css=&#8221;.vc_custom_1535101328389{padding-bottom: 2em !important;}&#8221;][vc_column_inner width=&#8221;1\/3&#8243;][vc_column_text el_class=&#8221;register-kast&#8221;] KAIKKI SIS\u00c4LT\u00c4V\u00c4 [&hellip;]<\/p>\n","protected":false},"author":5,"featured_media":0,"parent":0,"menu_order":0,"comment_status":"closed","ping_status":"closed","template":"page-full-width.php","meta":[],"categories":[],"tags":[],"_links":{"self":[{"href":"https:\/\/www.europaforum2019.ee\/fi\/wp-json\/wp\/v2\/pages\/3630"}],"collection":[{"href":"https:\/\/www.europaforum2019.ee\/fi\/wp-json\/wp\/v2\/pages"}],"about":[{"href":"https:\/\/www.europaforum2019.ee\/fi\/wp-json\/wp\/v2\/types\/page"}],"author":[{"embeddable":true,"href":"https:\/\/www.europaforum2019.ee\/fi\/wp-json\/wp\/v2\/users\/5"}],"replies":[{"embeddable":true,"href":"https:\/\/www.europaforum2019.ee\/fi\/wp-json\/wp\/v2\/comments?post=3630"}],"version-history":[{"count":7,"href":"https:\/\/www.europaforum2019.ee\/fi\/wp-json\/wp\/v2\/pages\/3630\/revisions"}],"predecessor-version":[{"id":5074,"href":"https:\/\/www.europaforum2019.ee\/fi\/wp-json\/wp\/v2\/pages\/3630\/revisions\/5074"}],"wp:attachment":[{"href":"https:\/\/www.europaforum2019.ee\/fi\/wp-json\/wp\/v2\/media?parent=3630"}],"wp:term":[{"taxonomy":"category","embeddable":true,"href":"https:\/\/www.europaforum2019.ee\/fi\/wp-json\/wp\/v2\/categories?post=3630"},{"taxonomy":"post_tag","embeddable":true,"href":"https:\/\/www.europaforum2019.ee\/fi\/wp-json\/wp\/v2\/tags?post=3630"}],"curies":[{"name":"wp","href":"https:\/\/api.w.org\/{rel}","templated":true}]}}