{"id":2800,"date":"2018-10-18T17:56:11","date_gmt":"2018-10-18T17:56:11","guid":{"rendered":"http:\/\/www.europaforum2019.ee\/?page_id=2800"},"modified":"2019-09-21T16:18:06","modified_gmt":"2019-09-21T16:18:06","slug":"youth-exchange","status":"publish","type":"page","link":"https:\/\/www.europaforum2019.ee\/fi\/youth-exchange\/","title":{"rendered":"Nuorison Vaihto"},"content":{"rendered":"<p>[vc_row css=&#8221;.vc_custom_1528724670702{background-color: #f5f3f2 !important;}&#8221;][vc_column][vc_row_inner type=&#8221;boxed&#8221;][vc_column_inner][vc_column_text]<\/p>\n<h2><strong><span style=\"color: #3c64a4;\">NUORISON VAIHTO<\/span><\/strong><img loading=\"lazy\" class=\"size-medium wp-image-725 alignright\" src=\"https:\/\/www.europaforum2019.ee\/wp-content\/uploads\/2018\/09\/youth-ex-300x167.jpg\" alt=\"\" width=\"300\" height=\"167\" srcset=\"https:\/\/www.europaforum2019.ee\/wp-content\/uploads\/2018\/09\/youth-ex-300x167.jpg 300w, https:\/\/www.europaforum2019.ee\/wp-content\/uploads\/2018\/09\/youth-ex.jpg 445w\" sizes=\"(max-width: 300px) 100vw, 300px\" \/><\/h2>\n<p>Nuorisoleiri ja Vaihto-ohjelma (YCE) luotiin 1961 ja se her\u00e4tt\u00e4\u00e4 ihanteen globaalista kansalaisuudesta henkiin. Joka vuosi t\u00e4m\u00e4 ohjelma antaa tuhansille nuorille mahdollisuuden kokea muiden kulttuurien el\u00e4m\u00e4\u00e4 ja saada uuden ymm\u00e4rryksen maailmasta ulkomaille matkustamisen avulla. Toisin kuin jotkut Nuorisovaihto-ohjelmat, YCE ei sis\u00e4ll\u00e4 akateemista koulutusta tai ty\u00f6skentely\u00e4. Sen sijaan osanottajia kannustetaan k\u00e4ytt\u00e4m\u00e4\u00e4n matkustusmahdollisuutta edustaakseen kotimaataan ja jakaakseen oman kulttuurinsa samaan aikaan oppien ja omaksuen uuden, luoden tiet\u00e4 tullakseen uusiksi nuoriksi rauhan ja kansainv\u00e4lisen yhteisymm\u00e4rryksen l\u00e4hettil\u00e4iksi.<\/p>\n<p>YCE koostuu useista Lionsien Nuoriso Vaihdoista ja\/tai Lionsien maailmanlaajuisien klubien j\u00e4rjest\u00e4mist\u00e4 Nuorisoleireist\u00e4 . A Lions Youth Exchange kesto on kolmesta kuuteen viikkoon. Se voi olla vain is\u00e4nt\u00e4perheen luona vierailu maissa joissa ei ole leirej\u00e4. Leirit kest\u00e4v\u00e4 yhdest\u00e4 kahteen viikkoa ja yleens\u00e4 sis\u00e4lt\u00e4v\u00e4t is\u00e4nt\u00e4perheen luona olemista ennen tai j\u00e4lkeen leirin.<\/p>\n<p>Aktiviteetteja vaihdokeille ja leireille voivat olla vierailut kiinnostaviin kulttuurin ja luonnonkohteisiin, urheilutapahtumiin, osanottajien maiden esittelyt, ohjatut keskustelut ja jopa osallistuminen paikallisiin palveluprojekteihin Lions j\u00e4senien rinnalla.<\/p>\n<p><span style=\"color: #3c64a4;\"><strong>YCE:ss\u00e4 toimivat Lionssit ovat sitoutuneet:<\/strong><\/span><\/p>\n<ul>\n<li>Tuomaan eri maiden ihmiset merkitykselliseen kontaktiin toistensa kanssa<\/li>\n<li>Vaihtamaan ideoita ja kulttuurisia n\u00e4kemyksi\u00e4<\/li>\n<li>Edustamaan kansainv\u00e4list\u00e4 ymm\u00e4rryst\u00e4 ja hyv\u00e4ntahtoisuutta<\/li>\n<li>Toimimaan kohti maailmanrauhan tavoitteita ja inhimillist\u00e4 ymm\u00e4rryst\u00e4<\/li>\n<li>Kannustamaan nuoria kunnioittamaan toisten ajatuksia.<\/li>\n<\/ul>\n<p><span style=\"color: #3c64a4;\"><strong>Nuorten leiri ja vaihto ohjelma(YCE) on mahdollisuus nuorille jotka:<\/strong><\/span><\/p>\n<ul>\n<li>ovat valmiita l\u00e4htem\u00e4\u00e4n el\u00e4m\u00e4n muuttavaan seikkailuun joka avaa mielen ja syd\u00e4men<\/li>\n<li>jotka ovat kiinnostuneita muista kulttuureista ja elintavoista<\/li>\n<li>haluavat kehitt\u00e4\u00e4 taitojaan uusissa kieliss\u00e4<\/li>\n<li>haluavat yst\u00e4vyyssuhteita yksil\u00f6iden kanssa joilla on erilaiset taustat, uskomukset ja tavat kuin heill\u00e4 itsell\u00e4\u00e4n.<\/li>\n<\/ul>\n<p><span style=\"color: #3c64a4;\"><strong>YCE:hen osallistujana tulet:<\/strong><\/span><\/p>\n<ul>\n<li>El\u00e4m\u00e4\u00e4n toisen maalaisen perheen kanssa<\/li>\n<li>Tapaamaan ik\u00e4isi\u00e4si ihmisi\u00e4 ymp\u00e4ri maailmaa<\/li>\n<li>Oppimaan Lions is\u00e4nn\u00f6itsij\u00f6idesi humanitaarisesta avusta<\/li>\n<li>Syvent\u00e4m\u00e4\u00e4n ymm\u00e4rryst\u00e4 itsest\u00e4si ja maailmasta ymp\u00e4rill\u00e4si<\/li>\n<li>Oppimaan siteist\u00e4 jotka me kaikki jaamme &#8211; ja eroavaisuuksista joita kunnioitamme toisissamme riippumatta siit\u00e4 miss\u00e4 el\u00e4mme<\/li>\n<\/ul>\n<p>YCE:n Johtajat ovat Lions clubin j\u00e4seni\u00e4\u00a0 jotka on osoitettu vet\u00e4m\u00e4\u00e4n erilaisia paikallisia YCE ohjelmia halki maailman ja jotka panostavat ohjelman menestymiseen. N\u00e4iden yksil\u00f6iden yhteystiedot, leiri ja vaihto mahdollisuudet on listattu\u00a0\u00a0<a href=\"http:\/\/members.lionsclubs.org\/EN\/serve\/other-ways-to-serve\/youth\/youth-camps-exchange\/yce-directory.php\">YCE luetteloon<\/a>.<\/p>\n<p>Europa Forumissa tavataan YCE:n johtohenkil\u00f6it\u00e4 Euroopan maista ja meill\u00e4 on aina vieraita ymp\u00e4ri Maailmaa! Muutamassa viime tapaamisessamme on ollut YCE:n johtajia Australiasta, Brasiliasta, Intiasta, Japanista, Meksikosta ja USA:sta.<\/p>\n<p><span style=\"color: #3c64a4;\"><strong>YE ohjelma Europa Forumilla sis\u00e4lt\u00e4\u00e4 normaali foorumiohjelman lis\u00e4ksi:<\/strong><\/span><\/p>\n<ul>\n<li>Get Together koulutusta ja illallisen YCE delegaateille<\/li>\n<li>Esitelmien tapaamisen ja keskustelua leireist\u00e4 ja vaihtoty\u00f6n menestyksest\u00e4, ongelmista ja s\u00e4\u00e4nn\u00f6ist\u00e4<\/li>\n<li>Basaarin, jossa eri maat jakavat ja sopivat leiripaikoista<\/li>\n<\/ul>\n<p>YCE Puheenjohtaja tiedostaa, ett\u00e4 t\u00e4m\u00e4 Lion suorittaa roolilleen tarpeelliset\u00a0\u00a0<a href=\"http:\/\/members.lionsclubs.org\/EN\/serve\/other-ways-to-serve\/youth\/youth-camps-exchange\/yce-chairperson.php\">vastuunsa<\/a>\u00a0 parhaan kykyns\u00e4 mukaan ja tulee noudattamaan kaikkia LCI:n hyv\u00e4ksymi\u00e4 <a href=\"http:\/\/www.lionsclubs.org\/resources\/EN\/pdfs\/yce-reportingtips-ycec.pdf\">YCE k\u00e4yt\u00e4nt\u00f6j\u00e4<\/a>\u00a0ja ohjeita.[\/vc_column_text][\/vc_column_inner][\/vc_row_inner][\/vc_column][\/vc_row]<\/p>\n","protected":false},"excerpt":{"rendered":"<p>[vc_row css=&#8221;.vc_custom_1528724670702{background-color: #f5f3f2 !important;}&#8221;][vc_column][vc_row_inner type=&#8221;boxed&#8221;][vc_column_inner][vc_column_text] NUORISON VAIHTO Nuorisoleiri ja Vaihto-ohjelma (YCE) luotiin 1961 ja se her\u00e4tt\u00e4\u00e4 ihanteen globaalista kansalaisuudesta henkiin. Joka vuosi t\u00e4m\u00e4 ohjelma antaa tuhansille nuorille mahdollisuuden kokea muiden kulttuurien el\u00e4m\u00e4\u00e4 ja saada uuden ymm\u00e4rryksen maailmasta ulkomaille matkustamisen avulla. Toisin kuin jotkut Nuorisovaihto-ohjelmat, YCE ei sis\u00e4ll\u00e4 akateemista koulutusta tai ty\u00f6skentely\u00e4. Sen sijaan osanottajia kannustetaan [&hellip;]<\/p>\n","protected":false},"author":5,"featured_media":0,"parent":0,"menu_order":0,"comment_status":"closed","ping_status":"closed","template":"page-full-width.php","meta":[],"categories":[35],"tags":[],"_links":{"self":[{"href":"https:\/\/www.europaforum2019.ee\/fi\/wp-json\/wp\/v2\/pages\/2800"}],"collection":[{"href":"https:\/\/www.europaforum2019.ee\/fi\/wp-json\/wp\/v2\/pages"}],"about":[{"href":"https:\/\/www.europaforum2019.ee\/fi\/wp-json\/wp\/v2\/types\/page"}],"author":[{"embeddable":true,"href":"https:\/\/www.europaforum2019.ee\/fi\/wp-json\/wp\/v2\/users\/5"}],"replies":[{"embeddable":true,"href":"https:\/\/www.europaforum2019.ee\/fi\/wp-json\/wp\/v2\/comments?post=2800"}],"version-history":[{"count":15,"href":"https:\/\/www.europaforum2019.ee\/fi\/wp-json\/wp\/v2\/pages\/2800\/revisions"}],"predecessor-version":[{"id":8309,"href":"https:\/\/www.europaforum2019.ee\/fi\/wp-json\/wp\/v2\/pages\/2800\/revisions\/8309"}],"wp:attachment":[{"href":"https:\/\/www.europaforum2019.ee\/fi\/wp-json\/wp\/v2\/media?parent=2800"}],"wp:term":[{"taxonomy":"category","embeddable":true,"href":"https:\/\/www.europaforum2019.ee\/fi\/wp-json\/wp\/v2\/categories?post=2800"},{"taxonomy":"post_tag","embeddable":true,"href":"https:\/\/www.europaforum2019.ee\/fi\/wp-json\/wp\/v2\/tags?post=2800"}],"curies":[{"name":"wp","href":"https:\/\/api.w.org\/{rel}","templated":true}]}}