{"id":2796,"date":"2018-10-18T17:48:23","date_gmt":"2018-10-18T17:48:23","guid":{"rendered":"http:\/\/www.europaforum2019.ee\/?page_id=2796"},"modified":"2019-09-21T16:18:19","modified_gmt":"2019-09-21T16:18:19","slug":"music-competition","status":"publish","type":"page","link":"https:\/\/www.europaforum2019.ee\/fi\/music-competition\/","title":{"rendered":"Musiikkikilpailu"},"content":{"rendered":"<p>[vc_row css=&#8221;.vc_custom_1528724670702{background-color: #f5f3f2 !important;}&#8221;][vc_column][vc_row_inner type=&#8221;boxed&#8221;][vc_column_inner][vc_column_text]<\/p>\n<h2><strong><span style=\"color: #3c64a4;\">MUSIIKKIKILPAILU<br \/>\n<\/span><\/strong><\/h2>\n<p><span style=\"color: #3c64a4;\">TERVETULOA LEMC 2019:N TALLINNAAN! <img loading=\"lazy\" class=\"alignright wp-image-1234 size-full\" src=\"https:\/\/www.europaforum2019.ee\/wp-content\/uploads\/2018\/07\/udukitarr.png\" alt=\"\" width=\"340\" height=\"230\" srcset=\"https:\/\/www.europaforum2019.ee\/wp-content\/uploads\/2018\/07\/udukitarr.png 340w, https:\/\/www.europaforum2019.ee\/wp-content\/uploads\/2018\/07\/udukitarr-300x203.png 300w\" sizes=\"(max-width: 340px) 100vw, 340px\" \/><\/span><br \/>\n<span style=\"color: #3c64a4;\">28. LIONS EUROPEAN MUSIC COMPETITION<\/span><br \/>\n<span style=\"color: #3c64a4;\">THOMAS KUTI ON OMISTETTU KLASSISELLE KITARALLE.<\/span><\/p>\n<p>1995 tai sen j\u00e4lkeen syntyneet nuoret muusikot on kohteliaasti kutsuttu osallistumaan 28 Lions European Music Competition:iin.<br \/>\nOle yhteydess\u00e4 oman maasi Lions organisaatioon internetin v\u00e4lityksell\u00e4 saadaksesi lis\u00e4tietoja ja rekister\u00f6ity\u00e4ksesi. Ensimm\u00e4isen\u00e4 askeleena otat osaa alueellisiin tai kansallisiin ennakkovalmisteluihin ensi kev\u00e4\u00e4n\u00e4.<\/p>\n<p><strong><span style=\"color: #3c64a4;\">YLEISTIEDOT<\/span><\/strong><br \/>\nMusiikkipalkinto annetaan vuosittain Lions Europa Forumissa nuorten Eurooppalaisten muusikoiden kannustukseksi. Musiikkikilpailu pidet\u00e4\u00e4n Forumilla ja instrumentti vaihtuu joka vuosi.<br \/>\nAlla oleva teksti on ote s\u00e4\u00e4nn\u00f6ist\u00e4. Jos ep\u00e4ilet, vain virallinen versio s\u00e4\u00e4nn\u00f6ist\u00e4 on voimassa.<\/p>\n<p><span style=\"color: #3c64a4;\"><strong>Osallistujat<\/strong><\/span><\/p>\n<ol>\n<li>Osallistujien tulee olla 1995 tai my\u00f6hemmin syntyneit\u00e4.<\/li>\n<li>Osallistujien tulisi olla asunut Europa Forumiin osallistujamaassa v\u00e4hint\u00e4\u00e4n viisi vuotta ennen 1.tammikuuta kilpailuvuonna.<\/li>\n<li>\u201cOsallistujamailla\u201d tarkoitetaan Europa Forumin menettelys\u00e4\u00e4nt\u00f6jen Artikla III:ssa m\u00e4\u00e4riteltyj\u00e4 maita.<\/li>\n<li>Edelliset Europa Forumin musiikkikilpailujen voittajat eiv\u00e4t voi osallistua uudestaan.<\/li>\n<li>Jokainen osallistujamaa voi nimet\u00e4 yhden (ja vain yhden) osallistujan kilpailuun. Karsinnat pidet\u00e4\u00e4n monissa osallistujamaissa monialue- tai aluetasolla. Tietoa karsinnoista l\u00f6ytyy alueiden verkkosivuilta. \u00c4l\u00e4 ep\u00e4r\u00f6i ottaa yhteytt\u00e4 jos kysytt\u00e4v\u00e4\u00e4 ilmenee.<\/li>\n<li>Osallistujan rekister\u00f6ityminen on l\u00e4hetett\u00e4v\u00e4 Komitean Puheenjohtajalle kilpailuvuoden kes\u00e4kuun 30. p\u00e4iv\u00e4\u00e4n menness\u00e4.<\/li>\n<li>Osallistujamaiden on maksettava osallistujiensa kulut.<\/li>\n<\/ol>\n<p><strong><span style=\"color: #3c64a4;\">Kilpailu<\/span><\/strong><\/p>\n<p>Kilpailu k\u00e4yd\u00e4\u00e4n kolmessa vaiheessa. Ensin kaikki osallistujat soittavat m\u00e4\u00e4r\u00e4tyn kappaleen.<br \/>\nSeuraavaksi he soittavat yhden itse valitsemistaan kappaleista. A Korkea tasoinen kansainv\u00e4linen tuomaristo valitsee kuusi parasta esiintyj\u00e4\u00e4 viimeiselle kierrokselle kahden soitetun kappaleen perusteella.<br \/>\nN\u00e4m\u00e4 kuusi soittavat sitten toisen itsevalitun kappaleen viimeisell\u00e4 kierroksella.<\/p>\n<p><span style=\"color: #3c64a4;\"><strong>Palkinnot<\/strong><\/span><\/p>\n<p>Palkinnot tulevat olemaan:<br \/>\n1 sija:\u00a0 5&#8217;000 EUR<br \/>\n2 sija: 3&#8217;000 EUR<br \/>\n3 sija:\u00a0 2&#8217;000 EUR<br \/>\nLis\u00e4ksi jaetaan erikoispalkintoja, jos saatavilla.<\/p>\n<div id=\"gt-c\" class=\"g-section\">\n<div id=\"gt-form-c\">\n<form id=\"gt-form\" action=\"\/\" enctype=\"application\/x-www-form-urlencoded\" method=\"post\" name=\"text_form\">\n<div id=\"gt-text-all\">\n<div id=\"gt-main\">\n<div id=\"gt-text-c\">\n<div id=\"gt-text-top\">\n<div id=\"gt-res-c\" class=\"g-unit\">\n<div id=\"gt-res-p\">\n<div id=\"gt-res-data\">\n<div id=\"gt-res-wrap\">\n<div id=\"gt-res-content\">\n<div id=\"gt-res-dir-ctr\" class=\"trans-verified-button-large\" dir=\"ltr\"><span style=\"color: #3c64a4;\"><span id=\"result_box\" class=\"short_text\" lang=\"fi\">Lis\u00e4tietoja <a style=\"color: #3c64a4;\" href=\"https:\/\/www.europaforum2019.ee\/music-competition\/\">englanninkielisest\u00e4 sivusta<\/a><\/span><span id=\"t-served-community-button\" class=\"trans-verified-button goog-toolbar-button\" role=\"button\" aria-hidden=\"true\"><\/span>!<\/span><\/div>\n<div class=\"trans-verified-button-large\" dir=\"ltr\">\n<p>&nbsp;<\/p>\n<\/div>\n<\/div>\n<\/div>\n<\/div>\n<\/div>\n<\/div>\n<\/div>\n<\/div>\n<\/div>\n<\/div>\n<\/form>\n<\/div>\n<\/div>\n<p>[\/vc_column_text][\/vc_column_inner][\/vc_row_inner][\/vc_column][\/vc_row]<\/p>\n","protected":false},"excerpt":{"rendered":"<p>[vc_row css=&#8221;.vc_custom_1528724670702{background-color: #f5f3f2 !important;}&#8221;][vc_column][vc_row_inner type=&#8221;boxed&#8221;][vc_column_inner][vc_column_text] MUSIIKKIKILPAILU TERVETULOA LEMC 2019:N TALLINNAAN! 28. LIONS EUROPEAN MUSIC COMPETITION THOMAS KUTI ON OMISTETTU KLASSISELLE KITARALLE. 1995 tai sen j\u00e4lkeen syntyneet nuoret muusikot on kohteliaasti kutsuttu osallistumaan 28 Lions European Music Competition:iin. Ole yhteydess\u00e4 oman maasi Lions organisaatioon internetin v\u00e4lityksell\u00e4 saadaksesi lis\u00e4tietoja ja rekister\u00f6ity\u00e4ksesi. Ensimm\u00e4isen\u00e4 askeleena otat osaa alueellisiin tai [&hellip;]<\/p>\n","protected":false},"author":5,"featured_media":0,"parent":0,"menu_order":0,"comment_status":"closed","ping_status":"closed","template":"page-full-width.php","meta":[],"categories":[35],"tags":[],"_links":{"self":[{"href":"https:\/\/www.europaforum2019.ee\/fi\/wp-json\/wp\/v2\/pages\/2796"}],"collection":[{"href":"https:\/\/www.europaforum2019.ee\/fi\/wp-json\/wp\/v2\/pages"}],"about":[{"href":"https:\/\/www.europaforum2019.ee\/fi\/wp-json\/wp\/v2\/types\/page"}],"author":[{"embeddable":true,"href":"https:\/\/www.europaforum2019.ee\/fi\/wp-json\/wp\/v2\/users\/5"}],"replies":[{"embeddable":true,"href":"https:\/\/www.europaforum2019.ee\/fi\/wp-json\/wp\/v2\/comments?post=2796"}],"version-history":[{"count":19,"href":"https:\/\/www.europaforum2019.ee\/fi\/wp-json\/wp\/v2\/pages\/2796\/revisions"}],"predecessor-version":[{"id":8310,"href":"https:\/\/www.europaforum2019.ee\/fi\/wp-json\/wp\/v2\/pages\/2796\/revisions\/8310"}],"wp:attachment":[{"href":"https:\/\/www.europaforum2019.ee\/fi\/wp-json\/wp\/v2\/media?parent=2796"}],"wp:term":[{"taxonomy":"category","embeddable":true,"href":"https:\/\/www.europaforum2019.ee\/fi\/wp-json\/wp\/v2\/categories?post=2796"},{"taxonomy":"post_tag","embeddable":true,"href":"https:\/\/www.europaforum2019.ee\/fi\/wp-json\/wp\/v2\/tags?post=2796"}],"curies":[{"name":"wp","href":"https:\/\/api.w.org\/{rel}","templated":true}]}}