{"id":2791,"date":"2018-10-18T17:42:02","date_gmt":"2018-10-18T17:42:02","guid":{"rendered":"http:\/\/www.europaforum2019.ee\/?page_id=2791"},"modified":"2019-09-03T20:03:01","modified_gmt":"2019-09-03T20:03:01","slug":"european-council","status":"publish","type":"page","link":"https:\/\/www.europaforum2019.ee\/fi\/european-council\/","title":{"rendered":"Euroopan Neuvosto"},"content":{"rendered":"<p>[vc_row css=&#8221;.vc_custom_1528724670702{background-color: #f5f3f2 !important;}&#8221;][vc_column][vc_row_inner type=&#8221;boxed&#8221;][vc_column_inner][vc_column_text]<\/p>\n<h2><strong><span style=\"color: #3c64a4;\">EUROOPAN NEUVOSTO<br \/>\n<\/span><\/strong><\/h2>\n<p><strong>T\u00e4t\u00e4 sivua tullaan p\u00e4ivitt\u00e4m\u00e4\u00e4n lopullisella asialistalla hein\u00e4kuussa 2019.<\/strong><\/p>\n<p>&nbsp;<\/p>\n<p><span style=\"color: #3c64a4;\"><strong>EF2019 Euroopan Neuvoston kokous I<br \/>\nSunnuntaiaamuna, 5. lokakuuta, 2019 Alexela Concert Hall, Tallinn<\/strong><\/span><\/p>\n<p>Europa Forumin ty\u00f6j\u00e4rjestyksen mukaan, Euroopan Neuvosto muodostaa ja s\u00e4\u00e4telee Forumin k\u00e4yt\u00e4nt\u00f6j\u00e4.<\/p>\n<p>Se muodostuu yhdest\u00e4 \u00e4\u00e4nestysdelegaatista jokaiselle j\u00e4senelle.\u00a0 miss\u00e4 tahansa Eurooppaan perustuslaillisesti kuuluvassa maassa toimiva Lions Organisaatio voi tulla Europa Forumin j\u00e4seneksi, mik\u00e4li sen j\u00e4senyys on Euroopan Neuvoston hyv\u00e4ksym\u00e4.<\/p>\n<p>Neuvoston tapaamisten asialistat p\u00e4\u00e4tt\u00e4\u00e4 Forumin puheenjohtaja, perustuen j\u00e4senilt\u00e4 saatuihin esityksiin ja valvontakomitean helmikuun kokoukseen.<br \/>\nEsitykset tulisi l\u00e4hett\u00e4\u00e4 Englannin kielell\u00e4 Forumin Puheenjohtajalle sek\u00e4 kopio Neuvojalle &amp; Arkistoijalle 15.kes\u00e4kuuta menness\u00e4.<\/p>\n<p>Forumin puheenjohtaja julkaisee samat esitykset verkossa, s\u00e4hk\u00f6postimuistutuksella j\u00e4senille, <strong>viimeist\u00e4\u00e4n ennen 31. hein\u00e4kuuta<\/strong>, valmistellakseen heid\u00e4t asianmukaisesti keskusteluun ja \u00e4\u00e4nestykseen joka tapahtuu Euroopan Neuvoston Kokouksen aikana.<\/p>\n<p>Euroopan Neuvoston kokous on avoinna kaikille Lionseille.<br \/>\nKuitenkin vain yksi asianmukaisesti valittu delegaation j\u00e4sen voi \u00e4\u00e4nest\u00e4\u00e4.<br \/>\nNeuvostoa tulee johtamaan Forumin Puheenjohtaja, varapuheenjohtajan, sihteerin ja N&amp;A:n avustamana.<\/p>\n<p>&nbsp;<\/p>\n<p><span style=\"color: #3c64a4;\"><strong>EF2019 Euroopan Neuvoston kokous \u2013 Keskustelut<br \/>\nSunnuntai-iltana, 5. Lokakuuta, 2019 at Nordic Hotel Forum, Tallinna<\/strong><\/span><\/p>\n<p>T\u00e4m\u00e4n kokouksen tarkoituksena on ep\u00e4virallinen kuuntelu ja avoin keskustelu seuraavana p\u00e4iv\u00e4n\u00e4 teht\u00e4vien p\u00e4\u00e4t\u00f6sten valmistelemiseksi.<\/p>\n<p>Ehdotukset voidaan muuttaa tai vet\u00e4\u00e4 pois ja lis\u00e4tietoa voidaan pyyt\u00e4\u00e4. Uutta ehdotusta ei kuitenkaan voida esitt\u00e4\u00e4 t\u00e4ll\u00e4 aikaa.<\/p>\n<p>Kaikki dokumentit ja pyydetyt lis\u00e4tiedot tulevat olemaan t\u00e4ll\u00e4 sivulla Neuvoston kokouksien j\u00e4lkeen.<\/p>\n<p>T\u00e4m\u00e4 kokous on avoin kaikille Lionseille.<\/p>\n<p>Kokousta johtaa Forumin Puheenjohtaja, Varapuheenjohtajan, sihteerin ja N&amp;A avustamana.<\/p>\n<ul>\n<li><span style=\"color: #3c64a4;\"><a style=\"color: #3c64a4;\" href=\"https:\/\/www.europaforum2019.ee\/wp-content\/uploads\/2019\/09\/MD111_Resolution-I-Budget-surcharge-for-the-Europa-Forum.pdf\">MD111_Resolution I &#8211; Budget surcharge for the Europa Forum<\/a><\/span><\/li>\n<li><span style=\"color: #3c64a4;\"><a style=\"color: #3c64a4;\" href=\"https:\/\/www.europaforum2019.ee\/wp-content\/uploads\/2019\/09\/MD111_Resolution-II-Criteria-and-requirements-for-multiple-district-and-district-application-and-selection-as-well-as-the-venue-for-conducting-a-Europa-Forum.pdf\">MD111_Resolution II &#8211; Criteria and requirements for multiple-district and district application and selection as well as the venue for conducting a Europa Forum<\/a><\/span><\/li>\n<li><span style=\"color: #3c64a4;\"><a style=\"color: #3c64a4;\" href=\"https:\/\/www.europaforum2019.ee\/wp-content\/uploads\/2019\/09\/MD111_Resolution-III-Reinforcement-of-the-position-of-the-Chair-of-the-Supervisory-Committee-at-the-Europa-Forum.pdf\">MD111_Resolution III &#8211; Reinforcement of the position of the Chair of the Supervisory Committee at the Europa Forum<\/a><\/span><\/li>\n<li><span style=\"color: #3c64a4;\"><a style=\"color: #3c64a4;\" href=\"https:\/\/www.europaforum2019.ee\/wp-content\/uploads\/2019\/09\/MD111_Resolution-IV-Attatchment_Rules-of-Procedure-in-the-WaSH-Working-Group.pdf\">MD111_Resolution IV &#8211; Attatchment_Rules of Procedure in the WaSH Working Group<\/a><\/span><\/li>\n<li><span style=\"color: #3c64a4;\"><a style=\"color: #3c64a4;\" href=\"https:\/\/www.europaforum2019.ee\/wp-content\/uploads\/2019\/09\/MD111_Resolution-IV-Rules-of-Procedure-in-the-WaSH-Working-Group.pdf\">MD111_Resolution IV &#8211; Rules of Procedure in the WaSH Working Group<\/a><\/span><\/li>\n<\/ul>\n<p>&nbsp;<\/p>\n<p><span style=\"color: #3c64a4;\"><strong>Euroopan Neuvoston Kokous\u00a0II<br \/>\nSunnuntaiaamuna, 6. Lokakuuta 2019 Alexela Concert Hallilla<\/strong><\/span><\/p>\n<p>Kun ep\u00e4viralliset kuulemiset ja avoimet keskustelut on k\u00e4yty edellisen\u00e4 p\u00e4iv\u00e4n\u00e4, t\u00e4m\u00e4n kokouksen tulee keskitty\u00e4 ehdotusten \u00e4\u00e4nest\u00e4miseen ja asialistan valitsemiseen. Ellei uutta t\u00e4rke\u00e4\u00e4 tietoa ole ilmennyt sill\u00e4 v\u00e4lin, keskustelut eiv\u00e4t ole ajankohtaisia.<\/p>\n<p>Uutta ehdotusta ei tule esitt\u00e4\u00e4 t\u00e4n\u00e4 aikana.<\/p>\n<p>Asialistan lis\u00e4ksi seminaarin tuloksena puheenjohtaja voi tehd\u00e4 ehdotuksen viimeist\u00e4\u00e4n klo 18:00 edellisen\u00e4 p\u00e4iv\u00e4n\u00e4 ja pyyt\u00e4\u00e4 konsultoivaa \u00e4\u00e4nestyst\u00e4. Ehdotuksen esitt\u00e4miseen on aikaa korkeintaan 3 minuuttia.<\/p>\n<p>Lopullinen asialista tulee t\u00e4lle sivulle Neuvoston keskustelu kokouksen j\u00e4lkeen.<\/p>\n<p>T\u00e4m\u00e4 kokous pidet\u00e4\u00e4n p\u00e4\u00e4auditoriossa ja se on avoin kaikille Lionseille. Kuitenkin vain yhdell\u00e4 asianmukaisesti valitulla delegaatilla j\u00e4sent\u00e4 kohti on puheenvuoro ja \u00e4\u00e4nioikeus.<\/p>\n<p>Kokousta johtaa Forumin Puheenjohtaja varapuheenjohtajan, Forumin sihteerin ja N&amp;A:n avustamana.<\/p>\n<p>Ohjes\u00e4\u00e4nt\u00f6jen artikla V p\u00e4tee.[\/vc_column_text][\/vc_column_inner][\/vc_row_inner][\/vc_column][\/vc_row][vc_row css=&#8221;.vc_custom_1528789133475{background-color: #fdc924 !important;}&#8221;][vc_column][\/vc_column][\/vc_row]<\/p>\n","protected":false},"excerpt":{"rendered":"<p>[vc_row css=&#8221;.vc_custom_1528724670702{background-color: #f5f3f2 !important;}&#8221;][vc_column][vc_row_inner type=&#8221;boxed&#8221;][vc_column_inner][vc_column_text] EUROOPAN NEUVOSTO T\u00e4t\u00e4 sivua tullaan p\u00e4ivitt\u00e4m\u00e4\u00e4n lopullisella asialistalla hein\u00e4kuussa 2019. &nbsp; EF2019 Euroopan Neuvoston kokous I Sunnuntaiaamuna, 5. lokakuuta, 2019 Alexela Concert Hall, Tallinn Europa Forumin ty\u00f6j\u00e4rjestyksen mukaan, Euroopan Neuvosto muodostaa ja s\u00e4\u00e4telee Forumin k\u00e4yt\u00e4nt\u00f6j\u00e4. Se muodostuu yhdest\u00e4 \u00e4\u00e4nestysdelegaatista jokaiselle j\u00e4senelle.\u00a0 miss\u00e4 tahansa Eurooppaan perustuslaillisesti kuuluvassa maassa toimiva Lions Organisaatio [&hellip;]<\/p>\n","protected":false},"author":5,"featured_media":0,"parent":0,"menu_order":0,"comment_status":"closed","ping_status":"closed","template":"page-full-width.php","meta":[],"categories":[35],"tags":[],"_links":{"self":[{"href":"https:\/\/www.europaforum2019.ee\/fi\/wp-json\/wp\/v2\/pages\/2791"}],"collection":[{"href":"https:\/\/www.europaforum2019.ee\/fi\/wp-json\/wp\/v2\/pages"}],"about":[{"href":"https:\/\/www.europaforum2019.ee\/fi\/wp-json\/wp\/v2\/types\/page"}],"author":[{"embeddable":true,"href":"https:\/\/www.europaforum2019.ee\/fi\/wp-json\/wp\/v2\/users\/5"}],"replies":[{"embeddable":true,"href":"https:\/\/www.europaforum2019.ee\/fi\/wp-json\/wp\/v2\/comments?post=2791"}],"version-history":[{"count":12,"href":"https:\/\/www.europaforum2019.ee\/fi\/wp-json\/wp\/v2\/pages\/2791\/revisions"}],"predecessor-version":[{"id":7799,"href":"https:\/\/www.europaforum2019.ee\/fi\/wp-json\/wp\/v2\/pages\/2791\/revisions\/7799"}],"wp:attachment":[{"href":"https:\/\/www.europaforum2019.ee\/fi\/wp-json\/wp\/v2\/media?parent=2791"}],"wp:term":[{"taxonomy":"category","embeddable":true,"href":"https:\/\/www.europaforum2019.ee\/fi\/wp-json\/wp\/v2\/categories?post=2791"},{"taxonomy":"post_tag","embeddable":true,"href":"https:\/\/www.europaforum2019.ee\/fi\/wp-json\/wp\/v2\/tags?post=2791"}],"curies":[{"name":"wp","href":"https:\/\/api.w.org\/{rel}","templated":true}]}}