{"id":2785,"date":"2018-10-18T17:34:31","date_gmt":"2018-10-18T17:34:31","guid":{"rendered":"http:\/\/www.europaforum2019.ee\/?page_id=2785"},"modified":"2019-04-06T21:23:30","modified_gmt":"2019-04-06T21:23:30","slug":"supervisory-committee","status":"publish","type":"page","link":"https:\/\/www.europaforum2019.ee\/fi\/supervisory-committee\/","title":{"rendered":"Valvontakomitea"},"content":{"rendered":"<p>[vc_row css=&#8221;.vc_custom_1528724670702{background-color: #f5f3f2 !important;}&#8221;][vc_column width=&#8221;2\/3&#8243;][vc_row_inner type=&#8221;boxed&#8221;][vc_column_inner][vc_column_text]<\/p>\n<h2><strong><span style=\"color: #3c64a4;\">VALVONTAKOMITEA<br \/>\n<\/span><\/strong><\/h2>\n<p><strong><span style=\"color: #3c64a4;\">ID Heimo Potinkara, EF2019 Virkaatekev\u00e4 Kansainv\u00e4linen johtaja<\/span><br \/>\n<\/strong>Yksi virkaatekevist\u00e4 Kansainv\u00e4lisist\u00e4 Johtajista Euroopasta jonka yhdistyksen kansainv\u00e4linen puheenjohtaja on asettanut valvomaan Europa Forumia. H\u00e4n astuu virkaan Forumin lykk\u00e4\u00e4ntyess\u00e4 (mahdollisessa Valvontakomission kokouksessa) ennen sit\u00e4 tullen palvelemaan ja h\u00e4nen kautensa tulee p\u00e4\u00e4ttym\u00e4\u00e4n Forumin p\u00e4\u00e4ttyess\u00e4.<\/p>\n<p><strong><span style=\"color: #3c64a4;\">PID Phil Nathan, EF Neuvoja ja Arkistoija 2017-2022 (t\u00e4st\u00e4 eteenp\u00e4in N&amp;A)<\/span> <\/strong><br \/>\nEuroopan valtuuston viideksi vuodeksi valitsema, h\u00e4nen teht\u00e4viins\u00e4 tulee kuulumaan seurata kaikkia tehtyj\u00e4 p\u00e4\u00e4t\u00f6ksi\u00e4 ja toimia valvonta- ja is\u00e4nt\u00e4komiteoiden neuvonantajana. N&amp;A tulee olemaan Europa Forumin omatunto ja jatkuvuus. H\u00e4nen tulee varmistaa ett\u00e4 tehtyj\u00e4 p\u00e4\u00e4t\u00f6ksi\u00e4 noudatetaan oikein tulevina vuosina.<\/p>\n<p><strong><span style=\"color: #3c64a4;\">PCC Peter Brandenburg, EF Kirjanpit\u00e4j\u00e4 2017-2022<\/span>\u00a0 <\/strong><br \/>\nEuroopan valtuuston viideksi vuodeksi valitsema, H\u00e4nen teht\u00e4v\u00e4n\u00e4\u00e4n tulee olemaan foorumin kulujen hallinta ja niiden vertailu edellisten foorumeiden kanssa.[\/vc_column_text][vc_column_text]<span style=\"color: #3c64a4;\"><strong>Valvontakomitea (SC)<\/strong><\/span><\/p>\n<p>Sen p\u00e4\u00e4teht\u00e4v\u00e4n\u00e4 on valvoa logistiikkaa, hallintoa, rahoitusasioita ja Europa Forumin sis\u00e4lt\u00f6\u00e4. Lis\u00e4ksi sen teht\u00e4v\u00e4n\u00e4 on varmistaa ett\u00e4 Europa Forum noudattaa lautakunnan k\u00e4yt\u00e4nt\u00f6 ohjes\u00e4\u00e4nt\u00f6\u00e4. Valvonta komitealla on seuraavat toimet:<\/p>\n<p><span style=\"color: #3c64a4;\"><strong>EF2019:n Valvontakomission j\u00e4senet:<\/strong><\/span><\/p>\n<ul>\n<li>ID Heimo Potinkara, Valittu Kansainv\u00e4linen Ohjaaja, Europa Forum 2019 Valvontakomission Puheenjohtaja<\/li>\n<li>PID Kalle Elster, Puheenjohtaja EF2019<\/li>\n<li>PID George Papas, Varapuheenjohtaja, puheenjohtaja EF2020<\/li>\n<li>VDG M\u00e4rt Viileberg, Ohjelmavastaava EF2019<\/li>\n<li>PDG George Savvides, Ohjelmavastaava EF2020<\/li>\n<li>PID Phil Nathan, EF neuvoja &amp; arkistoija.<\/li>\n<\/ul>\n<p><b><span style=\"color: #3c64a4;\"><strong>Tap<span style=\"color: #3c64a4;\">aamisii<\/span>n on kutsuttu<\/strong>:<\/span><br \/>\n<\/b><\/p>\n<ul>\n<li>PCC Peter Brandenburg, EF kirjanpit\u00e4j\u00e4<\/li>\n<li>Ingo Brookman, LEMC<\/li>\n<li>Pompillia Szellner, EF Young Ambassador<\/li>\n<li>Madis Sinij\u00e4rv, P\u00e4\u00e4sihteeri EF2019<\/li>\n<li>Tiina Mirka, Varainhoitaja EF2019<\/li>\n<li>Anneli Pilliroog, Tapahtumaohjelmajohtaja EF2019<\/li>\n<li>Mari-Liis Vihul, Web Manageri EF2019<\/li>\n<li>DG Arvi Perv, Vapaaehtoiset EF2019<\/li>\n<li>IPDG Ragnar L\u00f5ivukene, Nuorten muusikoiden kilpailu EF 2019<\/li>\n<\/ul>\n<p>ValvontaKomitea j\u00e4rjestelee ty\u00f6ns\u00e4 oman valintansa ja ajan mukaan;<br \/>\n1. VK Virallinen tapaaminen lokakuussa 2018 Skopje EF<br \/>\n2. VK Virallinen tapaaminen helmikuu 2019 Tallinna.<\/p>\n<p>T\u00e4h\u00e4n tapaamiseen kutsutaan j\u00e4seni\u00e4 tarpeen mukaan (i.e. The Thomas Kuti kilpailun PJ, jne.) eik\u00e4 siit\u00e4 koidu kuluja Is\u00e4nt\u00e4komitealle tai Forumille.<br \/>\nJos valittu ID ja N&amp;A katsovat tarpeelliseksi, voidaan lis\u00e4ksi j\u00e4rjest\u00e4\u00e4 tapaaminen Forumin puheenjohtajan ja komitean j\u00e4senten kanssa.<br \/>\nValvontaKomitea voi lis\u00e4ksi p\u00e4\u00e4tt\u00e4\u00e4 kokouksista Forumin pitopaikalla, ennen ja j\u00e4lkeen Forumin.[\/vc_column_text][\/vc_column_inner][vc_column_inner][\/vc_column_inner][\/vc_row_inner][\/vc_column][vc_column width=&#8221;1\/3&#8243;][vc_single_image image=&#8221;904&#8243; img_size=&#8221;full&#8221;][vc_column_text]ID Heimo Potinkara[\/vc_column_text][vc_single_image image=&#8221;790&#8243; img_size=&#8221;full&#8221;][vc_column_text]PID Phil Nathan[\/vc_column_text][vc_single_image image=&#8221;707&#8243; img_size=&#8221;full&#8221;][vc_column_text]PCC Peter Brandenburg[\/vc_column_text][\/vc_column][\/vc_row][vc_row css=&#8221;.vc_custom_1528789133475{background-color: #fdc924 !important;}&#8221;][vc_column][\/vc_column][\/vc_row]<\/p>\n","protected":false},"excerpt":{"rendered":"<p>[vc_row css=&#8221;.vc_custom_1528724670702{background-color: #f5f3f2 !important;}&#8221;][vc_column width=&#8221;2\/3&#8243;][vc_row_inner type=&#8221;boxed&#8221;][vc_column_inner][vc_column_text] VALVONTAKOMITEA ID Heimo Potinkara, EF2019 Virkaatekev\u00e4 Kansainv\u00e4linen johtaja Yksi virkaatekevist\u00e4 Kansainv\u00e4lisist\u00e4 Johtajista Euroopasta jonka yhdistyksen kansainv\u00e4linen puheenjohtaja on asettanut valvomaan Europa Forumia. H\u00e4n astuu virkaan Forumin lykk\u00e4\u00e4ntyess\u00e4 (mahdollisessa Valvontakomission kokouksessa) ennen sit\u00e4 tullen palvelemaan ja h\u00e4nen kautensa tulee p\u00e4\u00e4ttym\u00e4\u00e4n Forumin p\u00e4\u00e4ttyess\u00e4. PID Phil Nathan, EF Neuvoja ja Arkistoija 2017-2022 [&hellip;]<\/p>\n","protected":false},"author":5,"featured_media":0,"parent":0,"menu_order":0,"comment_status":"closed","ping_status":"closed","template":"page-full-width.php","meta":[],"categories":[],"tags":[],"_links":{"self":[{"href":"https:\/\/www.europaforum2019.ee\/fi\/wp-json\/wp\/v2\/pages\/2785"}],"collection":[{"href":"https:\/\/www.europaforum2019.ee\/fi\/wp-json\/wp\/v2\/pages"}],"about":[{"href":"https:\/\/www.europaforum2019.ee\/fi\/wp-json\/wp\/v2\/types\/page"}],"author":[{"embeddable":true,"href":"https:\/\/www.europaforum2019.ee\/fi\/wp-json\/wp\/v2\/users\/5"}],"replies":[{"embeddable":true,"href":"https:\/\/www.europaforum2019.ee\/fi\/wp-json\/wp\/v2\/comments?post=2785"}],"version-history":[{"count":17,"href":"https:\/\/www.europaforum2019.ee\/fi\/wp-json\/wp\/v2\/pages\/2785\/revisions"}],"predecessor-version":[{"id":5705,"href":"https:\/\/www.europaforum2019.ee\/fi\/wp-json\/wp\/v2\/pages\/2785\/revisions\/5705"}],"wp:attachment":[{"href":"https:\/\/www.europaforum2019.ee\/fi\/wp-json\/wp\/v2\/media?parent=2785"}],"wp:term":[{"taxonomy":"category","embeddable":true,"href":"https:\/\/www.europaforum2019.ee\/fi\/wp-json\/wp\/v2\/categories?post=2785"},{"taxonomy":"post_tag","embeddable":true,"href":"https:\/\/www.europaforum2019.ee\/fi\/wp-json\/wp\/v2\/tags?post=2785"}],"curies":[{"name":"wp","href":"https:\/\/api.w.org\/{rel}","templated":true}]}}