{"id":2759,"date":"2018-10-18T16:49:59","date_gmt":"2018-10-18T16:49:59","guid":{"rendered":"http:\/\/www.europaforum2019.ee\/?page_id=2759"},"modified":"2019-09-21T16:22:05","modified_gmt":"2019-09-21T16:22:05","slug":"young-ambassador-competition","status":"publish","type":"page","link":"https:\/\/www.europaforum2019.ee\/fi\/young-ambassador-competition\/","title":{"rendered":"Young Ambassador Competition"},"content":{"rendered":"<p>[vc_row css=&#8221;.vc_custom_1528724670702{background-color: #f5f3f2 !important;}&#8221;][vc_column][vc_row_inner type=&#8221;boxed&#8221;][vc_column_inner][vc_column_text]<\/p>\n<h2><strong><span style=\"color: #3c64a4;\">YOUNG AMBASSADOR COMPETITION\u00a0 <img loading=\"lazy\" class=\"size-full wp-image-856 alignright\" src=\"https:\/\/www.europaforum2019.ee\/wp-content\/uploads\/2018\/09\/YAA-1.png\" alt=\"\" width=\"160\" height=\"215\" \/><br \/>\n<\/span><\/strong><\/h2>\n<p><strong><span style=\"color: #3c64a4;\">TERVETULOA 2019 Bert Masson Young Ambassador Award:iin TALLINNAAN! <\/span><\/strong><\/p>\n<p>Europa Forumin jokainen j\u00e4sen on kutsuttu esittelem\u00e4\u00e4n finalistinsa 12 European Young Ambassador Award-palkinnon saajaksi. Vain kansallisen kilpailun finalistit voivat osallistua. Lis\u00e4tietoa paikalliselta Young Ambassador-vastuuhenkil\u00f6lt\u00e4 tai European Young Ambassador Komitealta.<\/p>\n<p><span style=\"color: #3c64a4;\"><strong>YLEIST\u00c4 TIETOA<\/strong><\/span><\/p>\n<p>Young Ambassador Award:illa on kaksi tavoitetta:<\/p>\n<ul>\n<li>Antaa tunnustusta, rohkaista ja tukea nuoria ihmisi\u00e4 jotka ovat aktiivisesti mukana yhteis\u00f6n hyvinvoinnin edist\u00e4misess\u00e4<\/li>\n<li>Lions:ien profiilin nosto ja omien palveluaktiviteettiemme lis\u00e4\u00e4minen<\/li>\n<\/ul>\n<p>N\u00e4iden nuorten ihmisten tunnustukseksi j\u00e4rjestet\u00e4\u00e4n kilpailu vuosittaisella Europa Forumilla.\u00a0 Voittaville finalisteille on luvassa palkintoja.<\/p>\n<p>Alla oleva teksti on ote s\u00e4\u00e4nn\u00f6ist\u00e4. Jos ep\u00e4ilet, vain virallinen versio s\u00e4\u00e4d\u00f6ksist\u00e4 hyv\u00e4ksyt\u00e4\u00e4n.<\/p>\n<p><span style=\"color: #3c64a4;\"><strong>Osallistujat<\/strong><\/span><\/p>\n<ul>\n<li>Osallistujien on oltava i\u00e4lt\u00e4\u00e4n v\u00e4hint\u00e4\u00e4n 15 vuotta ja korkeintaan 19 vuotta Europa Forumin pitovuonna 30. kes\u00e4kuuta.<\/li>\n<li>Europa Forumin jokainen j\u00e4sen voi nimet\u00e4 yhden ja vain yhden osallistujan kilpailuun.<\/li>\n<li>Finalistien tulee rekister\u00f6ity\u00e4 Euroopan komitean Puheenjohtajan kanssa hein\u00e4kuun loppuun menness\u00e4 kilpailuvuonna, k\u00e4ytt\u00e4en annettua osallistumislomaketta.<\/li>\n<li>Finalistien kuluista vastaavat heid\u00e4t ilmoittaneet j\u00e4senet.<\/li>\n<\/ul>\n<p><span style=\"color: #3c64a4;\"><strong>Kilpailu<\/strong><\/span><\/p>\n<p>Jokaisen finalistin haastattelee kolme tuomaria. Tuomarit ovat \u201cei-Lionseja\u201d, miehi\u00e4 ja naisia, palvelusektorilta, koulutuksesta ja teollisuudesta. \u00a0He arvostelevat finalistit yhteis\u00f6n palvelemisen aktiivisuuden, persoonallisuuden ja johtamiskykyjen, palkintorahojen k\u00e4yt\u00f6n, ja heid\u00e4n kykyns\u00e4 puhua palveluaktiivisuudestaan mukaan.<\/p>\n<p><span style=\"color: #3c64a4;\"><strong>Palkinnot<\/strong><\/span><\/p>\n<p>Palkinnot ovat seuraavat ja ne tulee k\u00e4ytt\u00e4\u00e4 projektiinsa:<\/p>\n<p>1 palkinto:\u00a0 \u00a03.500 EUR<br \/>\n2 palkinto:\u00a0\u00a0 1.500 EUR<br \/>\n3 palkinto:\u00a0 \u00a0500 EUR<\/p>\n<p>Lis\u00e4\u00e4 tietoa:\u00a0<strong> <a href=\"https:\/\/www.europaforum2019.ee\/wp-content\/uploads\/2018\/10\/Kilpailun-S\u00e4\u00e4nn\u00f6t.pdf\">Kilpailun S\u00e4\u00e4nn\u00f6t<\/a><\/strong>\u00a0 ja\u00a0 \u00a0<strong><a href=\"https:\/\/www.europaforum2019.ee\/wp-content\/uploads\/2018\/10\/Application-Form-YAA-2019-FIN1.pdf\">Osallistumislomake<\/a><\/strong>.[\/vc_column_text][\/vc_column_inner][\/vc_row_inner][\/vc_column][\/vc_row]<\/p>\n","protected":false},"excerpt":{"rendered":"<p>[vc_row css=&#8221;.vc_custom_1528724670702{background-color: #f5f3f2 !important;}&#8221;][vc_column][vc_row_inner type=&#8221;boxed&#8221;][vc_column_inner][vc_column_text] YOUNG AMBASSADOR COMPETITION\u00a0 TERVETULOA 2019 Bert Masson Young Ambassador Award:iin TALLINNAAN! Europa Forumin jokainen j\u00e4sen on kutsuttu esittelem\u00e4\u00e4n finalistinsa 12 European Young Ambassador Award-palkinnon saajaksi. Vain kansallisen kilpailun finalistit voivat osallistua. Lis\u00e4tietoa paikalliselta Young Ambassador-vastuuhenkil\u00f6lt\u00e4 tai European Young Ambassador Komitealta. YLEIST\u00c4 TIETOA Young Ambassador Award:illa on kaksi tavoitetta: Antaa tunnustusta, [&hellip;]<\/p>\n","protected":false},"author":5,"featured_media":0,"parent":0,"menu_order":0,"comment_status":"closed","ping_status":"closed","template":"page-full-width.php","meta":[],"categories":[35],"tags":[],"_links":{"self":[{"href":"https:\/\/www.europaforum2019.ee\/fi\/wp-json\/wp\/v2\/pages\/2759"}],"collection":[{"href":"https:\/\/www.europaforum2019.ee\/fi\/wp-json\/wp\/v2\/pages"}],"about":[{"href":"https:\/\/www.europaforum2019.ee\/fi\/wp-json\/wp\/v2\/types\/page"}],"author":[{"embeddable":true,"href":"https:\/\/www.europaforum2019.ee\/fi\/wp-json\/wp\/v2\/users\/5"}],"replies":[{"embeddable":true,"href":"https:\/\/www.europaforum2019.ee\/fi\/wp-json\/wp\/v2\/comments?post=2759"}],"version-history":[{"count":24,"href":"https:\/\/www.europaforum2019.ee\/fi\/wp-json\/wp\/v2\/pages\/2759\/revisions"}],"predecessor-version":[{"id":8320,"href":"https:\/\/www.europaforum2019.ee\/fi\/wp-json\/wp\/v2\/pages\/2759\/revisions\/8320"}],"wp:attachment":[{"href":"https:\/\/www.europaforum2019.ee\/fi\/wp-json\/wp\/v2\/media?parent=2759"}],"wp:term":[{"taxonomy":"category","embeddable":true,"href":"https:\/\/www.europaforum2019.ee\/fi\/wp-json\/wp\/v2\/categories?post=2759"},{"taxonomy":"post_tag","embeddable":true,"href":"https:\/\/www.europaforum2019.ee\/fi\/wp-json\/wp\/v2\/tags?post=2759"}],"curies":[{"name":"wp","href":"https:\/\/api.w.org\/{rel}","templated":true}]}}