{"id":2750,"date":"2018-10-18T16:36:23","date_gmt":"2018-10-18T16:36:23","guid":{"rendered":"http:\/\/www.europaforum2019.ee\/?page_id=2750"},"modified":"2019-09-21T16:36:04","modified_gmt":"2019-09-21T16:36:04","slug":"people","status":"publish","type":"page","link":"https:\/\/www.europaforum2019.ee\/fi\/people\/","title":{"rendered":"People"},"content":{"rendered":"<p>[vc_row css=&#8221;.vc_custom_1535095671911{background-image: url(https:\/\/www.europaforum2019.ee\/wp-content\/uploads\/2018\/08\/people-taust.jpg?id=470) !important;background-position: center !important;background-repeat: no-repeat !important;background-size: cover !important;}&#8221;][vc_column][vc_single_image image=&#8221;3429&#8243; img_size=&#8221;full&#8221; alignment=&#8221;right&#8221; el_class=&#8221;header-pilt&#8221;][\/vc_column][\/vc_row][vc_row el_class=&#8221;laius-people&#8221;][vc_column][vc_row_inner type=&#8221;boxed&#8221;][vc_column_inner width=&#8221;1\/3&#8243;][vc_single_image image=&#8221;69&#8243; img_size=&#8221;full&#8221;][vc_column_text]Foorumin puheenjohtaja<br \/>\nKansainv\u00e4liset suhteet<\/p>\n<p>PID Kalle Elster<br \/>\nPuh: <a href=\"telto:+372 504 8865\">+372 504 8865<\/a><br \/>\nE: <a href=\"mailto:kalle.elster@lions.ee\">kalle.elster@lions.ee<\/a>[\/vc_column_text][\/vc_column_inner][vc_column_inner width=&#8221;1\/3&#8243;][vc_single_image image=&#8221;343&#8243; img_size=&#8221;full&#8221;][vc_column_text]Varainhoitaja<br \/>\nTiina Mirka<br \/>\nE: <a href=\"mailto:info@europaforum2019.ee\">info@europaforum2019.ee<\/a>[\/vc_column_text][\/vc_column_inner][vc_column_inner width=&#8221;1\/3&#8243;][vc_single_image image=&#8221;219&#8243; img_size=&#8221;full&#8221;][vc_column_text]P\u00e4\u00e4sihteeri<br \/>\nMadis Sinij\u00e4rv<br \/>\nPuh: <a href=\"telto:+372 56247885\">+372 5624 7885<\/a><br \/>\nE: <a href=\"mailto:generalsecretary@europaforum2019.ee\">generalsecretary@europaforum2019.ee<\/a>\u00a0[\/vc_column_text][\/vc_column_inner][\/vc_row_inner][vc_row_inner type=&#8221;boxed&#8221;][vc_column_inner width=&#8221;1\/3&#8243;][vc_single_image image=&#8221;220&#8243; img_size=&#8221;full&#8221;][vc_column_text]Ohjelmaohjaaja<br \/>\nDG M\u00e4rt Viileberg<br \/>\nM: <a href=\"telto:+372 504 8203\">+372 504 8203<\/a><br \/>\nE: <a href=\"mailto:programdirector@europaforum2019.ee\">programdirector@europaforum2019.ee<\/a>[\/vc_column_text][\/vc_column_inner][vc_column_inner width=&#8221;1\/3&#8243;][vc_single_image image=&#8221;411&#8243; img_size=&#8221;full&#8221;][vc_column_text]EF Kokit, EAS<br \/>\nRaivo Vilbaste<br \/>\nE: <a href=\"mailto:info@europaforum2019.ee\">info@europaforum2019.ee<\/a>[\/vc_column_text][\/vc_column_inner][vc_column_inner width=&#8221;1\/3&#8243;][vc_column_text]<span style=\"color: #3c64a4; font-size: 10pt;\"><strong>EF2019 Is\u00e4nn\u00f6inti komitearyhm\u00e4n johto<\/strong><\/span><\/p>\n<p><span style=\"font-size: 10pt;\">PID Kalle Elster \u2013 Foorumin Puheenjohtaja<\/span><br \/>\n<span style=\"font-size: 10pt;\">Madis Sinij\u00e4rv \u2013 P\u00e4\u00e4sihteeri<\/span><br \/>\n<span style=\"font-size: 10pt;\">Tiina Mirka \u2013 Varainhoitaja<\/span><\/p>\n<p><span style=\"color: #3c64a4; font-size: 10pt;\"><strong>Ohjelmakomitea<\/strong><\/span><br \/>\n<span style=\"font-size: 10pt;\">DG M\u00e4rt Viileberg \u2013 Ohjelmaohjaaja<\/span><br \/>\n<span style=\"font-size: 10pt;\">Urve Mets \u2013 J\u00e4sen<\/span><br \/>\n<span style=\"font-size: 10pt;\">Riina Quak \u2013 J\u00e4sen<\/span><br \/>\n<span style=\"font-size: 10pt;\">Karin K\u00fcnnapas \u2013 Leo\/J\u00e4sen<\/span><br \/>\n<span style=\"font-size: 10pt;\">PDG Ragnar L\u00f5ivukene \u2013 Nuorten muusikoiden kilpailu<\/span><br \/>\n<span style=\"font-size: 10pt;\">Margus Malla \u2013 Nuorten vaihtobasaari<\/span><\/p>\n<p><span style=\"font-size: 10pt;\">Taavo Randna &#8211; Young Ambassador Competition<\/span>[\/vc_column_text][\/vc_column_inner][\/vc_row_inner][\/vc_column][\/vc_row][vc_row el_class=&#8221;laius-people&#8221;][vc_column][vc_row_inner type=&#8221;boxed&#8221;][vc_column_inner width=&#8221;2\/3&#8243;][vc_single_image image=&#8221;3889&#8243; img_size=&#8221;full&#8221;][\/vc_column_inner][vc_column_inner width=&#8221;1\/3&#8243;][vc_column_text]<span style=\"font-size: 10pt; color: #3c64a4;\"><strong>Operaatio komitea\u00a0<\/strong><\/span><br \/>\n<span style=\"font-size: 10pt; color: #3c64a4;\"><strong>Ilta ohjelmat, Videot\u00a0<\/strong><\/span><\/p>\n<p><span style=\"font-size: 10pt;\">Janek Reimal &#8211;\u00a0 Avaus- ja sulkemisseremoniat<\/span><br \/>\n<span style=\"font-size: 10pt;\">PDG Vello Tamm &#8211; Kansakuntien paraati<\/span><br \/>\n<span style=\"font-size: 10pt;\">Raivo Vilbaste \u2013 EF Kokit, EAS<\/span><br \/>\n<span style=\"font-size: 10pt;\">Age Leedo \u2013 Konferenssitilat<\/span><br \/>\n<span style=\"font-size: 10pt;\">Mari-Liis Vihul \u2013 Verkkosivut<\/span><br \/>\n<span style=\"font-size: 10pt;\">Heily Aavik \u2013 Mainosmateriaalin suunnittelu<\/span><br \/>\n<span style=\"font-size: 10pt;\">Ranno R\u00fc\u00fctsalu \u2013 Mainosmateriaali<\/span><br \/>\n<span style=\"font-size: 10pt;\">Heiti Elster \u2013 Erikoiskuljetukset<\/span><br \/>\n<span style=\"font-size: 10pt;\">PDG Arvi Perv \u2013 Vapaaehtoiset<\/span><br \/>\n<span style=\"font-size: 10pt;\">RC Karl Ottas &#8211; Vapaaehtoiset<\/span><br \/>\n<span style=\"font-size: 10pt;\">Marika Tomberg, Kristi Kirsberg \u2013 PR, Lehdist\u00f6<\/span><br \/>\n<span style=\"font-size: 10pt;\">Meelis Rikko &#8211; Sosiaalinen media<\/span><\/p>\n<p><span style=\"font-size: 10pt;\">Toomas Veersoo &#8211; Merkit<\/span><\/p>\n<p><span style=\"font-size: 10pt; color: #3c64a4;\"><strong>Leos \u2013 sihteerist\u00f6, kiertueet<\/strong><\/span><br \/>\n<span style=\"font-size: 10pt;\">Birgith Puhmas<\/span><br \/>\n<span style=\"font-size: 10pt;\">Kaisa Jette S\u00e4rekanno<\/span><br \/>\n<span style=\"font-size: 10pt;\">Kirke Kr\u00e4mann<\/span><\/p>\n<p><span style=\"font-size: 10pt;\">Yhteydenotto: <a href=\"mailto:info@europaforum2019.ee\">info@europaforum2019.ee<\/a><\/span>[\/vc_column_text][\/vc_column_inner][\/vc_row_inner][\/vc_column][\/vc_row]<\/p>\n","protected":false},"excerpt":{"rendered":"<p>[vc_row css=&#8221;.vc_custom_1535095671911{background-image: url(https:\/\/www.europaforum2019.ee\/wp-content\/uploads\/2018\/08\/people-taust.jpg?id=470) !important;background-position: center !important;background-repeat: no-repeat !important;background-size: cover !important;}&#8221;][vc_column][vc_single_image image=&#8221;3429&#8243; img_size=&#8221;full&#8221; alignment=&#8221;right&#8221; el_class=&#8221;header-pilt&#8221;][\/vc_column][\/vc_row][vc_row el_class=&#8221;laius-people&#8221;][vc_column][vc_row_inner type=&#8221;boxed&#8221;][vc_column_inner width=&#8221;1\/3&#8243;][vc_single_image image=&#8221;69&#8243; img_size=&#8221;full&#8221;][vc_column_text]Foorumin puheenjohtaja Kansainv\u00e4liset suhteet PID Kalle Elster Puh: +372 504 8865 E: kalle.elster@lions.ee[\/vc_column_text][\/vc_column_inner][vc_column_inner width=&#8221;1\/3&#8243;][vc_single_image image=&#8221;343&#8243; img_size=&#8221;full&#8221;][vc_column_text]Varainhoitaja Tiina Mirka E: info@europaforum2019.ee[\/vc_column_text][\/vc_column_inner][vc_column_inner width=&#8221;1\/3&#8243;][vc_single_image image=&#8221;219&#8243; img_size=&#8221;full&#8221;][vc_column_text]P\u00e4\u00e4sihteeri Madis Sinij\u00e4rv Puh: +372 5624 7885 E: generalsecretary@europaforum2019.ee\u00a0[\/vc_column_text][\/vc_column_inner][\/vc_row_inner][vc_row_inner type=&#8221;boxed&#8221;][vc_column_inner width=&#8221;1\/3&#8243;][vc_single_image image=&#8221;220&#8243; img_size=&#8221;full&#8221;][vc_column_text]Ohjelmaohjaaja DG M\u00e4rt [&hellip;]<\/p>\n","protected":false},"author":5,"featured_media":0,"parent":0,"menu_order":0,"comment_status":"closed","ping_status":"closed","template":"page-full-width.php","meta":[],"categories":[],"tags":[],"_links":{"self":[{"href":"https:\/\/www.europaforum2019.ee\/fi\/wp-json\/wp\/v2\/pages\/2750"}],"collection":[{"href":"https:\/\/www.europaforum2019.ee\/fi\/wp-json\/wp\/v2\/pages"}],"about":[{"href":"https:\/\/www.europaforum2019.ee\/fi\/wp-json\/wp\/v2\/types\/page"}],"author":[{"embeddable":true,"href":"https:\/\/www.europaforum2019.ee\/fi\/wp-json\/wp\/v2\/users\/5"}],"replies":[{"embeddable":true,"href":"https:\/\/www.europaforum2019.ee\/fi\/wp-json\/wp\/v2\/comments?post=2750"}],"version-history":[{"count":26,"href":"https:\/\/www.europaforum2019.ee\/fi\/wp-json\/wp\/v2\/pages\/2750\/revisions"}],"predecessor-version":[{"id":8345,"href":"https:\/\/www.europaforum2019.ee\/fi\/wp-json\/wp\/v2\/pages\/2750\/revisions\/8345"}],"wp:attachment":[{"href":"https:\/\/www.europaforum2019.ee\/fi\/wp-json\/wp\/v2\/media?parent=2750"}],"wp:term":[{"taxonomy":"category","embeddable":true,"href":"https:\/\/www.europaforum2019.ee\/fi\/wp-json\/wp\/v2\/categories?post=2750"},{"taxonomy":"post_tag","embeddable":true,"href":"https:\/\/www.europaforum2019.ee\/fi\/wp-json\/wp\/v2\/tags?post=2750"}],"curies":[{"name":"wp","href":"https:\/\/api.w.org\/{rel}","templated":true}]}}