{"id":2744,"date":"2018-10-18T16:26:41","date_gmt":"2018-10-18T16:26:41","guid":{"rendered":"http:\/\/www.europaforum2019.ee\/?page_id=2744"},"modified":"2019-10-13T20:30:25","modified_gmt":"2019-10-13T20:30:25","slug":"we-serve","status":"publish","type":"page","link":"https:\/\/www.europaforum2019.ee\/fi\/we-serve\/","title":{"rendered":"We serve!"},"content":{"rendered":"<p>[vc_row css=&#8221;.vc_custom_1535095526140{background-image: url(https:\/\/www.europaforum2019.ee\/wp-content\/uploads\/2018\/08\/koer-taust.jpg?id=468) !important;background-position: center !important;background-repeat: no-repeat !important;background-size: cover !important;}&#8221;][vc_column][vc_single_image image=&#8221;3464&#8243; img_size=&#8221;full&#8221; alignment=&#8221;right&#8221; el_class=&#8221;header-pilt&#8221;][\/vc_column][\/vc_row][vc_row css=&#8221;.vc_custom_1528724670702{background-color: #f5f3f2 !important;}&#8221;][vc_column][vc_row_inner type=&#8221;boxed&#8221; css=&#8221;.vc_custom_1528962681509{margin-bottom: 1em !important;}&#8221;][vc_column_inner width=&#8221;5\/6&#8243;][vc_column_text]<span style=\"color: #3c64a4;\"><strong>PARAS YST\u00c4V\u00c4MME VOI OLLA HENGENPELASTAJA!<\/strong><\/span><\/p>\n<p><span style=\"color: #3c64a4;\"><strong>Tuetaan Diabetes palveluskoirien koulutusta.<\/strong><\/span><\/p>\n<p>Foorumin alkuun menness\u00e4 rahoitamme <span style=\"color: #3c64a4;\"><strong>kahdentoista diabetes palveluskoiran koulutuksen <\/strong><\/span>nuorille 1-tyypin diabetes diagnoosin saaneille ihmisille.<br \/>\nN\u00e4m\u00e4 koulutetut koirat luovutetaan Sulkemis-Seremoniassa Sunnuntaina 6. lokakuuta.<br \/>\nLahjoitusten m\u00e4\u00e4r\u00e4n l\u00f6yd\u00e4t t\u00e4lt\u00e4 sivulta.<\/p>\n<p><span style=\"color: #3c64a4;\"><strong>PID Kalle Elster:<\/strong><\/span> Hyv\u00e4t Lions:in j\u00e4senet, Pyyd\u00e4mme teit\u00e4 tukemaan palveluskoirien kouluttamista nuorille diabetespotilaille tekem\u00e4ll\u00e4 pienen lahjoituksen. Koirien koulutus on jo alkanut.<\/p>\n<p>&nbsp;<\/p>\n<p><span style=\"color: #3c64a4;\"><strong>Mit\u00e4 ovat diabetes palveluskoirat?<\/strong><\/span><br \/>\nDiabetes palveluskoirat on koulutettu avustamaan diabetest\u00e4 sairastavaa varoittamalla verensokerin \u00e4killisest\u00e4 laskusta\/noususta ja\/tai k\u00e4ytt\u00e4ytym\u00e4ll\u00e4 tietyll\u00e4 tavalla hypo\/hyperglykemia kohtauksen aikana tai heti sen j\u00e4lkeen.<\/p>\n<p>Koirien koulutuksen tarkoituksena on parantaa 1 tyypin diabetespotilaiden el\u00e4m\u00e4nlaatua avustamalla heid\u00e4n perheit\u00e4\u00e4n avustuskoiran koulutuksessa.<\/p>\n<p>&nbsp;<\/p>\n<p><span style=\"color: #3c64a4;\"><strong>Voit lahjoittaa EF rekister\u00f6innin aikana tai tilisiirrolla:<\/strong><\/span><\/p>\n<p>Saaja: LIONS EF2019 MTU<br \/>\nTili No: EE791010220255292226<br \/>\nSWIFT Koodi (BIC): EEUHEE2X<br \/>\nViesti: Hypo Dogs<\/p>\n<p><span style=\"color: #3c64a4;\"><strong>Kiitos!<\/strong><\/span>[\/vc_column_text][\/vc_column_inner][\/vc_row_inner][\/vc_column][\/vc_row]<\/p>\n","protected":false},"excerpt":{"rendered":"<p>[vc_row css=&#8221;.vc_custom_1535095526140{background-image: url(https:\/\/www.europaforum2019.ee\/wp-content\/uploads\/2018\/08\/koer-taust.jpg?id=468) !important;background-position: center !important;background-repeat: no-repeat !important;background-size: cover !important;}&#8221;][vc_column][vc_single_image image=&#8221;3464&#8243; img_size=&#8221;full&#8221; alignment=&#8221;right&#8221; el_class=&#8221;header-pilt&#8221;][\/vc_column][\/vc_row][vc_row css=&#8221;.vc_custom_1528724670702{background-color: #f5f3f2 !important;}&#8221;][vc_column][vc_row_inner type=&#8221;boxed&#8221; css=&#8221;.vc_custom_1528962681509{margin-bottom: 1em !important;}&#8221;][vc_column_inner width=&#8221;5\/6&#8243;][vc_column_text]PARAS YST\u00c4V\u00c4MME VOI OLLA HENGENPELASTAJA! Tuetaan Diabetes palveluskoirien koulutusta. Foorumin alkuun menness\u00e4 rahoitamme kahdentoista diabetes palveluskoiran koulutuksen nuorille 1-tyypin diabetes diagnoosin saaneille ihmisille. N\u00e4m\u00e4 koulutetut koirat luovutetaan Sulkemis-Seremoniassa Sunnuntaina 6. lokakuuta. Lahjoitusten m\u00e4\u00e4r\u00e4n l\u00f6yd\u00e4t [&hellip;]<\/p>\n","protected":false},"author":5,"featured_media":0,"parent":0,"menu_order":0,"comment_status":"closed","ping_status":"closed","template":"page-full-width.php","meta":[],"categories":[35],"tags":[],"_links":{"self":[{"href":"https:\/\/www.europaforum2019.ee\/fi\/wp-json\/wp\/v2\/pages\/2744"}],"collection":[{"href":"https:\/\/www.europaforum2019.ee\/fi\/wp-json\/wp\/v2\/pages"}],"about":[{"href":"https:\/\/www.europaforum2019.ee\/fi\/wp-json\/wp\/v2\/types\/page"}],"author":[{"embeddable":true,"href":"https:\/\/www.europaforum2019.ee\/fi\/wp-json\/wp\/v2\/users\/5"}],"replies":[{"embeddable":true,"href":"https:\/\/www.europaforum2019.ee\/fi\/wp-json\/wp\/v2\/comments?post=2744"}],"version-history":[{"count":20,"href":"https:\/\/www.europaforum2019.ee\/fi\/wp-json\/wp\/v2\/pages\/2744\/revisions"}],"predecessor-version":[{"id":8762,"href":"https:\/\/www.europaforum2019.ee\/fi\/wp-json\/wp\/v2\/pages\/2744\/revisions\/8762"}],"wp:attachment":[{"href":"https:\/\/www.europaforum2019.ee\/fi\/wp-json\/wp\/v2\/media?parent=2744"}],"wp:term":[{"taxonomy":"category","embeddable":true,"href":"https:\/\/www.europaforum2019.ee\/fi\/wp-json\/wp\/v2\/categories?post=2744"},{"taxonomy":"post_tag","embeddable":true,"href":"https:\/\/www.europaforum2019.ee\/fi\/wp-json\/wp\/v2\/tags?post=2744"}],"curies":[{"name":"wp","href":"https:\/\/api.w.org\/{rel}","templated":true}]}}